{"id":51704,"date":"2024-03-08T05:50:08","date_gmt":"2024-03-08T04:50:08","guid":{"rendered":"https:\/\/truusk.store\/product\/dog-agility-set-hundtraningstillbehor-agility-set-4-delar-89-x-69-x-99-cm-vit-svart\/"},"modified":"2026-03-12T09:37:21","modified_gmt":"2026-03-12T08:37:21","slug":"truusk-agility-set-for-hundtraning-4-delar-89-x-69-x-99-cm-vit-svart","status":"publish","type":"product","link":"https:\/\/truusk.store\/sv\/produkt\/truusk-agility-set-for-hundtraning-4-delar-89-x-69-x-99-cm-vit-svart\/","title":{"rendered":"TRUUSK Agility Set f\u00f6r hundtr\u00e4ning &#8211; 4 delar &#8211; 89 x 69 x 99 cm &#8211; Vit + Svart"},"content":{"rendered":"<p>Sl\u00e4pp loss ditt husdjurs potential med v\u00e5rt agility-set f\u00f6r husdjur! Detta 4-delade set uppfyller alla agilitytr\u00e4ningskrav. Det ger o\u00e4ndligt roligt och kompetensutveckling. Tack vare den medf\u00f6ljande Oxford-b\u00e4rv\u00e4skan \u00e4r hundagilitysetet l\u00e4tt att transportera och bekv\u00e4mt att f\u00f6rvara. Se din lurviga v\u00e4n ta sig an utmanande sv\u00e4ngar och hinder och bli en riktig agilitym\u00e4stare.<\/p>\n<h3>Beskrivning:<\/h3>\n<ul>\n<li>4-delat hundagilityset f\u00f6r komplett agilitytr\u00e4ning<\/li>\n<li>L\u00e4tt att b\u00e4ra med 600D Oxford b\u00e4rv\u00e4ska f\u00f6r f\u00f6rvaring<\/li>\n<li>Tillverkad av plast f\u00f6r stabilitet<\/li>\n<li>Fyra hundagility utrustning markspikar f\u00f6r stabilitet p\u00e5 plana v\u00e4gar<\/li>\n<li>Utmanande kurvor och hinder f\u00f6r att utveckla koordinationen<\/li>\n<li>Fr\u00e4mjar tr\u00e4ning och kvaliteten p\u00e5 den tid du spenderar med ditt husdjur<\/li>\n<li>Snabb montering och demontering f\u00f6r enkel tr\u00e4ning<\/li>\n<\/ul>\n<h3>Teknisk data:<\/h3>\n<ul>\n<li>F\u00e4rg: Vit+svart<\/li>\n<li>Material: PE, ABS, Oxford<\/li>\n<li>M\u00e5tt: 89L x 69W x 99H cm<\/li>\n<li>Markstolpl\u00e4ngd: 30 cm<\/li>\n<li>Horisontell st\u00e5ngl\u00e4ngd: 81 cm<\/li>\n<li>Vertikal st\u00e5ngh\u00f6jd: 40 cm<\/li>\n<li>Slangl\u00e4ngd: 74 cm<\/li>\n<\/ul>\n<h3>Leveransens omfattning:<\/h3>\n<ul>\n<li>1 x Pet Agility Set<\/li>\n<li>1 x B\u00e4rv\u00e4ska<\/li>\n<li>4 x U-formad markspets<\/li>\n<li>1 x Instruktioner<\/li>\n<\/ul>\n","protected":false},"excerpt":{"rendered":"<p>Sl\u00e4pp loss ditt husdjurs potential med v\u00e5rt agility-set f\u00f6r husdjur! Detta 4-delade set uppfyller alla agilitytr\u00e4ningskrav. Det ger o\u00e4ndligt roligt&#8230;<\/p>\n","protected":false},"featured_media":51705,"template":"","meta":[],"product_brand":[],"product_cat":[578,574,573],"product_tag":[],"class_list":{"0":"post-51704","1":"product","2":"type-product","3":"status-publish","4":"has-post-thumbnail","6":"product_cat-agility-set","7":"product_cat-hundtillbehor","8":"product_cat-husdjursmaterial","10":"first","11":"instock","12":"sale","13":"taxable","14":"shipping-taxable","15":"purchasable","16":"product-type-simple"},"yoast_head":"<!-- This site is optimized with the Yoast SEO plugin v25.4 - https:\/\/yoast.com\/wordpress\/plugins\/seo\/ -->\n<title>TRUUSK Agility Set f\u00f6r hundtr\u00e4ning - 4 delar - 89 x 69 x 99 cm - Vit + Svart - TRUUSK - Hem, Tr\u00e4dg\u00e5rd &amp; Fritid<\/title>\n<meta name=\"robots\" content=\"index, follow, max-snippet:-1, max-image-preview:large, max-video-preview:-1\" \/>\n<link rel=\"canonical\" href=\"https:\/\/truusk.store\/sv\/produkt\/truusk-agility-set-for-hundtraning-4-delar-89-x-69-x-99-cm-vit-svart\/\" \/>\n<meta property=\"og:locale\" content=\"sv_SE\" \/>\n<meta property=\"og:type\" content=\"article\" \/>\n<meta property=\"og:title\" content=\"TRUUSK Agility Set f\u00f6r hundtr\u00e4ning - 4 delar - 89 x 69 x 99 cm - Vit + Svart - TRUUSK - Hem, Tr\u00e4dg\u00e5rd &amp; Fritid\" \/>\n<meta property=\"og:description\" content=\"Sl\u00e4pp loss ditt husdjurs potential med v\u00e5rt agility-set f\u00f6r husdjur! Detta 4-delade set uppfyller alla agilitytr\u00e4ningskrav. Det ger o\u00e4ndligt roligt...\" \/>\n<meta property=\"og:url\" content=\"https:\/\/truusk.store\/sv\/produkt\/truusk-agility-set-for-hundtraning-4-delar-89-x-69-x-99-cm-vit-svart\/\" \/>\n<meta property=\"og:site_name\" content=\"TRUUSK - Hem, Tr\u00e4dg\u00e5rd &amp; Fritid\" \/>\n<meta property=\"article:modified_time\" content=\"2026-03-12T08:37:21+00:00\" \/>\n<meta property=\"og:image\" content=\"https:\/\/i0.wp.com\/truusk.se\/wp-content\/uploads\/2024\/03\/dog-agility-set-hundtraningstillbehor-agility-set-4-delar-89-x-69-x-99-cm-vit-svart.webp?fit=800%2C800&ssl=1\" \/>\n\t<meta property=\"og:image:width\" content=\"800\" \/>\n\t<meta property=\"og:image:height\" content=\"800\" \/>\n\t<meta property=\"og:image:type\" content=\"image\/webp\" \/>\n<meta name=\"twitter:card\" content=\"summary_large_image\" \/>\n<meta name=\"twitter:label1\" content=\"Ber\u00e4knad l\u00e4stid\" \/>\n\t<meta name=\"twitter:data1\" content=\"1 minut\" \/>\n<!-- \/ Yoast SEO plugin. -->","yoast_head_json":{"title":"TRUUSK Agility Set f\u00f6r hundtr\u00e4ning - 4 delar - 89 x 69 x 99 cm - Vit + Svart - TRUUSK - Hem, Tr\u00e4dg\u00e5rd &amp; Fritid","robots":{"index":"index","follow":"follow","max-snippet":"max-snippet:-1","max-image-preview":"max-image-preview:large","max-video-preview":"max-video-preview:-1"},"canonical":"https:\/\/truusk.store\/sv\/produkt\/truusk-agility-set-for-hundtraning-4-delar-89-x-69-x-99-cm-vit-svart\/","og_locale":"sv_SE","og_type":"article","og_title":"TRUUSK Agility Set f\u00f6r hundtr\u00e4ning - 4 delar - 89 x 69 x 99 cm - Vit + Svart - TRUUSK - Hem, Tr\u00e4dg\u00e5rd &amp; Fritid","og_description":"Sl\u00e4pp loss ditt husdjurs potential med v\u00e5rt agility-set f\u00f6r husdjur! Detta 4-delade set uppfyller alla agilitytr\u00e4ningskrav. Det ger o\u00e4ndligt roligt...","og_url":"https:\/\/truusk.store\/sv\/produkt\/truusk-agility-set-for-hundtraning-4-delar-89-x-69-x-99-cm-vit-svart\/","og_site_name":"TRUUSK - Hem, Tr\u00e4dg\u00e5rd &amp; Fritid","article_modified_time":"2026-03-12T08:37:21+00:00","og_image":[{"width":800,"height":800,"url":"https:\/\/i0.wp.com\/truusk.se\/wp-content\/uploads\/2024\/03\/dog-agility-set-hundtraningstillbehor-agility-set-4-delar-89-x-69-x-99-cm-vit-svart.webp?fit=800%2C800&ssl=1","type":"image\/webp"}],"twitter_card":"summary_large_image","twitter_misc":{"Ber\u00e4knad l\u00e4stid":"1 minut"},"schema":{"@context":"https:\/\/schema.org","@graph":[{"@type":"WebPage","@id":"https:\/\/truusk.store\/sv\/produkt\/truusk-agility-set-for-hundtraning-4-delar-89-x-69-x-99-cm-vit-svart\/","url":"https:\/\/truusk.store\/sv\/produkt\/truusk-agility-set-for-hundtraning-4-delar-89-x-69-x-99-cm-vit-svart\/","name":"TRUUSK Agility Set f\u00f6r hundtr\u00e4ning - 4 delar - 89 x 69 x 99 cm - Vit + Svart - TRUUSK - Hem, Tr\u00e4dg\u00e5rd &amp; Fritid","isPartOf":{"@id":"https:\/\/truusk.store\/sv\/#website"},"primaryImageOfPage":{"@id":"https:\/\/truusk.store\/sv\/produkt\/truusk-agility-set-for-hundtraning-4-delar-89-x-69-x-99-cm-vit-svart\/#primaryimage"},"image":{"@id":"https:\/\/truusk.store\/sv\/produkt\/truusk-agility-set-for-hundtraning-4-delar-89-x-69-x-99-cm-vit-svart\/#primaryimage"},"thumbnailUrl":"https:\/\/i0.wp.com\/truusk.store\/wp-content\/uploads\/2024\/03\/dog-agility-set-hundtraningstillbehor-agility-set-4-delar-89-x-69-x-99-cm-vit-svart.webp?fit=800%2C800&ssl=1","datePublished":"2024-03-08T04:50:08+00:00","dateModified":"2026-03-12T08:37:21+00:00","breadcrumb":{"@id":"https:\/\/truusk.store\/sv\/produkt\/truusk-agility-set-for-hundtraning-4-delar-89-x-69-x-99-cm-vit-svart\/#breadcrumb"},"inLanguage":"sv-SE","potentialAction":[{"@type":"ReadAction","target":["https:\/\/truusk.store\/sv\/produkt\/truusk-agility-set-for-hundtraning-4-delar-89-x-69-x-99-cm-vit-svart\/"]}]},{"@type":"ImageObject","inLanguage":"sv-SE","@id":"https:\/\/truusk.store\/sv\/produkt\/truusk-agility-set-for-hundtraning-4-delar-89-x-69-x-99-cm-vit-svart\/#primaryimage","url":"https:\/\/i0.wp.com\/truusk.store\/wp-content\/uploads\/2024\/03\/dog-agility-set-hundtraningstillbehor-agility-set-4-delar-89-x-69-x-99-cm-vit-svart.webp?fit=800%2C800&ssl=1","contentUrl":"https:\/\/i0.wp.com\/truusk.store\/wp-content\/uploads\/2024\/03\/dog-agility-set-hundtraningstillbehor-agility-set-4-delar-89-x-69-x-99-cm-vit-svart.webp?fit=800%2C800&ssl=1","width":800,"height":800,"caption":"Dog Agility Set Hundtr\u00e4ningstillbeh\u00f6r Agility Set, 4 Delar, 89 X 69 X 99 Cm, Vit + Svart 1"},{"@type":"BreadcrumbList","@id":"https:\/\/truusk.store\/sv\/produkt\/truusk-agility-set-for-hundtraning-4-delar-89-x-69-x-99-cm-vit-svart\/#breadcrumb","itemListElement":[{"@type":"ListItem","position":1,"name":"Home","item":"https:\/\/truusk.store\/sv\/"},{"@type":"ListItem","position":2,"name":"Shop","item":"https:\/\/truusk.store\/shop\/"},{"@type":"ListItem","position":3,"name":"TRUUSK Agility Set f\u00f6r hundtr\u00e4ning &#8211; 4 delar &#8211; 89 x 69 x 99 cm &#8211; Vit + Svart"}]},{"@type":"WebSite","@id":"https:\/\/truusk.store\/sv\/#website","url":"https:\/\/truusk.store\/sv\/","name":"TRUUSK - Hem, Tr\u00e4dg\u00e5rd & Fritid","description":"","publisher":{"@id":"https:\/\/truusk.store\/sv\/#organization"},"potentialAction":[{"@type":"SearchAction","target":{"@type":"EntryPoint","urlTemplate":"https:\/\/truusk.store\/sv\/?s={search_term_string}"},"query-input":{"@type":"PropertyValueSpecification","valueRequired":true,"valueName":"search_term_string"}}],"inLanguage":"sv-SE"},{"@type":"Organization","@id":"https:\/\/truusk.store\/sv\/#organization","name":"TRUUSK - Hem, Tr\u00e4dg\u00e5rd & Fritid","url":"https:\/\/truusk.store\/sv\/","logo":{"@type":"ImageObject","inLanguage":"sv-SE","@id":"https:\/\/truusk.store\/sv\/#\/schema\/logo\/image\/","url":"https:\/\/i0.wp.com\/truusk.store\/wp-content\/uploads\/2026\/03\/cropped-TRUUSK.png?fit=2032%2C917&ssl=1","contentUrl":"https:\/\/i0.wp.com\/truusk.store\/wp-content\/uploads\/2026\/03\/cropped-TRUUSK.png?fit=2032%2C917&ssl=1","width":2032,"height":917,"caption":"TRUUSK - Hem, Tr\u00e4dg\u00e5rd & Fritid"},"image":{"@id":"https:\/\/truusk.store\/sv\/#\/schema\/logo\/image\/"}}]}},"jetpack_sharing_enabled":true,"_links":{"self":[{"href":"https:\/\/truusk.store\/sv\/wp-json\/wp\/v2\/product\/51704","targetHints":{"allow":["GET"]}}],"collection":[{"href":"https:\/\/truusk.store\/sv\/wp-json\/wp\/v2\/product"}],"about":[{"href":"https:\/\/truusk.store\/sv\/wp-json\/wp\/v2\/types\/product"}],"wp:featuredmedia":[{"embeddable":true,"href":"https:\/\/truusk.store\/sv\/wp-json\/wp\/v2\/media\/51705"}],"wp:attachment":[{"href":"https:\/\/truusk.store\/sv\/wp-json\/wp\/v2\/media?parent=51704"}],"wp:term":[{"taxonomy":"product_brand","embeddable":true,"href":"https:\/\/truusk.store\/sv\/wp-json\/wp\/v2\/product_brand?post=51704"},{"taxonomy":"product_cat","embeddable":true,"href":"https:\/\/truusk.store\/sv\/wp-json\/wp\/v2\/product_cat?post=51704"},{"taxonomy":"product_tag","embeddable":true,"href":"https:\/\/truusk.store\/sv\/wp-json\/wp\/v2\/product_tag?post=51704"}],"curies":[{"name":"wp","href":"https:\/\/api.w.org\/{rel}","templated":true}]}}