{"id":51711,"date":"2024-03-08T06:00:09","date_gmt":"2024-03-08T05:00:09","guid":{"rendered":"https:\/\/truusk.store\/product\/parasollstall-25-kg-paraplyfot-i-granit-for-paraplystanger-32-38-48-mm-gra\/"},"modified":"2026-03-12T09:35:21","modified_gmt":"2026-03-12T08:35:21","slug":"truusk-parasollstall-25-kg-paraplyfot-i-granit-for-paraplystanger-32-38-48-mm-gra","status":"publish","type":"product","link":"https:\/\/truusk.store\/sv\/produkt\/truusk-parasollstall-25-kg-paraplyfot-i-granit-for-paraplystanger-32-38-48-mm-gra\/","title":{"rendered":"TRUUSK Parasollst\u00e4ll 25 kg &#8211; Paraplyfot i granit &#8211; F\u00f6r paraplyst\u00e4nger 32\/38\/48 mm &#8211; Gr\u00e5"},"content":{"rendered":"<p>V\u00e5rt parasollst\u00e4ll \u00e4r speciellt designat f\u00f6r parasoll upp till 3 m h\u00f6ga och passar parasollst\u00e4nger med en diameter p\u00e5 32, 38 eller 48 mm. Den robusta konstruktionen gjord av 25 kg granit och ett rostfritt st\u00e5lr\u00f6r ger s\u00e4kert st\u00f6d och motst\u00e5nd mot alla v\u00e4derf\u00f6rh\u00e5llanden. Den dekorativa granitytan framh\u00e4ver ocks\u00e5 estetiskt alla tr\u00e4dg\u00e5rdsm\u00f6bler. De smarta knopparna p\u00e5 undersidan skyddar ditt golv fr\u00e5n repor och ger ett \u00e4nnu fastare fotf\u00e4ste.<\/p>\n<h3>Beskrivning:<\/h3>\n<ul>\n<li>L\u00e4mplig f\u00f6r parasoll med en maxh\u00f6jd p\u00e5 3 m och stolpdiametrar p\u00e5 32, 38 eller 48 mm<\/li>\n<li>Den solida granitbasen \u00e4r vatten- och UV-best\u00e4ndig<\/li>\n<li>Med en vikt p\u00e5 25 kg kommer detta stativ att h\u00e5lla ditt parasoll s\u00e4kert p\u00e5 plats \u00e4ven i kraftigt regn och bl\u00e5st<\/li>\n<li>Tv\u00e5 l\u00e5sskruvar p\u00e5 det rostfria st\u00e5lr\u00f6ret s\u00e4kerst\u00e4ller att paraplyst\u00e5ngen h\u00e5lls s\u00e4kert<\/li>\n<li>4 skyddsf\u00f6tter under parasollbasen f\u00f6rhindrar repor p\u00e5 golv<\/li>\n<li>L\u00e4mplig f\u00f6r anv\u00e4ndning i din tr\u00e4dg\u00e5rd, uteplats, pool eller andra utomhusomr\u00e5den<\/li>\n<li>Montering kr\u00e4vs<\/li>\n<\/ul>\n<h3>Teknisk data:<\/h3>\n<ul>\n<li>F\u00e4rg gr\u00e5<\/li>\n<li>Material: granit, rostfritt st\u00e5l<\/li>\n<li>Totala m\u00e5tt: 45L x 22,5W x 40H cm<\/li>\n<li>Basm\u00e5tt: 45L x 22,5W x 9,5H cm<\/li>\n<li>Metallr\u00f6rsm\u00e5tt: 5,7 x 29,5H cm<\/li>\n<li>Passar paraplyst\u00e4nger: 32, 38, 48 mm<\/li>\n<li>Vikt: 25 kg<\/li>\n<li>Matchande paraplyer: X-84D-008 (Kontakta oss f\u00f6r produktl\u00e4nkar vid behov)<\/li>\n<li>OBS: V\u00e4nligen m\u00e4t diametern p\u00e5 din paraplyst\u00e5ng i f\u00f6rv\u00e4g f\u00f6r att s\u00e4kerst\u00e4lla att v\u00e5r paraplybas \u00e4r kompatibel<\/li>\n<\/ul>\n<h3>Leveransens omfattning:<\/h3>\n<ul>\n<li>1 x Parasollst\u00e4ll<\/li>\n<li>1 x manuell<\/li>\n<\/ul>\n","protected":false},"excerpt":{"rendered":"<p>V\u00e5rt parasollst\u00e4ll \u00e4r speciellt designat f\u00f6r parasoll upp till 3 m h\u00f6ga och passar parasollst\u00e4nger med en diameter p\u00e5 32,&#8230;<\/p>\n","protected":false},"featured_media":51712,"template":"","meta":[],"product_brand":[],"product_cat":[723,749,471,435],"product_tag":[],"class_list":{"0":"post-51711","1":"product","2":"type-product","3":"status-publish","4":"has-post-thumbnail","6":"product_cat-paraplystall","7":"product_cat-parasolltillbehor","8":"product_cat-solskydd-integritetsskydd","9":"product_cat-tradgard-och-terrass","11":"first","12":"instock","13":"sale","14":"taxable","15":"shipping-taxable","16":"purchasable","17":"product-type-simple"},"yoast_head":"<!-- This site is optimized with the Yoast SEO plugin v25.4 - https:\/\/yoast.com\/wordpress\/plugins\/seo\/ -->\n<title>TRUUSK Parasollst\u00e4ll 25 kg - Paraplyfot i granit - F\u00f6r paraplyst\u00e4nger 32\/38\/48 mm - Gr\u00e5 - TRUUSK - Hem, Tr\u00e4dg\u00e5rd &amp; Fritid<\/title>\n<meta name=\"robots\" content=\"index, follow, max-snippet:-1, max-image-preview:large, max-video-preview:-1\" \/>\n<link rel=\"canonical\" href=\"https:\/\/truusk.store\/sv\/produkt\/truusk-parasollstall-25-kg-paraplyfot-i-granit-for-paraplystanger-32-38-48-mm-gra\/\" \/>\n<meta property=\"og:locale\" content=\"sv_SE\" \/>\n<meta property=\"og:type\" content=\"article\" \/>\n<meta property=\"og:title\" content=\"TRUUSK Parasollst\u00e4ll 25 kg - Paraplyfot i granit - F\u00f6r paraplyst\u00e4nger 32\/38\/48 mm - Gr\u00e5 - TRUUSK - Hem, Tr\u00e4dg\u00e5rd &amp; Fritid\" \/>\n<meta property=\"og:description\" content=\"V\u00e5rt parasollst\u00e4ll \u00e4r speciellt designat f\u00f6r parasoll upp till 3 m h\u00f6ga och passar parasollst\u00e4nger med en diameter p\u00e5 32,...\" \/>\n<meta property=\"og:url\" content=\"https:\/\/truusk.store\/sv\/produkt\/truusk-parasollstall-25-kg-paraplyfot-i-granit-for-paraplystanger-32-38-48-mm-gra\/\" \/>\n<meta property=\"og:site_name\" content=\"TRUUSK - Hem, Tr\u00e4dg\u00e5rd &amp; Fritid\" \/>\n<meta property=\"article:modified_time\" content=\"2026-03-12T08:35:21+00:00\" \/>\n<meta property=\"og:image\" content=\"https:\/\/i0.wp.com\/truusk.se\/wp-content\/uploads\/2024\/03\/parasollstall-25-kg-paraplyfot-i-granit-for-paraplystanger-32-38-48-mm-gra.webp?fit=800%2C800&ssl=1\" \/>\n\t<meta property=\"og:image:width\" content=\"800\" \/>\n\t<meta property=\"og:image:height\" content=\"800\" \/>\n\t<meta property=\"og:image:type\" content=\"image\/webp\" \/>\n<meta name=\"twitter:card\" content=\"summary_large_image\" \/>\n<meta name=\"twitter:label1\" content=\"Ber\u00e4knad l\u00e4stid\" \/>\n\t<meta name=\"twitter:data1\" content=\"1 minut\" \/>\n<!-- \/ Yoast SEO plugin. -->","yoast_head_json":{"title":"TRUUSK Parasollst\u00e4ll 25 kg - Paraplyfot i granit - F\u00f6r paraplyst\u00e4nger 32\/38\/48 mm - Gr\u00e5 - TRUUSK - Hem, Tr\u00e4dg\u00e5rd &amp; Fritid","robots":{"index":"index","follow":"follow","max-snippet":"max-snippet:-1","max-image-preview":"max-image-preview:large","max-video-preview":"max-video-preview:-1"},"canonical":"https:\/\/truusk.store\/sv\/produkt\/truusk-parasollstall-25-kg-paraplyfot-i-granit-for-paraplystanger-32-38-48-mm-gra\/","og_locale":"sv_SE","og_type":"article","og_title":"TRUUSK Parasollst\u00e4ll 25 kg - Paraplyfot i granit - F\u00f6r paraplyst\u00e4nger 32\/38\/48 mm - Gr\u00e5 - TRUUSK - Hem, Tr\u00e4dg\u00e5rd &amp; Fritid","og_description":"V\u00e5rt parasollst\u00e4ll \u00e4r speciellt designat f\u00f6r parasoll upp till 3 m h\u00f6ga och passar parasollst\u00e4nger med en diameter p\u00e5 32,...","og_url":"https:\/\/truusk.store\/sv\/produkt\/truusk-parasollstall-25-kg-paraplyfot-i-granit-for-paraplystanger-32-38-48-mm-gra\/","og_site_name":"TRUUSK - Hem, Tr\u00e4dg\u00e5rd &amp; Fritid","article_modified_time":"2026-03-12T08:35:21+00:00","og_image":[{"width":800,"height":800,"url":"https:\/\/i0.wp.com\/truusk.se\/wp-content\/uploads\/2024\/03\/parasollstall-25-kg-paraplyfot-i-granit-for-paraplystanger-32-38-48-mm-gra.webp?fit=800%2C800&ssl=1","type":"image\/webp"}],"twitter_card":"summary_large_image","twitter_misc":{"Ber\u00e4knad l\u00e4stid":"1 minut"},"schema":{"@context":"https:\/\/schema.org","@graph":[{"@type":"WebPage","@id":"https:\/\/truusk.store\/sv\/produkt\/truusk-parasollstall-25-kg-paraplyfot-i-granit-for-paraplystanger-32-38-48-mm-gra\/","url":"https:\/\/truusk.store\/sv\/produkt\/truusk-parasollstall-25-kg-paraplyfot-i-granit-for-paraplystanger-32-38-48-mm-gra\/","name":"TRUUSK Parasollst\u00e4ll 25 kg - Paraplyfot i granit - F\u00f6r paraplyst\u00e4nger 32\/38\/48 mm - Gr\u00e5 - TRUUSK - Hem, Tr\u00e4dg\u00e5rd &amp; Fritid","isPartOf":{"@id":"https:\/\/truusk.store\/sv\/#website"},"primaryImageOfPage":{"@id":"https:\/\/truusk.store\/sv\/produkt\/truusk-parasollstall-25-kg-paraplyfot-i-granit-for-paraplystanger-32-38-48-mm-gra\/#primaryimage"},"image":{"@id":"https:\/\/truusk.store\/sv\/produkt\/truusk-parasollstall-25-kg-paraplyfot-i-granit-for-paraplystanger-32-38-48-mm-gra\/#primaryimage"},"thumbnailUrl":"https:\/\/i0.wp.com\/truusk.store\/wp-content\/uploads\/2024\/03\/parasollstall-25-kg-paraplyfot-i-granit-for-paraplystanger-32-38-48-mm-gra.webp?fit=800%2C800&ssl=1","datePublished":"2024-03-08T05:00:09+00:00","dateModified":"2026-03-12T08:35:21+00:00","breadcrumb":{"@id":"https:\/\/truusk.store\/sv\/produkt\/truusk-parasollstall-25-kg-paraplyfot-i-granit-for-paraplystanger-32-38-48-mm-gra\/#breadcrumb"},"inLanguage":"sv-SE","potentialAction":[{"@type":"ReadAction","target":["https:\/\/truusk.store\/sv\/produkt\/truusk-parasollstall-25-kg-paraplyfot-i-granit-for-paraplystanger-32-38-48-mm-gra\/"]}]},{"@type":"ImageObject","inLanguage":"sv-SE","@id":"https:\/\/truusk.store\/sv\/produkt\/truusk-parasollstall-25-kg-paraplyfot-i-granit-for-paraplystanger-32-38-48-mm-gra\/#primaryimage","url":"https:\/\/i0.wp.com\/truusk.store\/wp-content\/uploads\/2024\/03\/parasollstall-25-kg-paraplyfot-i-granit-for-paraplystanger-32-38-48-mm-gra.webp?fit=800%2C800&ssl=1","contentUrl":"https:\/\/i0.wp.com\/truusk.store\/wp-content\/uploads\/2024\/03\/parasollstall-25-kg-paraplyfot-i-granit-for-paraplystanger-32-38-48-mm-gra.webp?fit=800%2C800&ssl=1","width":800,"height":800,"caption":"Parasollst\u00e4ll 25 Kg, Paraplyfot I Granit, F\u00f6r Paraplyst\u00e4nger 32\/38\/48 Mm, Gr\u00e5 1"},{"@type":"BreadcrumbList","@id":"https:\/\/truusk.store\/sv\/produkt\/truusk-parasollstall-25-kg-paraplyfot-i-granit-for-paraplystanger-32-38-48-mm-gra\/#breadcrumb","itemListElement":[{"@type":"ListItem","position":1,"name":"Home","item":"https:\/\/truusk.store\/sv\/"},{"@type":"ListItem","position":2,"name":"Shop","item":"https:\/\/truusk.store\/shop\/"},{"@type":"ListItem","position":3,"name":"TRUUSK Parasollst\u00e4ll 25 kg &#8211; Paraplyfot i granit &#8211; F\u00f6r paraplyst\u00e4nger 32\/38\/48 mm &#8211; Gr\u00e5"}]},{"@type":"WebSite","@id":"https:\/\/truusk.store\/sv\/#website","url":"https:\/\/truusk.store\/sv\/","name":"TRUUSK - Hem, Tr\u00e4dg\u00e5rd & Fritid","description":"","publisher":{"@id":"https:\/\/truusk.store\/sv\/#organization"},"potentialAction":[{"@type":"SearchAction","target":{"@type":"EntryPoint","urlTemplate":"https:\/\/truusk.store\/sv\/?s={search_term_string}"},"query-input":{"@type":"PropertyValueSpecification","valueRequired":true,"valueName":"search_term_string"}}],"inLanguage":"sv-SE"},{"@type":"Organization","@id":"https:\/\/truusk.store\/sv\/#organization","name":"TRUUSK - Hem, Tr\u00e4dg\u00e5rd & Fritid","url":"https:\/\/truusk.store\/sv\/","logo":{"@type":"ImageObject","inLanguage":"sv-SE","@id":"https:\/\/truusk.store\/sv\/#\/schema\/logo\/image\/","url":"https:\/\/i0.wp.com\/truusk.store\/wp-content\/uploads\/2026\/03\/cropped-TRUUSK.png?fit=2032%2C917&ssl=1","contentUrl":"https:\/\/i0.wp.com\/truusk.store\/wp-content\/uploads\/2026\/03\/cropped-TRUUSK.png?fit=2032%2C917&ssl=1","width":2032,"height":917,"caption":"TRUUSK - Hem, Tr\u00e4dg\u00e5rd & Fritid"},"image":{"@id":"https:\/\/truusk.store\/sv\/#\/schema\/logo\/image\/"}}]}},"jetpack_sharing_enabled":true,"_links":{"self":[{"href":"https:\/\/truusk.store\/sv\/wp-json\/wp\/v2\/product\/51711","targetHints":{"allow":["GET"]}}],"collection":[{"href":"https:\/\/truusk.store\/sv\/wp-json\/wp\/v2\/product"}],"about":[{"href":"https:\/\/truusk.store\/sv\/wp-json\/wp\/v2\/types\/product"}],"wp:featuredmedia":[{"embeddable":true,"href":"https:\/\/truusk.store\/sv\/wp-json\/wp\/v2\/media\/51712"}],"wp:attachment":[{"href":"https:\/\/truusk.store\/sv\/wp-json\/wp\/v2\/media?parent=51711"}],"wp:term":[{"taxonomy":"product_brand","embeddable":true,"href":"https:\/\/truusk.store\/sv\/wp-json\/wp\/v2\/product_brand?post=51711"},{"taxonomy":"product_cat","embeddable":true,"href":"https:\/\/truusk.store\/sv\/wp-json\/wp\/v2\/product_cat?post=51711"},{"taxonomy":"product_tag","embeddable":true,"href":"https:\/\/truusk.store\/sv\/wp-json\/wp\/v2\/product_tag?post=51711"}],"curies":[{"name":"wp","href":"https:\/\/api.w.org\/{rel}","templated":true}]}}