{"id":51721,"date":"2024-03-08T06:10:09","date_gmt":"2024-03-08T05:10:09","guid":{"rendered":"https:\/\/truusk.store\/product\/hund-agility-set-hundbana-1-bage-1-hack-1-slalomset-352-cm-x-66-cm-x-69-cm-bla-rod\/"},"modified":"2026-03-12T09:37:18","modified_gmt":"2026-03-12T08:37:18","slug":"truusk-hund-agility-set-1-bage-1-hack-1-slalomset-bla-rod-352-cm-x-66-cm-x-69-cm","status":"publish","type":"product","link":"https:\/\/truusk.store\/sv\/produkt\/truusk-hund-agility-set-1-bage-1-hack-1-slalomset-bla-rod-352-cm-x-66-cm-x-69-cm\/","title":{"rendered":"TRUUSK Hund Agility Set &#8211; 1 B\u00e5ge, 1 H\u00e4ck, 1 Slalomset &#8211; Bl\u00e5 + R\u00f6d &#8211; 352 cm x 66 cm x 69 cm"},"content":{"rendered":"<p>F\u00f6rb\u00e4ttra ditt band med din hund med detta agilityset f\u00f6r hundar! Detta agilityset best\u00e5r av slalomstavar, en breakbox, tv\u00e5 justerbara h\u00e4ckar, en justerbar hoppring och tv\u00e5 tunnlar. Justera h\u00f6jden p\u00e5 hoppringen och hindren f\u00f6r att utmana din fyrbenta v\u00e4n. Med den medf\u00f6ljande visselpipan blir tr\u00e4ningen en barnlek. F\u00f6rbered dig p\u00e5 o\u00e4ndliga timmar av n\u00f6je och tillgivenhet!<\/p>\n<h3>Beskrivning:<\/h3>\n<ul>\n<li>Agilitysetet inneh\u00e5ller slalomstavar, en breakbox, tv\u00e5 h\u00f6jdjusterbara hinder, en h\u00f6jdjusterbar b\u00e5ge och tv\u00e5 tunnlar<\/li>\n<li>. Inkluderar tv\u00e5 tennisbollar och transportv\u00e4ska<\/li>\n<li>Justerbar hoppb\u00e5ge och hinder f\u00f6r olika sv\u00e5righetsgrader<\/li>\n<li>Inkluderar visselpipa f\u00f6r interaktiv tr\u00e4ning<\/li>\n<li>L\u00e4tt att transportera med Oxford b\u00e4rv\u00e4ska f\u00f6r f\u00f6rvaring<\/li>\n<li>Agilityutrustning f\u00f6r hundar av plast, med tv\u00e5 markspetsar och sands\u00e4ckar f\u00f6r mer stabilitet under leken<\/li>\n<li>Snabb montering och demontering f\u00f6r enkel tr\u00e4ning<\/li>\n<\/ul>\n<h3>Teknisk data:<\/h3>\n<ul>\n<li>F\u00e4rg: Orange, Bl\u00e5<\/li>\n<li>Material: plast, ABS, Oxford<\/li>\n<li>Hoppring\/bagagem\u00e5tt: 73L x 66W x 92H cm<\/li>\n<li>Fl\u00e4tst\u00e4nger: 352L x 66W x 69H cm<\/li>\n<li>Pausl\u00e5da: 88L x 88W cm<\/li>\n<li>Justerbar hoppringh\u00f6jd: 8-55 cm<\/li>\n<li>Justerbar h\u00f6jd: 8-88 cm<\/li>\n<\/ul>\n<h3>Leveransens omfattning:<\/h3>\n<ul>\n<li>1 x Pet Agility Set<\/li>\n<li>1 x visselpipa<\/li>\n<li>1 x B\u00e4rv\u00e4ska<\/li>\n<li>4 x L-formad markspets<\/li>\n<li>2 x tennisboll<\/li>\n<li>1 x manuell<\/li>\n<\/ul>\n","protected":false},"excerpt":{"rendered":"<p>F\u00f6rb\u00e4ttra ditt band med din hund med detta agilityset f\u00f6r hundar! Detta agilityset best\u00e5r av slalomstavar, en breakbox, tv\u00e5 justerbara&#8230;<\/p>\n","protected":false},"featured_media":51722,"template":"","meta":[],"product_brand":[],"product_cat":[578,574,573],"product_tag":[],"class_list":{"0":"post-51721","1":"product","2":"type-product","3":"status-publish","4":"has-post-thumbnail","6":"product_cat-agility-set","7":"product_cat-hundtillbehor","8":"product_cat-husdjursmaterial","10":"first","11":"instock","12":"sale","13":"taxable","14":"shipping-taxable","15":"purchasable","16":"product-type-simple"},"yoast_head":"<!-- This site is optimized with the Yoast SEO plugin v25.4 - https:\/\/yoast.com\/wordpress\/plugins\/seo\/ -->\n<title>TRUUSK Hund Agility Set - 1 B\u00e5ge, 1 H\u00e4ck, 1 Slalomset - Bl\u00e5 + R\u00f6d - 352 cm x 66 cm x 69 cm - TRUUSK - Hem, Tr\u00e4dg\u00e5rd &amp; Fritid<\/title>\n<meta name=\"robots\" content=\"index, follow, max-snippet:-1, max-image-preview:large, max-video-preview:-1\" \/>\n<link rel=\"canonical\" href=\"https:\/\/truusk.store\/sv\/produkt\/truusk-hund-agility-set-1-bage-1-hack-1-slalomset-bla-rod-352-cm-x-66-cm-x-69-cm\/\" \/>\n<meta property=\"og:locale\" content=\"sv_SE\" \/>\n<meta property=\"og:type\" content=\"article\" \/>\n<meta property=\"og:title\" content=\"TRUUSK Hund Agility Set - 1 B\u00e5ge, 1 H\u00e4ck, 1 Slalomset - Bl\u00e5 + R\u00f6d - 352 cm x 66 cm x 69 cm - TRUUSK - Hem, Tr\u00e4dg\u00e5rd &amp; Fritid\" \/>\n<meta property=\"og:description\" content=\"F\u00f6rb\u00e4ttra ditt band med din hund med detta agilityset f\u00f6r hundar! Detta agilityset best\u00e5r av slalomstavar, en breakbox, tv\u00e5 justerbara...\" \/>\n<meta property=\"og:url\" content=\"https:\/\/truusk.store\/sv\/produkt\/truusk-hund-agility-set-1-bage-1-hack-1-slalomset-bla-rod-352-cm-x-66-cm-x-69-cm\/\" \/>\n<meta property=\"og:site_name\" content=\"TRUUSK - Hem, Tr\u00e4dg\u00e5rd &amp; Fritid\" \/>\n<meta property=\"article:modified_time\" content=\"2026-03-12T08:37:18+00:00\" \/>\n<meta property=\"og:image\" content=\"https:\/\/i0.wp.com\/truusk.se\/wp-content\/uploads\/2024\/03\/hund-agility-set-hundbana-1-bage-1-hack-1-slalomset-352-cm-x-66-cm-x-69-cm-bla-rod.webp?fit=800%2C800&ssl=1\" \/>\n\t<meta property=\"og:image:width\" content=\"800\" \/>\n\t<meta property=\"og:image:height\" content=\"800\" \/>\n\t<meta property=\"og:image:type\" content=\"image\/webp\" \/>\n<meta name=\"twitter:card\" content=\"summary_large_image\" \/>\n<meta name=\"twitter:label1\" content=\"Ber\u00e4knad l\u00e4stid\" \/>\n\t<meta name=\"twitter:data1\" content=\"1 minut\" \/>\n<!-- \/ Yoast SEO plugin. -->","yoast_head_json":{"title":"TRUUSK Hund Agility Set - 1 B\u00e5ge, 1 H\u00e4ck, 1 Slalomset - Bl\u00e5 + R\u00f6d - 352 cm x 66 cm x 69 cm - TRUUSK - Hem, Tr\u00e4dg\u00e5rd &amp; Fritid","robots":{"index":"index","follow":"follow","max-snippet":"max-snippet:-1","max-image-preview":"max-image-preview:large","max-video-preview":"max-video-preview:-1"},"canonical":"https:\/\/truusk.store\/sv\/produkt\/truusk-hund-agility-set-1-bage-1-hack-1-slalomset-bla-rod-352-cm-x-66-cm-x-69-cm\/","og_locale":"sv_SE","og_type":"article","og_title":"TRUUSK Hund Agility Set - 1 B\u00e5ge, 1 H\u00e4ck, 1 Slalomset - Bl\u00e5 + R\u00f6d - 352 cm x 66 cm x 69 cm - TRUUSK - Hem, Tr\u00e4dg\u00e5rd &amp; Fritid","og_description":"F\u00f6rb\u00e4ttra ditt band med din hund med detta agilityset f\u00f6r hundar! Detta agilityset best\u00e5r av slalomstavar, en breakbox, tv\u00e5 justerbara...","og_url":"https:\/\/truusk.store\/sv\/produkt\/truusk-hund-agility-set-1-bage-1-hack-1-slalomset-bla-rod-352-cm-x-66-cm-x-69-cm\/","og_site_name":"TRUUSK - Hem, Tr\u00e4dg\u00e5rd &amp; Fritid","article_modified_time":"2026-03-12T08:37:18+00:00","og_image":[{"width":800,"height":800,"url":"https:\/\/i0.wp.com\/truusk.se\/wp-content\/uploads\/2024\/03\/hund-agility-set-hundbana-1-bage-1-hack-1-slalomset-352-cm-x-66-cm-x-69-cm-bla-rod.webp?fit=800%2C800&ssl=1","type":"image\/webp"}],"twitter_card":"summary_large_image","twitter_misc":{"Ber\u00e4knad l\u00e4stid":"1 minut"},"schema":{"@context":"https:\/\/schema.org","@graph":[{"@type":"WebPage","@id":"https:\/\/truusk.store\/sv\/produkt\/truusk-hund-agility-set-1-bage-1-hack-1-slalomset-bla-rod-352-cm-x-66-cm-x-69-cm\/","url":"https:\/\/truusk.store\/sv\/produkt\/truusk-hund-agility-set-1-bage-1-hack-1-slalomset-bla-rod-352-cm-x-66-cm-x-69-cm\/","name":"TRUUSK Hund Agility Set - 1 B\u00e5ge, 1 H\u00e4ck, 1 Slalomset - Bl\u00e5 + R\u00f6d - 352 cm x 66 cm x 69 cm - TRUUSK - Hem, Tr\u00e4dg\u00e5rd &amp; Fritid","isPartOf":{"@id":"https:\/\/truusk.store\/sv\/#website"},"primaryImageOfPage":{"@id":"https:\/\/truusk.store\/sv\/produkt\/truusk-hund-agility-set-1-bage-1-hack-1-slalomset-bla-rod-352-cm-x-66-cm-x-69-cm\/#primaryimage"},"image":{"@id":"https:\/\/truusk.store\/sv\/produkt\/truusk-hund-agility-set-1-bage-1-hack-1-slalomset-bla-rod-352-cm-x-66-cm-x-69-cm\/#primaryimage"},"thumbnailUrl":"https:\/\/i0.wp.com\/truusk.store\/wp-content\/uploads\/2024\/03\/hund-agility-set-hundbana-1-bage-1-hack-1-slalomset-352-cm-x-66-cm-x-69-cm-bla-rod.webp?fit=800%2C800&ssl=1","datePublished":"2024-03-08T05:10:09+00:00","dateModified":"2026-03-12T08:37:18+00:00","breadcrumb":{"@id":"https:\/\/truusk.store\/sv\/produkt\/truusk-hund-agility-set-1-bage-1-hack-1-slalomset-bla-rod-352-cm-x-66-cm-x-69-cm\/#breadcrumb"},"inLanguage":"sv-SE","potentialAction":[{"@type":"ReadAction","target":["https:\/\/truusk.store\/sv\/produkt\/truusk-hund-agility-set-1-bage-1-hack-1-slalomset-bla-rod-352-cm-x-66-cm-x-69-cm\/"]}]},{"@type":"ImageObject","inLanguage":"sv-SE","@id":"https:\/\/truusk.store\/sv\/produkt\/truusk-hund-agility-set-1-bage-1-hack-1-slalomset-bla-rod-352-cm-x-66-cm-x-69-cm\/#primaryimage","url":"https:\/\/i0.wp.com\/truusk.store\/wp-content\/uploads\/2024\/03\/hund-agility-set-hundbana-1-bage-1-hack-1-slalomset-352-cm-x-66-cm-x-69-cm-bla-rod.webp?fit=800%2C800&ssl=1","contentUrl":"https:\/\/i0.wp.com\/truusk.store\/wp-content\/uploads\/2024\/03\/hund-agility-set-hundbana-1-bage-1-hack-1-slalomset-352-cm-x-66-cm-x-69-cm-bla-rod.webp?fit=800%2C800&ssl=1","width":800,"height":800,"caption":"Hund Agility Set Hundbana, 1 B\u00e5ge, 1 H\u00e4ck, 1 Slalomset, 352 Cm X 66 Cm X 69 Cm, Bl\u00e5 + R\u00f6d 1"},{"@type":"BreadcrumbList","@id":"https:\/\/truusk.store\/sv\/produkt\/truusk-hund-agility-set-1-bage-1-hack-1-slalomset-bla-rod-352-cm-x-66-cm-x-69-cm\/#breadcrumb","itemListElement":[{"@type":"ListItem","position":1,"name":"Home","item":"https:\/\/truusk.store\/sv\/"},{"@type":"ListItem","position":2,"name":"Shop","item":"https:\/\/truusk.store\/shop\/"},{"@type":"ListItem","position":3,"name":"TRUUSK Hund Agility Set &#8211; 1 B\u00e5ge, 1 H\u00e4ck, 1 Slalomset &#8211; Bl\u00e5 + R\u00f6d &#8211; 352 cm x 66 cm x 69 cm"}]},{"@type":"WebSite","@id":"https:\/\/truusk.store\/sv\/#website","url":"https:\/\/truusk.store\/sv\/","name":"TRUUSK - Hem, Tr\u00e4dg\u00e5rd & Fritid","description":"","publisher":{"@id":"https:\/\/truusk.store\/sv\/#organization"},"potentialAction":[{"@type":"SearchAction","target":{"@type":"EntryPoint","urlTemplate":"https:\/\/truusk.store\/sv\/?s={search_term_string}"},"query-input":{"@type":"PropertyValueSpecification","valueRequired":true,"valueName":"search_term_string"}}],"inLanguage":"sv-SE"},{"@type":"Organization","@id":"https:\/\/truusk.store\/sv\/#organization","name":"TRUUSK - Hem, Tr\u00e4dg\u00e5rd & Fritid","url":"https:\/\/truusk.store\/sv\/","logo":{"@type":"ImageObject","inLanguage":"sv-SE","@id":"https:\/\/truusk.store\/sv\/#\/schema\/logo\/image\/","url":"https:\/\/i0.wp.com\/truusk.store\/wp-content\/uploads\/2026\/03\/cropped-TRUUSK.png?fit=2032%2C917&ssl=1","contentUrl":"https:\/\/i0.wp.com\/truusk.store\/wp-content\/uploads\/2026\/03\/cropped-TRUUSK.png?fit=2032%2C917&ssl=1","width":2032,"height":917,"caption":"TRUUSK - Hem, Tr\u00e4dg\u00e5rd & Fritid"},"image":{"@id":"https:\/\/truusk.store\/sv\/#\/schema\/logo\/image\/"}}]}},"jetpack_sharing_enabled":true,"_links":{"self":[{"href":"https:\/\/truusk.store\/sv\/wp-json\/wp\/v2\/product\/51721","targetHints":{"allow":["GET"]}}],"collection":[{"href":"https:\/\/truusk.store\/sv\/wp-json\/wp\/v2\/product"}],"about":[{"href":"https:\/\/truusk.store\/sv\/wp-json\/wp\/v2\/types\/product"}],"wp:featuredmedia":[{"embeddable":true,"href":"https:\/\/truusk.store\/sv\/wp-json\/wp\/v2\/media\/51722"}],"wp:attachment":[{"href":"https:\/\/truusk.store\/sv\/wp-json\/wp\/v2\/media?parent=51721"}],"wp:term":[{"taxonomy":"product_brand","embeddable":true,"href":"https:\/\/truusk.store\/sv\/wp-json\/wp\/v2\/product_brand?post=51721"},{"taxonomy":"product_cat","embeddable":true,"href":"https:\/\/truusk.store\/sv\/wp-json\/wp\/v2\/product_cat?post=51721"},{"taxonomy":"product_tag","embeddable":true,"href":"https:\/\/truusk.store\/sv\/wp-json\/wp\/v2\/product_tag?post=51721"}],"curies":[{"name":"wp","href":"https:\/\/api.w.org\/{rel}","templated":true}]}}