{"id":51742,"date":"2024-03-08T06:30:10","date_gmt":"2024-03-08T05:30:10","guid":{"rendered":"https:\/\/truusk.store\/product\/eldskal-eldgrop-inklusive-gnistskydd-1-brandkrok-615-cm-x-52-cm-svart\/"},"modified":"2026-03-12T09:38:32","modified_gmt":"2026-03-12T08:38:32","slug":"truusk-eldskal-eldgrop-inklusive-gnistskydd-1-brandkrok-615-cm-x-52-cm-svart","status":"publish","type":"product","link":"https:\/\/truusk.store\/sv\/produkt\/truusk-eldskal-eldgrop-inklusive-gnistskydd-1-brandkrok-615-cm-x-52-cm-svart\/","title":{"rendered":"TRUUSK Eldsk\u00e5l Eldgrop &#8211; Inklusive Gnistskydd &#8211; 1 Brandkrok &#8211; 61,5 cm x 52 cm &#8211; Svart"},"content":{"rendered":"<p>Ge din uteplats v\u00e4rme och atmosf\u00e4r med v\u00e5r 2-i-1 eldstad! Den kan anv\u00e4ndas till mer \u00e4n bara uppv\u00e4rmning. Med ett grillgaller kan den \u00e4ven anv\u00e4ndas f\u00f6r grillning. Eldsk\u00e5len \u00e4r tillverkad av slitstarkt, m\u00e5lat st\u00e5l och t\u00e5l h\u00f6ga temperaturer p\u00e5 upp till 500 C. En brandpoker ing\u00e5r f\u00f6r att skydda dina familjemedlemmar fr\u00e5n br\u00e4nnskador.<\/p>\n<h3>Beskrivning:<\/h3>\n<ul>\n<li>Den runda eldsk\u00e5len \u00e4r det perfekta tillskottet till din tr\u00e4dg\u00e5rd<\/li>\n<li>2-i-1 design som v\u00e4rmande eldsk\u00e5l eller praktisk grill<\/li>\n<li>Ett grillgaller medf\u00f6ljer f\u00f6r grillning<\/li>\n<li>Tillverkad av st\u00e5l med v\u00e4rmebest\u00e4ndig f\u00e4rg<\/li>\n<li>Skyddet ger bra skydd mot v\u00e4rme och flygande gnistor<\/li>\n<li>Inbyggda ventilations\u00f6ppningar f\u00f6r god luftcirkulation och d\u00e4rmed b\u00e4ttre f\u00f6rbr\u00e4nning<\/li>\n<li>Utrustad med en poker f\u00f6r att flytta de heta kolen<\/li>\n<li>H\u00e4lsovakter tillg\u00e4ngliga<\/li>\n<li>Montering kr\u00e4vs<\/li>\n<\/ul>\n<h3>Teknisk data:<\/h3>\n<ul>\n<li>Svart f\u00e4rg<\/li>\n<li>Material: st\u00e5l<\/li>\n<li>Totala m\u00e5tt: 61 x 55H cm<\/li>\n<li>M\u00e5tt (omslag): 57 cm<\/li>\n<li>M\u00e5tt (grill): 57 cm<\/li>\n<li>M\u00e5tt (fat): 50L x 4,5W cm<\/li>\n<li>OBS: Anv\u00e4nd inte inomhus, anv\u00e4nd inte p\u00e5 tr\u00e4golv eller andra brandfarliga ytor som gr\u00e4s, l\u00f6v etc.<\/li>\n<\/ul>\n<h3>Leveransens omfattning:<\/h3>\n<ul>\n<li>1 x eldstad<\/li>\n<li>1 x Grillst\u00e4ll<\/li>\n<li>1 x pokerkrok<\/li>\n<li>1 x Instruktioner<\/li>\n<\/ul>\n","protected":false},"excerpt":{"rendered":"<p>Ge din uteplats v\u00e4rme och atmosf\u00e4r med v\u00e5r 2-i-1 eldstad! Den kan anv\u00e4ndas till mer \u00e4n bara uppv\u00e4rmning. Med ett&#8230;<\/p>\n","protected":false},"featured_media":51743,"template":"","meta":[],"product_brand":[],"product_cat":[441,439,435],"product_tag":[],"class_list":{"0":"post-51742","1":"product","2":"type-product","3":"status-publish","4":"has-post-thumbnail","6":"product_cat-eldskalar","7":"product_cat-grillning-uppvarmning","8":"product_cat-tradgard-och-terrass","10":"first","11":"instock","12":"sale","13":"taxable","14":"shipping-taxable","15":"purchasable","16":"product-type-simple"},"yoast_head":"<!-- This site is optimized with the Yoast SEO plugin v25.4 - https:\/\/yoast.com\/wordpress\/plugins\/seo\/ -->\n<title>TRUUSK Eldsk\u00e5l Eldgrop - Inklusive Gnistskydd - 1 Brandkrok - 61,5 cm x 52 cm - Svart - TRUUSK - Hem, Tr\u00e4dg\u00e5rd &amp; Fritid<\/title>\n<meta name=\"robots\" content=\"index, follow, max-snippet:-1, max-image-preview:large, max-video-preview:-1\" \/>\n<link rel=\"canonical\" href=\"https:\/\/truusk.store\/sv\/produkt\/truusk-eldskal-eldgrop-inklusive-gnistskydd-1-brandkrok-615-cm-x-52-cm-svart\/\" \/>\n<meta property=\"og:locale\" content=\"sv_SE\" \/>\n<meta property=\"og:type\" content=\"article\" \/>\n<meta property=\"og:title\" content=\"TRUUSK Eldsk\u00e5l Eldgrop - Inklusive Gnistskydd - 1 Brandkrok - 61,5 cm x 52 cm - Svart - TRUUSK - Hem, Tr\u00e4dg\u00e5rd &amp; Fritid\" \/>\n<meta property=\"og:description\" content=\"Ge din uteplats v\u00e4rme och atmosf\u00e4r med v\u00e5r 2-i-1 eldstad! Den kan anv\u00e4ndas till mer \u00e4n bara uppv\u00e4rmning. Med ett...\" \/>\n<meta property=\"og:url\" content=\"https:\/\/truusk.store\/sv\/produkt\/truusk-eldskal-eldgrop-inklusive-gnistskydd-1-brandkrok-615-cm-x-52-cm-svart\/\" \/>\n<meta property=\"og:site_name\" content=\"TRUUSK - Hem, Tr\u00e4dg\u00e5rd &amp; Fritid\" \/>\n<meta property=\"article:modified_time\" content=\"2026-03-12T08:38:32+00:00\" \/>\n<meta property=\"og:image\" content=\"https:\/\/i0.wp.com\/truusk.se\/wp-content\/uploads\/2024\/03\/eldskal-eldgrop-inklusive-gnistskydd-1-brandkrok-615-cm-x-52-cm-svart.webp?fit=800%2C800&ssl=1\" \/>\n\t<meta property=\"og:image:width\" content=\"800\" \/>\n\t<meta property=\"og:image:height\" content=\"800\" \/>\n\t<meta property=\"og:image:type\" content=\"image\/webp\" \/>\n<meta name=\"twitter:card\" content=\"summary_large_image\" \/>\n<meta name=\"twitter:label1\" content=\"Ber\u00e4knad l\u00e4stid\" \/>\n\t<meta name=\"twitter:data1\" content=\"1 minut\" \/>\n<!-- \/ Yoast SEO plugin. -->","yoast_head_json":{"title":"TRUUSK Eldsk\u00e5l Eldgrop - Inklusive Gnistskydd - 1 Brandkrok - 61,5 cm x 52 cm - Svart - TRUUSK - Hem, Tr\u00e4dg\u00e5rd &amp; Fritid","robots":{"index":"index","follow":"follow","max-snippet":"max-snippet:-1","max-image-preview":"max-image-preview:large","max-video-preview":"max-video-preview:-1"},"canonical":"https:\/\/truusk.store\/sv\/produkt\/truusk-eldskal-eldgrop-inklusive-gnistskydd-1-brandkrok-615-cm-x-52-cm-svart\/","og_locale":"sv_SE","og_type":"article","og_title":"TRUUSK Eldsk\u00e5l Eldgrop - Inklusive Gnistskydd - 1 Brandkrok - 61,5 cm x 52 cm - Svart - TRUUSK - Hem, Tr\u00e4dg\u00e5rd &amp; Fritid","og_description":"Ge din uteplats v\u00e4rme och atmosf\u00e4r med v\u00e5r 2-i-1 eldstad! Den kan anv\u00e4ndas till mer \u00e4n bara uppv\u00e4rmning. Med ett...","og_url":"https:\/\/truusk.store\/sv\/produkt\/truusk-eldskal-eldgrop-inklusive-gnistskydd-1-brandkrok-615-cm-x-52-cm-svart\/","og_site_name":"TRUUSK - Hem, Tr\u00e4dg\u00e5rd &amp; Fritid","article_modified_time":"2026-03-12T08:38:32+00:00","og_image":[{"width":800,"height":800,"url":"https:\/\/i0.wp.com\/truusk.se\/wp-content\/uploads\/2024\/03\/eldskal-eldgrop-inklusive-gnistskydd-1-brandkrok-615-cm-x-52-cm-svart.webp?fit=800%2C800&ssl=1","type":"image\/webp"}],"twitter_card":"summary_large_image","twitter_misc":{"Ber\u00e4knad l\u00e4stid":"1 minut"},"schema":{"@context":"https:\/\/schema.org","@graph":[{"@type":"WebPage","@id":"https:\/\/truusk.store\/sv\/produkt\/truusk-eldskal-eldgrop-inklusive-gnistskydd-1-brandkrok-615-cm-x-52-cm-svart\/","url":"https:\/\/truusk.store\/sv\/produkt\/truusk-eldskal-eldgrop-inklusive-gnistskydd-1-brandkrok-615-cm-x-52-cm-svart\/","name":"TRUUSK Eldsk\u00e5l Eldgrop - Inklusive Gnistskydd - 1 Brandkrok - 61,5 cm x 52 cm - Svart - TRUUSK - Hem, Tr\u00e4dg\u00e5rd &amp; Fritid","isPartOf":{"@id":"https:\/\/truusk.store\/sv\/#website"},"primaryImageOfPage":{"@id":"https:\/\/truusk.store\/sv\/produkt\/truusk-eldskal-eldgrop-inklusive-gnistskydd-1-brandkrok-615-cm-x-52-cm-svart\/#primaryimage"},"image":{"@id":"https:\/\/truusk.store\/sv\/produkt\/truusk-eldskal-eldgrop-inklusive-gnistskydd-1-brandkrok-615-cm-x-52-cm-svart\/#primaryimage"},"thumbnailUrl":"https:\/\/i0.wp.com\/truusk.store\/wp-content\/uploads\/2024\/03\/eldskal-eldgrop-inklusive-gnistskydd-1-brandkrok-615-cm-x-52-cm-svart.webp?fit=800%2C800&ssl=1","datePublished":"2024-03-08T05:30:10+00:00","dateModified":"2026-03-12T08:38:32+00:00","breadcrumb":{"@id":"https:\/\/truusk.store\/sv\/produkt\/truusk-eldskal-eldgrop-inklusive-gnistskydd-1-brandkrok-615-cm-x-52-cm-svart\/#breadcrumb"},"inLanguage":"sv-SE","potentialAction":[{"@type":"ReadAction","target":["https:\/\/truusk.store\/sv\/produkt\/truusk-eldskal-eldgrop-inklusive-gnistskydd-1-brandkrok-615-cm-x-52-cm-svart\/"]}]},{"@type":"ImageObject","inLanguage":"sv-SE","@id":"https:\/\/truusk.store\/sv\/produkt\/truusk-eldskal-eldgrop-inklusive-gnistskydd-1-brandkrok-615-cm-x-52-cm-svart\/#primaryimage","url":"https:\/\/i0.wp.com\/truusk.store\/wp-content\/uploads\/2024\/03\/eldskal-eldgrop-inklusive-gnistskydd-1-brandkrok-615-cm-x-52-cm-svart.webp?fit=800%2C800&ssl=1","contentUrl":"https:\/\/i0.wp.com\/truusk.store\/wp-content\/uploads\/2024\/03\/eldskal-eldgrop-inklusive-gnistskydd-1-brandkrok-615-cm-x-52-cm-svart.webp?fit=800%2C800&ssl=1","width":800,"height":800,"caption":"Eldsk\u00e5l Eldgrop, Inklusive Gnistskydd, 1 Brandkrok, 61,5 Cm X 52 Cm, Svart 1"},{"@type":"BreadcrumbList","@id":"https:\/\/truusk.store\/sv\/produkt\/truusk-eldskal-eldgrop-inklusive-gnistskydd-1-brandkrok-615-cm-x-52-cm-svart\/#breadcrumb","itemListElement":[{"@type":"ListItem","position":1,"name":"Home","item":"https:\/\/truusk.store\/sv\/"},{"@type":"ListItem","position":2,"name":"Shop","item":"https:\/\/truusk.store\/shop\/"},{"@type":"ListItem","position":3,"name":"TRUUSK Eldsk\u00e5l Eldgrop &#8211; Inklusive Gnistskydd &#8211; 1 Brandkrok &#8211; 61,5 cm x 52 cm &#8211; Svart"}]},{"@type":"WebSite","@id":"https:\/\/truusk.store\/sv\/#website","url":"https:\/\/truusk.store\/sv\/","name":"TRUUSK - Hem, Tr\u00e4dg\u00e5rd & Fritid","description":"","publisher":{"@id":"https:\/\/truusk.store\/sv\/#organization"},"potentialAction":[{"@type":"SearchAction","target":{"@type":"EntryPoint","urlTemplate":"https:\/\/truusk.store\/sv\/?s={search_term_string}"},"query-input":{"@type":"PropertyValueSpecification","valueRequired":true,"valueName":"search_term_string"}}],"inLanguage":"sv-SE"},{"@type":"Organization","@id":"https:\/\/truusk.store\/sv\/#organization","name":"TRUUSK - Hem, Tr\u00e4dg\u00e5rd & Fritid","url":"https:\/\/truusk.store\/sv\/","logo":{"@type":"ImageObject","inLanguage":"sv-SE","@id":"https:\/\/truusk.store\/sv\/#\/schema\/logo\/image\/","url":"https:\/\/i0.wp.com\/truusk.store\/wp-content\/uploads\/2026\/03\/cropped-TRUUSK.png?fit=2032%2C917&ssl=1","contentUrl":"https:\/\/i0.wp.com\/truusk.store\/wp-content\/uploads\/2026\/03\/cropped-TRUUSK.png?fit=2032%2C917&ssl=1","width":2032,"height":917,"caption":"TRUUSK - Hem, Tr\u00e4dg\u00e5rd & Fritid"},"image":{"@id":"https:\/\/truusk.store\/sv\/#\/schema\/logo\/image\/"}}]}},"jetpack_sharing_enabled":true,"_links":{"self":[{"href":"https:\/\/truusk.store\/sv\/wp-json\/wp\/v2\/product\/51742","targetHints":{"allow":["GET"]}}],"collection":[{"href":"https:\/\/truusk.store\/sv\/wp-json\/wp\/v2\/product"}],"about":[{"href":"https:\/\/truusk.store\/sv\/wp-json\/wp\/v2\/types\/product"}],"wp:featuredmedia":[{"embeddable":true,"href":"https:\/\/truusk.store\/sv\/wp-json\/wp\/v2\/media\/51743"}],"wp:attachment":[{"href":"https:\/\/truusk.store\/sv\/wp-json\/wp\/v2\/media?parent=51742"}],"wp:term":[{"taxonomy":"product_brand","embeddable":true,"href":"https:\/\/truusk.store\/sv\/wp-json\/wp\/v2\/product_brand?post=51742"},{"taxonomy":"product_cat","embeddable":true,"href":"https:\/\/truusk.store\/sv\/wp-json\/wp\/v2\/product_cat?post=51742"},{"taxonomy":"product_tag","embeddable":true,"href":"https:\/\/truusk.store\/sv\/wp-json\/wp\/v2\/product_tag?post=51742"}],"curies":[{"name":"wp","href":"https:\/\/api.w.org\/{rel}","templated":true}]}}