{"id":51818,"date":"2024-03-08T07:50:07","date_gmt":"2024-03-08T06:50:07","guid":{"rendered":"https:\/\/truusk.store\/product\/tradgardsbord-utomhusbord-vaderbestandig-aluminium-145-x-90-x-74-cm-morkgra\/"},"modified":"2026-03-12T09:36:18","modified_gmt":"2026-03-12T08:36:18","slug":"truusk-tradgardsbord-utomhusbord-vaderbestandig-aluminium-morkgra-145-x-90-x-74-cm","status":"publish","type":"product","link":"https:\/\/truusk.store\/sv\/produkt\/truusk-tradgardsbord-utomhusbord-vaderbestandig-aluminium-morkgra-145-x-90-x-74-cm\/","title":{"rendered":"TRUUSK Tr\u00e4dg\u00e5rdsbord Utomhusbord &#8211; V\u00e4derbest\u00e4ndig Aluminium &#8211; M\u00f6rkgr\u00e5 &#8211; 145 x 90 x 74 cm"},"content":{"rendered":"<p>Samla din familj och dina v\u00e4nner med detta tr\u00e4dg\u00e5rdsbord f\u00f6r 6 personer. Den bildar en metallram f\u00f6r alla dina utomhussammankomster f\u00f6r fyra personer. Bordet har en pulverlackerad metallram och en aluminiumskiva som enkelt kan reng\u00f6ras med en fuktig trasa. F\u00f6rsk\u00f6na din uteplats idag med detta trendiga och funktionella tr\u00e4dg\u00e5rdsmatbord! Njut av tiden du spenderar utomhus med familj och v\u00e4nner.<\/p>\n<h3>Beskrivning:<\/h3>\n<ul>\n<li>Bordet f\u00f6r sex personer att koppla av och \u00e4ta med familj och v\u00e4nner<\/li>\n<li>Den pulverlackerade aluminiumramen s\u00e4kerst\u00e4ller en stabil bas<\/li>\n<li>Lamelldesignen ger bordet en modern touch och m\u00f6jligg\u00f6r b\u00e4ttre luftcirkulation<\/li>\n<li>L\u00e4mplig f\u00f6r uteplats, balkong, terrass, tr\u00e4dg\u00e5rd, etc<\/li>\n<li>Enkel konstruktion<\/li>\n<\/ul>\n<h3>Teknisk data:<\/h3>\n<ul>\n<li>F\u00e4rg: M\u00f6rkgr\u00e5<\/li>\n<li>Material: aluminium<\/li>\n<li>\u00d6vergripande m\u00e5tt: 145L x 90W x 74H cm<\/li>\n<li>Lastkapacitet: 50 kg<\/li>\n<\/ul>\n<h3>Leveransens omfattning:<\/h3>\n<ul>\n<li>1 x Tr\u00e4dg\u00e5rdsmatbord<\/li>\n<li>1 x manuell<\/li>\n<\/ul>\n","protected":false},"excerpt":{"rendered":"<p>Samla din familj och dina v\u00e4nner med detta tr\u00e4dg\u00e5rdsbord f\u00f6r 6 personer. Den bildar en metallram f\u00f6r alla dina utomhussammankomster&#8230;<\/p>\n","protected":false},"featured_media":51819,"template":"","meta":[],"product_brand":[],"product_cat":[435,457,450],"product_tag":[],"class_list":{"0":"post-51818","1":"product","2":"type-product","3":"status-publish","4":"has-post-thumbnail","6":"product_cat-tradgard-och-terrass","7":"product_cat-tradgardsbord","8":"product_cat-tradgardsmobler","10":"first","11":"instock","12":"sale","13":"taxable","14":"shipping-taxable","15":"purchasable","16":"product-type-simple"},"yoast_head":"<!-- This site is optimized with the Yoast SEO plugin v25.4 - https:\/\/yoast.com\/wordpress\/plugins\/seo\/ -->\n<title>TRUUSK Tr\u00e4dg\u00e5rdsbord Utomhusbord - V\u00e4derbest\u00e4ndig Aluminium - M\u00f6rkgr\u00e5 - 145 x 90 x 74 cm - TRUUSK - Hem, Tr\u00e4dg\u00e5rd &amp; Fritid<\/title>\n<meta name=\"robots\" content=\"index, follow, max-snippet:-1, max-image-preview:large, max-video-preview:-1\" \/>\n<link rel=\"canonical\" href=\"https:\/\/truusk.store\/sv\/produkt\/truusk-tradgardsbord-utomhusbord-vaderbestandig-aluminium-morkgra-145-x-90-x-74-cm\/\" \/>\n<meta property=\"og:locale\" content=\"sv_SE\" \/>\n<meta property=\"og:type\" content=\"article\" \/>\n<meta property=\"og:title\" content=\"TRUUSK Tr\u00e4dg\u00e5rdsbord Utomhusbord - V\u00e4derbest\u00e4ndig Aluminium - M\u00f6rkgr\u00e5 - 145 x 90 x 74 cm - TRUUSK - Hem, Tr\u00e4dg\u00e5rd &amp; Fritid\" \/>\n<meta property=\"og:description\" content=\"Samla din familj och dina v\u00e4nner med detta tr\u00e4dg\u00e5rdsbord f\u00f6r 6 personer. Den bildar en metallram f\u00f6r alla dina utomhussammankomster...\" \/>\n<meta property=\"og:url\" content=\"https:\/\/truusk.store\/sv\/produkt\/truusk-tradgardsbord-utomhusbord-vaderbestandig-aluminium-morkgra-145-x-90-x-74-cm\/\" \/>\n<meta property=\"og:site_name\" content=\"TRUUSK - Hem, Tr\u00e4dg\u00e5rd &amp; Fritid\" \/>\n<meta property=\"article:modified_time\" content=\"2026-03-12T08:36:18+00:00\" \/>\n<meta property=\"og:image\" content=\"https:\/\/i0.wp.com\/truusk.se\/wp-content\/uploads\/2024\/03\/tradgardsbord-utomhusbord-vaderbestandig-aluminium-145-x-90-x-74-cm-morkgra.webp?fit=800%2C800&ssl=1\" \/>\n\t<meta property=\"og:image:width\" content=\"800\" \/>\n\t<meta property=\"og:image:height\" content=\"800\" \/>\n\t<meta property=\"og:image:type\" content=\"image\/webp\" \/>\n<meta name=\"twitter:card\" content=\"summary_large_image\" \/>\n<meta name=\"twitter:label1\" content=\"Ber\u00e4knad l\u00e4stid\" \/>\n\t<meta name=\"twitter:data1\" content=\"1 minut\" \/>\n<!-- \/ Yoast SEO plugin. -->","yoast_head_json":{"title":"TRUUSK Tr\u00e4dg\u00e5rdsbord Utomhusbord - V\u00e4derbest\u00e4ndig Aluminium - M\u00f6rkgr\u00e5 - 145 x 90 x 74 cm - TRUUSK - Hem, Tr\u00e4dg\u00e5rd &amp; Fritid","robots":{"index":"index","follow":"follow","max-snippet":"max-snippet:-1","max-image-preview":"max-image-preview:large","max-video-preview":"max-video-preview:-1"},"canonical":"https:\/\/truusk.store\/sv\/produkt\/truusk-tradgardsbord-utomhusbord-vaderbestandig-aluminium-morkgra-145-x-90-x-74-cm\/","og_locale":"sv_SE","og_type":"article","og_title":"TRUUSK Tr\u00e4dg\u00e5rdsbord Utomhusbord - V\u00e4derbest\u00e4ndig Aluminium - M\u00f6rkgr\u00e5 - 145 x 90 x 74 cm - TRUUSK - Hem, Tr\u00e4dg\u00e5rd &amp; Fritid","og_description":"Samla din familj och dina v\u00e4nner med detta tr\u00e4dg\u00e5rdsbord f\u00f6r 6 personer. Den bildar en metallram f\u00f6r alla dina utomhussammankomster...","og_url":"https:\/\/truusk.store\/sv\/produkt\/truusk-tradgardsbord-utomhusbord-vaderbestandig-aluminium-morkgra-145-x-90-x-74-cm\/","og_site_name":"TRUUSK - Hem, Tr\u00e4dg\u00e5rd &amp; Fritid","article_modified_time":"2026-03-12T08:36:18+00:00","og_image":[{"width":800,"height":800,"url":"https:\/\/i0.wp.com\/truusk.se\/wp-content\/uploads\/2024\/03\/tradgardsbord-utomhusbord-vaderbestandig-aluminium-145-x-90-x-74-cm-morkgra.webp?fit=800%2C800&ssl=1","type":"image\/webp"}],"twitter_card":"summary_large_image","twitter_misc":{"Ber\u00e4knad l\u00e4stid":"1 minut"},"schema":{"@context":"https:\/\/schema.org","@graph":[{"@type":"WebPage","@id":"https:\/\/truusk.store\/sv\/produkt\/truusk-tradgardsbord-utomhusbord-vaderbestandig-aluminium-morkgra-145-x-90-x-74-cm\/","url":"https:\/\/truusk.store\/sv\/produkt\/truusk-tradgardsbord-utomhusbord-vaderbestandig-aluminium-morkgra-145-x-90-x-74-cm\/","name":"TRUUSK Tr\u00e4dg\u00e5rdsbord Utomhusbord - V\u00e4derbest\u00e4ndig Aluminium - M\u00f6rkgr\u00e5 - 145 x 90 x 74 cm - TRUUSK - Hem, Tr\u00e4dg\u00e5rd &amp; Fritid","isPartOf":{"@id":"https:\/\/truusk.store\/sv\/#website"},"primaryImageOfPage":{"@id":"https:\/\/truusk.store\/sv\/produkt\/truusk-tradgardsbord-utomhusbord-vaderbestandig-aluminium-morkgra-145-x-90-x-74-cm\/#primaryimage"},"image":{"@id":"https:\/\/truusk.store\/sv\/produkt\/truusk-tradgardsbord-utomhusbord-vaderbestandig-aluminium-morkgra-145-x-90-x-74-cm\/#primaryimage"},"thumbnailUrl":"https:\/\/i0.wp.com\/truusk.store\/wp-content\/uploads\/2024\/03\/tradgardsbord-utomhusbord-vaderbestandig-aluminium-145-x-90-x-74-cm-morkgra.webp?fit=800%2C800&ssl=1","datePublished":"2024-03-08T06:50:07+00:00","dateModified":"2026-03-12T08:36:18+00:00","breadcrumb":{"@id":"https:\/\/truusk.store\/sv\/produkt\/truusk-tradgardsbord-utomhusbord-vaderbestandig-aluminium-morkgra-145-x-90-x-74-cm\/#breadcrumb"},"inLanguage":"sv-SE","potentialAction":[{"@type":"ReadAction","target":["https:\/\/truusk.store\/sv\/produkt\/truusk-tradgardsbord-utomhusbord-vaderbestandig-aluminium-morkgra-145-x-90-x-74-cm\/"]}]},{"@type":"ImageObject","inLanguage":"sv-SE","@id":"https:\/\/truusk.store\/sv\/produkt\/truusk-tradgardsbord-utomhusbord-vaderbestandig-aluminium-morkgra-145-x-90-x-74-cm\/#primaryimage","url":"https:\/\/i0.wp.com\/truusk.store\/wp-content\/uploads\/2024\/03\/tradgardsbord-utomhusbord-vaderbestandig-aluminium-145-x-90-x-74-cm-morkgra.webp?fit=800%2C800&ssl=1","contentUrl":"https:\/\/i0.wp.com\/truusk.store\/wp-content\/uploads\/2024\/03\/tradgardsbord-utomhusbord-vaderbestandig-aluminium-145-x-90-x-74-cm-morkgra.webp?fit=800%2C800&ssl=1","width":800,"height":800,"caption":"Tr\u00e4dg\u00e5rdsbord Utomhusbord, V\u00e4derbest\u00e4ndig, Aluminium, 145 X 90 X 74 Cm, M\u00f6rkgr\u00e5 1"},{"@type":"BreadcrumbList","@id":"https:\/\/truusk.store\/sv\/produkt\/truusk-tradgardsbord-utomhusbord-vaderbestandig-aluminium-morkgra-145-x-90-x-74-cm\/#breadcrumb","itemListElement":[{"@type":"ListItem","position":1,"name":"Home","item":"https:\/\/truusk.store\/sv\/"},{"@type":"ListItem","position":2,"name":"Shop","item":"https:\/\/truusk.store\/shop\/"},{"@type":"ListItem","position":3,"name":"TRUUSK Tr\u00e4dg\u00e5rdsbord Utomhusbord &#8211; V\u00e4derbest\u00e4ndig Aluminium &#8211; M\u00f6rkgr\u00e5 &#8211; 145 x 90 x 74 cm"}]},{"@type":"WebSite","@id":"https:\/\/truusk.store\/sv\/#website","url":"https:\/\/truusk.store\/sv\/","name":"TRUUSK - Hem, Tr\u00e4dg\u00e5rd & Fritid","description":"","publisher":{"@id":"https:\/\/truusk.store\/sv\/#organization"},"potentialAction":[{"@type":"SearchAction","target":{"@type":"EntryPoint","urlTemplate":"https:\/\/truusk.store\/sv\/?s={search_term_string}"},"query-input":{"@type":"PropertyValueSpecification","valueRequired":true,"valueName":"search_term_string"}}],"inLanguage":"sv-SE"},{"@type":"Organization","@id":"https:\/\/truusk.store\/sv\/#organization","name":"TRUUSK - Hem, Tr\u00e4dg\u00e5rd & Fritid","url":"https:\/\/truusk.store\/sv\/","logo":{"@type":"ImageObject","inLanguage":"sv-SE","@id":"https:\/\/truusk.store\/sv\/#\/schema\/logo\/image\/","url":"https:\/\/i0.wp.com\/truusk.store\/wp-content\/uploads\/2026\/03\/cropped-TRUUSK.png?fit=2032%2C917&ssl=1","contentUrl":"https:\/\/i0.wp.com\/truusk.store\/wp-content\/uploads\/2026\/03\/cropped-TRUUSK.png?fit=2032%2C917&ssl=1","width":2032,"height":917,"caption":"TRUUSK - Hem, Tr\u00e4dg\u00e5rd & Fritid"},"image":{"@id":"https:\/\/truusk.store\/sv\/#\/schema\/logo\/image\/"}}]}},"jetpack_sharing_enabled":true,"_links":{"self":[{"href":"https:\/\/truusk.store\/sv\/wp-json\/wp\/v2\/product\/51818","targetHints":{"allow":["GET"]}}],"collection":[{"href":"https:\/\/truusk.store\/sv\/wp-json\/wp\/v2\/product"}],"about":[{"href":"https:\/\/truusk.store\/sv\/wp-json\/wp\/v2\/types\/product"}],"wp:featuredmedia":[{"embeddable":true,"href":"https:\/\/truusk.store\/sv\/wp-json\/wp\/v2\/media\/51819"}],"wp:attachment":[{"href":"https:\/\/truusk.store\/sv\/wp-json\/wp\/v2\/media?parent=51818"}],"wp:term":[{"taxonomy":"product_brand","embeddable":true,"href":"https:\/\/truusk.store\/sv\/wp-json\/wp\/v2\/product_brand?post=51818"},{"taxonomy":"product_cat","embeddable":true,"href":"https:\/\/truusk.store\/sv\/wp-json\/wp\/v2\/product_cat?post=51818"},{"taxonomy":"product_tag","embeddable":true,"href":"https:\/\/truusk.store\/sv\/wp-json\/wp\/v2\/product_tag?post=51818"}],"curies":[{"name":"wp","href":"https:\/\/api.w.org\/{rel}","templated":true}]}}