{"id":51847,"date":"2024-03-08T08:20:07","date_gmt":"2024-03-08T07:20:07","guid":{"rendered":"https:\/\/truusk.store\/product\/overdrag-for-verandagunga-vattentat-polyester-220x125x172cm-svart\/"},"modified":"2026-03-12T09:39:22","modified_gmt":"2026-03-12T08:39:22","slug":"truusk-overdrag-for-verandagunga-vattentat-polyester-220x125x172cm-svart","status":"publish","type":"product","link":"https:\/\/truusk.store\/sv\/produkt\/truusk-overdrag-for-verandagunga-vattentat-polyester-220x125x172cm-svart\/","title":{"rendered":"TRUUSK \u00d6verdrag F\u00f6r Verandagunga &#8211; Vattent\u00e4t Polyester &#8211; 220x125x172cm &#8211; Svart"},"content":{"rendered":"<p>Perfekt skydd f\u00f6r din verandagunga! Se till att din tr\u00e4dg\u00e5rdsgungb\u00e4nk ser ny ut \u00e4ven efter \u00e5r tack vare v\u00e5rt skydd: h\u00e5llbart, vattent\u00e4tt och smutsavvisande, detta skyddande skydd skyddar din gunga s\u00e4kert fr\u00e5n blekning, damm och f\u00e5gelspillning. Tack vare dragkedjan kan skydds\u00f6verdraget f\u00e4stas och tas bort p\u00e5 nolltid, samtidigt som den dekorativa sladden h\u00e5ller skyddet s\u00e4kert p\u00e5 plats s\u00e5 att det inte bl\u00e5ser iv\u00e4g i vinden.<\/p>\n<h3>Beskrivning:<\/h3>\n<ul>\n<li>Skyddar tillf\u00f6rlitligt din verandagunga fr\u00e5n UV-str\u00e5lning, vind, regn, f\u00e5gelspillning och andra naturliga influenser<\/li>\n<li>Tillverkad av slitstark Oxford polyester med PU-bel\u00e4ggning f\u00f6r l\u00e5ngvarigt skydd<\/li>\n<li>Sn\u00f6rets fixering s\u00e4kerst\u00e4ller ett s\u00e4kert grepp, medan dragkedjan ger enkel \u00e5tkomst<\/li>\n<li>Robusta s\u00f6mmar f\u00f6rhindrar att vatten och smuts kommer in<\/li>\n<li>L\u00e4tt att reng\u00f6ra och underh\u00e5lla<\/li>\n<li>L\u00e4mplig f\u00f6r gungor som m\u00e4ter 210L x 125W x 170H cm<\/li>\n<\/ul>\n<h3>Teknisk data:<\/h3>\n<ul>\n<li>Svart f\u00e4rg<\/li>\n<li>Material: Oxford polyester<\/li>\n<li>\u00d6vergripande m\u00e5tt: 220L x 125W x 172H cm<\/li>\n<li>L\u00e4mpliga m\u00e5tt f\u00f6r verandagungan: 210L x 120W x 170H cm<\/li>\n<\/ul>\n<h3>Leveransens omfattning:<\/h3>\n<ul>\n<li>1 x gungskydd;<\/li>\n<\/ul>\n","protected":false},"excerpt":{"rendered":"<p>Perfekt skydd f\u00f6r din verandagunga! Se till att din tr\u00e4dg\u00e5rdsgungb\u00e4nk ser ny ut \u00e4ven efter \u00e5r tack vare v\u00e5rt skydd:&#8230;<\/p>\n","protected":false},"featured_media":51848,"template":"","meta":[],"product_brand":[],"product_cat":[453,736,435,450],"product_tag":[],"class_list":{"0":"post-51847","1":"product","2":"type-product","3":"status-publish","4":"has-post-thumbnail","6":"product_cat-hollywood-gungor","7":"product_cat-omslag","8":"product_cat-tradgard-och-terrass","9":"product_cat-tradgardsmobler","11":"first","12":"instock","13":"sale","14":"taxable","15":"shipping-taxable","16":"purchasable","17":"product-type-simple"},"yoast_head":"<!-- This site is optimized with the Yoast SEO plugin v25.4 - https:\/\/yoast.com\/wordpress\/plugins\/seo\/ -->\n<title>TRUUSK \u00d6verdrag F\u00f6r Verandagunga - Vattent\u00e4t Polyester - 220x125x172cm - Svart - TRUUSK - Hem, Tr\u00e4dg\u00e5rd &amp; Fritid<\/title>\n<meta name=\"robots\" content=\"index, follow, max-snippet:-1, max-image-preview:large, max-video-preview:-1\" \/>\n<link rel=\"canonical\" href=\"https:\/\/truusk.store\/sv\/produkt\/truusk-overdrag-for-verandagunga-vattentat-polyester-220x125x172cm-svart\/\" \/>\n<meta property=\"og:locale\" content=\"sv_SE\" \/>\n<meta property=\"og:type\" content=\"article\" \/>\n<meta property=\"og:title\" content=\"TRUUSK \u00d6verdrag F\u00f6r Verandagunga - Vattent\u00e4t Polyester - 220x125x172cm - Svart - TRUUSK - Hem, Tr\u00e4dg\u00e5rd &amp; Fritid\" \/>\n<meta property=\"og:description\" content=\"Perfekt skydd f\u00f6r din verandagunga! Se till att din tr\u00e4dg\u00e5rdsgungb\u00e4nk ser ny ut \u00e4ven efter \u00e5r tack vare v\u00e5rt skydd:...\" \/>\n<meta property=\"og:url\" content=\"https:\/\/truusk.store\/sv\/produkt\/truusk-overdrag-for-verandagunga-vattentat-polyester-220x125x172cm-svart\/\" \/>\n<meta property=\"og:site_name\" content=\"TRUUSK - Hem, Tr\u00e4dg\u00e5rd &amp; Fritid\" \/>\n<meta property=\"article:modified_time\" content=\"2026-03-12T08:39:22+00:00\" \/>\n<meta property=\"og:image\" content=\"https:\/\/i0.wp.com\/truusk.se\/wp-content\/uploads\/2024\/03\/overdrag-for-verandagunga-vattentat-polyester-220x125x172cm-svart.webp?fit=800%2C800&ssl=1\" \/>\n\t<meta property=\"og:image:width\" content=\"800\" \/>\n\t<meta property=\"og:image:height\" content=\"800\" \/>\n\t<meta property=\"og:image:type\" content=\"image\/webp\" \/>\n<meta name=\"twitter:card\" content=\"summary_large_image\" \/>\n<meta name=\"twitter:label1\" content=\"Ber\u00e4knad l\u00e4stid\" \/>\n\t<meta name=\"twitter:data1\" content=\"1 minut\" \/>\n<!-- \/ Yoast SEO plugin. -->","yoast_head_json":{"title":"TRUUSK \u00d6verdrag F\u00f6r Verandagunga - Vattent\u00e4t Polyester - 220x125x172cm - Svart - TRUUSK - Hem, Tr\u00e4dg\u00e5rd &amp; Fritid","robots":{"index":"index","follow":"follow","max-snippet":"max-snippet:-1","max-image-preview":"max-image-preview:large","max-video-preview":"max-video-preview:-1"},"canonical":"https:\/\/truusk.store\/sv\/produkt\/truusk-overdrag-for-verandagunga-vattentat-polyester-220x125x172cm-svart\/","og_locale":"sv_SE","og_type":"article","og_title":"TRUUSK \u00d6verdrag F\u00f6r Verandagunga - Vattent\u00e4t Polyester - 220x125x172cm - Svart - TRUUSK - Hem, Tr\u00e4dg\u00e5rd &amp; Fritid","og_description":"Perfekt skydd f\u00f6r din verandagunga! Se till att din tr\u00e4dg\u00e5rdsgungb\u00e4nk ser ny ut \u00e4ven efter \u00e5r tack vare v\u00e5rt skydd:...","og_url":"https:\/\/truusk.store\/sv\/produkt\/truusk-overdrag-for-verandagunga-vattentat-polyester-220x125x172cm-svart\/","og_site_name":"TRUUSK - Hem, Tr\u00e4dg\u00e5rd &amp; Fritid","article_modified_time":"2026-03-12T08:39:22+00:00","og_image":[{"width":800,"height":800,"url":"https:\/\/i0.wp.com\/truusk.se\/wp-content\/uploads\/2024\/03\/overdrag-for-verandagunga-vattentat-polyester-220x125x172cm-svart.webp?fit=800%2C800&ssl=1","type":"image\/webp"}],"twitter_card":"summary_large_image","twitter_misc":{"Ber\u00e4knad l\u00e4stid":"1 minut"},"schema":{"@context":"https:\/\/schema.org","@graph":[{"@type":"WebPage","@id":"https:\/\/truusk.store\/sv\/produkt\/truusk-overdrag-for-verandagunga-vattentat-polyester-220x125x172cm-svart\/","url":"https:\/\/truusk.store\/sv\/produkt\/truusk-overdrag-for-verandagunga-vattentat-polyester-220x125x172cm-svart\/","name":"TRUUSK \u00d6verdrag F\u00f6r Verandagunga - Vattent\u00e4t Polyester - 220x125x172cm - Svart - TRUUSK - Hem, Tr\u00e4dg\u00e5rd &amp; Fritid","isPartOf":{"@id":"https:\/\/truusk.store\/sv\/#website"},"primaryImageOfPage":{"@id":"https:\/\/truusk.store\/sv\/produkt\/truusk-overdrag-for-verandagunga-vattentat-polyester-220x125x172cm-svart\/#primaryimage"},"image":{"@id":"https:\/\/truusk.store\/sv\/produkt\/truusk-overdrag-for-verandagunga-vattentat-polyester-220x125x172cm-svart\/#primaryimage"},"thumbnailUrl":"https:\/\/i0.wp.com\/truusk.store\/wp-content\/uploads\/2024\/03\/overdrag-for-verandagunga-vattentat-polyester-220x125x172cm-svart.webp?fit=800%2C800&ssl=1","datePublished":"2024-03-08T07:20:07+00:00","dateModified":"2026-03-12T08:39:22+00:00","breadcrumb":{"@id":"https:\/\/truusk.store\/sv\/produkt\/truusk-overdrag-for-verandagunga-vattentat-polyester-220x125x172cm-svart\/#breadcrumb"},"inLanguage":"sv-SE","potentialAction":[{"@type":"ReadAction","target":["https:\/\/truusk.store\/sv\/produkt\/truusk-overdrag-for-verandagunga-vattentat-polyester-220x125x172cm-svart\/"]}]},{"@type":"ImageObject","inLanguage":"sv-SE","@id":"https:\/\/truusk.store\/sv\/produkt\/truusk-overdrag-for-verandagunga-vattentat-polyester-220x125x172cm-svart\/#primaryimage","url":"https:\/\/i0.wp.com\/truusk.store\/wp-content\/uploads\/2024\/03\/overdrag-for-verandagunga-vattentat-polyester-220x125x172cm-svart.webp?fit=800%2C800&ssl=1","contentUrl":"https:\/\/i0.wp.com\/truusk.store\/wp-content\/uploads\/2024\/03\/overdrag-for-verandagunga-vattentat-polyester-220x125x172cm-svart.webp?fit=800%2C800&ssl=1","width":800,"height":800,"caption":"\u00d6verdrag F\u00f6r Verandagunga, Vattent\u00e4t, Polyester, 220x125x172cm, Svart 1"},{"@type":"BreadcrumbList","@id":"https:\/\/truusk.store\/sv\/produkt\/truusk-overdrag-for-verandagunga-vattentat-polyester-220x125x172cm-svart\/#breadcrumb","itemListElement":[{"@type":"ListItem","position":1,"name":"Home","item":"https:\/\/truusk.store\/sv\/"},{"@type":"ListItem","position":2,"name":"Shop","item":"https:\/\/truusk.store\/shop\/"},{"@type":"ListItem","position":3,"name":"TRUUSK \u00d6verdrag F\u00f6r Verandagunga &#8211; Vattent\u00e4t Polyester &#8211; 220x125x172cm &#8211; Svart"}]},{"@type":"WebSite","@id":"https:\/\/truusk.store\/sv\/#website","url":"https:\/\/truusk.store\/sv\/","name":"TRUUSK - Hem, Tr\u00e4dg\u00e5rd & Fritid","description":"","publisher":{"@id":"https:\/\/truusk.store\/sv\/#organization"},"potentialAction":[{"@type":"SearchAction","target":{"@type":"EntryPoint","urlTemplate":"https:\/\/truusk.store\/sv\/?s={search_term_string}"},"query-input":{"@type":"PropertyValueSpecification","valueRequired":true,"valueName":"search_term_string"}}],"inLanguage":"sv-SE"},{"@type":"Organization","@id":"https:\/\/truusk.store\/sv\/#organization","name":"TRUUSK - Hem, Tr\u00e4dg\u00e5rd & Fritid","url":"https:\/\/truusk.store\/sv\/","logo":{"@type":"ImageObject","inLanguage":"sv-SE","@id":"https:\/\/truusk.store\/sv\/#\/schema\/logo\/image\/","url":"https:\/\/i0.wp.com\/truusk.store\/wp-content\/uploads\/2026\/03\/cropped-TRUUSK.png?fit=2032%2C917&ssl=1","contentUrl":"https:\/\/i0.wp.com\/truusk.store\/wp-content\/uploads\/2026\/03\/cropped-TRUUSK.png?fit=2032%2C917&ssl=1","width":2032,"height":917,"caption":"TRUUSK - Hem, Tr\u00e4dg\u00e5rd & Fritid"},"image":{"@id":"https:\/\/truusk.store\/sv\/#\/schema\/logo\/image\/"}}]}},"jetpack_sharing_enabled":true,"_links":{"self":[{"href":"https:\/\/truusk.store\/sv\/wp-json\/wp\/v2\/product\/51847","targetHints":{"allow":["GET"]}}],"collection":[{"href":"https:\/\/truusk.store\/sv\/wp-json\/wp\/v2\/product"}],"about":[{"href":"https:\/\/truusk.store\/sv\/wp-json\/wp\/v2\/types\/product"}],"wp:featuredmedia":[{"embeddable":true,"href":"https:\/\/truusk.store\/sv\/wp-json\/wp\/v2\/media\/51848"}],"wp:attachment":[{"href":"https:\/\/truusk.store\/sv\/wp-json\/wp\/v2\/media?parent=51847"}],"wp:term":[{"taxonomy":"product_brand","embeddable":true,"href":"https:\/\/truusk.store\/sv\/wp-json\/wp\/v2\/product_brand?post=51847"},{"taxonomy":"product_cat","embeddable":true,"href":"https:\/\/truusk.store\/sv\/wp-json\/wp\/v2\/product_cat?post=51847"},{"taxonomy":"product_tag","embeddable":true,"href":"https:\/\/truusk.store\/sv\/wp-json\/wp\/v2\/product_tag?post=51847"}],"curies":[{"name":"wp","href":"https:\/\/api.w.org\/{rel}","templated":true}]}}