{"id":51869,"date":"2024-03-08T08:40:10","date_gmt":"2024-03-08T07:40:10","guid":{"rendered":"https:\/\/truusk.store\/product\/massagestol-avslappningsstol-vilstol-8-vibrationspunkter-5-lagen-8-vibrationspunkter-56-x-168-x-84-cm-gra\/"},"modified":"2026-03-12T09:33:19","modified_gmt":"2026-03-12T08:33:19","slug":"truusk-massagestol-avslappningsstol-vilstol-8-vibrationspunkter-5-lagen-56-x-168-x-84-cm-gra","status":"publish","type":"product","link":"https:\/\/truusk.store\/sv\/produkt\/truusk-massagestol-avslappningsstol-vilstol-8-vibrationspunkter-5-lagen-56-x-168-x-84-cm-gra\/","title":{"rendered":"TRUUSK Massagestol &#8211; Avslappningsstol &#8211; Vilstol &#8211; 8 Vibrationspunkter &#8211; 5 L\u00e4gen &#8211; 56 x 168 x 84 cm &#8211; Gr\u00e5"},"content":{"rendered":"<p>Efter en anstr\u00e4ngande dag kan du luta dig tillbaka, koppla av och l\u00e5ta massagestolen ge dig en grundlig massage. Massagepunkterna p\u00e5 relaxstolen med liggfunktion \u00e4r f\u00f6rdelade \u00f6ver rygg, l\u00e4ndparti, l\u00e5r och ben. Du kan v\u00e4lja mellan massagestolens automatiska funktion f\u00f6r f\u00f6rprogrammerad massage och den manuella funktionen, med vilken du sj\u00e4lv kan v\u00e4lja olika massage.<\/p>\n<h3>Beskrivning:<\/h3>\n<ul>\n<li>\u00c5tta vibrationsmassagepunkter med fem l\u00e4gen och l\u00e4ndryggsv\u00e4rmare<\/li>\n<li>Inkluderar fj\u00e4rrkontroll och praktisk sidficka f\u00f6r f\u00f6rvaring<\/li>\n<li>Massagef\u00e5t\u00f6ljens linnetyg som andas \u00e4r resistent mot pilling, rynkor och deformation<\/li>\n<li>S-formad form och djup stoppning f\u00f6r bekv\u00e4mt sjunkande<\/li>\n<li>MDF-paneler och st\u00e5lram f\u00f6r en robust struktur<\/li>\n<li>En l\u00e4ndkudde p\u00e5 vilstolen ger st\u00f6d och \u00f6verdraget kan tas av f\u00f6r reng\u00f6ring<\/li>\n<li>En skyddande fotkudde f\u00f6rhindrar skador p\u00e5 golvet<\/li>\n<li>Montering kr\u00e4vs<\/li>\n<\/ul>\n<h3>Teknisk data:<\/h3>\n<ul>\n<li>F\u00e4rg gr\u00e5<\/li>\n<li>Material: linne (100 % polyester), skum, flerskiktsskiva, metall<\/li>\n<li>\u00d6vergripande m\u00e5tt: 56L x 168W x 84H cm<\/li>\n<li>Sitsstorlek: 56W x 110D x 33H cm<\/li>\n<li>Sitstjocklek: 18 cm<\/li>\n<li>M\u00e5tt bak: 80L x 56W x 18H cm<\/li>\n<li>Kuddstorlek: 30L x 18W x 9H cm<\/li>\n<li>Kabell\u00e4ngd: 1,8 m<\/li>\n<li>Kabell\u00e4ngd f\u00f6r fj\u00e4rrkontroll: 1 m<\/li>\n<li>Insp\u00e4nning: AC 100-240V 50\/60Hz, 0,6A<\/li>\n<li>Utsp\u00e4nning: DC 12V, 2A<\/li>\n<li>Effekt: 14,4W<\/li>\n<\/ul>\n<h3>Leveransens omfattning:<\/h3>\n<ul>\n<li>1 x Golvstol<\/li>\n<li>1 x manuell<\/li>\n<\/ul>\n","protected":false},"excerpt":{"rendered":"<p>Efter en anstr\u00e4ngande dag kan du luta dig tillbaka, koppla av och l\u00e5ta massagestolen ge dig en grundlig massage. Massagepunkterna&#8230;<\/p>\n","protected":false},"featured_media":51870,"template":"","meta":[],"product_brand":[],"product_cat":[521,485,526],"product_tag":[],"class_list":{"0":"post-51869","1":"product","2":"type-product","3":"status-publish","4":"has-post-thumbnail","6":"product_cat-fatolj","7":"product_cat-hus-bo","8":"product_cat-tv-fatolj","10":"first","11":"instock","12":"sale","13":"taxable","14":"shipping-taxable","15":"purchasable","16":"product-type-simple"},"yoast_head":"<!-- This site is optimized with the Yoast SEO plugin v25.4 - https:\/\/yoast.com\/wordpress\/plugins\/seo\/ -->\n<title>TRUUSK Massagestol - Avslappningsstol - Vilstol - 8 Vibrationspunkter - 5 L\u00e4gen - 56 x 168 x 84 cm - Gr\u00e5 - TRUUSK - Hem, Tr\u00e4dg\u00e5rd &amp; Fritid<\/title>\n<meta name=\"robots\" content=\"index, follow, max-snippet:-1, max-image-preview:large, max-video-preview:-1\" \/>\n<link rel=\"canonical\" href=\"https:\/\/truusk.store\/sv\/produkt\/truusk-massagestol-avslappningsstol-vilstol-8-vibrationspunkter-5-lagen-56-x-168-x-84-cm-gra\/\" \/>\n<meta property=\"og:locale\" content=\"sv_SE\" \/>\n<meta property=\"og:type\" content=\"article\" \/>\n<meta property=\"og:title\" content=\"TRUUSK Massagestol - Avslappningsstol - Vilstol - 8 Vibrationspunkter - 5 L\u00e4gen - 56 x 168 x 84 cm - Gr\u00e5 - TRUUSK - Hem, Tr\u00e4dg\u00e5rd &amp; Fritid\" \/>\n<meta property=\"og:description\" content=\"Efter en anstr\u00e4ngande dag kan du luta dig tillbaka, koppla av och l\u00e5ta massagestolen ge dig en grundlig massage. Massagepunkterna...\" \/>\n<meta property=\"og:url\" content=\"https:\/\/truusk.store\/sv\/produkt\/truusk-massagestol-avslappningsstol-vilstol-8-vibrationspunkter-5-lagen-56-x-168-x-84-cm-gra\/\" \/>\n<meta property=\"og:site_name\" content=\"TRUUSK - Hem, Tr\u00e4dg\u00e5rd &amp; Fritid\" \/>\n<meta property=\"article:modified_time\" content=\"2026-03-12T08:33:19+00:00\" \/>\n<meta property=\"og:image\" content=\"https:\/\/i0.wp.com\/truusk.se\/wp-content\/uploads\/2024\/03\/massagestol-avslappningsstol-vilstol-8-vibrationspunkter-5-lagen-8-vibrationspunkter-56-x-168-x-84-cm-gra.webp?fit=800%2C800&ssl=1\" \/>\n\t<meta property=\"og:image:width\" content=\"800\" \/>\n\t<meta property=\"og:image:height\" content=\"800\" \/>\n\t<meta property=\"og:image:type\" content=\"image\/webp\" \/>\n<meta name=\"twitter:card\" content=\"summary_large_image\" \/>\n<meta name=\"twitter:label1\" content=\"Ber\u00e4knad l\u00e4stid\" \/>\n\t<meta name=\"twitter:data1\" content=\"1 minut\" \/>\n<!-- \/ Yoast SEO plugin. -->","yoast_head_json":{"title":"TRUUSK Massagestol - Avslappningsstol - Vilstol - 8 Vibrationspunkter - 5 L\u00e4gen - 56 x 168 x 84 cm - Gr\u00e5 - TRUUSK - Hem, Tr\u00e4dg\u00e5rd &amp; Fritid","robots":{"index":"index","follow":"follow","max-snippet":"max-snippet:-1","max-image-preview":"max-image-preview:large","max-video-preview":"max-video-preview:-1"},"canonical":"https:\/\/truusk.store\/sv\/produkt\/truusk-massagestol-avslappningsstol-vilstol-8-vibrationspunkter-5-lagen-56-x-168-x-84-cm-gra\/","og_locale":"sv_SE","og_type":"article","og_title":"TRUUSK Massagestol - Avslappningsstol - Vilstol - 8 Vibrationspunkter - 5 L\u00e4gen - 56 x 168 x 84 cm - Gr\u00e5 - TRUUSK - Hem, Tr\u00e4dg\u00e5rd &amp; Fritid","og_description":"Efter en anstr\u00e4ngande dag kan du luta dig tillbaka, koppla av och l\u00e5ta massagestolen ge dig en grundlig massage. Massagepunkterna...","og_url":"https:\/\/truusk.store\/sv\/produkt\/truusk-massagestol-avslappningsstol-vilstol-8-vibrationspunkter-5-lagen-56-x-168-x-84-cm-gra\/","og_site_name":"TRUUSK - Hem, Tr\u00e4dg\u00e5rd &amp; Fritid","article_modified_time":"2026-03-12T08:33:19+00:00","og_image":[{"width":800,"height":800,"url":"https:\/\/i0.wp.com\/truusk.se\/wp-content\/uploads\/2024\/03\/massagestol-avslappningsstol-vilstol-8-vibrationspunkter-5-lagen-8-vibrationspunkter-56-x-168-x-84-cm-gra.webp?fit=800%2C800&ssl=1","type":"image\/webp"}],"twitter_card":"summary_large_image","twitter_misc":{"Ber\u00e4knad l\u00e4stid":"1 minut"},"schema":{"@context":"https:\/\/schema.org","@graph":[{"@type":"WebPage","@id":"https:\/\/truusk.store\/sv\/produkt\/truusk-massagestol-avslappningsstol-vilstol-8-vibrationspunkter-5-lagen-56-x-168-x-84-cm-gra\/","url":"https:\/\/truusk.store\/sv\/produkt\/truusk-massagestol-avslappningsstol-vilstol-8-vibrationspunkter-5-lagen-56-x-168-x-84-cm-gra\/","name":"TRUUSK Massagestol - Avslappningsstol - Vilstol - 8 Vibrationspunkter - 5 L\u00e4gen - 56 x 168 x 84 cm - Gr\u00e5 - TRUUSK - Hem, Tr\u00e4dg\u00e5rd &amp; Fritid","isPartOf":{"@id":"https:\/\/truusk.store\/sv\/#website"},"primaryImageOfPage":{"@id":"https:\/\/truusk.store\/sv\/produkt\/truusk-massagestol-avslappningsstol-vilstol-8-vibrationspunkter-5-lagen-56-x-168-x-84-cm-gra\/#primaryimage"},"image":{"@id":"https:\/\/truusk.store\/sv\/produkt\/truusk-massagestol-avslappningsstol-vilstol-8-vibrationspunkter-5-lagen-56-x-168-x-84-cm-gra\/#primaryimage"},"thumbnailUrl":"https:\/\/i0.wp.com\/truusk.store\/wp-content\/uploads\/2024\/03\/massagestol-avslappningsstol-vilstol-8-vibrationspunkter-5-lagen-8-vibrationspunkter-56-x-168-x-84-cm-gra.webp?fit=800%2C800&ssl=1","datePublished":"2024-03-08T07:40:10+00:00","dateModified":"2026-03-12T08:33:19+00:00","breadcrumb":{"@id":"https:\/\/truusk.store\/sv\/produkt\/truusk-massagestol-avslappningsstol-vilstol-8-vibrationspunkter-5-lagen-56-x-168-x-84-cm-gra\/#breadcrumb"},"inLanguage":"sv-SE","potentialAction":[{"@type":"ReadAction","target":["https:\/\/truusk.store\/sv\/produkt\/truusk-massagestol-avslappningsstol-vilstol-8-vibrationspunkter-5-lagen-56-x-168-x-84-cm-gra\/"]}]},{"@type":"ImageObject","inLanguage":"sv-SE","@id":"https:\/\/truusk.store\/sv\/produkt\/truusk-massagestol-avslappningsstol-vilstol-8-vibrationspunkter-5-lagen-56-x-168-x-84-cm-gra\/#primaryimage","url":"https:\/\/i0.wp.com\/truusk.store\/wp-content\/uploads\/2024\/03\/massagestol-avslappningsstol-vilstol-8-vibrationspunkter-5-lagen-8-vibrationspunkter-56-x-168-x-84-cm-gra.webp?fit=800%2C800&ssl=1","contentUrl":"https:\/\/i0.wp.com\/truusk.store\/wp-content\/uploads\/2024\/03\/massagestol-avslappningsstol-vilstol-8-vibrationspunkter-5-lagen-8-vibrationspunkter-56-x-168-x-84-cm-gra.webp?fit=800%2C800&ssl=1","width":800,"height":800,"caption":"Massagestol, Avslappningsstol, Vilstol, 8 Vibrationspunkter, 5 L\u00e4gen, 8 Vibrationspunkter, 56 X 168 X 84 Cm, Gr\u00e5 1"},{"@type":"BreadcrumbList","@id":"https:\/\/truusk.store\/sv\/produkt\/truusk-massagestol-avslappningsstol-vilstol-8-vibrationspunkter-5-lagen-56-x-168-x-84-cm-gra\/#breadcrumb","itemListElement":[{"@type":"ListItem","position":1,"name":"Home","item":"https:\/\/truusk.store\/sv\/"},{"@type":"ListItem","position":2,"name":"Shop","item":"https:\/\/truusk.store\/shop\/"},{"@type":"ListItem","position":3,"name":"TRUUSK Massagestol &#8211; Avslappningsstol &#8211; Vilstol &#8211; 8 Vibrationspunkter &#8211; 5 L\u00e4gen &#8211; 56 x 168 x 84 cm &#8211; Gr\u00e5"}]},{"@type":"WebSite","@id":"https:\/\/truusk.store\/sv\/#website","url":"https:\/\/truusk.store\/sv\/","name":"TRUUSK - Hem, Tr\u00e4dg\u00e5rd & Fritid","description":"","publisher":{"@id":"https:\/\/truusk.store\/sv\/#organization"},"potentialAction":[{"@type":"SearchAction","target":{"@type":"EntryPoint","urlTemplate":"https:\/\/truusk.store\/sv\/?s={search_term_string}"},"query-input":{"@type":"PropertyValueSpecification","valueRequired":true,"valueName":"search_term_string"}}],"inLanguage":"sv-SE"},{"@type":"Organization","@id":"https:\/\/truusk.store\/sv\/#organization","name":"TRUUSK - Hem, Tr\u00e4dg\u00e5rd & Fritid","url":"https:\/\/truusk.store\/sv\/","logo":{"@type":"ImageObject","inLanguage":"sv-SE","@id":"https:\/\/truusk.store\/sv\/#\/schema\/logo\/image\/","url":"https:\/\/i0.wp.com\/truusk.store\/wp-content\/uploads\/2026\/03\/cropped-TRUUSK.png?fit=2032%2C917&ssl=1","contentUrl":"https:\/\/i0.wp.com\/truusk.store\/wp-content\/uploads\/2026\/03\/cropped-TRUUSK.png?fit=2032%2C917&ssl=1","width":2032,"height":917,"caption":"TRUUSK - Hem, Tr\u00e4dg\u00e5rd & Fritid"},"image":{"@id":"https:\/\/truusk.store\/sv\/#\/schema\/logo\/image\/"}}]}},"jetpack_sharing_enabled":true,"_links":{"self":[{"href":"https:\/\/truusk.store\/sv\/wp-json\/wp\/v2\/product\/51869","targetHints":{"allow":["GET"]}}],"collection":[{"href":"https:\/\/truusk.store\/sv\/wp-json\/wp\/v2\/product"}],"about":[{"href":"https:\/\/truusk.store\/sv\/wp-json\/wp\/v2\/types\/product"}],"wp:featuredmedia":[{"embeddable":true,"href":"https:\/\/truusk.store\/sv\/wp-json\/wp\/v2\/media\/51870"}],"wp:attachment":[{"href":"https:\/\/truusk.store\/sv\/wp-json\/wp\/v2\/media?parent=51869"}],"wp:term":[{"taxonomy":"product_brand","embeddable":true,"href":"https:\/\/truusk.store\/sv\/wp-json\/wp\/v2\/product_brand?post=51869"},{"taxonomy":"product_cat","embeddable":true,"href":"https:\/\/truusk.store\/sv\/wp-json\/wp\/v2\/product_cat?post=51869"},{"taxonomy":"product_tag","embeddable":true,"href":"https:\/\/truusk.store\/sv\/wp-json\/wp\/v2\/product_tag?post=51869"}],"curies":[{"name":"wp","href":"https:\/\/api.w.org\/{rel}","templated":true}]}}