{"id":51887,"date":"2024-03-08T09:00:09","date_gmt":"2024-03-08T08:00:09","guid":{"rendered":"https:\/\/truusk.store\/product\/dorrskydd-trappgrind-bom-hundgrind-100-cm-x-4-cm-x-76-cm-vit\/"},"modified":"2026-03-12T09:39:30","modified_gmt":"2026-03-12T08:39:30","slug":"truusk-dorrskydd-trappgrind-och-hundgrind-100x4x76-cm-vit","status":"publish","type":"product","link":"https:\/\/truusk.store\/sv\/produkt\/truusk-dorrskydd-trappgrind-och-hundgrind-100x4x76-cm-vit\/","title":{"rendered":"TRUUSK D\u00f6rrskydd, Trappgrind och Hundgrind &#8211; 100x4x76 cm &#8211; Vit"},"content":{"rendered":"<p>Med denna trappgrind \u00e4r dina lurviga v\u00e4nner s\u00e4kra och ditt hem skyddat! Denna m\u00e5ngsidiga trappgrind passar enkelt in i \u00f6ppningar fr\u00e5n 74 till 100 cm och st\u00e4ngs automatiskt s\u00e5 att du inte beh\u00f6ver oroa dig. Den smarta designen \u00f6ppnas i b\u00e5da riktningarna och har ett anv\u00e4ndarv\u00e4nligt dubbell\u00e5sningssystem, vilket g\u00f6r det enkelt f\u00f6r m\u00e4nniskor att \u00f6ppna grinden samtidigt som de h\u00e5ller valparna s\u00e4kra i sin bur!<\/p>\n<h3>Beskrivning:<\/h3>\n<ul>\n<li>Tv\u00e5 f\u00f6rl\u00e4ngningar (7 cm, 14 cm). Anpassar sig till \u00f6ppningar fr\u00e5n 74 till 100 cm, m\u00e5ngsidig f\u00f6r \u00f6ppningar, hallar och trappor<\/li>\n<li>D\u00f6rren st\u00e4ngs automatiskt under 90, f\u00f6rblir \u00f6ppen under 30<\/li>\n<li>Sv\u00e4nger i b\u00e5da riktningarna eller sv\u00e4nger i en specifik riktning, sv\u00e4ngriktningen \u00e4r anv\u00e4ndardefinierad<\/li>\n<li>Dubbell\u00e5sning med bara en hand, bekv\u00e4mt f\u00f6r upptagna f\u00f6r\u00e4ldrar<\/li>\n<li>Robust st\u00e5lram f\u00f6r exceptionell stabilitet<\/li>\n<li>Skr\u00e4ddarsydd f\u00f6r sm\u00e5 till medelstora hundar, l\u00e4mplig f\u00f6r 25-50 cm axelh\u00f6jd<\/li>\n<li>L\u00e4tt att montera<\/li>\n<\/ul>\n<h3>Teknisk data:<\/h3>\n<ul>\n<li>F\u00e4rg vit<\/li>\n<li>Material: st\u00e5l, PA<\/li>\n<li>Totalm\u00e5tt (med st\u00e4llskruvar): 74-100W x 76H cm<\/li>\n<li>F\u00f6rl\u00e4ngningsset: 7 cm, 14 cm<\/li>\n<li>\u00d6ppningens bredd: 45 cm<\/li>\n<li>R\u00f6ravst\u00e5nd: 5,5 cm<\/li>\n<li>Obs: Det \u00e4r normalt att det finns ett stort mellanrum p\u00e5 d\u00f6rrl\u00e5set f\u00f6re installation. Dra helt enkelt \u00e5t b\u00e5da sidor tills gapet \u00e4r 2-3 mm<\/li>\n<\/ul>\n<h3>Leveransens omfattning:<\/h3>\n<ul>\n<li>1 x S\u00e4kerhetsport<\/li>\n<li>4 x justeringsskruv<\/li>\n<li>4 x rund dubbelh\u00e4ftande tejp<\/li>\n<li>4 x skruv<\/li>\n<li>1 x manuell<\/li>\n<\/ul>\n","protected":false},"excerpt":{"rendered":"<p>Med denna trappgrind \u00e4r dina lurviga v\u00e4nner s\u00e4kra och ditt hem skyddat! Denna m\u00e5ngsidiga trappgrind passar enkelt in i \u00f6ppningar&#8230;<\/p>\n","protected":false},"featured_media":51888,"template":"","meta":[],"product_brand":[],"product_cat":[577,574,573],"product_tag":[],"class_list":{"0":"post-51887","1":"product","2":"type-product","3":"status-publish","4":"has-post-thumbnail","6":"product_cat-hundgrindar-avdelare","7":"product_cat-hundtillbehor","8":"product_cat-husdjursmaterial","10":"first","11":"instock","12":"sale","13":"taxable","14":"shipping-taxable","15":"purchasable","16":"product-type-simple"},"yoast_head":"<!-- This site is optimized with the Yoast SEO plugin v25.4 - https:\/\/yoast.com\/wordpress\/plugins\/seo\/ -->\n<title>TRUUSK D\u00f6rrskydd, Trappgrind och Hundgrind - 100x4x76 cm - Vit - TRUUSK - Hem, Tr\u00e4dg\u00e5rd &amp; Fritid<\/title>\n<meta name=\"robots\" content=\"index, follow, max-snippet:-1, max-image-preview:large, max-video-preview:-1\" \/>\n<link rel=\"canonical\" href=\"https:\/\/truusk.store\/sv\/produkt\/truusk-dorrskydd-trappgrind-och-hundgrind-100x4x76-cm-vit\/\" \/>\n<meta property=\"og:locale\" content=\"sv_SE\" \/>\n<meta property=\"og:type\" content=\"article\" \/>\n<meta property=\"og:title\" content=\"TRUUSK D\u00f6rrskydd, Trappgrind och Hundgrind - 100x4x76 cm - Vit - TRUUSK - Hem, Tr\u00e4dg\u00e5rd &amp; Fritid\" \/>\n<meta property=\"og:description\" content=\"Med denna trappgrind \u00e4r dina lurviga v\u00e4nner s\u00e4kra och ditt hem skyddat! Denna m\u00e5ngsidiga trappgrind passar enkelt in i \u00f6ppningar...\" \/>\n<meta property=\"og:url\" content=\"https:\/\/truusk.store\/sv\/produkt\/truusk-dorrskydd-trappgrind-och-hundgrind-100x4x76-cm-vit\/\" \/>\n<meta property=\"og:site_name\" content=\"TRUUSK - Hem, Tr\u00e4dg\u00e5rd &amp; Fritid\" \/>\n<meta property=\"article:modified_time\" content=\"2026-03-12T08:39:30+00:00\" \/>\n<meta property=\"og:image\" content=\"https:\/\/i0.wp.com\/truusk.se\/wp-content\/uploads\/2024\/03\/dorrskydd-trappgrind-bom-hundgrind-100-cm-x-4-cm-x-76-cm-vit.webp?fit=800%2C800&ssl=1\" \/>\n\t<meta property=\"og:image:width\" content=\"800\" \/>\n\t<meta property=\"og:image:height\" content=\"800\" \/>\n\t<meta property=\"og:image:type\" content=\"image\/webp\" \/>\n<meta name=\"twitter:card\" content=\"summary_large_image\" \/>\n<meta name=\"twitter:label1\" content=\"Ber\u00e4knad l\u00e4stid\" \/>\n\t<meta name=\"twitter:data1\" content=\"1 minut\" \/>\n<!-- \/ Yoast SEO plugin. -->","yoast_head_json":{"title":"TRUUSK D\u00f6rrskydd, Trappgrind och Hundgrind - 100x4x76 cm - Vit - TRUUSK - Hem, Tr\u00e4dg\u00e5rd &amp; Fritid","robots":{"index":"index","follow":"follow","max-snippet":"max-snippet:-1","max-image-preview":"max-image-preview:large","max-video-preview":"max-video-preview:-1"},"canonical":"https:\/\/truusk.store\/sv\/produkt\/truusk-dorrskydd-trappgrind-och-hundgrind-100x4x76-cm-vit\/","og_locale":"sv_SE","og_type":"article","og_title":"TRUUSK D\u00f6rrskydd, Trappgrind och Hundgrind - 100x4x76 cm - Vit - TRUUSK - Hem, Tr\u00e4dg\u00e5rd &amp; Fritid","og_description":"Med denna trappgrind \u00e4r dina lurviga v\u00e4nner s\u00e4kra och ditt hem skyddat! Denna m\u00e5ngsidiga trappgrind passar enkelt in i \u00f6ppningar...","og_url":"https:\/\/truusk.store\/sv\/produkt\/truusk-dorrskydd-trappgrind-och-hundgrind-100x4x76-cm-vit\/","og_site_name":"TRUUSK - Hem, Tr\u00e4dg\u00e5rd &amp; Fritid","article_modified_time":"2026-03-12T08:39:30+00:00","og_image":[{"width":800,"height":800,"url":"https:\/\/i0.wp.com\/truusk.se\/wp-content\/uploads\/2024\/03\/dorrskydd-trappgrind-bom-hundgrind-100-cm-x-4-cm-x-76-cm-vit.webp?fit=800%2C800&ssl=1","type":"image\/webp"}],"twitter_card":"summary_large_image","twitter_misc":{"Ber\u00e4knad l\u00e4stid":"1 minut"},"schema":{"@context":"https:\/\/schema.org","@graph":[{"@type":"WebPage","@id":"https:\/\/truusk.store\/sv\/produkt\/truusk-dorrskydd-trappgrind-och-hundgrind-100x4x76-cm-vit\/","url":"https:\/\/truusk.store\/sv\/produkt\/truusk-dorrskydd-trappgrind-och-hundgrind-100x4x76-cm-vit\/","name":"TRUUSK D\u00f6rrskydd, Trappgrind och Hundgrind - 100x4x76 cm - Vit - TRUUSK - Hem, Tr\u00e4dg\u00e5rd &amp; Fritid","isPartOf":{"@id":"https:\/\/truusk.store\/sv\/#website"},"primaryImageOfPage":{"@id":"https:\/\/truusk.store\/sv\/produkt\/truusk-dorrskydd-trappgrind-och-hundgrind-100x4x76-cm-vit\/#primaryimage"},"image":{"@id":"https:\/\/truusk.store\/sv\/produkt\/truusk-dorrskydd-trappgrind-och-hundgrind-100x4x76-cm-vit\/#primaryimage"},"thumbnailUrl":"https:\/\/i0.wp.com\/truusk.store\/wp-content\/uploads\/2024\/03\/dorrskydd-trappgrind-bom-hundgrind-100-cm-x-4-cm-x-76-cm-vit.webp?fit=800%2C800&ssl=1","datePublished":"2024-03-08T08:00:09+00:00","dateModified":"2026-03-12T08:39:30+00:00","breadcrumb":{"@id":"https:\/\/truusk.store\/sv\/produkt\/truusk-dorrskydd-trappgrind-och-hundgrind-100x4x76-cm-vit\/#breadcrumb"},"inLanguage":"sv-SE","potentialAction":[{"@type":"ReadAction","target":["https:\/\/truusk.store\/sv\/produkt\/truusk-dorrskydd-trappgrind-och-hundgrind-100x4x76-cm-vit\/"]}]},{"@type":"ImageObject","inLanguage":"sv-SE","@id":"https:\/\/truusk.store\/sv\/produkt\/truusk-dorrskydd-trappgrind-och-hundgrind-100x4x76-cm-vit\/#primaryimage","url":"https:\/\/i0.wp.com\/truusk.store\/wp-content\/uploads\/2024\/03\/dorrskydd-trappgrind-bom-hundgrind-100-cm-x-4-cm-x-76-cm-vit.webp?fit=800%2C800&ssl=1","contentUrl":"https:\/\/i0.wp.com\/truusk.store\/wp-content\/uploads\/2024\/03\/dorrskydd-trappgrind-bom-hundgrind-100-cm-x-4-cm-x-76-cm-vit.webp?fit=800%2C800&ssl=1","width":800,"height":800,"caption":"D\u00f6rrskydd, Trappgrind, Bom, Hundgrind, 100 Cm X 4 Cm X 76 Cm, Vit 1"},{"@type":"BreadcrumbList","@id":"https:\/\/truusk.store\/sv\/produkt\/truusk-dorrskydd-trappgrind-och-hundgrind-100x4x76-cm-vit\/#breadcrumb","itemListElement":[{"@type":"ListItem","position":1,"name":"Home","item":"https:\/\/truusk.store\/sv\/"},{"@type":"ListItem","position":2,"name":"Shop","item":"https:\/\/truusk.store\/shop\/"},{"@type":"ListItem","position":3,"name":"TRUUSK D\u00f6rrskydd, Trappgrind och Hundgrind &#8211; 100x4x76 cm &#8211; Vit"}]},{"@type":"WebSite","@id":"https:\/\/truusk.store\/sv\/#website","url":"https:\/\/truusk.store\/sv\/","name":"TRUUSK - Hem, Tr\u00e4dg\u00e5rd & Fritid","description":"","publisher":{"@id":"https:\/\/truusk.store\/sv\/#organization"},"potentialAction":[{"@type":"SearchAction","target":{"@type":"EntryPoint","urlTemplate":"https:\/\/truusk.store\/sv\/?s={search_term_string}"},"query-input":{"@type":"PropertyValueSpecification","valueRequired":true,"valueName":"search_term_string"}}],"inLanguage":"sv-SE"},{"@type":"Organization","@id":"https:\/\/truusk.store\/sv\/#organization","name":"TRUUSK - Hem, Tr\u00e4dg\u00e5rd & Fritid","url":"https:\/\/truusk.store\/sv\/","logo":{"@type":"ImageObject","inLanguage":"sv-SE","@id":"https:\/\/truusk.store\/sv\/#\/schema\/logo\/image\/","url":"https:\/\/i0.wp.com\/truusk.store\/wp-content\/uploads\/2026\/03\/cropped-TRUUSK.png?fit=2032%2C917&ssl=1","contentUrl":"https:\/\/i0.wp.com\/truusk.store\/wp-content\/uploads\/2026\/03\/cropped-TRUUSK.png?fit=2032%2C917&ssl=1","width":2032,"height":917,"caption":"TRUUSK - Hem, Tr\u00e4dg\u00e5rd & Fritid"},"image":{"@id":"https:\/\/truusk.store\/sv\/#\/schema\/logo\/image\/"}}]}},"jetpack_sharing_enabled":true,"_links":{"self":[{"href":"https:\/\/truusk.store\/sv\/wp-json\/wp\/v2\/product\/51887","targetHints":{"allow":["GET"]}}],"collection":[{"href":"https:\/\/truusk.store\/sv\/wp-json\/wp\/v2\/product"}],"about":[{"href":"https:\/\/truusk.store\/sv\/wp-json\/wp\/v2\/types\/product"}],"wp:featuredmedia":[{"embeddable":true,"href":"https:\/\/truusk.store\/sv\/wp-json\/wp\/v2\/media\/51888"}],"wp:attachment":[{"href":"https:\/\/truusk.store\/sv\/wp-json\/wp\/v2\/media?parent=51887"}],"wp:term":[{"taxonomy":"product_brand","embeddable":true,"href":"https:\/\/truusk.store\/sv\/wp-json\/wp\/v2\/product_brand?post=51887"},{"taxonomy":"product_cat","embeddable":true,"href":"https:\/\/truusk.store\/sv\/wp-json\/wp\/v2\/product_cat?post=51887"},{"taxonomy":"product_tag","embeddable":true,"href":"https:\/\/truusk.store\/sv\/wp-json\/wp\/v2\/product_tag?post=51887"}],"curies":[{"name":"wp","href":"https:\/\/api.w.org\/{rel}","templated":true}]}}