{"id":51912,"date":"2024-03-08T09:30:07","date_gmt":"2024-03-08T08:30:07","guid":{"rendered":"https:\/\/truusk.store\/product\/hangstolsoverdrag-vattentat-dammtat-polyester-128-x-190cm-svart\/"},"modified":"2026-03-12T09:39:20","modified_gmt":"2026-03-12T08:39:20","slug":"truusk-hangstolsoverdrag-vattentat-och-dammtat-polyester-128-x-190-cm-svart","status":"publish","type":"product","link":"https:\/\/truusk.store\/sv\/produkt\/truusk-hangstolsoverdrag-vattentat-och-dammtat-polyester-128-x-190-cm-svart\/","title":{"rendered":"TRUUSK H\u00e4ngstols\u00f6verdrag &#8211; Vattent\u00e4t och Dammt\u00e4t &#8211; Polyester &#8211; 128 x 190 cm &#8211; Svart"},"content":{"rendered":"<p>Skydda din \u00e4lskade h\u00e4ngmatta fr\u00e5n v\u00e4der och vind med detta skyddande fodral. Tillverkad av slitstark Oxford-polyester, ger den p\u00e5litligt skydd mot sol, regn, vind och f\u00e5gelspillning. Tack vare dragkedjan och l\u00e5g vikt g\u00e5r det enkelt att f\u00e4sta och ta bort. Den praktiska draglinan s\u00e4kerst\u00e4ller ett stadigt grepp, \u00e4ven i bl\u00e5siga f\u00f6rh\u00e5llanden. Tack vare detta \u00f6verdrag kommer din h\u00e4ngstol se ut som ny i m\u00e5nga \u00e5r fram\u00f6ver!<\/p>\n<h3>Beskrivning:<\/h3>\n<ul>\n<li>Skydds\u00f6verdrag f\u00f6r h\u00e4ngande stolar av 420D Oxford polyester, perfekt f\u00f6r utomhusbruk<\/li>\n<li>Med PU-bel\u00e4ggning f\u00f6r att skydda mot vatten och damm f\u00f6r l\u00e4ngre livsl\u00e4ngd<\/li>\n<li>Skyddar din h\u00e4ngmatta fr\u00e5n sol, regn, vind och f\u00e5gelspillning<\/li>\n<li>L\u00e4tt att ta av och p\u00e5 tack vare den sl\u00e4ta dragkedjan<\/li>\n<li>Vikbar design m\u00f6jligg\u00f6r enkel f\u00f6rvaring<\/li>\n<li>L\u00e4tt att reng\u00f6ra med en fuktig trasa<\/li>\n<li>Ingen montering kr\u00e4vs<\/li>\n<\/ul>\n<h3>Teknisk data:<\/h3>\n<ul>\n<li>Svart f\u00e4rg<\/li>\n<li>Material: Oxford polyester<\/li>\n<li>\u00d6vergripande m\u00e5tt: 128 x 190H cm<\/li>\n<li>L\u00e4mpliga h\u00e4ngstolsm\u00e5tt: 126L x 97W x 172H cm<\/li>\n<\/ul>\n<h3>Leveransens omfattning:<\/h3>\n<ul>\n<li>1 x H\u00e4ngstols\u00f6verdrag<\/li>\n<li>1 x manuell<\/li>\n<\/ul>\n","protected":false},"excerpt":{"rendered":"<p>Skydda din \u00e4lskade h\u00e4ngmatta fr\u00e5n v\u00e4der och vind med detta skyddande fodral. Tillverkad av slitstark Oxford-polyester, ger den p\u00e5litligt skydd&#8230;<\/p>\n","protected":false},"featured_media":51913,"template":"","meta":[],"product_brand":[],"product_cat":[460,435,450],"product_tag":[],"class_list":{"0":"post-51912","1":"product","2":"type-product","3":"status-publish","4":"has-post-thumbnail","6":"product_cat-hangmattor-hangstolar","7":"product_cat-tradgard-och-terrass","8":"product_cat-tradgardsmobler","10":"first","11":"instock","12":"sale","13":"taxable","14":"shipping-taxable","15":"purchasable","16":"product-type-simple"},"yoast_head":"<!-- This site is optimized with the Yoast SEO plugin v25.4 - https:\/\/yoast.com\/wordpress\/plugins\/seo\/ -->\n<title>TRUUSK H\u00e4ngstols\u00f6verdrag - Vattent\u00e4t och Dammt\u00e4t - Polyester - 128 x 190 cm - Svart - TRUUSK - Hem, Tr\u00e4dg\u00e5rd &amp; Fritid<\/title>\n<meta name=\"robots\" content=\"index, follow, max-snippet:-1, max-image-preview:large, max-video-preview:-1\" \/>\n<link rel=\"canonical\" href=\"https:\/\/truusk.store\/sv\/produkt\/truusk-hangstolsoverdrag-vattentat-och-dammtat-polyester-128-x-190-cm-svart\/\" \/>\n<meta property=\"og:locale\" content=\"sv_SE\" \/>\n<meta property=\"og:type\" content=\"article\" \/>\n<meta property=\"og:title\" content=\"TRUUSK H\u00e4ngstols\u00f6verdrag - Vattent\u00e4t och Dammt\u00e4t - Polyester - 128 x 190 cm - Svart - TRUUSK - Hem, Tr\u00e4dg\u00e5rd &amp; Fritid\" \/>\n<meta property=\"og:description\" content=\"Skydda din \u00e4lskade h\u00e4ngmatta fr\u00e5n v\u00e4der och vind med detta skyddande fodral. Tillverkad av slitstark Oxford-polyester, ger den p\u00e5litligt skydd...\" \/>\n<meta property=\"og:url\" content=\"https:\/\/truusk.store\/sv\/produkt\/truusk-hangstolsoverdrag-vattentat-och-dammtat-polyester-128-x-190-cm-svart\/\" \/>\n<meta property=\"og:site_name\" content=\"TRUUSK - Hem, Tr\u00e4dg\u00e5rd &amp; Fritid\" \/>\n<meta property=\"article:modified_time\" content=\"2026-03-12T08:39:20+00:00\" \/>\n<meta property=\"og:image\" content=\"https:\/\/i0.wp.com\/truusk.se\/wp-content\/uploads\/2024\/03\/hangstolsoverdrag-vattentat-dammtat-polyester-128-x-190cm-svart.webp?fit=800%2C800&ssl=1\" \/>\n\t<meta property=\"og:image:width\" content=\"800\" \/>\n\t<meta property=\"og:image:height\" content=\"800\" \/>\n\t<meta property=\"og:image:type\" content=\"image\/webp\" \/>\n<meta name=\"twitter:card\" content=\"summary_large_image\" \/>\n<meta name=\"twitter:label1\" content=\"Ber\u00e4knad l\u00e4stid\" \/>\n\t<meta name=\"twitter:data1\" content=\"1 minut\" \/>\n<!-- \/ Yoast SEO plugin. -->","yoast_head_json":{"title":"TRUUSK H\u00e4ngstols\u00f6verdrag - Vattent\u00e4t och Dammt\u00e4t - Polyester - 128 x 190 cm - Svart - TRUUSK - Hem, Tr\u00e4dg\u00e5rd &amp; Fritid","robots":{"index":"index","follow":"follow","max-snippet":"max-snippet:-1","max-image-preview":"max-image-preview:large","max-video-preview":"max-video-preview:-1"},"canonical":"https:\/\/truusk.store\/sv\/produkt\/truusk-hangstolsoverdrag-vattentat-och-dammtat-polyester-128-x-190-cm-svart\/","og_locale":"sv_SE","og_type":"article","og_title":"TRUUSK H\u00e4ngstols\u00f6verdrag - Vattent\u00e4t och Dammt\u00e4t - Polyester - 128 x 190 cm - Svart - TRUUSK - Hem, Tr\u00e4dg\u00e5rd &amp; Fritid","og_description":"Skydda din \u00e4lskade h\u00e4ngmatta fr\u00e5n v\u00e4der och vind med detta skyddande fodral. Tillverkad av slitstark Oxford-polyester, ger den p\u00e5litligt skydd...","og_url":"https:\/\/truusk.store\/sv\/produkt\/truusk-hangstolsoverdrag-vattentat-och-dammtat-polyester-128-x-190-cm-svart\/","og_site_name":"TRUUSK - Hem, Tr\u00e4dg\u00e5rd &amp; Fritid","article_modified_time":"2026-03-12T08:39:20+00:00","og_image":[{"width":800,"height":800,"url":"https:\/\/i0.wp.com\/truusk.se\/wp-content\/uploads\/2024\/03\/hangstolsoverdrag-vattentat-dammtat-polyester-128-x-190cm-svart.webp?fit=800%2C800&ssl=1","type":"image\/webp"}],"twitter_card":"summary_large_image","twitter_misc":{"Ber\u00e4knad l\u00e4stid":"1 minut"},"schema":{"@context":"https:\/\/schema.org","@graph":[{"@type":"WebPage","@id":"https:\/\/truusk.store\/sv\/produkt\/truusk-hangstolsoverdrag-vattentat-och-dammtat-polyester-128-x-190-cm-svart\/","url":"https:\/\/truusk.store\/sv\/produkt\/truusk-hangstolsoverdrag-vattentat-och-dammtat-polyester-128-x-190-cm-svart\/","name":"TRUUSK H\u00e4ngstols\u00f6verdrag - Vattent\u00e4t och Dammt\u00e4t - Polyester - 128 x 190 cm - Svart - TRUUSK - Hem, Tr\u00e4dg\u00e5rd &amp; Fritid","isPartOf":{"@id":"https:\/\/truusk.store\/sv\/#website"},"primaryImageOfPage":{"@id":"https:\/\/truusk.store\/sv\/produkt\/truusk-hangstolsoverdrag-vattentat-och-dammtat-polyester-128-x-190-cm-svart\/#primaryimage"},"image":{"@id":"https:\/\/truusk.store\/sv\/produkt\/truusk-hangstolsoverdrag-vattentat-och-dammtat-polyester-128-x-190-cm-svart\/#primaryimage"},"thumbnailUrl":"https:\/\/i0.wp.com\/truusk.store\/wp-content\/uploads\/2024\/03\/hangstolsoverdrag-vattentat-dammtat-polyester-128-x-190cm-svart.webp?fit=800%2C800&ssl=1","datePublished":"2024-03-08T08:30:07+00:00","dateModified":"2026-03-12T08:39:20+00:00","breadcrumb":{"@id":"https:\/\/truusk.store\/sv\/produkt\/truusk-hangstolsoverdrag-vattentat-och-dammtat-polyester-128-x-190-cm-svart\/#breadcrumb"},"inLanguage":"sv-SE","potentialAction":[{"@type":"ReadAction","target":["https:\/\/truusk.store\/sv\/produkt\/truusk-hangstolsoverdrag-vattentat-och-dammtat-polyester-128-x-190-cm-svart\/"]}]},{"@type":"ImageObject","inLanguage":"sv-SE","@id":"https:\/\/truusk.store\/sv\/produkt\/truusk-hangstolsoverdrag-vattentat-och-dammtat-polyester-128-x-190-cm-svart\/#primaryimage","url":"https:\/\/i0.wp.com\/truusk.store\/wp-content\/uploads\/2024\/03\/hangstolsoverdrag-vattentat-dammtat-polyester-128-x-190cm-svart.webp?fit=800%2C800&ssl=1","contentUrl":"https:\/\/i0.wp.com\/truusk.store\/wp-content\/uploads\/2024\/03\/hangstolsoverdrag-vattentat-dammtat-polyester-128-x-190cm-svart.webp?fit=800%2C800&ssl=1","width":800,"height":800,"caption":"H\u00e4ngstols\u00f6verdrag Vattent\u00e4t Dammt\u00e4t Polyester 128 X 190cm Svart 1"},{"@type":"BreadcrumbList","@id":"https:\/\/truusk.store\/sv\/produkt\/truusk-hangstolsoverdrag-vattentat-och-dammtat-polyester-128-x-190-cm-svart\/#breadcrumb","itemListElement":[{"@type":"ListItem","position":1,"name":"Home","item":"https:\/\/truusk.store\/sv\/"},{"@type":"ListItem","position":2,"name":"Shop","item":"https:\/\/truusk.store\/shop\/"},{"@type":"ListItem","position":3,"name":"TRUUSK H\u00e4ngstols\u00f6verdrag &#8211; Vattent\u00e4t och Dammt\u00e4t &#8211; Polyester &#8211; 128 x 190 cm &#8211; Svart"}]},{"@type":"WebSite","@id":"https:\/\/truusk.store\/sv\/#website","url":"https:\/\/truusk.store\/sv\/","name":"TRUUSK - Hem, Tr\u00e4dg\u00e5rd & Fritid","description":"","publisher":{"@id":"https:\/\/truusk.store\/sv\/#organization"},"potentialAction":[{"@type":"SearchAction","target":{"@type":"EntryPoint","urlTemplate":"https:\/\/truusk.store\/sv\/?s={search_term_string}"},"query-input":{"@type":"PropertyValueSpecification","valueRequired":true,"valueName":"search_term_string"}}],"inLanguage":"sv-SE"},{"@type":"Organization","@id":"https:\/\/truusk.store\/sv\/#organization","name":"TRUUSK - Hem, Tr\u00e4dg\u00e5rd & Fritid","url":"https:\/\/truusk.store\/sv\/","logo":{"@type":"ImageObject","inLanguage":"sv-SE","@id":"https:\/\/truusk.store\/sv\/#\/schema\/logo\/image\/","url":"https:\/\/i0.wp.com\/truusk.store\/wp-content\/uploads\/2026\/03\/cropped-TRUUSK.png?fit=2032%2C917&ssl=1","contentUrl":"https:\/\/i0.wp.com\/truusk.store\/wp-content\/uploads\/2026\/03\/cropped-TRUUSK.png?fit=2032%2C917&ssl=1","width":2032,"height":917,"caption":"TRUUSK - Hem, Tr\u00e4dg\u00e5rd & Fritid"},"image":{"@id":"https:\/\/truusk.store\/sv\/#\/schema\/logo\/image\/"}}]}},"jetpack_sharing_enabled":true,"_links":{"self":[{"href":"https:\/\/truusk.store\/sv\/wp-json\/wp\/v2\/product\/51912","targetHints":{"allow":["GET"]}}],"collection":[{"href":"https:\/\/truusk.store\/sv\/wp-json\/wp\/v2\/product"}],"about":[{"href":"https:\/\/truusk.store\/sv\/wp-json\/wp\/v2\/types\/product"}],"wp:featuredmedia":[{"embeddable":true,"href":"https:\/\/truusk.store\/sv\/wp-json\/wp\/v2\/media\/51913"}],"wp:attachment":[{"href":"https:\/\/truusk.store\/sv\/wp-json\/wp\/v2\/media?parent=51912"}],"wp:term":[{"taxonomy":"product_brand","embeddable":true,"href":"https:\/\/truusk.store\/sv\/wp-json\/wp\/v2\/product_brand?post=51912"},{"taxonomy":"product_cat","embeddable":true,"href":"https:\/\/truusk.store\/sv\/wp-json\/wp\/v2\/product_cat?post=51912"},{"taxonomy":"product_tag","embeddable":true,"href":"https:\/\/truusk.store\/sv\/wp-json\/wp\/v2\/product_tag?post=51912"}],"curies":[{"name":"wp","href":"https:\/\/api.w.org\/{rel}","templated":true}]}}