{"id":51944,"date":"2024-03-08T10:00:10","date_gmt":"2024-03-08T09:00:10","guid":{"rendered":"https:\/\/truusk.store\/product\/fribarande-parasoll-tradgardsparaply-inklusive-korsfot-vaderbestandig-292-cm-x-292-cm-x-247-cm-gra\/"},"modified":"2026-03-12T09:24:09","modified_gmt":"2026-03-12T08:24:09","slug":"truusk-parasoll-tradgardsparaply-vaderbestandig-inklusive-korsfot-292x292x247-cm-gra","status":"publish","type":"product","link":"https:\/\/truusk.store\/sv\/produkt\/truusk-parasoll-tradgardsparaply-vaderbestandig-inklusive-korsfot-292x292x247-cm-gra\/","title":{"rendered":"TRUUSK Parasoll Tr\u00e4dg\u00e5rdsparaply &#8211; V\u00e4derbest\u00e4ndig &#8211; Inklusive Korsfot &#8211; 292x292x247 cm &#8211; Gr\u00e5"},"content":{"rendered":"<p>V\u00e5rt stora, h\u00f6gkvalitativa parasoll \u00e4r den perfekta skuggan f\u00f6r soliga dagar. Den kan anv\u00e4ndas p\u00e5 m\u00e5nga s\u00e4tt p\u00e5 altanen, balkongen eller p\u00e5 fest. Parasollets mast \u00e4r gjord av aluminium och de \u00e5tta str\u00e4vorna \u00e4r gjorda av robust st\u00e5l. Sj\u00e4lva paraplyet \u00e4r tillverkat av vattenavvisande polyester och skyddar mot skadlig UV-str\u00e5lning, samtidigt som parasollets lutningsvinkel kan justeras flexibelt. S\u00e5 h\u00e4r kan sommaren komma!<\/p>\n<h3>Beskrivning:<\/h3>\n<ul>\n<li>Staket kan f\u00f6rl\u00e4ngas f\u00f6rsiktigt med hj\u00e4lp av handveven<\/li>\n<li>Den eleganta designen sp\u00e4nner \u00f6ver alla omr\u00e5den och erbjuder alltid skydd<\/li>\n<li>Lutningen p\u00e5 paraplyet kan enkelt justeras med hj\u00e4lp av veven<\/li>\n<li>180 g\/m2 polyester skyddar mot sol och ljust vatten<\/li>\n<li>Sex ribbor f\u00f6rbinder masten och kapellet och s\u00e4kerst\u00e4ller stabilitet<\/li>\n<li>Korsbas, vikter och paraplyskydd ing\u00e5r<\/li>\n<\/ul>\n<h3>Teknisk data:<\/h3>\n<ul>\n<li>F\u00e4rg gr\u00e5<\/li>\n<li>Material: metall, polyester<\/li>\n<li>Paraplydiameter: 2,92 m<\/li>\n<li>Paraplyh\u00f6jd: 2,47m<\/li>\n<li>Metallribba: 12 x 18 x 0,45 mm elliptisk kanal<\/li>\n<li>Stativstolpar i metall: 48 mm<\/li>\n<li>Tv\u00e4rbottenram: 90L x 90W x 4,5H cm<\/li>\n<li>OBS: Korsbas, vikter och paraplyskydd ing\u00e5r<\/li>\n<\/ul>\n<h3>Leveransens omfattning:<\/h3>\n<ul>\n<li>1 x frib\u00e4rande parasoll med korsfot<\/li>\n<li>1 x Parasollskydd<\/li>\n<li>4 x vikt<\/li>\n<\/ul>\n","protected":false},"excerpt":{"rendered":"<p>V\u00e5rt stora, h\u00f6gkvalitativa parasoll \u00e4r den perfekta skuggan f\u00f6r soliga dagar. Den kan anv\u00e4ndas p\u00e5 m\u00e5nga s\u00e4tt p\u00e5 altanen, balkongen&#8230;<\/p>\n","protected":false},"featured_media":51945,"template":"","meta":[],"product_brand":[],"product_cat":[472,471,435],"product_tag":[],"class_list":{"0":"post-51944","1":"product","2":"type-product","3":"status-publish","4":"has-post-thumbnail","6":"product_cat-parasoller","7":"product_cat-solskydd-integritetsskydd","8":"product_cat-tradgard-och-terrass","10":"first","11":"instock","12":"sale","13":"taxable","14":"shipping-taxable","15":"purchasable","16":"product-type-simple"},"yoast_head":"<!-- This site is optimized with the Yoast SEO plugin v25.4 - https:\/\/yoast.com\/wordpress\/plugins\/seo\/ -->\n<title>TRUUSK Parasoll Tr\u00e4dg\u00e5rdsparaply - V\u00e4derbest\u00e4ndig - Inklusive Korsfot - 292x292x247 cm - Gr\u00e5 - TRUUSK - Hem, Tr\u00e4dg\u00e5rd &amp; Fritid<\/title>\n<meta name=\"robots\" content=\"index, follow, max-snippet:-1, max-image-preview:large, max-video-preview:-1\" \/>\n<link rel=\"canonical\" href=\"https:\/\/truusk.store\/sv\/produkt\/truusk-parasoll-tradgardsparaply-vaderbestandig-inklusive-korsfot-292x292x247-cm-gra\/\" \/>\n<meta property=\"og:locale\" content=\"sv_SE\" \/>\n<meta property=\"og:type\" content=\"article\" \/>\n<meta property=\"og:title\" content=\"TRUUSK Parasoll Tr\u00e4dg\u00e5rdsparaply - V\u00e4derbest\u00e4ndig - Inklusive Korsfot - 292x292x247 cm - Gr\u00e5 - TRUUSK - Hem, Tr\u00e4dg\u00e5rd &amp; Fritid\" \/>\n<meta property=\"og:description\" content=\"V\u00e5rt stora, h\u00f6gkvalitativa parasoll \u00e4r den perfekta skuggan f\u00f6r soliga dagar. Den kan anv\u00e4ndas p\u00e5 m\u00e5nga s\u00e4tt p\u00e5 altanen, balkongen...\" \/>\n<meta property=\"og:url\" content=\"https:\/\/truusk.store\/sv\/produkt\/truusk-parasoll-tradgardsparaply-vaderbestandig-inklusive-korsfot-292x292x247-cm-gra\/\" \/>\n<meta property=\"og:site_name\" content=\"TRUUSK - Hem, Tr\u00e4dg\u00e5rd &amp; Fritid\" \/>\n<meta property=\"article:modified_time\" content=\"2026-03-12T08:24:09+00:00\" \/>\n<meta property=\"og:image\" content=\"https:\/\/i0.wp.com\/truusk.se\/wp-content\/uploads\/2024\/03\/fribarande-parasoll-tradgardsparaply-inklusive-korsfot-vaderbestandig-292-cm-x-292-cm-x-247-cm-gra.webp?fit=800%2C800&ssl=1\" \/>\n\t<meta property=\"og:image:width\" content=\"800\" \/>\n\t<meta property=\"og:image:height\" content=\"800\" \/>\n\t<meta property=\"og:image:type\" content=\"image\/webp\" \/>\n<meta name=\"twitter:card\" content=\"summary_large_image\" \/>\n<meta name=\"twitter:label1\" content=\"Ber\u00e4knad l\u00e4stid\" \/>\n\t<meta name=\"twitter:data1\" content=\"1 minut\" \/>\n<!-- \/ Yoast SEO plugin. -->","yoast_head_json":{"title":"TRUUSK Parasoll Tr\u00e4dg\u00e5rdsparaply - V\u00e4derbest\u00e4ndig - Inklusive Korsfot - 292x292x247 cm - Gr\u00e5 - TRUUSK - Hem, Tr\u00e4dg\u00e5rd &amp; Fritid","robots":{"index":"index","follow":"follow","max-snippet":"max-snippet:-1","max-image-preview":"max-image-preview:large","max-video-preview":"max-video-preview:-1"},"canonical":"https:\/\/truusk.store\/sv\/produkt\/truusk-parasoll-tradgardsparaply-vaderbestandig-inklusive-korsfot-292x292x247-cm-gra\/","og_locale":"sv_SE","og_type":"article","og_title":"TRUUSK Parasoll Tr\u00e4dg\u00e5rdsparaply - V\u00e4derbest\u00e4ndig - Inklusive Korsfot - 292x292x247 cm - Gr\u00e5 - TRUUSK - Hem, Tr\u00e4dg\u00e5rd &amp; Fritid","og_description":"V\u00e5rt stora, h\u00f6gkvalitativa parasoll \u00e4r den perfekta skuggan f\u00f6r soliga dagar. Den kan anv\u00e4ndas p\u00e5 m\u00e5nga s\u00e4tt p\u00e5 altanen, balkongen...","og_url":"https:\/\/truusk.store\/sv\/produkt\/truusk-parasoll-tradgardsparaply-vaderbestandig-inklusive-korsfot-292x292x247-cm-gra\/","og_site_name":"TRUUSK - Hem, Tr\u00e4dg\u00e5rd &amp; Fritid","article_modified_time":"2026-03-12T08:24:09+00:00","og_image":[{"width":800,"height":800,"url":"https:\/\/i0.wp.com\/truusk.se\/wp-content\/uploads\/2024\/03\/fribarande-parasoll-tradgardsparaply-inklusive-korsfot-vaderbestandig-292-cm-x-292-cm-x-247-cm-gra.webp?fit=800%2C800&ssl=1","type":"image\/webp"}],"twitter_card":"summary_large_image","twitter_misc":{"Ber\u00e4knad l\u00e4stid":"1 minut"},"schema":{"@context":"https:\/\/schema.org","@graph":[{"@type":"WebPage","@id":"https:\/\/truusk.store\/sv\/produkt\/truusk-parasoll-tradgardsparaply-vaderbestandig-inklusive-korsfot-292x292x247-cm-gra\/","url":"https:\/\/truusk.store\/sv\/produkt\/truusk-parasoll-tradgardsparaply-vaderbestandig-inklusive-korsfot-292x292x247-cm-gra\/","name":"TRUUSK Parasoll Tr\u00e4dg\u00e5rdsparaply - V\u00e4derbest\u00e4ndig - Inklusive Korsfot - 292x292x247 cm - Gr\u00e5 - TRUUSK - Hem, Tr\u00e4dg\u00e5rd &amp; Fritid","isPartOf":{"@id":"https:\/\/truusk.store\/sv\/#website"},"primaryImageOfPage":{"@id":"https:\/\/truusk.store\/sv\/produkt\/truusk-parasoll-tradgardsparaply-vaderbestandig-inklusive-korsfot-292x292x247-cm-gra\/#primaryimage"},"image":{"@id":"https:\/\/truusk.store\/sv\/produkt\/truusk-parasoll-tradgardsparaply-vaderbestandig-inklusive-korsfot-292x292x247-cm-gra\/#primaryimage"},"thumbnailUrl":"https:\/\/i0.wp.com\/truusk.store\/wp-content\/uploads\/2024\/03\/fribarande-parasoll-tradgardsparaply-inklusive-korsfot-vaderbestandig-292-cm-x-292-cm-x-247-cm-gra.webp?fit=800%2C800&ssl=1","datePublished":"2024-03-08T09:00:10+00:00","dateModified":"2026-03-12T08:24:09+00:00","breadcrumb":{"@id":"https:\/\/truusk.store\/sv\/produkt\/truusk-parasoll-tradgardsparaply-vaderbestandig-inklusive-korsfot-292x292x247-cm-gra\/#breadcrumb"},"inLanguage":"sv-SE","potentialAction":[{"@type":"ReadAction","target":["https:\/\/truusk.store\/sv\/produkt\/truusk-parasoll-tradgardsparaply-vaderbestandig-inklusive-korsfot-292x292x247-cm-gra\/"]}]},{"@type":"ImageObject","inLanguage":"sv-SE","@id":"https:\/\/truusk.store\/sv\/produkt\/truusk-parasoll-tradgardsparaply-vaderbestandig-inklusive-korsfot-292x292x247-cm-gra\/#primaryimage","url":"https:\/\/i0.wp.com\/truusk.store\/wp-content\/uploads\/2024\/03\/fribarande-parasoll-tradgardsparaply-inklusive-korsfot-vaderbestandig-292-cm-x-292-cm-x-247-cm-gra.webp?fit=800%2C800&ssl=1","contentUrl":"https:\/\/i0.wp.com\/truusk.store\/wp-content\/uploads\/2024\/03\/fribarande-parasoll-tradgardsparaply-inklusive-korsfot-vaderbestandig-292-cm-x-292-cm-x-247-cm-gra.webp?fit=800%2C800&ssl=1","width":800,"height":800,"caption":"Frib\u00e4rande Parasoll Tr\u00e4dg\u00e5rdsparaply, Inklusive Korsfot, V\u00e4derbest\u00e4ndig, 292 Cm X 292 Cm X 247 Cm, Gr\u00e5 1"},{"@type":"BreadcrumbList","@id":"https:\/\/truusk.store\/sv\/produkt\/truusk-parasoll-tradgardsparaply-vaderbestandig-inklusive-korsfot-292x292x247-cm-gra\/#breadcrumb","itemListElement":[{"@type":"ListItem","position":1,"name":"Home","item":"https:\/\/truusk.store\/sv\/"},{"@type":"ListItem","position":2,"name":"Shop","item":"https:\/\/truusk.store\/shop\/"},{"@type":"ListItem","position":3,"name":"TRUUSK Parasoll Tr\u00e4dg\u00e5rdsparaply &#8211; V\u00e4derbest\u00e4ndig &#8211; Inklusive Korsfot &#8211; 292x292x247 cm &#8211; Gr\u00e5"}]},{"@type":"WebSite","@id":"https:\/\/truusk.store\/sv\/#website","url":"https:\/\/truusk.store\/sv\/","name":"TRUUSK - Hem, Tr\u00e4dg\u00e5rd & Fritid","description":"","publisher":{"@id":"https:\/\/truusk.store\/sv\/#organization"},"potentialAction":[{"@type":"SearchAction","target":{"@type":"EntryPoint","urlTemplate":"https:\/\/truusk.store\/sv\/?s={search_term_string}"},"query-input":{"@type":"PropertyValueSpecification","valueRequired":true,"valueName":"search_term_string"}}],"inLanguage":"sv-SE"},{"@type":"Organization","@id":"https:\/\/truusk.store\/sv\/#organization","name":"TRUUSK - Hem, Tr\u00e4dg\u00e5rd & Fritid","url":"https:\/\/truusk.store\/sv\/","logo":{"@type":"ImageObject","inLanguage":"sv-SE","@id":"https:\/\/truusk.store\/sv\/#\/schema\/logo\/image\/","url":"https:\/\/i0.wp.com\/truusk.store\/wp-content\/uploads\/2026\/03\/cropped-TRUUSK.png?fit=2032%2C917&ssl=1","contentUrl":"https:\/\/i0.wp.com\/truusk.store\/wp-content\/uploads\/2026\/03\/cropped-TRUUSK.png?fit=2032%2C917&ssl=1","width":2032,"height":917,"caption":"TRUUSK - Hem, Tr\u00e4dg\u00e5rd & Fritid"},"image":{"@id":"https:\/\/truusk.store\/sv\/#\/schema\/logo\/image\/"}}]}},"jetpack_sharing_enabled":true,"_links":{"self":[{"href":"https:\/\/truusk.store\/sv\/wp-json\/wp\/v2\/product\/51944","targetHints":{"allow":["GET"]}}],"collection":[{"href":"https:\/\/truusk.store\/sv\/wp-json\/wp\/v2\/product"}],"about":[{"href":"https:\/\/truusk.store\/sv\/wp-json\/wp\/v2\/types\/product"}],"wp:featuredmedia":[{"embeddable":true,"href":"https:\/\/truusk.store\/sv\/wp-json\/wp\/v2\/media\/51945"}],"wp:attachment":[{"href":"https:\/\/truusk.store\/sv\/wp-json\/wp\/v2\/media?parent=51944"}],"wp:term":[{"taxonomy":"product_brand","embeddable":true,"href":"https:\/\/truusk.store\/sv\/wp-json\/wp\/v2\/product_brand?post=51944"},{"taxonomy":"product_cat","embeddable":true,"href":"https:\/\/truusk.store\/sv\/wp-json\/wp\/v2\/product_cat?post=51944"},{"taxonomy":"product_tag","embeddable":true,"href":"https:\/\/truusk.store\/sv\/wp-json\/wp\/v2\/product_tag?post=51944"}],"curies":[{"name":"wp","href":"https:\/\/api.w.org\/{rel}","templated":true}]}}