{"id":51996,"date":"2024-03-08T10:50:11","date_gmt":"2024-03-08T09:50:11","guid":{"rendered":"https:\/\/truusk.store\/product\/hangstol-utomhus-hangstol-egg-chair-vaderbestandig-inklusive-stoppning-102-cm-x-102-cm-x-195-cm-morkgra\/"},"modified":"2026-03-12T09:36:38","modified_gmt":"2026-03-12T08:36:38","slug":"truusk-hangstol-egg-chair-utomhus-vaderbestandig-inklusive-stoppning-morkgra-102-cm-x-102-cm-x-195-cm","status":"publish","type":"product","link":"https:\/\/truusk.store\/sv\/produkt\/truusk-hangstol-egg-chair-utomhus-vaderbestandig-inklusive-stoppning-morkgra-102-cm-x-102-cm-x-195-cm\/","title":{"rendered":"TRUUSK H\u00e4ngstol Egg Chair Utomhus &#8211; V\u00e4derbest\u00e4ndig &#8211; Inklusive Stoppning &#8211; M\u00f6rkgr\u00e5 &#8211; 102 cm x 102 cm x 195 cm"},"content":{"rendered":"<p>Designa ditt uteomr\u00e5de med modern komfort &#8211; h\u00e4ngstolen \u00e4r det perfekta valet f\u00f6r avkopplande timmar i tr\u00e4dg\u00e5rden. Den robusta st\u00e5lramen med korrosionsbest\u00e4ndig bel\u00e4ggning, i kombination med handv\u00e4vt PE-fl\u00e4tning, t\u00e5l alla v\u00e4derf\u00f6rh\u00e5llanden utan anstr\u00e4ngning. Skapa ett st\u00f6djande friluftsliv med denna eleganta f\u00e5t\u00f6lj. De tjockt vadderade kuddarna ger en bekv\u00e4m sittupplevelse medan du njuter av sommardagarna till fullo.<\/p>\n<h3>Beskrivning:<\/h3>\n<ul>\n<li>St\u00e5lramen \u00e4r pulverlackerad. Den handv\u00e4vda PE-rottingen och repet \u00e4r tillr\u00e4ckligt robusta f\u00f6r att klara alla v\u00e4derf\u00f6rh\u00e5llanden<\/li>\n<li>Vadderade kuddar och armst\u00f6d s\u00e4kerst\u00e4ller bekv\u00e4ma sittplatser utomhus<\/li>\n<li>Den pulverlackerade st\u00e5lramen rymmer upp till 150 kg<\/li>\n<li>Den hopf\u00e4llbara korgen kan f\u00f6rvaras f\u00f6r att spara utrymme n\u00e4r den inte beh\u00f6vs<\/li>\n<li>Med Oxford-tyg f\u00f6r att skydda mot v\u00e4der och vind<\/li>\n<li>Idealisk f\u00f6r utomhusbruk p\u00e5 uteplatser, tr\u00e4dg\u00e5rdar, bakg\u00e5rdar, balkonger etc<\/li>\n<li>Montering kr\u00e4vs<\/li>\n<\/ul>\n<h3>Teknisk data:<\/h3>\n<ul>\n<li>F\u00e4rg: Svart+M\u00f6rkgr\u00e5<\/li>\n<li>Material: st\u00e5l, PE-rotting, polyester, PP-skum<\/li>\n<li>\u00d6vergripande m\u00e5tt: 102L x 102W x 195H cm<\/li>\n<li>Korgm\u00e5tt: 85W x 65D x 108H cm<\/li>\n<li>Vikt korgstorlek: 108L x 64W x 15H cm<\/li>\n<li>Sitsstorlek: 75W x 55D cm<\/li>\n<li>Ryggst\u00f6dsstorlek: 75W x 80H cm<\/li>\n<li>Viktkapacitet: 150 kg<\/li>\n<\/ul>\n<h3>Leveransens omfattning:<\/h3>\n<ul>\n<li>1 x Rotting Gungstol<\/li>\n<li>1 x kudde<\/li>\n<li>1 x kedja<\/li>\n<li>1 x Karbinhake<\/li>\n<li>2 x S\u00e4kerhetsl\u00e5s<\/li>\n<li>1 x lock<\/li>\n<li>1 x Instruktioner<\/li>\n<\/ul>\n","protected":false},"excerpt":{"rendered":"<p>Designa ditt uteomr\u00e5de med modern komfort &#8211; h\u00e4ngstolen \u00e4r det perfekta valet f\u00f6r avkopplande timmar i tr\u00e4dg\u00e5rden. Den robusta st\u00e5lramen&#8230;<\/p>\n","protected":false},"featured_media":51997,"template":"","meta":[],"product_brand":[],"product_cat":[460,435,450],"product_tag":[],"class_list":{"0":"post-51996","1":"product","2":"type-product","3":"status-publish","4":"has-post-thumbnail","6":"product_cat-hangmattor-hangstolar","7":"product_cat-tradgard-och-terrass","8":"product_cat-tradgardsmobler","10":"first","11":"instock","12":"sale","13":"taxable","14":"shipping-taxable","15":"purchasable","16":"product-type-simple"},"yoast_head":"<!-- This site is optimized with the Yoast SEO plugin v25.4 - https:\/\/yoast.com\/wordpress\/plugins\/seo\/ -->\n<title>TRUUSK H\u00e4ngstol Egg Chair Utomhus - V\u00e4derbest\u00e4ndig - Inklusive Stoppning - M\u00f6rkgr\u00e5 - 102 cm x 102 cm x 195 cm - TRUUSK - Hem, Tr\u00e4dg\u00e5rd &amp; Fritid<\/title>\n<meta name=\"robots\" content=\"index, follow, max-snippet:-1, max-image-preview:large, max-video-preview:-1\" \/>\n<link rel=\"canonical\" href=\"https:\/\/truusk.store\/sv\/produkt\/truusk-hangstol-egg-chair-utomhus-vaderbestandig-inklusive-stoppning-morkgra-102-cm-x-102-cm-x-195-cm\/\" \/>\n<meta property=\"og:locale\" content=\"sv_SE\" \/>\n<meta property=\"og:type\" content=\"article\" \/>\n<meta property=\"og:title\" content=\"TRUUSK H\u00e4ngstol Egg Chair Utomhus - V\u00e4derbest\u00e4ndig - Inklusive Stoppning - M\u00f6rkgr\u00e5 - 102 cm x 102 cm x 195 cm - TRUUSK - Hem, Tr\u00e4dg\u00e5rd &amp; Fritid\" \/>\n<meta property=\"og:description\" content=\"Designa ditt uteomr\u00e5de med modern komfort &#8211; h\u00e4ngstolen \u00e4r det perfekta valet f\u00f6r avkopplande timmar i tr\u00e4dg\u00e5rden. Den robusta st\u00e5lramen...\" \/>\n<meta property=\"og:url\" content=\"https:\/\/truusk.store\/sv\/produkt\/truusk-hangstol-egg-chair-utomhus-vaderbestandig-inklusive-stoppning-morkgra-102-cm-x-102-cm-x-195-cm\/\" \/>\n<meta property=\"og:site_name\" content=\"TRUUSK - Hem, Tr\u00e4dg\u00e5rd &amp; Fritid\" \/>\n<meta property=\"article:modified_time\" content=\"2026-03-12T08:36:38+00:00\" \/>\n<meta property=\"og:image\" content=\"https:\/\/i0.wp.com\/truusk.se\/wp-content\/uploads\/2024\/03\/hangstol-utomhus-hangstol-egg-chair-vaderbestandig-inklusive-stoppning-102-cm-x-102-cm-x-195-cm-morkgra.webp?fit=533%2C800&ssl=1\" \/>\n\t<meta property=\"og:image:width\" content=\"533\" \/>\n\t<meta property=\"og:image:height\" content=\"800\" \/>\n\t<meta property=\"og:image:type\" content=\"image\/webp\" \/>\n<meta name=\"twitter:card\" content=\"summary_large_image\" \/>\n<meta name=\"twitter:label1\" content=\"Ber\u00e4knad l\u00e4stid\" \/>\n\t<meta name=\"twitter:data1\" content=\"1 minut\" \/>\n<!-- \/ Yoast SEO plugin. -->","yoast_head_json":{"title":"TRUUSK H\u00e4ngstol Egg Chair Utomhus - V\u00e4derbest\u00e4ndig - Inklusive Stoppning - M\u00f6rkgr\u00e5 - 102 cm x 102 cm x 195 cm - TRUUSK - Hem, Tr\u00e4dg\u00e5rd &amp; Fritid","robots":{"index":"index","follow":"follow","max-snippet":"max-snippet:-1","max-image-preview":"max-image-preview:large","max-video-preview":"max-video-preview:-1"},"canonical":"https:\/\/truusk.store\/sv\/produkt\/truusk-hangstol-egg-chair-utomhus-vaderbestandig-inklusive-stoppning-morkgra-102-cm-x-102-cm-x-195-cm\/","og_locale":"sv_SE","og_type":"article","og_title":"TRUUSK H\u00e4ngstol Egg Chair Utomhus - V\u00e4derbest\u00e4ndig - Inklusive Stoppning - M\u00f6rkgr\u00e5 - 102 cm x 102 cm x 195 cm - TRUUSK - Hem, Tr\u00e4dg\u00e5rd &amp; Fritid","og_description":"Designa ditt uteomr\u00e5de med modern komfort &#8211; h\u00e4ngstolen \u00e4r det perfekta valet f\u00f6r avkopplande timmar i tr\u00e4dg\u00e5rden. Den robusta st\u00e5lramen...","og_url":"https:\/\/truusk.store\/sv\/produkt\/truusk-hangstol-egg-chair-utomhus-vaderbestandig-inklusive-stoppning-morkgra-102-cm-x-102-cm-x-195-cm\/","og_site_name":"TRUUSK - Hem, Tr\u00e4dg\u00e5rd &amp; Fritid","article_modified_time":"2026-03-12T08:36:38+00:00","og_image":[{"width":533,"height":800,"url":"https:\/\/i0.wp.com\/truusk.se\/wp-content\/uploads\/2024\/03\/hangstol-utomhus-hangstol-egg-chair-vaderbestandig-inklusive-stoppning-102-cm-x-102-cm-x-195-cm-morkgra.webp?fit=533%2C800&ssl=1","type":"image\/webp"}],"twitter_card":"summary_large_image","twitter_misc":{"Ber\u00e4knad l\u00e4stid":"1 minut"},"schema":{"@context":"https:\/\/schema.org","@graph":[{"@type":"WebPage","@id":"https:\/\/truusk.store\/sv\/produkt\/truusk-hangstol-egg-chair-utomhus-vaderbestandig-inklusive-stoppning-morkgra-102-cm-x-102-cm-x-195-cm\/","url":"https:\/\/truusk.store\/sv\/produkt\/truusk-hangstol-egg-chair-utomhus-vaderbestandig-inklusive-stoppning-morkgra-102-cm-x-102-cm-x-195-cm\/","name":"TRUUSK H\u00e4ngstol Egg Chair Utomhus - V\u00e4derbest\u00e4ndig - Inklusive Stoppning - M\u00f6rkgr\u00e5 - 102 cm x 102 cm x 195 cm - TRUUSK - Hem, Tr\u00e4dg\u00e5rd &amp; Fritid","isPartOf":{"@id":"https:\/\/truusk.store\/sv\/#website"},"primaryImageOfPage":{"@id":"https:\/\/truusk.store\/sv\/produkt\/truusk-hangstol-egg-chair-utomhus-vaderbestandig-inklusive-stoppning-morkgra-102-cm-x-102-cm-x-195-cm\/#primaryimage"},"image":{"@id":"https:\/\/truusk.store\/sv\/produkt\/truusk-hangstol-egg-chair-utomhus-vaderbestandig-inklusive-stoppning-morkgra-102-cm-x-102-cm-x-195-cm\/#primaryimage"},"thumbnailUrl":"https:\/\/i0.wp.com\/truusk.store\/wp-content\/uploads\/2024\/03\/hangstol-utomhus-hangstol-egg-chair-vaderbestandig-inklusive-stoppning-102-cm-x-102-cm-x-195-cm-morkgra.webp?fit=533%2C800&ssl=1","datePublished":"2024-03-08T09:50:11+00:00","dateModified":"2026-03-12T08:36:38+00:00","breadcrumb":{"@id":"https:\/\/truusk.store\/sv\/produkt\/truusk-hangstol-egg-chair-utomhus-vaderbestandig-inklusive-stoppning-morkgra-102-cm-x-102-cm-x-195-cm\/#breadcrumb"},"inLanguage":"sv-SE","potentialAction":[{"@type":"ReadAction","target":["https:\/\/truusk.store\/sv\/produkt\/truusk-hangstol-egg-chair-utomhus-vaderbestandig-inklusive-stoppning-morkgra-102-cm-x-102-cm-x-195-cm\/"]}]},{"@type":"ImageObject","inLanguage":"sv-SE","@id":"https:\/\/truusk.store\/sv\/produkt\/truusk-hangstol-egg-chair-utomhus-vaderbestandig-inklusive-stoppning-morkgra-102-cm-x-102-cm-x-195-cm\/#primaryimage","url":"https:\/\/i0.wp.com\/truusk.store\/wp-content\/uploads\/2024\/03\/hangstol-utomhus-hangstol-egg-chair-vaderbestandig-inklusive-stoppning-102-cm-x-102-cm-x-195-cm-morkgra.webp?fit=533%2C800&ssl=1","contentUrl":"https:\/\/i0.wp.com\/truusk.store\/wp-content\/uploads\/2024\/03\/hangstol-utomhus-hangstol-egg-chair-vaderbestandig-inklusive-stoppning-102-cm-x-102-cm-x-195-cm-morkgra.webp?fit=533%2C800&ssl=1","width":533,"height":800,"caption":"H\u00e4ngstol Utomhus H\u00e4ngstol Egg Chair, V\u00e4derbest\u00e4ndig, Inklusive Stoppning, 102 Cm X 102 Cm X 195 Cm, M\u00f6rkgr\u00e5 1"},{"@type":"BreadcrumbList","@id":"https:\/\/truusk.store\/sv\/produkt\/truusk-hangstol-egg-chair-utomhus-vaderbestandig-inklusive-stoppning-morkgra-102-cm-x-102-cm-x-195-cm\/#breadcrumb","itemListElement":[{"@type":"ListItem","position":1,"name":"Home","item":"https:\/\/truusk.store\/sv\/"},{"@type":"ListItem","position":2,"name":"Shop","item":"https:\/\/truusk.store\/shop\/"},{"@type":"ListItem","position":3,"name":"TRUUSK H\u00e4ngstol Egg Chair Utomhus &#8211; V\u00e4derbest\u00e4ndig &#8211; Inklusive Stoppning &#8211; M\u00f6rkgr\u00e5 &#8211; 102 cm x 102 cm x 195 cm"}]},{"@type":"WebSite","@id":"https:\/\/truusk.store\/sv\/#website","url":"https:\/\/truusk.store\/sv\/","name":"TRUUSK - Hem, Tr\u00e4dg\u00e5rd & Fritid","description":"","publisher":{"@id":"https:\/\/truusk.store\/sv\/#organization"},"potentialAction":[{"@type":"SearchAction","target":{"@type":"EntryPoint","urlTemplate":"https:\/\/truusk.store\/sv\/?s={search_term_string}"},"query-input":{"@type":"PropertyValueSpecification","valueRequired":true,"valueName":"search_term_string"}}],"inLanguage":"sv-SE"},{"@type":"Organization","@id":"https:\/\/truusk.store\/sv\/#organization","name":"TRUUSK - Hem, Tr\u00e4dg\u00e5rd & Fritid","url":"https:\/\/truusk.store\/sv\/","logo":{"@type":"ImageObject","inLanguage":"sv-SE","@id":"https:\/\/truusk.store\/sv\/#\/schema\/logo\/image\/","url":"https:\/\/i0.wp.com\/truusk.store\/wp-content\/uploads\/2026\/03\/cropped-TRUUSK.png?fit=2032%2C917&ssl=1","contentUrl":"https:\/\/i0.wp.com\/truusk.store\/wp-content\/uploads\/2026\/03\/cropped-TRUUSK.png?fit=2032%2C917&ssl=1","width":2032,"height":917,"caption":"TRUUSK - Hem, Tr\u00e4dg\u00e5rd & Fritid"},"image":{"@id":"https:\/\/truusk.store\/sv\/#\/schema\/logo\/image\/"}}]}},"jetpack_sharing_enabled":true,"_links":{"self":[{"href":"https:\/\/truusk.store\/sv\/wp-json\/wp\/v2\/product\/51996","targetHints":{"allow":["GET"]}}],"collection":[{"href":"https:\/\/truusk.store\/sv\/wp-json\/wp\/v2\/product"}],"about":[{"href":"https:\/\/truusk.store\/sv\/wp-json\/wp\/v2\/types\/product"}],"wp:featuredmedia":[{"embeddable":true,"href":"https:\/\/truusk.store\/sv\/wp-json\/wp\/v2\/media\/51997"}],"wp:attachment":[{"href":"https:\/\/truusk.store\/sv\/wp-json\/wp\/v2\/media?parent=51996"}],"wp:term":[{"taxonomy":"product_brand","embeddable":true,"href":"https:\/\/truusk.store\/sv\/wp-json\/wp\/v2\/product_brand?post=51996"},{"taxonomy":"product_cat","embeddable":true,"href":"https:\/\/truusk.store\/sv\/wp-json\/wp\/v2\/product_cat?post=51996"},{"taxonomy":"product_tag","embeddable":true,"href":"https:\/\/truusk.store\/sv\/wp-json\/wp\/v2\/product_tag?post=51996"}],"curies":[{"name":"wp","href":"https:\/\/api.w.org\/{rel}","templated":true}]}}