{"id":52003,"date":"2024-03-08T11:00:11","date_gmt":"2024-03-08T10:00:11","guid":{"rendered":"https:\/\/truusk.store\/product\/ersattningsgardin-for-lusthus-set-om-4-for-3x4m-lusthus-302x205cm-ljusgra\/"},"modified":"2026-03-12T09:11:34","modified_gmt":"2026-03-12T08:11:34","slug":"truusk-ersattningsgardin-for-lusthus-set-om-4-for-3x4m-lusthus-302x205cm-ljusgra","status":"publish","type":"product","link":"https:\/\/truusk.store\/sv\/produkt\/truusk-ersattningsgardin-for-lusthus-set-om-4-for-3x4m-lusthus-302x205cm-ljusgra\/","title":{"rendered":"TRUUSK Ers\u00e4ttningsgardin F\u00f6r Lusthus &#8211; Set Om 4 &#8211; F\u00f6r 3x4m Lusthus &#8211; 302x205cm &#8211; Ljusgr\u00e5"},"content":{"rendered":"<p>Skydda dig sj\u00e4lv fr\u00e5n den intensiva solen medan du njuter av den svala skuggan samtidigt som du beh\u00e5ller din integritet med dessa lusthusgardiner. Enkel \u00e5tkomst med dragkedjor och remmar g\u00f6r att du enkelt kan komma in i din privata oas. Den okomplicerade monteringen med de medf\u00f6ljande krokarna och ringarna m\u00f6jligg\u00f6r snabb installation, l\u00e4mplig f\u00f6r de flesta 3 x 3 m tr\u00e4dg\u00e5rdspaviljonger. Observera att ingen ram ing\u00e5r.<\/p>\n<h3>Beskrivning:<\/h3>\n<ul>\n<li>Dessa lusthusgardiner ger skydd mot sol och l\u00e4tt regn<\/li>\n<li>Dessa ers\u00e4ttningsgardiner passar de flesta 3&#215;3 m metalllusthus<\/li>\n<li>De kan enkelt f\u00e4stas p\u00e5 paviljongens sidor<\/li>\n<li>Dubbelsidiga dragkedjor g\u00f6r att du kan \u00f6ppna och st\u00e4nga gardinerna fr\u00e5n b\u00e5da sidor<\/li>\n<li>Enkel &#8221;duschdraperi&#8221;-liknande installation, l\u00e4mplig f\u00f6r runda eller fyrkantiga ramar upp till 5 cm i diameter<\/li>\n<li>L\u00e4tt och l\u00e4tt att vika ihop f\u00f6r f\u00f6rvaring efter anv\u00e4ndning<\/li>\n<li>Tillverkad av v\u00e4derbest\u00e4ndig polyester f\u00f6r l\u00e5ngvarig utomhusbruk<\/li>\n<li>OBS: I leveransen ing\u00e5r endast gardinerna, lusthusstomme ing\u00e5r ej. M\u00e4t ditt lusthus innan du k\u00f6per. Tv\u00e4tta inte.<\/li>\n<\/ul>\n<h3>Teknisk data:<\/h3>\n<ul>\n<li>F\u00e4rg: ljusgr\u00e5<\/li>\n<li>Material: 100% polyester<\/li>\n<li>Sidov\u00e4ggsm\u00e5tt: 302L x 205W cm<\/li>\n<li>Passar de flesta paviljonger som m\u00e4ter 3 x 3 m<\/li>\n<\/ul>\n<h3>Leveransens omfattning:<\/h3>\n<ul>\n<li>4 x sidopanel<\/li>\n<li>1 x paket C-ringar<\/li>\n<li>1 x f\u00f6rpackning med krokar<\/li>\n<\/ul>\n","protected":false},"excerpt":{"rendered":"<p>Skydda dig sj\u00e4lv fr\u00e5n den intensiva solen medan du njuter av den svala skuggan samtidigt som du beh\u00e5ller din integritet&#8230;<\/p>\n","protected":false},"featured_media":52004,"template":"","meta":[],"product_brand":[],"product_cat":[750,435,476],"product_tag":[],"class_list":{"0":"post-52003","1":"product","2":"type-product","3":"status-publish","4":"has-post-thumbnail","6":"product_cat-gazebo-tillbehor","7":"product_cat-tradgard-och-terrass","8":"product_cat-tradgardspaviljonger","10":"first","11":"instock","12":"sale","13":"taxable","14":"shipping-taxable","15":"purchasable","16":"product-type-simple"},"yoast_head":"<!-- This site is optimized with the Yoast SEO plugin v25.4 - https:\/\/yoast.com\/wordpress\/plugins\/seo\/ -->\n<title>TRUUSK Ers\u00e4ttningsgardin F\u00f6r Lusthus - Set Om 4 - F\u00f6r 3x4m Lusthus - 302x205cm - Ljusgr\u00e5 - TRUUSK - Hem, Tr\u00e4dg\u00e5rd &amp; Fritid<\/title>\n<meta name=\"robots\" content=\"index, follow, max-snippet:-1, max-image-preview:large, max-video-preview:-1\" \/>\n<link rel=\"canonical\" href=\"https:\/\/truusk.store\/sv\/produkt\/truusk-ersattningsgardin-for-lusthus-set-om-4-for-3x4m-lusthus-302x205cm-ljusgra\/\" \/>\n<meta property=\"og:locale\" content=\"sv_SE\" \/>\n<meta property=\"og:type\" content=\"article\" \/>\n<meta property=\"og:title\" content=\"TRUUSK Ers\u00e4ttningsgardin F\u00f6r Lusthus - Set Om 4 - F\u00f6r 3x4m Lusthus - 302x205cm - Ljusgr\u00e5 - TRUUSK - Hem, Tr\u00e4dg\u00e5rd &amp; Fritid\" \/>\n<meta property=\"og:description\" content=\"Skydda dig sj\u00e4lv fr\u00e5n den intensiva solen medan du njuter av den svala skuggan samtidigt som du beh\u00e5ller din integritet...\" \/>\n<meta property=\"og:url\" content=\"https:\/\/truusk.store\/sv\/produkt\/truusk-ersattningsgardin-for-lusthus-set-om-4-for-3x4m-lusthus-302x205cm-ljusgra\/\" \/>\n<meta property=\"og:site_name\" content=\"TRUUSK - Hem, Tr\u00e4dg\u00e5rd &amp; Fritid\" \/>\n<meta property=\"article:modified_time\" content=\"2026-03-12T08:11:34+00:00\" \/>\n<meta property=\"og:image\" content=\"https:\/\/i0.wp.com\/truusk.se\/wp-content\/uploads\/2024\/03\/ersattningsgardin-for-lusthus-set-om-4-for-3x4m-lusthus-302x205cm-ljusgra.webp?fit=800%2C800&ssl=1\" \/>\n\t<meta property=\"og:image:width\" content=\"800\" \/>\n\t<meta property=\"og:image:height\" content=\"800\" \/>\n\t<meta property=\"og:image:type\" content=\"image\/webp\" \/>\n<meta name=\"twitter:card\" content=\"summary_large_image\" \/>\n<meta name=\"twitter:label1\" content=\"Ber\u00e4knad l\u00e4stid\" \/>\n\t<meta name=\"twitter:data1\" content=\"1 minut\" \/>\n<!-- \/ Yoast SEO plugin. -->","yoast_head_json":{"title":"TRUUSK Ers\u00e4ttningsgardin F\u00f6r Lusthus - Set Om 4 - F\u00f6r 3x4m Lusthus - 302x205cm - Ljusgr\u00e5 - TRUUSK - Hem, Tr\u00e4dg\u00e5rd &amp; Fritid","robots":{"index":"index","follow":"follow","max-snippet":"max-snippet:-1","max-image-preview":"max-image-preview:large","max-video-preview":"max-video-preview:-1"},"canonical":"https:\/\/truusk.store\/sv\/produkt\/truusk-ersattningsgardin-for-lusthus-set-om-4-for-3x4m-lusthus-302x205cm-ljusgra\/","og_locale":"sv_SE","og_type":"article","og_title":"TRUUSK Ers\u00e4ttningsgardin F\u00f6r Lusthus - Set Om 4 - F\u00f6r 3x4m Lusthus - 302x205cm - Ljusgr\u00e5 - TRUUSK - Hem, Tr\u00e4dg\u00e5rd &amp; Fritid","og_description":"Skydda dig sj\u00e4lv fr\u00e5n den intensiva solen medan du njuter av den svala skuggan samtidigt som du beh\u00e5ller din integritet...","og_url":"https:\/\/truusk.store\/sv\/produkt\/truusk-ersattningsgardin-for-lusthus-set-om-4-for-3x4m-lusthus-302x205cm-ljusgra\/","og_site_name":"TRUUSK - Hem, Tr\u00e4dg\u00e5rd &amp; Fritid","article_modified_time":"2026-03-12T08:11:34+00:00","og_image":[{"width":800,"height":800,"url":"https:\/\/i0.wp.com\/truusk.se\/wp-content\/uploads\/2024\/03\/ersattningsgardin-for-lusthus-set-om-4-for-3x4m-lusthus-302x205cm-ljusgra.webp?fit=800%2C800&ssl=1","type":"image\/webp"}],"twitter_card":"summary_large_image","twitter_misc":{"Ber\u00e4knad l\u00e4stid":"1 minut"},"schema":{"@context":"https:\/\/schema.org","@graph":[{"@type":"WebPage","@id":"https:\/\/truusk.store\/sv\/produkt\/truusk-ersattningsgardin-for-lusthus-set-om-4-for-3x4m-lusthus-302x205cm-ljusgra\/","url":"https:\/\/truusk.store\/sv\/produkt\/truusk-ersattningsgardin-for-lusthus-set-om-4-for-3x4m-lusthus-302x205cm-ljusgra\/","name":"TRUUSK Ers\u00e4ttningsgardin F\u00f6r Lusthus - Set Om 4 - F\u00f6r 3x4m Lusthus - 302x205cm - Ljusgr\u00e5 - TRUUSK - Hem, Tr\u00e4dg\u00e5rd &amp; Fritid","isPartOf":{"@id":"https:\/\/truusk.store\/sv\/#website"},"primaryImageOfPage":{"@id":"https:\/\/truusk.store\/sv\/produkt\/truusk-ersattningsgardin-for-lusthus-set-om-4-for-3x4m-lusthus-302x205cm-ljusgra\/#primaryimage"},"image":{"@id":"https:\/\/truusk.store\/sv\/produkt\/truusk-ersattningsgardin-for-lusthus-set-om-4-for-3x4m-lusthus-302x205cm-ljusgra\/#primaryimage"},"thumbnailUrl":"https:\/\/i0.wp.com\/truusk.store\/wp-content\/uploads\/2024\/03\/ersattningsgardin-for-lusthus-set-om-4-for-3x4m-lusthus-302x205cm-ljusgra.webp?fit=800%2C800&ssl=1","datePublished":"2024-03-08T10:00:11+00:00","dateModified":"2026-03-12T08:11:34+00:00","breadcrumb":{"@id":"https:\/\/truusk.store\/sv\/produkt\/truusk-ersattningsgardin-for-lusthus-set-om-4-for-3x4m-lusthus-302x205cm-ljusgra\/#breadcrumb"},"inLanguage":"sv-SE","potentialAction":[{"@type":"ReadAction","target":["https:\/\/truusk.store\/sv\/produkt\/truusk-ersattningsgardin-for-lusthus-set-om-4-for-3x4m-lusthus-302x205cm-ljusgra\/"]}]},{"@type":"ImageObject","inLanguage":"sv-SE","@id":"https:\/\/truusk.store\/sv\/produkt\/truusk-ersattningsgardin-for-lusthus-set-om-4-for-3x4m-lusthus-302x205cm-ljusgra\/#primaryimage","url":"https:\/\/i0.wp.com\/truusk.store\/wp-content\/uploads\/2024\/03\/ersattningsgardin-for-lusthus-set-om-4-for-3x4m-lusthus-302x205cm-ljusgra.webp?fit=800%2C800&ssl=1","contentUrl":"https:\/\/i0.wp.com\/truusk.store\/wp-content\/uploads\/2024\/03\/ersattningsgardin-for-lusthus-set-om-4-for-3x4m-lusthus-302x205cm-ljusgra.webp?fit=800%2C800&ssl=1","width":800,"height":800,"caption":"Ers\u00e4ttningsgardin F\u00f6r Lusthus, Set Om 4, F\u00f6r 3x4m Lusthus, 302x205cm, Ljusgr\u00e5 1"},{"@type":"BreadcrumbList","@id":"https:\/\/truusk.store\/sv\/produkt\/truusk-ersattningsgardin-for-lusthus-set-om-4-for-3x4m-lusthus-302x205cm-ljusgra\/#breadcrumb","itemListElement":[{"@type":"ListItem","position":1,"name":"Home","item":"https:\/\/truusk.store\/sv\/"},{"@type":"ListItem","position":2,"name":"Shop","item":"https:\/\/truusk.store\/shop\/"},{"@type":"ListItem","position":3,"name":"TRUUSK Ers\u00e4ttningsgardin F\u00f6r Lusthus &#8211; Set Om 4 &#8211; F\u00f6r 3x4m Lusthus &#8211; 302x205cm &#8211; Ljusgr\u00e5"}]},{"@type":"WebSite","@id":"https:\/\/truusk.store\/sv\/#website","url":"https:\/\/truusk.store\/sv\/","name":"TRUUSK - Hem, Tr\u00e4dg\u00e5rd & Fritid","description":"","publisher":{"@id":"https:\/\/truusk.store\/sv\/#organization"},"potentialAction":[{"@type":"SearchAction","target":{"@type":"EntryPoint","urlTemplate":"https:\/\/truusk.store\/sv\/?s={search_term_string}"},"query-input":{"@type":"PropertyValueSpecification","valueRequired":true,"valueName":"search_term_string"}}],"inLanguage":"sv-SE"},{"@type":"Organization","@id":"https:\/\/truusk.store\/sv\/#organization","name":"TRUUSK - Hem, Tr\u00e4dg\u00e5rd & Fritid","url":"https:\/\/truusk.store\/sv\/","logo":{"@type":"ImageObject","inLanguage":"sv-SE","@id":"https:\/\/truusk.store\/sv\/#\/schema\/logo\/image\/","url":"https:\/\/i0.wp.com\/truusk.store\/wp-content\/uploads\/2026\/03\/cropped-TRUUSK.png?fit=2032%2C917&ssl=1","contentUrl":"https:\/\/i0.wp.com\/truusk.store\/wp-content\/uploads\/2026\/03\/cropped-TRUUSK.png?fit=2032%2C917&ssl=1","width":2032,"height":917,"caption":"TRUUSK - Hem, Tr\u00e4dg\u00e5rd & Fritid"},"image":{"@id":"https:\/\/truusk.store\/sv\/#\/schema\/logo\/image\/"}}]}},"jetpack_sharing_enabled":true,"_links":{"self":[{"href":"https:\/\/truusk.store\/sv\/wp-json\/wp\/v2\/product\/52003","targetHints":{"allow":["GET"]}}],"collection":[{"href":"https:\/\/truusk.store\/sv\/wp-json\/wp\/v2\/product"}],"about":[{"href":"https:\/\/truusk.store\/sv\/wp-json\/wp\/v2\/types\/product"}],"wp:featuredmedia":[{"embeddable":true,"href":"https:\/\/truusk.store\/sv\/wp-json\/wp\/v2\/media\/52004"}],"wp:attachment":[{"href":"https:\/\/truusk.store\/sv\/wp-json\/wp\/v2\/media?parent=52003"}],"wp:term":[{"taxonomy":"product_brand","embeddable":true,"href":"https:\/\/truusk.store\/sv\/wp-json\/wp\/v2\/product_brand?post=52003"},{"taxonomy":"product_cat","embeddable":true,"href":"https:\/\/truusk.store\/sv\/wp-json\/wp\/v2\/product_cat?post=52003"},{"taxonomy":"product_tag","embeddable":true,"href":"https:\/\/truusk.store\/sv\/wp-json\/wp\/v2\/product_tag?post=52003"}],"curies":[{"name":"wp","href":"https:\/\/api.w.org\/{rel}","templated":true}]}}