{"id":52025,"date":"2024-03-08T11:20:09","date_gmt":"2024-03-08T10:20:09","guid":{"rendered":"https:\/\/truusk.store\/product\/tradgardsbod-metallskjul-dubbeldorr-fonster-259x172x222-cm-gra-vit\/"},"modified":"2026-03-12T09:38:18","modified_gmt":"2026-03-12T08:38:18","slug":"truusk-tradgardsbod-metallskjul-dubbeldorr-fonster-259x172x222-cm-gra-vit","status":"publish","type":"product","link":"https:\/\/truusk.store\/sv\/produkt\/truusk-tradgardsbod-metallskjul-dubbeldorr-fonster-259x172x222-cm-gra-vit\/","title":{"rendered":"TRUUSK Tr\u00e4dg\u00e5rdsbod &#8211; Metallskjul &#8211; Dubbeld\u00f6rr &#8211; F\u00f6nster &#8211; 259x172x222 Cm &#8211; Gr\u00e5\/vit"},"content":{"rendered":"<p>Detta utrustningssk\u00e5p \u00e4r den idealiska l\u00f6sningen f\u00f6r att h\u00e5lla din tr\u00e4dg\u00e5rd eller tr\u00e4dg\u00e5rd ren och snygg. Perfekt f\u00f6r att f\u00f6rvara dina tr\u00e4dg\u00e5rdsredskap och som ett s\u00e4kert garage f\u00f6r cyklar eller motorcykel. D\u00f6rren erbjuder bekv\u00e4m \u00e5tkomst medan ventilations\u00f6ppningar s\u00e4kerst\u00e4ller optimal luftcirkulation. Tr\u00e4dg\u00e5rdsboden skyddar inredningen fr\u00e5n fukt och m\u00f6gel. Med d\u00f6rrsp\u00e4rr f\u00f6r extra s\u00e4kerhet. Ett m\u00e5ste f\u00f6r en v\u00e4lsk\u00f6tt tr\u00e4dg\u00e5rd!<\/p>\n<h3>Beskrivning:<\/h3>\n<ul>\n<li>Kan anv\u00e4ndas p\u00e5 en m\u00e4ngd olika s\u00e4tt som redskapsbod, cykelgarage, motorcykelskydd eller soptunnel.<\/li>\n<li>Robust, h\u00e5llbart och rostfritt korrugerat utrustningssk\u00e5p, galvaniserat f\u00f6r extra styrka<\/li>\n<li>Enkel \u00e5tkomst genom d\u00f6rren<\/li>\n<li>Gott om f\u00f6rvaringsutrymme med golvyta 4<\/li>\n<li>D\u00f6rrl\u00e5s f\u00f6r p\u00e5litligt skydd<\/li>\n<li>Fyra ventilations\u00f6ppningar i tr\u00e4dg\u00e5rdssk\u00e5pet f\u00f6r optimal luftcirkulation och ett f\u00f6nster f\u00f6r naturligt dagsljus<\/li>\n<li>Lutande tak f\u00f6rhindrar vattenansamling<\/li>\n<li>Foundation ing\u00e5r ej<\/li>\n<li>Montering kr\u00e4vs<\/li>\n<\/ul>\n<h3>Teknisk data:<\/h3>\n<ul>\n<li>F\u00e4rg gr\u00e5<\/li>\n<li>Material: Galvaniserat st\u00e5l, polypropen<\/li>\n<li>M\u00e5tt: Totalt: 259L x 172W x 222H cm. Inredning: 248L x 162W cm\/ 4:e d\u00f6rren: 75W x 174H cm. F\u00f6nster: 69W x 70H cm. Takfot: 173H cm<\/li>\n<li>Max sn\u00f6last: 20 kg\/m<\/li>\n<\/ul>\n<h3>Leveransens omfattning:<\/h3>\n<ul>\n<li>1 x Tr\u00e4dg\u00e5rdsbod<\/li>\n<li>1 x manuell<\/li>\n<\/ul>\n","protected":false},"excerpt":{"rendered":"<p>Detta utrustningssk\u00e5p \u00e4r den idealiska l\u00f6sningen f\u00f6r att h\u00e5lla din tr\u00e4dg\u00e5rd eller tr\u00e4dg\u00e5rd ren och snygg. Perfekt f\u00f6r att f\u00f6rvara&#8230;<\/p>\n","protected":false},"featured_media":52026,"template":"","meta":[],"product_brand":[],"product_cat":[436,438,435],"product_tag":[],"class_list":{"0":"post-52025","1":"product","2":"type-product","3":"status-publish","4":"has-post-thumbnail","6":"product_cat-bestall-i-tradgarden","7":"product_cat-redskapsbod","8":"product_cat-tradgard-och-terrass","10":"first","11":"instock","12":"sale","13":"taxable","14":"shipping-taxable","15":"purchasable","16":"product-type-simple"},"yoast_head":"<!-- This site is optimized with the Yoast SEO plugin v25.4 - https:\/\/yoast.com\/wordpress\/plugins\/seo\/ -->\n<title>TRUUSK Tr\u00e4dg\u00e5rdsbod - Metallskjul - Dubbeld\u00f6rr - F\u00f6nster - 259x172x222 Cm - Gr\u00e5\/vit - TRUUSK - Hem, Tr\u00e4dg\u00e5rd &amp; Fritid<\/title>\n<meta name=\"robots\" content=\"index, follow, max-snippet:-1, max-image-preview:large, max-video-preview:-1\" \/>\n<link rel=\"canonical\" href=\"https:\/\/truusk.store\/sv\/produkt\/truusk-tradgardsbod-metallskjul-dubbeldorr-fonster-259x172x222-cm-gra-vit\/\" \/>\n<meta property=\"og:locale\" content=\"sv_SE\" \/>\n<meta property=\"og:type\" content=\"article\" \/>\n<meta property=\"og:title\" content=\"TRUUSK Tr\u00e4dg\u00e5rdsbod - Metallskjul - Dubbeld\u00f6rr - F\u00f6nster - 259x172x222 Cm - Gr\u00e5\/vit - TRUUSK - Hem, Tr\u00e4dg\u00e5rd &amp; Fritid\" \/>\n<meta property=\"og:description\" content=\"Detta utrustningssk\u00e5p \u00e4r den idealiska l\u00f6sningen f\u00f6r att h\u00e5lla din tr\u00e4dg\u00e5rd eller tr\u00e4dg\u00e5rd ren och snygg. Perfekt f\u00f6r att f\u00f6rvara...\" \/>\n<meta property=\"og:url\" content=\"https:\/\/truusk.store\/sv\/produkt\/truusk-tradgardsbod-metallskjul-dubbeldorr-fonster-259x172x222-cm-gra-vit\/\" \/>\n<meta property=\"og:site_name\" content=\"TRUUSK - Hem, Tr\u00e4dg\u00e5rd &amp; Fritid\" \/>\n<meta property=\"article:modified_time\" content=\"2026-03-12T08:38:18+00:00\" \/>\n<meta property=\"og:image\" content=\"https:\/\/i0.wp.com\/truusk.se\/wp-content\/uploads\/2024\/03\/tradgardsbod-metallskjul-dubbeldorr-fonster-259x172x222-cm-gra-vit.webp?fit=800%2C800&ssl=1\" \/>\n\t<meta property=\"og:image:width\" content=\"800\" \/>\n\t<meta property=\"og:image:height\" content=\"800\" \/>\n\t<meta property=\"og:image:type\" content=\"image\/webp\" \/>\n<meta name=\"twitter:card\" content=\"summary_large_image\" \/>\n<meta name=\"twitter:label1\" content=\"Ber\u00e4knad l\u00e4stid\" \/>\n\t<meta name=\"twitter:data1\" content=\"1 minut\" \/>\n<!-- \/ Yoast SEO plugin. -->","yoast_head_json":{"title":"TRUUSK Tr\u00e4dg\u00e5rdsbod - Metallskjul - Dubbeld\u00f6rr - F\u00f6nster - 259x172x222 Cm - Gr\u00e5\/vit - TRUUSK - Hem, Tr\u00e4dg\u00e5rd &amp; Fritid","robots":{"index":"index","follow":"follow","max-snippet":"max-snippet:-1","max-image-preview":"max-image-preview:large","max-video-preview":"max-video-preview:-1"},"canonical":"https:\/\/truusk.store\/sv\/produkt\/truusk-tradgardsbod-metallskjul-dubbeldorr-fonster-259x172x222-cm-gra-vit\/","og_locale":"sv_SE","og_type":"article","og_title":"TRUUSK Tr\u00e4dg\u00e5rdsbod - Metallskjul - Dubbeld\u00f6rr - F\u00f6nster - 259x172x222 Cm - Gr\u00e5\/vit - TRUUSK - Hem, Tr\u00e4dg\u00e5rd &amp; Fritid","og_description":"Detta utrustningssk\u00e5p \u00e4r den idealiska l\u00f6sningen f\u00f6r att h\u00e5lla din tr\u00e4dg\u00e5rd eller tr\u00e4dg\u00e5rd ren och snygg. Perfekt f\u00f6r att f\u00f6rvara...","og_url":"https:\/\/truusk.store\/sv\/produkt\/truusk-tradgardsbod-metallskjul-dubbeldorr-fonster-259x172x222-cm-gra-vit\/","og_site_name":"TRUUSK - Hem, Tr\u00e4dg\u00e5rd &amp; Fritid","article_modified_time":"2026-03-12T08:38:18+00:00","og_image":[{"width":800,"height":800,"url":"https:\/\/i0.wp.com\/truusk.se\/wp-content\/uploads\/2024\/03\/tradgardsbod-metallskjul-dubbeldorr-fonster-259x172x222-cm-gra-vit.webp?fit=800%2C800&ssl=1","type":"image\/webp"}],"twitter_card":"summary_large_image","twitter_misc":{"Ber\u00e4knad l\u00e4stid":"1 minut"},"schema":{"@context":"https:\/\/schema.org","@graph":[{"@type":"WebPage","@id":"https:\/\/truusk.store\/sv\/produkt\/truusk-tradgardsbod-metallskjul-dubbeldorr-fonster-259x172x222-cm-gra-vit\/","url":"https:\/\/truusk.store\/sv\/produkt\/truusk-tradgardsbod-metallskjul-dubbeldorr-fonster-259x172x222-cm-gra-vit\/","name":"TRUUSK Tr\u00e4dg\u00e5rdsbod - Metallskjul - Dubbeld\u00f6rr - F\u00f6nster - 259x172x222 Cm - Gr\u00e5\/vit - TRUUSK - Hem, Tr\u00e4dg\u00e5rd &amp; Fritid","isPartOf":{"@id":"https:\/\/truusk.store\/sv\/#website"},"primaryImageOfPage":{"@id":"https:\/\/truusk.store\/sv\/produkt\/truusk-tradgardsbod-metallskjul-dubbeldorr-fonster-259x172x222-cm-gra-vit\/#primaryimage"},"image":{"@id":"https:\/\/truusk.store\/sv\/produkt\/truusk-tradgardsbod-metallskjul-dubbeldorr-fonster-259x172x222-cm-gra-vit\/#primaryimage"},"thumbnailUrl":"https:\/\/i0.wp.com\/truusk.store\/wp-content\/uploads\/2024\/03\/tradgardsbod-metallskjul-dubbeldorr-fonster-259x172x222-cm-gra-vit.webp?fit=800%2C800&ssl=1","datePublished":"2024-03-08T10:20:09+00:00","dateModified":"2026-03-12T08:38:18+00:00","breadcrumb":{"@id":"https:\/\/truusk.store\/sv\/produkt\/truusk-tradgardsbod-metallskjul-dubbeldorr-fonster-259x172x222-cm-gra-vit\/#breadcrumb"},"inLanguage":"sv-SE","potentialAction":[{"@type":"ReadAction","target":["https:\/\/truusk.store\/sv\/produkt\/truusk-tradgardsbod-metallskjul-dubbeldorr-fonster-259x172x222-cm-gra-vit\/"]}]},{"@type":"ImageObject","inLanguage":"sv-SE","@id":"https:\/\/truusk.store\/sv\/produkt\/truusk-tradgardsbod-metallskjul-dubbeldorr-fonster-259x172x222-cm-gra-vit\/#primaryimage","url":"https:\/\/i0.wp.com\/truusk.store\/wp-content\/uploads\/2024\/03\/tradgardsbod-metallskjul-dubbeldorr-fonster-259x172x222-cm-gra-vit.webp?fit=800%2C800&ssl=1","contentUrl":"https:\/\/i0.wp.com\/truusk.store\/wp-content\/uploads\/2024\/03\/tradgardsbod-metallskjul-dubbeldorr-fonster-259x172x222-cm-gra-vit.webp?fit=800%2C800&ssl=1","width":800,"height":800,"caption":"Tr\u00e4dg\u00e5rdsbod, Metallskjul, Dubbeld\u00f6rr, F\u00f6nster, 259x172x222 Cm, Gr\u00e5\/vit 1"},{"@type":"BreadcrumbList","@id":"https:\/\/truusk.store\/sv\/produkt\/truusk-tradgardsbod-metallskjul-dubbeldorr-fonster-259x172x222-cm-gra-vit\/#breadcrumb","itemListElement":[{"@type":"ListItem","position":1,"name":"Home","item":"https:\/\/truusk.store\/sv\/"},{"@type":"ListItem","position":2,"name":"Shop","item":"https:\/\/truusk.store\/shop\/"},{"@type":"ListItem","position":3,"name":"TRUUSK Tr\u00e4dg\u00e5rdsbod &#8211; Metallskjul &#8211; Dubbeld\u00f6rr &#8211; F\u00f6nster &#8211; 259x172x222 Cm &#8211; Gr\u00e5\/vit"}]},{"@type":"WebSite","@id":"https:\/\/truusk.store\/sv\/#website","url":"https:\/\/truusk.store\/sv\/","name":"TRUUSK - Hem, Tr\u00e4dg\u00e5rd & Fritid","description":"","publisher":{"@id":"https:\/\/truusk.store\/sv\/#organization"},"potentialAction":[{"@type":"SearchAction","target":{"@type":"EntryPoint","urlTemplate":"https:\/\/truusk.store\/sv\/?s={search_term_string}"},"query-input":{"@type":"PropertyValueSpecification","valueRequired":true,"valueName":"search_term_string"}}],"inLanguage":"sv-SE"},{"@type":"Organization","@id":"https:\/\/truusk.store\/sv\/#organization","name":"TRUUSK - Hem, Tr\u00e4dg\u00e5rd & Fritid","url":"https:\/\/truusk.store\/sv\/","logo":{"@type":"ImageObject","inLanguage":"sv-SE","@id":"https:\/\/truusk.store\/sv\/#\/schema\/logo\/image\/","url":"https:\/\/i0.wp.com\/truusk.store\/wp-content\/uploads\/2026\/03\/cropped-TRUUSK.png?fit=2032%2C917&ssl=1","contentUrl":"https:\/\/i0.wp.com\/truusk.store\/wp-content\/uploads\/2026\/03\/cropped-TRUUSK.png?fit=2032%2C917&ssl=1","width":2032,"height":917,"caption":"TRUUSK - Hem, Tr\u00e4dg\u00e5rd & Fritid"},"image":{"@id":"https:\/\/truusk.store\/sv\/#\/schema\/logo\/image\/"}}]}},"jetpack_sharing_enabled":true,"_links":{"self":[{"href":"https:\/\/truusk.store\/sv\/wp-json\/wp\/v2\/product\/52025","targetHints":{"allow":["GET"]}}],"collection":[{"href":"https:\/\/truusk.store\/sv\/wp-json\/wp\/v2\/product"}],"about":[{"href":"https:\/\/truusk.store\/sv\/wp-json\/wp\/v2\/types\/product"}],"wp:featuredmedia":[{"embeddable":true,"href":"https:\/\/truusk.store\/sv\/wp-json\/wp\/v2\/media\/52026"}],"wp:attachment":[{"href":"https:\/\/truusk.store\/sv\/wp-json\/wp\/v2\/media?parent=52025"}],"wp:term":[{"taxonomy":"product_brand","embeddable":true,"href":"https:\/\/truusk.store\/sv\/wp-json\/wp\/v2\/product_brand?post=52025"},{"taxonomy":"product_cat","embeddable":true,"href":"https:\/\/truusk.store\/sv\/wp-json\/wp\/v2\/product_cat?post=52025"},{"taxonomy":"product_tag","embeddable":true,"href":"https:\/\/truusk.store\/sv\/wp-json\/wp\/v2\/product_tag?post=52025"}],"curies":[{"name":"wp","href":"https:\/\/api.w.org\/{rel}","templated":true}]}}