{"id":52043,"date":"2024-03-08T11:40:10","date_gmt":"2024-03-08T10:40:10","guid":{"rendered":"https:\/\/truusk.store\/product\/vaxthylla-blomtrappa-vaxttrappa-4-hyllor-89-cm-x-28-cm-x-107-cm-morkgron\/"},"modified":"2026-03-12T09:36:08","modified_gmt":"2026-03-12T08:36:08","slug":"truusk-vaxthus-blomsterstege-4-hyllor-morkgron-89x28x107-cm-perfekt-for-vaxter","status":"publish","type":"product","link":"https:\/\/truusk.store\/sv\/produkt\/truusk-vaxthus-blomsterstege-4-hyllor-morkgron-89x28x107-cm-perfekt-for-vaxter\/","title":{"rendered":"TRUUSK V\u00e4xthus Blomsterstege &#8211; 4 Hyllor &#8211; M\u00f6rkgr\u00f6n &#8211; 89x28x107 cm &#8211; Perfekt f\u00f6r v\u00e4xter"},"content":{"rendered":"<p>Blomsterst\u00e4llet \u00e4r ett riktigt blickf\u00e5ng som f\u00e5r vilken inredning som helst att gl\u00e4nsa. Dess anv\u00e4ndningsomr\u00e5den \u00e4r o\u00e4ndliga eftersom den kan visa samlarf\u00f6rem\u00e5l, blommor, b\u00f6cker, v\u00e4xter, foton, etc. Detta v\u00e4xtst\u00e4ll \u00e4r ett idealiskt f\u00f6rvaringsutrymme f\u00f6r din t\u00e4ckta uteplats, balkong, d\u00e4ck eller n\u00e5got annat utrymme. Konstruktionen av st\u00e5l och massivt tr\u00e4 \u00e4r en garanti f\u00f6r robusthet och livsl\u00e4ngd.<\/p>\n<h3>Beskrivning:<\/h3>\n<ul>\n<li>Den fyra v\u00e5ningar h\u00f6ga v\u00e4xtmontern erbjuder fyra utst\u00e4llningsytor<\/li>\n<li>Stabil st\u00e5lkonstruktion<\/li>\n<li>Blomsterhylla f\u00f6r inne och ute<\/li>\n<li>Blomstrappa i modern design<\/li>\n<li>Montering kr\u00e4vs<\/li>\n<\/ul>\n<h3>Teknisk data:<\/h3>\n<ul>\n<li>F\u00e4rg: m\u00f6rkgr\u00f6n<\/li>\n<li>Material: st\u00e5l<\/li>\n<li>\u00d6vergripande m\u00e5tt: 89L x 28W x 107H cm<\/li>\n<li>Hyllstorlek: 89L x 22W x 32,5H cm<\/li>\n<li>Hyllh\u00f6jd till golv: 107 cm, 73 cm, 39,5 cm, 5 cm (nedifr\u00e5n och upp)<\/li>\n<li>Max belastning: 10 kg<\/li>\n<\/ul>\n<h3>Leveransens omfattning:<\/h3>\n<ul>\n<li>1 x Blomsterst\u00e4ll<\/li>\n<li>1 x manuell<\/li>\n<\/ul>\n","protected":false},"excerpt":{"rendered":"<p>Blomsterst\u00e4llet \u00e4r ett riktigt blickf\u00e5ng som f\u00e5r vilken inredning som helst att gl\u00e4nsa. Dess anv\u00e4ndningsomr\u00e5den \u00e4r o\u00e4ndliga eftersom den kan&#8230;<\/p>\n","protected":false},"featured_media":52044,"template":"","meta":[],"product_brand":[],"product_cat":[448,733,435,443],"product_tag":[],"class_list":{"0":"post-52043","1":"product","2":"type-product","3":"status-publish","4":"has-post-thumbnail","6":"product_cat-plantera-trappor-hyllor","7":"product_cat-planttrappa","8":"product_cat-tradgard-och-terrass","9":"product_cat-vaxthus-tradgardsskotsel","11":"first","12":"instock","13":"sale","14":"taxable","15":"shipping-taxable","16":"purchasable","17":"product-type-simple"},"yoast_head":"<!-- This site is optimized with the Yoast SEO plugin v25.4 - https:\/\/yoast.com\/wordpress\/plugins\/seo\/ -->\n<title>TRUUSK V\u00e4xthus Blomsterstege - 4 Hyllor - M\u00f6rkgr\u00f6n - 89x28x107 cm - Perfekt f\u00f6r v\u00e4xter - TRUUSK - Hem, Tr\u00e4dg\u00e5rd &amp; Fritid<\/title>\n<meta name=\"robots\" content=\"index, follow, max-snippet:-1, max-image-preview:large, max-video-preview:-1\" \/>\n<link rel=\"canonical\" href=\"https:\/\/truusk.store\/sv\/produkt\/truusk-vaxthus-blomsterstege-4-hyllor-morkgron-89x28x107-cm-perfekt-for-vaxter\/\" \/>\n<meta property=\"og:locale\" content=\"sv_SE\" \/>\n<meta property=\"og:type\" content=\"article\" \/>\n<meta property=\"og:title\" content=\"TRUUSK V\u00e4xthus Blomsterstege - 4 Hyllor - M\u00f6rkgr\u00f6n - 89x28x107 cm - Perfekt f\u00f6r v\u00e4xter - TRUUSK - Hem, Tr\u00e4dg\u00e5rd &amp; Fritid\" \/>\n<meta property=\"og:description\" content=\"Blomsterst\u00e4llet \u00e4r ett riktigt blickf\u00e5ng som f\u00e5r vilken inredning som helst att gl\u00e4nsa. Dess anv\u00e4ndningsomr\u00e5den \u00e4r o\u00e4ndliga eftersom den kan...\" \/>\n<meta property=\"og:url\" content=\"https:\/\/truusk.store\/sv\/produkt\/truusk-vaxthus-blomsterstege-4-hyllor-morkgron-89x28x107-cm-perfekt-for-vaxter\/\" \/>\n<meta property=\"og:site_name\" content=\"TRUUSK - Hem, Tr\u00e4dg\u00e5rd &amp; Fritid\" \/>\n<meta property=\"article:modified_time\" content=\"2026-03-12T08:36:08+00:00\" \/>\n<meta property=\"og:image\" content=\"https:\/\/i0.wp.com\/truusk.se\/wp-content\/uploads\/2024\/03\/vaxthylla-blomtrappa-vaxttrappa-4-hyllor-89-cm-x-28-cm-x-107-cm-morkgron.webp?fit=800%2C800&ssl=1\" \/>\n\t<meta property=\"og:image:width\" content=\"800\" \/>\n\t<meta property=\"og:image:height\" content=\"800\" \/>\n\t<meta property=\"og:image:type\" content=\"image\/webp\" \/>\n<meta name=\"twitter:card\" content=\"summary_large_image\" \/>\n<meta name=\"twitter:label1\" content=\"Ber\u00e4knad l\u00e4stid\" \/>\n\t<meta name=\"twitter:data1\" content=\"1 minut\" \/>\n<!-- \/ Yoast SEO plugin. -->","yoast_head_json":{"title":"TRUUSK V\u00e4xthus Blomsterstege - 4 Hyllor - M\u00f6rkgr\u00f6n - 89x28x107 cm - Perfekt f\u00f6r v\u00e4xter - TRUUSK - Hem, Tr\u00e4dg\u00e5rd &amp; Fritid","robots":{"index":"index","follow":"follow","max-snippet":"max-snippet:-1","max-image-preview":"max-image-preview:large","max-video-preview":"max-video-preview:-1"},"canonical":"https:\/\/truusk.store\/sv\/produkt\/truusk-vaxthus-blomsterstege-4-hyllor-morkgron-89x28x107-cm-perfekt-for-vaxter\/","og_locale":"sv_SE","og_type":"article","og_title":"TRUUSK V\u00e4xthus Blomsterstege - 4 Hyllor - M\u00f6rkgr\u00f6n - 89x28x107 cm - Perfekt f\u00f6r v\u00e4xter - TRUUSK - Hem, Tr\u00e4dg\u00e5rd &amp; Fritid","og_description":"Blomsterst\u00e4llet \u00e4r ett riktigt blickf\u00e5ng som f\u00e5r vilken inredning som helst att gl\u00e4nsa. Dess anv\u00e4ndningsomr\u00e5den \u00e4r o\u00e4ndliga eftersom den kan...","og_url":"https:\/\/truusk.store\/sv\/produkt\/truusk-vaxthus-blomsterstege-4-hyllor-morkgron-89x28x107-cm-perfekt-for-vaxter\/","og_site_name":"TRUUSK - Hem, Tr\u00e4dg\u00e5rd &amp; Fritid","article_modified_time":"2026-03-12T08:36:08+00:00","og_image":[{"width":800,"height":800,"url":"https:\/\/i0.wp.com\/truusk.se\/wp-content\/uploads\/2024\/03\/vaxthylla-blomtrappa-vaxttrappa-4-hyllor-89-cm-x-28-cm-x-107-cm-morkgron.webp?fit=800%2C800&ssl=1","type":"image\/webp"}],"twitter_card":"summary_large_image","twitter_misc":{"Ber\u00e4knad l\u00e4stid":"1 minut"},"schema":{"@context":"https:\/\/schema.org","@graph":[{"@type":"WebPage","@id":"https:\/\/truusk.store\/sv\/produkt\/truusk-vaxthus-blomsterstege-4-hyllor-morkgron-89x28x107-cm-perfekt-for-vaxter\/","url":"https:\/\/truusk.store\/sv\/produkt\/truusk-vaxthus-blomsterstege-4-hyllor-morkgron-89x28x107-cm-perfekt-for-vaxter\/","name":"TRUUSK V\u00e4xthus Blomsterstege - 4 Hyllor - M\u00f6rkgr\u00f6n - 89x28x107 cm - Perfekt f\u00f6r v\u00e4xter - TRUUSK - Hem, Tr\u00e4dg\u00e5rd &amp; Fritid","isPartOf":{"@id":"https:\/\/truusk.store\/sv\/#website"},"primaryImageOfPage":{"@id":"https:\/\/truusk.store\/sv\/produkt\/truusk-vaxthus-blomsterstege-4-hyllor-morkgron-89x28x107-cm-perfekt-for-vaxter\/#primaryimage"},"image":{"@id":"https:\/\/truusk.store\/sv\/produkt\/truusk-vaxthus-blomsterstege-4-hyllor-morkgron-89x28x107-cm-perfekt-for-vaxter\/#primaryimage"},"thumbnailUrl":"https:\/\/i0.wp.com\/truusk.store\/wp-content\/uploads\/2024\/03\/vaxthylla-blomtrappa-vaxttrappa-4-hyllor-89-cm-x-28-cm-x-107-cm-morkgron.webp?fit=800%2C800&ssl=1","datePublished":"2024-03-08T10:40:10+00:00","dateModified":"2026-03-12T08:36:08+00:00","breadcrumb":{"@id":"https:\/\/truusk.store\/sv\/produkt\/truusk-vaxthus-blomsterstege-4-hyllor-morkgron-89x28x107-cm-perfekt-for-vaxter\/#breadcrumb"},"inLanguage":"sv-SE","potentialAction":[{"@type":"ReadAction","target":["https:\/\/truusk.store\/sv\/produkt\/truusk-vaxthus-blomsterstege-4-hyllor-morkgron-89x28x107-cm-perfekt-for-vaxter\/"]}]},{"@type":"ImageObject","inLanguage":"sv-SE","@id":"https:\/\/truusk.store\/sv\/produkt\/truusk-vaxthus-blomsterstege-4-hyllor-morkgron-89x28x107-cm-perfekt-for-vaxter\/#primaryimage","url":"https:\/\/i0.wp.com\/truusk.store\/wp-content\/uploads\/2024\/03\/vaxthylla-blomtrappa-vaxttrappa-4-hyllor-89-cm-x-28-cm-x-107-cm-morkgron.webp?fit=800%2C800&ssl=1","contentUrl":"https:\/\/i0.wp.com\/truusk.store\/wp-content\/uploads\/2024\/03\/vaxthylla-blomtrappa-vaxttrappa-4-hyllor-89-cm-x-28-cm-x-107-cm-morkgron.webp?fit=800%2C800&ssl=1","width":800,"height":800,"caption":"V\u00e4xthylla Blomtrappa V\u00e4xttrappa, 4 Hyllor, 89 Cm X 28 Cm X 107 Cm, M\u00f6rkgr\u00f6n 1"},{"@type":"BreadcrumbList","@id":"https:\/\/truusk.store\/sv\/produkt\/truusk-vaxthus-blomsterstege-4-hyllor-morkgron-89x28x107-cm-perfekt-for-vaxter\/#breadcrumb","itemListElement":[{"@type":"ListItem","position":1,"name":"Home","item":"https:\/\/truusk.store\/sv\/"},{"@type":"ListItem","position":2,"name":"Shop","item":"https:\/\/truusk.store\/shop\/"},{"@type":"ListItem","position":3,"name":"TRUUSK V\u00e4xthus Blomsterstege &#8211; 4 Hyllor &#8211; M\u00f6rkgr\u00f6n &#8211; 89x28x107 cm &#8211; Perfekt f\u00f6r v\u00e4xter"}]},{"@type":"WebSite","@id":"https:\/\/truusk.store\/sv\/#website","url":"https:\/\/truusk.store\/sv\/","name":"TRUUSK - Hem, Tr\u00e4dg\u00e5rd & Fritid","description":"","publisher":{"@id":"https:\/\/truusk.store\/sv\/#organization"},"potentialAction":[{"@type":"SearchAction","target":{"@type":"EntryPoint","urlTemplate":"https:\/\/truusk.store\/sv\/?s={search_term_string}"},"query-input":{"@type":"PropertyValueSpecification","valueRequired":true,"valueName":"search_term_string"}}],"inLanguage":"sv-SE"},{"@type":"Organization","@id":"https:\/\/truusk.store\/sv\/#organization","name":"TRUUSK - Hem, Tr\u00e4dg\u00e5rd & Fritid","url":"https:\/\/truusk.store\/sv\/","logo":{"@type":"ImageObject","inLanguage":"sv-SE","@id":"https:\/\/truusk.store\/sv\/#\/schema\/logo\/image\/","url":"https:\/\/i0.wp.com\/truusk.store\/wp-content\/uploads\/2026\/03\/cropped-TRUUSK.png?fit=2032%2C917&ssl=1","contentUrl":"https:\/\/i0.wp.com\/truusk.store\/wp-content\/uploads\/2026\/03\/cropped-TRUUSK.png?fit=2032%2C917&ssl=1","width":2032,"height":917,"caption":"TRUUSK - Hem, Tr\u00e4dg\u00e5rd & Fritid"},"image":{"@id":"https:\/\/truusk.store\/sv\/#\/schema\/logo\/image\/"}}]}},"jetpack_sharing_enabled":true,"_links":{"self":[{"href":"https:\/\/truusk.store\/sv\/wp-json\/wp\/v2\/product\/52043","targetHints":{"allow":["GET"]}}],"collection":[{"href":"https:\/\/truusk.store\/sv\/wp-json\/wp\/v2\/product"}],"about":[{"href":"https:\/\/truusk.store\/sv\/wp-json\/wp\/v2\/types\/product"}],"wp:featuredmedia":[{"embeddable":true,"href":"https:\/\/truusk.store\/sv\/wp-json\/wp\/v2\/media\/52044"}],"wp:attachment":[{"href":"https:\/\/truusk.store\/sv\/wp-json\/wp\/v2\/media?parent=52043"}],"wp:term":[{"taxonomy":"product_brand","embeddable":true,"href":"https:\/\/truusk.store\/sv\/wp-json\/wp\/v2\/product_brand?post=52043"},{"taxonomy":"product_cat","embeddable":true,"href":"https:\/\/truusk.store\/sv\/wp-json\/wp\/v2\/product_cat?post=52043"},{"taxonomy":"product_tag","embeddable":true,"href":"https:\/\/truusk.store\/sv\/wp-json\/wp\/v2\/product_tag?post=52043"}],"curies":[{"name":"wp","href":"https:\/\/api.w.org\/{rel}","templated":true}]}}