{"id":52054,"date":"2024-03-08T11:50:10","date_gmt":"2024-03-08T10:50:10","guid":{"rendered":"https:\/\/truusk.store\/product\/tradgardstalt-med-solcellsdrivna-lysdioder-tradgardstalt-med-belysning-336-cm-x-336-cm-x-270-cm-gratt\/"},"modified":"2026-03-12T09:33:18","modified_gmt":"2026-03-12T08:33:18","slug":"truusk-tradgardstalt-med-solcellsdrivna-lysdioder-belysning-336x336x270-cm-gratt","status":"publish","type":"product","link":"https:\/\/truusk.store\/sv\/produkt\/truusk-tradgardstalt-med-solcellsdrivna-lysdioder-belysning-336x336x270-cm-gratt\/","title":{"rendered":"TRUUSK Tr\u00e4dg\u00e5rdst\u00e4lt Med Solcellsdrivna Lysdioder &#8211; Belysning &#8211; 336x336x270 cm &#8211; Gr\u00e5tt"},"content":{"rendered":"<p>Med tr\u00e4dg\u00e5rdspaviljongen blir din utomhusoas verklighet! Eftersom den drivs med solenergi sparar den p\u00e5 elkostnaderna. H\u00e5ll dig sval och skyddad fr\u00e5n v\u00e4der och vind med det avtagbara n\u00e4tet som h\u00e5ller irriterande insekter borta. Med sina h\u00f6jdjusterbara f\u00f6tter erbjuder detta lusthus olika h\u00f6jdalternativ. Denna popup-paviljong garanterar of\u00f6rgl\u00f6mliga sammankomster under den str\u00e5lande solen eller glittrande stj\u00e4rnor!<\/p>\n<h3>Beskrivning:<\/h3>\n<ul>\n<li>Soldrivna LED-lampor p\u00e5 \u00f6lt\u00e4ltet ger 6 timmars ljus efter full laddning<\/li>\n<li>En fj\u00e4rrkontroll f\u00f6r p\u00e5\/av, ljusstyrka och l\u00e4gen<\/li>\n<li>Den vikbara designen g\u00f6r att lampan kan monteras och demonteras p\u00e5 n\u00e5gra minuter utan verktyg<\/li>\n<li>Utrustad med en praktisk transportv\u00e4ska<\/li>\n<li>Pulverlackerad st\u00e5lram med 8 markankare och 4 viktfickor f\u00f6r stabilitet<\/li>\n<li>Ger skugga f\u00f6r 6-9 personer med tillr\u00e4ckligt med utrymme<\/li>\n<li>90g Oxford-tyg med silverbel\u00e4ggning f\u00f6r h\u00e5llbarhet och UV-best\u00e4ndighet<\/li>\n<li>Luftcirkulationen och vindmotst\u00e5ndet f\u00f6rb\u00e4ttras av den dubbla takkonstruktionen<\/li>\n<\/ul>\n<h3>Teknisk data:<\/h3>\n<ul>\n<li>F\u00e4rg gr\u00e5<\/li>\n<li>Material: St\u00e5l, Oxford-tyg<\/li>\n<li>\u00d6vergripande m\u00e5tt: 336L x 336W x 250-270H cm<\/li>\n<li>Takfotsh\u00f6jd: 180-200 cm<\/li>\n<li>St\u00e5ngavst\u00e5nd: 290L x 290W cm<\/li>\n<li>Vikbar storlek: 25L x 25W x 132H cm<\/li>\n<li>Vikt v\u00e4ska info: Sand: 13kg per styck, vatten: 10kg per styck<\/li>\n<li>LED-ljus: antal: 20, effekt: 0,2W, drifttid: 10000h<\/li>\n<li>Laddningstid: 8 timmar<\/li>\n<li>Drifttid: 6 timmar<\/li>\n<li>Obs: F\u00f6r att s\u00e4kerst\u00e4lla en l\u00e5ng livsl\u00e4ngd f\u00f6r lusthuset rekommenderar vi att det inte st\u00e4lls upp i d\u00e5ligt v\u00e4der<\/li>\n<\/ul>\n<h3>Leveransens omfattning:<\/h3>\n<ul>\n<li>1 x lusthus<\/li>\n<li>8 x markspetsar<\/li>\n<li>1 x B\u00e4rv\u00e4ska<\/li>\n<li>1 x manuell<\/li>\n<\/ul>\n","protected":false},"excerpt":{"rendered":"<p>Med tr\u00e4dg\u00e5rdspaviljongen blir din utomhusoas verklighet! Eftersom den drivs med solenergi sparar den p\u00e5 elkostnaderna. H\u00e5ll dig sval och skyddad&#8230;<\/p>\n","protected":false},"featured_media":52055,"template":"","meta":[],"product_brand":[],"product_cat":[477,435,476],"product_tag":[],"class_list":{"0":"post-52054","1":"product","2":"type-product","3":"status-publish","4":"has-post-thumbnail","6":"product_cat-paviljonger-partytalt","7":"product_cat-tradgard-och-terrass","8":"product_cat-tradgardspaviljonger","10":"first","11":"instock","12":"sale","13":"taxable","14":"shipping-taxable","15":"purchasable","16":"product-type-simple"},"yoast_head":"<!-- This site is optimized with the Yoast SEO plugin v25.4 - https:\/\/yoast.com\/wordpress\/plugins\/seo\/ -->\n<title>TRUUSK Tr\u00e4dg\u00e5rdst\u00e4lt Med Solcellsdrivna Lysdioder - Belysning - 336x336x270 cm - Gr\u00e5tt - TRUUSK - Hem, Tr\u00e4dg\u00e5rd &amp; Fritid<\/title>\n<meta name=\"robots\" content=\"index, follow, max-snippet:-1, max-image-preview:large, max-video-preview:-1\" \/>\n<link rel=\"canonical\" href=\"https:\/\/truusk.store\/sv\/produkt\/truusk-tradgardstalt-med-solcellsdrivna-lysdioder-belysning-336x336x270-cm-gratt\/\" \/>\n<meta property=\"og:locale\" content=\"sv_SE\" \/>\n<meta property=\"og:type\" content=\"article\" \/>\n<meta property=\"og:title\" content=\"TRUUSK Tr\u00e4dg\u00e5rdst\u00e4lt Med Solcellsdrivna Lysdioder - Belysning - 336x336x270 cm - Gr\u00e5tt - TRUUSK - Hem, Tr\u00e4dg\u00e5rd &amp; Fritid\" \/>\n<meta property=\"og:description\" content=\"Med tr\u00e4dg\u00e5rdspaviljongen blir din utomhusoas verklighet! Eftersom den drivs med solenergi sparar den p\u00e5 elkostnaderna. H\u00e5ll dig sval och skyddad...\" \/>\n<meta property=\"og:url\" content=\"https:\/\/truusk.store\/sv\/produkt\/truusk-tradgardstalt-med-solcellsdrivna-lysdioder-belysning-336x336x270-cm-gratt\/\" \/>\n<meta property=\"og:site_name\" content=\"TRUUSK - Hem, Tr\u00e4dg\u00e5rd &amp; Fritid\" \/>\n<meta property=\"article:modified_time\" content=\"2026-03-12T08:33:18+00:00\" \/>\n<meta property=\"og:image\" content=\"https:\/\/i0.wp.com\/truusk.se\/wp-content\/uploads\/2024\/03\/tradgardstalt-med-solcellsdrivna-lysdioder-tradgardstalt-med-belysning-336-cm-x-336-cm-x-270-cm-gratt.webp?fit=800%2C800&ssl=1\" \/>\n\t<meta property=\"og:image:width\" content=\"800\" \/>\n\t<meta property=\"og:image:height\" content=\"800\" \/>\n\t<meta property=\"og:image:type\" content=\"image\/webp\" \/>\n<meta name=\"twitter:card\" content=\"summary_large_image\" \/>\n<meta name=\"twitter:label1\" content=\"Ber\u00e4knad l\u00e4stid\" \/>\n\t<meta name=\"twitter:data1\" content=\"1 minut\" \/>\n<!-- \/ Yoast SEO plugin. -->","yoast_head_json":{"title":"TRUUSK Tr\u00e4dg\u00e5rdst\u00e4lt Med Solcellsdrivna Lysdioder - Belysning - 336x336x270 cm - Gr\u00e5tt - TRUUSK - Hem, Tr\u00e4dg\u00e5rd &amp; Fritid","robots":{"index":"index","follow":"follow","max-snippet":"max-snippet:-1","max-image-preview":"max-image-preview:large","max-video-preview":"max-video-preview:-1"},"canonical":"https:\/\/truusk.store\/sv\/produkt\/truusk-tradgardstalt-med-solcellsdrivna-lysdioder-belysning-336x336x270-cm-gratt\/","og_locale":"sv_SE","og_type":"article","og_title":"TRUUSK Tr\u00e4dg\u00e5rdst\u00e4lt Med Solcellsdrivna Lysdioder - Belysning - 336x336x270 cm - Gr\u00e5tt - TRUUSK - Hem, Tr\u00e4dg\u00e5rd &amp; Fritid","og_description":"Med tr\u00e4dg\u00e5rdspaviljongen blir din utomhusoas verklighet! Eftersom den drivs med solenergi sparar den p\u00e5 elkostnaderna. H\u00e5ll dig sval och skyddad...","og_url":"https:\/\/truusk.store\/sv\/produkt\/truusk-tradgardstalt-med-solcellsdrivna-lysdioder-belysning-336x336x270-cm-gratt\/","og_site_name":"TRUUSK - Hem, Tr\u00e4dg\u00e5rd &amp; Fritid","article_modified_time":"2026-03-12T08:33:18+00:00","og_image":[{"width":800,"height":800,"url":"https:\/\/i0.wp.com\/truusk.se\/wp-content\/uploads\/2024\/03\/tradgardstalt-med-solcellsdrivna-lysdioder-tradgardstalt-med-belysning-336-cm-x-336-cm-x-270-cm-gratt.webp?fit=800%2C800&ssl=1","type":"image\/webp"}],"twitter_card":"summary_large_image","twitter_misc":{"Ber\u00e4knad l\u00e4stid":"1 minut"},"schema":{"@context":"https:\/\/schema.org","@graph":[{"@type":"WebPage","@id":"https:\/\/truusk.store\/sv\/produkt\/truusk-tradgardstalt-med-solcellsdrivna-lysdioder-belysning-336x336x270-cm-gratt\/","url":"https:\/\/truusk.store\/sv\/produkt\/truusk-tradgardstalt-med-solcellsdrivna-lysdioder-belysning-336x336x270-cm-gratt\/","name":"TRUUSK Tr\u00e4dg\u00e5rdst\u00e4lt Med Solcellsdrivna Lysdioder - Belysning - 336x336x270 cm - Gr\u00e5tt - TRUUSK - Hem, Tr\u00e4dg\u00e5rd &amp; Fritid","isPartOf":{"@id":"https:\/\/truusk.store\/sv\/#website"},"primaryImageOfPage":{"@id":"https:\/\/truusk.store\/sv\/produkt\/truusk-tradgardstalt-med-solcellsdrivna-lysdioder-belysning-336x336x270-cm-gratt\/#primaryimage"},"image":{"@id":"https:\/\/truusk.store\/sv\/produkt\/truusk-tradgardstalt-med-solcellsdrivna-lysdioder-belysning-336x336x270-cm-gratt\/#primaryimage"},"thumbnailUrl":"https:\/\/i0.wp.com\/truusk.store\/wp-content\/uploads\/2024\/03\/tradgardstalt-med-solcellsdrivna-lysdioder-tradgardstalt-med-belysning-336-cm-x-336-cm-x-270-cm-gratt.webp?fit=800%2C800&ssl=1","datePublished":"2024-03-08T10:50:10+00:00","dateModified":"2026-03-12T08:33:18+00:00","breadcrumb":{"@id":"https:\/\/truusk.store\/sv\/produkt\/truusk-tradgardstalt-med-solcellsdrivna-lysdioder-belysning-336x336x270-cm-gratt\/#breadcrumb"},"inLanguage":"sv-SE","potentialAction":[{"@type":"ReadAction","target":["https:\/\/truusk.store\/sv\/produkt\/truusk-tradgardstalt-med-solcellsdrivna-lysdioder-belysning-336x336x270-cm-gratt\/"]}]},{"@type":"ImageObject","inLanguage":"sv-SE","@id":"https:\/\/truusk.store\/sv\/produkt\/truusk-tradgardstalt-med-solcellsdrivna-lysdioder-belysning-336x336x270-cm-gratt\/#primaryimage","url":"https:\/\/i0.wp.com\/truusk.store\/wp-content\/uploads\/2024\/03\/tradgardstalt-med-solcellsdrivna-lysdioder-tradgardstalt-med-belysning-336-cm-x-336-cm-x-270-cm-gratt.webp?fit=800%2C800&ssl=1","contentUrl":"https:\/\/i0.wp.com\/truusk.store\/wp-content\/uploads\/2024\/03\/tradgardstalt-med-solcellsdrivna-lysdioder-tradgardstalt-med-belysning-336-cm-x-336-cm-x-270-cm-gratt.webp?fit=800%2C800&ssl=1","width":800,"height":800,"caption":"Tr\u00e4dg\u00e5rdst\u00e4lt Med Solcellsdrivna Lysdioder Tr\u00e4dg\u00e5rdst\u00e4lt Med Belysning, 336 Cm X 336 Cm X 270 Cm, Gr\u00e5tt 1"},{"@type":"BreadcrumbList","@id":"https:\/\/truusk.store\/sv\/produkt\/truusk-tradgardstalt-med-solcellsdrivna-lysdioder-belysning-336x336x270-cm-gratt\/#breadcrumb","itemListElement":[{"@type":"ListItem","position":1,"name":"Home","item":"https:\/\/truusk.store\/sv\/"},{"@type":"ListItem","position":2,"name":"Shop","item":"https:\/\/truusk.store\/shop\/"},{"@type":"ListItem","position":3,"name":"TRUUSK Tr\u00e4dg\u00e5rdst\u00e4lt Med Solcellsdrivna Lysdioder &#8211; Belysning &#8211; 336x336x270 cm &#8211; Gr\u00e5tt"}]},{"@type":"WebSite","@id":"https:\/\/truusk.store\/sv\/#website","url":"https:\/\/truusk.store\/sv\/","name":"TRUUSK - Hem, Tr\u00e4dg\u00e5rd & Fritid","description":"","publisher":{"@id":"https:\/\/truusk.store\/sv\/#organization"},"potentialAction":[{"@type":"SearchAction","target":{"@type":"EntryPoint","urlTemplate":"https:\/\/truusk.store\/sv\/?s={search_term_string}"},"query-input":{"@type":"PropertyValueSpecification","valueRequired":true,"valueName":"search_term_string"}}],"inLanguage":"sv-SE"},{"@type":"Organization","@id":"https:\/\/truusk.store\/sv\/#organization","name":"TRUUSK - Hem, Tr\u00e4dg\u00e5rd & Fritid","url":"https:\/\/truusk.store\/sv\/","logo":{"@type":"ImageObject","inLanguage":"sv-SE","@id":"https:\/\/truusk.store\/sv\/#\/schema\/logo\/image\/","url":"https:\/\/i0.wp.com\/truusk.store\/wp-content\/uploads\/2026\/03\/cropped-TRUUSK.png?fit=2032%2C917&ssl=1","contentUrl":"https:\/\/i0.wp.com\/truusk.store\/wp-content\/uploads\/2026\/03\/cropped-TRUUSK.png?fit=2032%2C917&ssl=1","width":2032,"height":917,"caption":"TRUUSK - Hem, Tr\u00e4dg\u00e5rd & Fritid"},"image":{"@id":"https:\/\/truusk.store\/sv\/#\/schema\/logo\/image\/"}}]}},"jetpack_sharing_enabled":true,"_links":{"self":[{"href":"https:\/\/truusk.store\/sv\/wp-json\/wp\/v2\/product\/52054","targetHints":{"allow":["GET"]}}],"collection":[{"href":"https:\/\/truusk.store\/sv\/wp-json\/wp\/v2\/product"}],"about":[{"href":"https:\/\/truusk.store\/sv\/wp-json\/wp\/v2\/types\/product"}],"wp:featuredmedia":[{"embeddable":true,"href":"https:\/\/truusk.store\/sv\/wp-json\/wp\/v2\/media\/52055"}],"wp:attachment":[{"href":"https:\/\/truusk.store\/sv\/wp-json\/wp\/v2\/media?parent=52054"}],"wp:term":[{"taxonomy":"product_brand","embeddable":true,"href":"https:\/\/truusk.store\/sv\/wp-json\/wp\/v2\/product_brand?post=52054"},{"taxonomy":"product_cat","embeddable":true,"href":"https:\/\/truusk.store\/sv\/wp-json\/wp\/v2\/product_cat?post=52054"},{"taxonomy":"product_tag","embeddable":true,"href":"https:\/\/truusk.store\/sv\/wp-json\/wp\/v2\/product_tag?post=52054"}],"curies":[{"name":"wp","href":"https:\/\/api.w.org\/{rel}","templated":true}]}}