{"id":52065,"date":"2024-03-08T12:00:09","date_gmt":"2024-03-08T11:00:09","guid":{"rendered":"https:\/\/truusk.store\/product\/spegelskap-badrumsskap-badrumsskap-8-fack-spegeldorrar-vattentat-66-cm-x-17-cm-x-63-cm-vit\/"},"modified":"2026-03-12T09:36:39","modified_gmt":"2026-03-12T08:36:39","slug":"truusk-badrumsskap-med-spegeldorrar-8-fack-vattentat-66x17x63-cm-vit","status":"publish","type":"product","link":"https:\/\/truusk.store\/sv\/produkt\/truusk-badrumsskap-med-spegeldorrar-8-fack-vattentat-66x17x63-cm-vit\/","title":{"rendered":"TRUUSK Badrumssk\u00e5p med Spegeld\u00f6rrar &#8211; 8 Fack &#8211; Vattent\u00e4t &#8211; 66x17x63 cm &#8211; Vit"},"content":{"rendered":"<p>Badrumssk\u00e5pet har plats f\u00f6r en m\u00e4ngd olika redskap f\u00f6r personlig v\u00e5rd. H\u00e4ngsk\u00e5pet har tv\u00e5 fack bakom spegeld\u00f6rren. Det finns sex \u00f6ppna hyllor p\u00e5 sidorna. Den \u00e4r tillverkad av robust MDF-skiva och har en vattenavvisande vit finish. Ett silverknappshandtag \u00e4r en vacker detalj p\u00e5 detta enkla och funktionella badrumsspegelsk\u00e5p.<\/p>\n<h3>Beskrivning:<\/h3>\n<ul>\n<li>Badrumssk\u00e5p med spegeld\u00f6rr och \u00e5tta fack<\/li>\n<li>Designad i en enkel, funktionell stil<\/li>\n<li>2 hyllor och 6 \u00f6ppna hyllor p\u00e5 sidorna<\/li>\n<li>D\u00f6rren till spegelsk\u00e5pet \u00f6ppnas med en silverf\u00e4rgad knapp<\/li>\n<li>Enkel konstruktion<\/li>\n<\/ul>\n<h3>Teknisk data:<\/h3>\n<ul>\n<li>Material: MDF, glas<\/li>\n<li>F\u00e4rg vit<\/li>\n<li>Totala m\u00e5tt: 66W x D17 x 63H cm<\/li>\n<li>M\u00e5tt p\u00e5 sidohyllorna: 15W x 16D x 19,5H cm<\/li>\n<li>M\u00e5tt p\u00e5 hyllorna bakom luckan: 32W x 14,5D x 29,5H cm<\/li>\n<li>Spegelstorlek: 22,5W x 51H cm<\/li>\n<li>Lastkapacitet: 10 kg (\u00f6versta hyllan), 5 kg (per hylla)<\/li>\n<\/ul>\n<h3>Leveransens omfattning:<\/h3>\n<ul>\n<li>1 x V\u00e4ggsk\u00e5p<\/li>\n<li>1 x Monteringsanvisning<\/li>\n<\/ul>\n","protected":false},"excerpt":{"rendered":"<p>Badrumssk\u00e5pet har plats f\u00f6r en m\u00e4ngd olika redskap f\u00f6r personlig v\u00e5rd. H\u00e4ngsk\u00e5pet har tv\u00e5 fack bakom spegeld\u00f6rren. Det finns sex&#8230;<\/p>\n","protected":false},"featured_media":52066,"template":"","meta":[],"product_brand":[],"product_cat":[535,485,528],"product_tag":[],"class_list":{"0":"post-52065","1":"product","2":"type-product","3":"status-publish","4":"has-post-thumbnail","6":"product_cat-badrumsskap","7":"product_cat-hus-bo","8":"product_cat-skap-byraer","10":"first","11":"instock","12":"sale","13":"taxable","14":"shipping-taxable","15":"purchasable","16":"product-type-simple"},"yoast_head":"<!-- This site is optimized with the Yoast SEO plugin v25.4 - https:\/\/yoast.com\/wordpress\/plugins\/seo\/ -->\n<title>TRUUSK Badrumssk\u00e5p med Spegeld\u00f6rrar - 8 Fack - Vattent\u00e4t - 66x17x63 cm - Vit - TRUUSK - Hem, Tr\u00e4dg\u00e5rd &amp; Fritid<\/title>\n<meta name=\"robots\" content=\"index, follow, max-snippet:-1, max-image-preview:large, max-video-preview:-1\" \/>\n<link rel=\"canonical\" href=\"https:\/\/truusk.store\/sv\/produkt\/truusk-badrumsskap-med-spegeldorrar-8-fack-vattentat-66x17x63-cm-vit\/\" \/>\n<meta property=\"og:locale\" content=\"sv_SE\" \/>\n<meta property=\"og:type\" content=\"article\" \/>\n<meta property=\"og:title\" content=\"TRUUSK Badrumssk\u00e5p med Spegeld\u00f6rrar - 8 Fack - Vattent\u00e4t - 66x17x63 cm - Vit - TRUUSK - Hem, Tr\u00e4dg\u00e5rd &amp; Fritid\" \/>\n<meta property=\"og:description\" content=\"Badrumssk\u00e5pet har plats f\u00f6r en m\u00e4ngd olika redskap f\u00f6r personlig v\u00e5rd. H\u00e4ngsk\u00e5pet har tv\u00e5 fack bakom spegeld\u00f6rren. Det finns sex...\" \/>\n<meta property=\"og:url\" content=\"https:\/\/truusk.store\/sv\/produkt\/truusk-badrumsskap-med-spegeldorrar-8-fack-vattentat-66x17x63-cm-vit\/\" \/>\n<meta property=\"og:site_name\" content=\"TRUUSK - Hem, Tr\u00e4dg\u00e5rd &amp; Fritid\" \/>\n<meta property=\"article:modified_time\" content=\"2026-03-12T08:36:39+00:00\" \/>\n<meta property=\"og:image\" content=\"https:\/\/i0.wp.com\/truusk.se\/wp-content\/uploads\/2024\/03\/spegelskap-badrumsskap-badrumsskap-8-fack-spegeldorrar-vattentat-66-cm-x-17-cm-x-63-cm-vit.webp?fit=800%2C800&ssl=1\" \/>\n\t<meta property=\"og:image:width\" content=\"800\" \/>\n\t<meta property=\"og:image:height\" content=\"800\" \/>\n\t<meta property=\"og:image:type\" content=\"image\/webp\" \/>\n<meta name=\"twitter:card\" content=\"summary_large_image\" \/>\n<meta name=\"twitter:label1\" content=\"Ber\u00e4knad l\u00e4stid\" \/>\n\t<meta name=\"twitter:data1\" content=\"1 minut\" \/>\n<!-- \/ Yoast SEO plugin. -->","yoast_head_json":{"title":"TRUUSK Badrumssk\u00e5p med Spegeld\u00f6rrar - 8 Fack - Vattent\u00e4t - 66x17x63 cm - Vit - TRUUSK - Hem, Tr\u00e4dg\u00e5rd &amp; Fritid","robots":{"index":"index","follow":"follow","max-snippet":"max-snippet:-1","max-image-preview":"max-image-preview:large","max-video-preview":"max-video-preview:-1"},"canonical":"https:\/\/truusk.store\/sv\/produkt\/truusk-badrumsskap-med-spegeldorrar-8-fack-vattentat-66x17x63-cm-vit\/","og_locale":"sv_SE","og_type":"article","og_title":"TRUUSK Badrumssk\u00e5p med Spegeld\u00f6rrar - 8 Fack - Vattent\u00e4t - 66x17x63 cm - Vit - TRUUSK - Hem, Tr\u00e4dg\u00e5rd &amp; Fritid","og_description":"Badrumssk\u00e5pet har plats f\u00f6r en m\u00e4ngd olika redskap f\u00f6r personlig v\u00e5rd. H\u00e4ngsk\u00e5pet har tv\u00e5 fack bakom spegeld\u00f6rren. Det finns sex...","og_url":"https:\/\/truusk.store\/sv\/produkt\/truusk-badrumsskap-med-spegeldorrar-8-fack-vattentat-66x17x63-cm-vit\/","og_site_name":"TRUUSK - Hem, Tr\u00e4dg\u00e5rd &amp; Fritid","article_modified_time":"2026-03-12T08:36:39+00:00","og_image":[{"width":800,"height":800,"url":"https:\/\/i0.wp.com\/truusk.se\/wp-content\/uploads\/2024\/03\/spegelskap-badrumsskap-badrumsskap-8-fack-spegeldorrar-vattentat-66-cm-x-17-cm-x-63-cm-vit.webp?fit=800%2C800&ssl=1","type":"image\/webp"}],"twitter_card":"summary_large_image","twitter_misc":{"Ber\u00e4knad l\u00e4stid":"1 minut"},"schema":{"@context":"https:\/\/schema.org","@graph":[{"@type":"WebPage","@id":"https:\/\/truusk.store\/sv\/produkt\/truusk-badrumsskap-med-spegeldorrar-8-fack-vattentat-66x17x63-cm-vit\/","url":"https:\/\/truusk.store\/sv\/produkt\/truusk-badrumsskap-med-spegeldorrar-8-fack-vattentat-66x17x63-cm-vit\/","name":"TRUUSK Badrumssk\u00e5p med Spegeld\u00f6rrar - 8 Fack - Vattent\u00e4t - 66x17x63 cm - Vit - TRUUSK - Hem, Tr\u00e4dg\u00e5rd &amp; Fritid","isPartOf":{"@id":"https:\/\/truusk.store\/sv\/#website"},"primaryImageOfPage":{"@id":"https:\/\/truusk.store\/sv\/produkt\/truusk-badrumsskap-med-spegeldorrar-8-fack-vattentat-66x17x63-cm-vit\/#primaryimage"},"image":{"@id":"https:\/\/truusk.store\/sv\/produkt\/truusk-badrumsskap-med-spegeldorrar-8-fack-vattentat-66x17x63-cm-vit\/#primaryimage"},"thumbnailUrl":"https:\/\/i0.wp.com\/truusk.store\/wp-content\/uploads\/2024\/03\/spegelskap-badrumsskap-badrumsskap-8-fack-spegeldorrar-vattentat-66-cm-x-17-cm-x-63-cm-vit.webp?fit=800%2C800&ssl=1","datePublished":"2024-03-08T11:00:09+00:00","dateModified":"2026-03-12T08:36:39+00:00","breadcrumb":{"@id":"https:\/\/truusk.store\/sv\/produkt\/truusk-badrumsskap-med-spegeldorrar-8-fack-vattentat-66x17x63-cm-vit\/#breadcrumb"},"inLanguage":"sv-SE","potentialAction":[{"@type":"ReadAction","target":["https:\/\/truusk.store\/sv\/produkt\/truusk-badrumsskap-med-spegeldorrar-8-fack-vattentat-66x17x63-cm-vit\/"]}]},{"@type":"ImageObject","inLanguage":"sv-SE","@id":"https:\/\/truusk.store\/sv\/produkt\/truusk-badrumsskap-med-spegeldorrar-8-fack-vattentat-66x17x63-cm-vit\/#primaryimage","url":"https:\/\/i0.wp.com\/truusk.store\/wp-content\/uploads\/2024\/03\/spegelskap-badrumsskap-badrumsskap-8-fack-spegeldorrar-vattentat-66-cm-x-17-cm-x-63-cm-vit.webp?fit=800%2C800&ssl=1","contentUrl":"https:\/\/i0.wp.com\/truusk.store\/wp-content\/uploads\/2024\/03\/spegelskap-badrumsskap-badrumsskap-8-fack-spegeldorrar-vattentat-66-cm-x-17-cm-x-63-cm-vit.webp?fit=800%2C800&ssl=1","width":800,"height":800,"caption":"Spegelsk\u00e5p Badrumssk\u00e5p Badrumssk\u00e5p, 8 Fack, Spegeld\u00f6rrar, Vattent\u00e4t, 66 Cm X 17 Cm X 63 Cm, Vit 1"},{"@type":"BreadcrumbList","@id":"https:\/\/truusk.store\/sv\/produkt\/truusk-badrumsskap-med-spegeldorrar-8-fack-vattentat-66x17x63-cm-vit\/#breadcrumb","itemListElement":[{"@type":"ListItem","position":1,"name":"Home","item":"https:\/\/truusk.store\/sv\/"},{"@type":"ListItem","position":2,"name":"Shop","item":"https:\/\/truusk.store\/shop\/"},{"@type":"ListItem","position":3,"name":"TRUUSK Badrumssk\u00e5p med Spegeld\u00f6rrar &#8211; 8 Fack &#8211; Vattent\u00e4t &#8211; 66x17x63 cm &#8211; Vit"}]},{"@type":"WebSite","@id":"https:\/\/truusk.store\/sv\/#website","url":"https:\/\/truusk.store\/sv\/","name":"TRUUSK - Hem, Tr\u00e4dg\u00e5rd & Fritid","description":"","publisher":{"@id":"https:\/\/truusk.store\/sv\/#organization"},"potentialAction":[{"@type":"SearchAction","target":{"@type":"EntryPoint","urlTemplate":"https:\/\/truusk.store\/sv\/?s={search_term_string}"},"query-input":{"@type":"PropertyValueSpecification","valueRequired":true,"valueName":"search_term_string"}}],"inLanguage":"sv-SE"},{"@type":"Organization","@id":"https:\/\/truusk.store\/sv\/#organization","name":"TRUUSK - Hem, Tr\u00e4dg\u00e5rd & Fritid","url":"https:\/\/truusk.store\/sv\/","logo":{"@type":"ImageObject","inLanguage":"sv-SE","@id":"https:\/\/truusk.store\/sv\/#\/schema\/logo\/image\/","url":"https:\/\/i0.wp.com\/truusk.store\/wp-content\/uploads\/2026\/03\/cropped-TRUUSK.png?fit=2032%2C917&ssl=1","contentUrl":"https:\/\/i0.wp.com\/truusk.store\/wp-content\/uploads\/2026\/03\/cropped-TRUUSK.png?fit=2032%2C917&ssl=1","width":2032,"height":917,"caption":"TRUUSK - Hem, Tr\u00e4dg\u00e5rd & Fritid"},"image":{"@id":"https:\/\/truusk.store\/sv\/#\/schema\/logo\/image\/"}}]}},"jetpack_sharing_enabled":true,"_links":{"self":[{"href":"https:\/\/truusk.store\/sv\/wp-json\/wp\/v2\/product\/52065","targetHints":{"allow":["GET"]}}],"collection":[{"href":"https:\/\/truusk.store\/sv\/wp-json\/wp\/v2\/product"}],"about":[{"href":"https:\/\/truusk.store\/sv\/wp-json\/wp\/v2\/types\/product"}],"wp:featuredmedia":[{"embeddable":true,"href":"https:\/\/truusk.store\/sv\/wp-json\/wp\/v2\/media\/52066"}],"wp:attachment":[{"href":"https:\/\/truusk.store\/sv\/wp-json\/wp\/v2\/media?parent=52065"}],"wp:term":[{"taxonomy":"product_brand","embeddable":true,"href":"https:\/\/truusk.store\/sv\/wp-json\/wp\/v2\/product_brand?post=52065"},{"taxonomy":"product_cat","embeddable":true,"href":"https:\/\/truusk.store\/sv\/wp-json\/wp\/v2\/product_cat?post=52065"},{"taxonomy":"product_tag","embeddable":true,"href":"https:\/\/truusk.store\/sv\/wp-json\/wp\/v2\/product_tag?post=52065"}],"curies":[{"name":"wp","href":"https:\/\/api.w.org\/{rel}","templated":true}]}}