{"id":52149,"date":"2024-03-21T03:10:09","date_gmt":"2024-03-21T02:10:09","guid":{"rendered":"https:\/\/truusk.store\/product\/hundkoja-hundkoja-i-tra-xxl-100-cm-x-655-cm-x-68-cm-brun-gron\/"},"modified":"2026-03-12T09:37:06","modified_gmt":"2026-03-12T08:37:06","slug":"truusk-hundkoja-xxl-i-tra-storlek-100-cm-x-655-cm-x-68-cm-brun-och-gron","status":"publish","type":"product","link":"https:\/\/truusk.store\/sv\/produkt\/truusk-hundkoja-xxl-i-tra-storlek-100-cm-x-655-cm-x-68-cm-brun-och-gron\/","title":{"rendered":"TRUUSK Hundkoja XXL i Tr\u00e4 &#8211; Storlek 100 cm x 65,5 cm x 68 cm &#8211; Brun och Gr\u00f6n"},"content":{"rendered":"<p>Din hund kommer definitivt att gilla detta stora hundhus. Det \u00f6ppningsbara taket l\u00e5ter dig klappa din hund och ge honom ett ben. Materialen som l\u00e4mpar sig f\u00f6r utomhusbruk garanterar en kvalitet som t\u00e5l regnet, samtidigt som kojans design \u00e4r vacker att se p\u00e5. Detta eleganta, funktionella hundhus \u00e4r en tillg\u00e5ng f\u00f6r din tr\u00e4dg\u00e5rd.<\/p>\n<h3>Beskrivning:<\/h3>\n<ul>\n<li>Stort och rymligt f\u00f6r en bekv\u00e4m vistelse<\/li>\n<li>Basen \u00e4r uppdelad i 3 delar och kan tas bort f\u00f6r enkel reng\u00f6ring<\/li>\n<li>Specialbehandlad grantr\u00e4stomme med f\u00e4llbart asfalttak f\u00f6r att klara v\u00e4derf\u00f6rh\u00e5llandena<\/li>\n<li>Upph\u00f6jt golv skyddar mot fuktigt gr\u00e4s och h\u00e5ller dina hundar borta fr\u00e5n insekter och fukt<\/li>\n<li>Justerbara f\u00f6tter h\u00e5ller huset stabilt \u00e4ven p\u00e5 oj\u00e4mnt underlag<\/li>\n<li>Ett attraktivt tillskott till din tr\u00e4dg\u00e5rd, uteplats eller andra utomhusomr\u00e5den<\/li>\n<li>L\u00e4mplig f\u00f6r stora hundar som v\u00e4ger upp till 30 kg och en kroppsl\u00e4ngd p\u00e5 h\u00f6gst 60 cm<\/li>\n<li>Montering kr\u00e4vs<\/li>\n<\/ul>\n<h3>Teknisk data:<\/h3>\n<ul>\n<li>F\u00e4rgen orange<\/li>\n<li>Material: gran<\/li>\n<li>\u00d6vergripande m\u00e5tt: 100L x 65,5W x 68H cm<\/li>\n<li>Huvudv\u00e4skans storlek: 93W x 59D x 58H cm<\/li>\n<li>Innerm\u00e5tt: 90W x 53D x 54H cm<\/li>\n<li>D\u00f6rrstorlek: 32W x 43,5D cm<\/li>\n<li>Benh\u00f6jd: 8 cm<\/li>\n<\/ul>\n<h3>Leveransens omfattning:<\/h3>\n<ul>\n<li>1 x hundhus<\/li>\n<li>1 x manuell<\/li>\n<\/ul>\n","protected":false},"excerpt":{"rendered":"<p>Din hund kommer definitivt att gilla detta stora hundhus. Det \u00f6ppningsbara taket l\u00e5ter dig klappa din hund och ge honom&#8230;<\/p>\n","protected":false},"featured_media":52150,"template":"","meta":[],"product_brand":[],"product_cat":[584,574,573],"product_tag":[],"class_list":{"0":"post-52149","1":"product","2":"type-product","3":"status-publish","4":"has-post-thumbnail","6":"product_cat-hundkojor","7":"product_cat-hundtillbehor","8":"product_cat-husdjursmaterial","10":"first","11":"instock","12":"sale","13":"taxable","14":"shipping-taxable","15":"purchasable","16":"product-type-simple"},"yoast_head":"<!-- This site is optimized with the Yoast SEO plugin v25.4 - https:\/\/yoast.com\/wordpress\/plugins\/seo\/ -->\n<title>TRUUSK Hundkoja XXL i Tr\u00e4 - Storlek 100 cm x 65,5 cm x 68 cm - Brun och Gr\u00f6n - TRUUSK - Hem, Tr\u00e4dg\u00e5rd &amp; Fritid<\/title>\n<meta name=\"robots\" content=\"index, follow, max-snippet:-1, max-image-preview:large, max-video-preview:-1\" \/>\n<link rel=\"canonical\" href=\"https:\/\/truusk.store\/sv\/produkt\/truusk-hundkoja-xxl-i-tra-storlek-100-cm-x-655-cm-x-68-cm-brun-och-gron\/\" \/>\n<meta property=\"og:locale\" content=\"sv_SE\" \/>\n<meta property=\"og:type\" content=\"article\" \/>\n<meta property=\"og:title\" content=\"TRUUSK Hundkoja XXL i Tr\u00e4 - Storlek 100 cm x 65,5 cm x 68 cm - Brun och Gr\u00f6n - TRUUSK - Hem, Tr\u00e4dg\u00e5rd &amp; Fritid\" \/>\n<meta property=\"og:description\" content=\"Din hund kommer definitivt att gilla detta stora hundhus. Det \u00f6ppningsbara taket l\u00e5ter dig klappa din hund och ge honom...\" \/>\n<meta property=\"og:url\" content=\"https:\/\/truusk.store\/sv\/produkt\/truusk-hundkoja-xxl-i-tra-storlek-100-cm-x-655-cm-x-68-cm-brun-och-gron\/\" \/>\n<meta property=\"og:site_name\" content=\"TRUUSK - Hem, Tr\u00e4dg\u00e5rd &amp; Fritid\" \/>\n<meta property=\"article:modified_time\" content=\"2026-03-12T08:37:06+00:00\" \/>\n<meta property=\"og:image\" content=\"https:\/\/i0.wp.com\/truusk.se\/wp-content\/uploads\/2024\/03\/hundkoja-hundkoja-i-tra-xxl-100-cm-x-655-cm-x-68-cm-brun-gron.webp?fit=800%2C800&ssl=1\" \/>\n\t<meta property=\"og:image:width\" content=\"800\" \/>\n\t<meta property=\"og:image:height\" content=\"800\" \/>\n\t<meta property=\"og:image:type\" content=\"image\/webp\" \/>\n<meta name=\"twitter:card\" content=\"summary_large_image\" \/>\n<meta name=\"twitter:label1\" content=\"Ber\u00e4knad l\u00e4stid\" \/>\n\t<meta name=\"twitter:data1\" content=\"1 minut\" \/>\n<!-- \/ Yoast SEO plugin. -->","yoast_head_json":{"title":"TRUUSK Hundkoja XXL i Tr\u00e4 - Storlek 100 cm x 65,5 cm x 68 cm - Brun och Gr\u00f6n - TRUUSK - Hem, Tr\u00e4dg\u00e5rd &amp; Fritid","robots":{"index":"index","follow":"follow","max-snippet":"max-snippet:-1","max-image-preview":"max-image-preview:large","max-video-preview":"max-video-preview:-1"},"canonical":"https:\/\/truusk.store\/sv\/produkt\/truusk-hundkoja-xxl-i-tra-storlek-100-cm-x-655-cm-x-68-cm-brun-och-gron\/","og_locale":"sv_SE","og_type":"article","og_title":"TRUUSK Hundkoja XXL i Tr\u00e4 - Storlek 100 cm x 65,5 cm x 68 cm - Brun och Gr\u00f6n - TRUUSK - Hem, Tr\u00e4dg\u00e5rd &amp; Fritid","og_description":"Din hund kommer definitivt att gilla detta stora hundhus. Det \u00f6ppningsbara taket l\u00e5ter dig klappa din hund och ge honom...","og_url":"https:\/\/truusk.store\/sv\/produkt\/truusk-hundkoja-xxl-i-tra-storlek-100-cm-x-655-cm-x-68-cm-brun-och-gron\/","og_site_name":"TRUUSK - Hem, Tr\u00e4dg\u00e5rd &amp; Fritid","article_modified_time":"2026-03-12T08:37:06+00:00","og_image":[{"width":800,"height":800,"url":"https:\/\/i0.wp.com\/truusk.se\/wp-content\/uploads\/2024\/03\/hundkoja-hundkoja-i-tra-xxl-100-cm-x-655-cm-x-68-cm-brun-gron.webp?fit=800%2C800&ssl=1","type":"image\/webp"}],"twitter_card":"summary_large_image","twitter_misc":{"Ber\u00e4knad l\u00e4stid":"1 minut"},"schema":{"@context":"https:\/\/schema.org","@graph":[{"@type":"WebPage","@id":"https:\/\/truusk.store\/sv\/produkt\/truusk-hundkoja-xxl-i-tra-storlek-100-cm-x-655-cm-x-68-cm-brun-och-gron\/","url":"https:\/\/truusk.store\/sv\/produkt\/truusk-hundkoja-xxl-i-tra-storlek-100-cm-x-655-cm-x-68-cm-brun-och-gron\/","name":"TRUUSK Hundkoja XXL i Tr\u00e4 - Storlek 100 cm x 65,5 cm x 68 cm - Brun och Gr\u00f6n - TRUUSK - Hem, Tr\u00e4dg\u00e5rd &amp; Fritid","isPartOf":{"@id":"https:\/\/truusk.store\/sv\/#website"},"primaryImageOfPage":{"@id":"https:\/\/truusk.store\/sv\/produkt\/truusk-hundkoja-xxl-i-tra-storlek-100-cm-x-655-cm-x-68-cm-brun-och-gron\/#primaryimage"},"image":{"@id":"https:\/\/truusk.store\/sv\/produkt\/truusk-hundkoja-xxl-i-tra-storlek-100-cm-x-655-cm-x-68-cm-brun-och-gron\/#primaryimage"},"thumbnailUrl":"https:\/\/i0.wp.com\/truusk.store\/wp-content\/uploads\/2024\/03\/hundkoja-hundkoja-i-tra-xxl-100-cm-x-655-cm-x-68-cm-brun-gron.webp?fit=800%2C800&ssl=1","datePublished":"2024-03-21T02:10:09+00:00","dateModified":"2026-03-12T08:37:06+00:00","breadcrumb":{"@id":"https:\/\/truusk.store\/sv\/produkt\/truusk-hundkoja-xxl-i-tra-storlek-100-cm-x-655-cm-x-68-cm-brun-och-gron\/#breadcrumb"},"inLanguage":"sv-SE","potentialAction":[{"@type":"ReadAction","target":["https:\/\/truusk.store\/sv\/produkt\/truusk-hundkoja-xxl-i-tra-storlek-100-cm-x-655-cm-x-68-cm-brun-och-gron\/"]}]},{"@type":"ImageObject","inLanguage":"sv-SE","@id":"https:\/\/truusk.store\/sv\/produkt\/truusk-hundkoja-xxl-i-tra-storlek-100-cm-x-655-cm-x-68-cm-brun-och-gron\/#primaryimage","url":"https:\/\/i0.wp.com\/truusk.store\/wp-content\/uploads\/2024\/03\/hundkoja-hundkoja-i-tra-xxl-100-cm-x-655-cm-x-68-cm-brun-gron.webp?fit=800%2C800&ssl=1","contentUrl":"https:\/\/i0.wp.com\/truusk.store\/wp-content\/uploads\/2024\/03\/hundkoja-hundkoja-i-tra-xxl-100-cm-x-655-cm-x-68-cm-brun-gron.webp?fit=800%2C800&ssl=1","width":800,"height":800,"caption":"Hundkoja Hundkoja I Tr\u00e4 XXL, 100 Cm X 65,5 Cm X 68 Cm, Brun + Gr\u00f6n 1"},{"@type":"BreadcrumbList","@id":"https:\/\/truusk.store\/sv\/produkt\/truusk-hundkoja-xxl-i-tra-storlek-100-cm-x-655-cm-x-68-cm-brun-och-gron\/#breadcrumb","itemListElement":[{"@type":"ListItem","position":1,"name":"Home","item":"https:\/\/truusk.store\/sv\/"},{"@type":"ListItem","position":2,"name":"Shop","item":"https:\/\/truusk.store\/shop\/"},{"@type":"ListItem","position":3,"name":"TRUUSK Hundkoja XXL i Tr\u00e4 &#8211; Storlek 100 cm x 65,5 cm x 68 cm &#8211; Brun och Gr\u00f6n"}]},{"@type":"WebSite","@id":"https:\/\/truusk.store\/sv\/#website","url":"https:\/\/truusk.store\/sv\/","name":"TRUUSK - Hem, Tr\u00e4dg\u00e5rd & Fritid","description":"","publisher":{"@id":"https:\/\/truusk.store\/sv\/#organization"},"potentialAction":[{"@type":"SearchAction","target":{"@type":"EntryPoint","urlTemplate":"https:\/\/truusk.store\/sv\/?s={search_term_string}"},"query-input":{"@type":"PropertyValueSpecification","valueRequired":true,"valueName":"search_term_string"}}],"inLanguage":"sv-SE"},{"@type":"Organization","@id":"https:\/\/truusk.store\/sv\/#organization","name":"TRUUSK - Hem, Tr\u00e4dg\u00e5rd & Fritid","url":"https:\/\/truusk.store\/sv\/","logo":{"@type":"ImageObject","inLanguage":"sv-SE","@id":"https:\/\/truusk.store\/sv\/#\/schema\/logo\/image\/","url":"https:\/\/i0.wp.com\/truusk.store\/wp-content\/uploads\/2026\/03\/cropped-TRUUSK.png?fit=2032%2C917&ssl=1","contentUrl":"https:\/\/i0.wp.com\/truusk.store\/wp-content\/uploads\/2026\/03\/cropped-TRUUSK.png?fit=2032%2C917&ssl=1","width":2032,"height":917,"caption":"TRUUSK - Hem, Tr\u00e4dg\u00e5rd & Fritid"},"image":{"@id":"https:\/\/truusk.store\/sv\/#\/schema\/logo\/image\/"}}]}},"jetpack_sharing_enabled":true,"_links":{"self":[{"href":"https:\/\/truusk.store\/sv\/wp-json\/wp\/v2\/product\/52149","targetHints":{"allow":["GET"]}}],"collection":[{"href":"https:\/\/truusk.store\/sv\/wp-json\/wp\/v2\/product"}],"about":[{"href":"https:\/\/truusk.store\/sv\/wp-json\/wp\/v2\/types\/product"}],"wp:featuredmedia":[{"embeddable":true,"href":"https:\/\/truusk.store\/sv\/wp-json\/wp\/v2\/media\/52150"}],"wp:attachment":[{"href":"https:\/\/truusk.store\/sv\/wp-json\/wp\/v2\/media?parent=52149"}],"wp:term":[{"taxonomy":"product_brand","embeddable":true,"href":"https:\/\/truusk.store\/sv\/wp-json\/wp\/v2\/product_brand?post=52149"},{"taxonomy":"product_cat","embeddable":true,"href":"https:\/\/truusk.store\/sv\/wp-json\/wp\/v2\/product_cat?post=52149"},{"taxonomy":"product_tag","embeddable":true,"href":"https:\/\/truusk.store\/sv\/wp-json\/wp\/v2\/product_tag?post=52149"}],"curies":[{"name":"wp","href":"https:\/\/api.w.org\/{rel}","templated":true}]}}