{"id":52171,"date":"2024-03-21T03:30:09","date_gmt":"2024-03-21T02:30:09","guid":{"rendered":"https:\/\/truusk.store\/product\/smadjurshus-for-gnagare-vaderbestandig-2-golvbrickor-123-x-63-x-112-cm-orange\/"},"modified":"2026-03-12T09:37:24","modified_gmt":"2026-03-12T08:37:24","slug":"truusk-smadjurshus-for-gnagare-vaderbestandig-2-golvbrickor-123-x-63-x-112-cm-orange","status":"publish","type":"product","link":"https:\/\/truusk.store\/sv\/produkt\/truusk-smadjurshus-for-gnagare-vaderbestandig-2-golvbrickor-123-x-63-x-112-cm-orange\/","title":{"rendered":"TRUUSK Sm\u00e5djurshus f\u00f6r Gnagare &#8211; V\u00e4derbest\u00e4ndig &#8211; 2 Golvbrickor &#8211; 123 x 63 x 112 cm &#8211; Orange"},"content":{"rendered":"<p>Huvudhuset och g\u00e5rden i denna kaninhydda \u00e4r mycket rymlig och erbjuder gott om utrymme f\u00f6r att hoppa b\u00e5de p\u00e5 \u00f6verv\u00e5ningen och nere. Ge dina djur den stora friheten de beh\u00f6ver f\u00f6r att springa och leka. L\u00e5t buren bli en plats att r\u00f6ra p\u00e5 och sl\u00e4pp ut \u00e5nga. Ett stort stall inneb\u00e4r ett lyckligt hem f\u00f6r dina sm\u00e5djur.<\/p>\n<h3>Beskrivning:<\/h3>\n<ul>\n<li>En vattenavvisande f\u00e4rg och ett bitumentak skyddar mot regnvatten och v\u00e4der och vind<\/li>\n<li>Skydda ditt hem och dina djur med s\u00e4ker och h\u00e4lsosam f\u00e4rg<\/li>\n<li>Skugga i hela stallomr\u00e5det f\u00f6r en svalare milj\u00f6 fr\u00e5n sol och h\u00f6ga temperaturer<\/li>\n<li>Stark st\u00e5ltr\u00e5d ger skydd utomhus<\/li>\n<li>Huvudhuset erbjuder en bekv\u00e4m och rymlig plats f\u00f6r djuren i skuggan<\/li>\n<li>Flera ing\u00e5ngar f\u00f6r enkel \u00e5tkomst<\/li>\n<li>2 avtagbara brickor, l\u00e4tta att reng\u00f6ra<\/li>\n<li>L\u00e4mplig f\u00f6r 2 kaniner<\/li>\n<\/ul>\n<h3>Teknisk data:<\/h3>\n<ul>\n<li>F\u00e4rgen orange<\/li>\n<li>Material: gran, st\u00e5l<\/li>\n<li>\u00d6vergripande m\u00e5tt: 123L x 63W x 112H cm<\/li>\n<li>Huvudhus: 70L x 60W x 51,5H cm (v\u00e4nster), 50L x 60W x 51,5H cm (h\u00f6ger)<\/li>\n<li>Lekhage: 51H x 120L x 60W cm<\/li>\n<li>D\u00f6rr: 41,5W x 40H cm (\u00f6vre tr\u00e4d\u00f6rr), 45W x 21H cm (\u00f6vre st\u00e5ltr\u00e5dsd\u00f6rr), 70W x 21H cm (nedre st\u00e5ltr\u00e5dsd\u00f6rr)<\/li>\n<li>Ramp: 71,8L x 15,7W cm<\/li>\n<li>Bricka: 114L x 58W cm<\/li>\n<li>Yta: 0,27 (huvudhuset), 0,44 (uttagsbox)<\/li>\n<\/ul>\n<h3>Leveransens omfattning:<\/h3>\n<ul>\n<li>1 x kaninbur<\/li>\n<li>1 x manuell<\/li>\n<\/ul>\n","protected":false},"excerpt":{"rendered":"<p>Huvudhuset och g\u00e5rden i denna kaninhydda \u00e4r mycket rymlig och erbjuder gott om utrymme f\u00f6r att hoppa b\u00e5de p\u00e5 \u00f6verv\u00e5ningen&#8230;<\/p>\n","protected":false},"featured_media":52172,"template":"","meta":[],"product_brand":[],"product_cat":[573,598,597],"product_tag":[],"class_list":{"0":"post-52171","1":"product","2":"type-product","3":"status-publish","4":"has-post-thumbnail","6":"product_cat-husdjursmaterial","7":"product_cat-sma-djurstallar","8":"product_cat-sma-djurtillbehor","10":"first","11":"instock","12":"sale","13":"taxable","14":"shipping-taxable","15":"purchasable","16":"product-type-simple"},"yoast_head":"<!-- This site is optimized with the Yoast SEO plugin v25.4 - https:\/\/yoast.com\/wordpress\/plugins\/seo\/ -->\n<title>TRUUSK Sm\u00e5djurshus f\u00f6r Gnagare - V\u00e4derbest\u00e4ndig - 2 Golvbrickor - 123 x 63 x 112 cm - Orange - TRUUSK - Hem, Tr\u00e4dg\u00e5rd &amp; Fritid<\/title>\n<meta name=\"robots\" content=\"index, follow, max-snippet:-1, max-image-preview:large, max-video-preview:-1\" \/>\n<link rel=\"canonical\" href=\"https:\/\/truusk.store\/sv\/produkt\/truusk-smadjurshus-for-gnagare-vaderbestandig-2-golvbrickor-123-x-63-x-112-cm-orange\/\" \/>\n<meta property=\"og:locale\" content=\"sv_SE\" \/>\n<meta property=\"og:type\" content=\"article\" \/>\n<meta property=\"og:title\" content=\"TRUUSK Sm\u00e5djurshus f\u00f6r Gnagare - V\u00e4derbest\u00e4ndig - 2 Golvbrickor - 123 x 63 x 112 cm - Orange - TRUUSK - Hem, Tr\u00e4dg\u00e5rd &amp; Fritid\" \/>\n<meta property=\"og:description\" content=\"Huvudhuset och g\u00e5rden i denna kaninhydda \u00e4r mycket rymlig och erbjuder gott om utrymme f\u00f6r att hoppa b\u00e5de p\u00e5 \u00f6verv\u00e5ningen...\" \/>\n<meta property=\"og:url\" content=\"https:\/\/truusk.store\/sv\/produkt\/truusk-smadjurshus-for-gnagare-vaderbestandig-2-golvbrickor-123-x-63-x-112-cm-orange\/\" \/>\n<meta property=\"og:site_name\" content=\"TRUUSK - Hem, Tr\u00e4dg\u00e5rd &amp; Fritid\" \/>\n<meta property=\"article:modified_time\" content=\"2026-03-12T08:37:24+00:00\" \/>\n<meta property=\"og:image\" content=\"https:\/\/i0.wp.com\/truusk.se\/wp-content\/uploads\/2024\/03\/smadjurshus-for-gnagare-vaderbestandig-2-golvbrickor-123-x-63-x-112-cm-orange.webp?fit=800%2C800&ssl=1\" \/>\n\t<meta property=\"og:image:width\" content=\"800\" \/>\n\t<meta property=\"og:image:height\" content=\"800\" \/>\n\t<meta property=\"og:image:type\" content=\"image\/webp\" \/>\n<meta name=\"twitter:card\" content=\"summary_large_image\" \/>\n<meta name=\"twitter:label1\" content=\"Ber\u00e4knad l\u00e4stid\" \/>\n\t<meta name=\"twitter:data1\" content=\"1 minut\" \/>\n<!-- \/ Yoast SEO plugin. -->","yoast_head_json":{"title":"TRUUSK Sm\u00e5djurshus f\u00f6r Gnagare - V\u00e4derbest\u00e4ndig - 2 Golvbrickor - 123 x 63 x 112 cm - Orange - TRUUSK - Hem, Tr\u00e4dg\u00e5rd &amp; Fritid","robots":{"index":"index","follow":"follow","max-snippet":"max-snippet:-1","max-image-preview":"max-image-preview:large","max-video-preview":"max-video-preview:-1"},"canonical":"https:\/\/truusk.store\/sv\/produkt\/truusk-smadjurshus-for-gnagare-vaderbestandig-2-golvbrickor-123-x-63-x-112-cm-orange\/","og_locale":"sv_SE","og_type":"article","og_title":"TRUUSK Sm\u00e5djurshus f\u00f6r Gnagare - V\u00e4derbest\u00e4ndig - 2 Golvbrickor - 123 x 63 x 112 cm - Orange - TRUUSK - Hem, Tr\u00e4dg\u00e5rd &amp; Fritid","og_description":"Huvudhuset och g\u00e5rden i denna kaninhydda \u00e4r mycket rymlig och erbjuder gott om utrymme f\u00f6r att hoppa b\u00e5de p\u00e5 \u00f6verv\u00e5ningen...","og_url":"https:\/\/truusk.store\/sv\/produkt\/truusk-smadjurshus-for-gnagare-vaderbestandig-2-golvbrickor-123-x-63-x-112-cm-orange\/","og_site_name":"TRUUSK - Hem, Tr\u00e4dg\u00e5rd &amp; Fritid","article_modified_time":"2026-03-12T08:37:24+00:00","og_image":[{"width":800,"height":800,"url":"https:\/\/i0.wp.com\/truusk.se\/wp-content\/uploads\/2024\/03\/smadjurshus-for-gnagare-vaderbestandig-2-golvbrickor-123-x-63-x-112-cm-orange.webp?fit=800%2C800&ssl=1","type":"image\/webp"}],"twitter_card":"summary_large_image","twitter_misc":{"Ber\u00e4knad l\u00e4stid":"1 minut"},"schema":{"@context":"https:\/\/schema.org","@graph":[{"@type":"WebPage","@id":"https:\/\/truusk.store\/sv\/produkt\/truusk-smadjurshus-for-gnagare-vaderbestandig-2-golvbrickor-123-x-63-x-112-cm-orange\/","url":"https:\/\/truusk.store\/sv\/produkt\/truusk-smadjurshus-for-gnagare-vaderbestandig-2-golvbrickor-123-x-63-x-112-cm-orange\/","name":"TRUUSK Sm\u00e5djurshus f\u00f6r Gnagare - V\u00e4derbest\u00e4ndig - 2 Golvbrickor - 123 x 63 x 112 cm - Orange - TRUUSK - Hem, Tr\u00e4dg\u00e5rd &amp; Fritid","isPartOf":{"@id":"https:\/\/truusk.store\/sv\/#website"},"primaryImageOfPage":{"@id":"https:\/\/truusk.store\/sv\/produkt\/truusk-smadjurshus-for-gnagare-vaderbestandig-2-golvbrickor-123-x-63-x-112-cm-orange\/#primaryimage"},"image":{"@id":"https:\/\/truusk.store\/sv\/produkt\/truusk-smadjurshus-for-gnagare-vaderbestandig-2-golvbrickor-123-x-63-x-112-cm-orange\/#primaryimage"},"thumbnailUrl":"https:\/\/i0.wp.com\/truusk.store\/wp-content\/uploads\/2024\/03\/smadjurshus-for-gnagare-vaderbestandig-2-golvbrickor-123-x-63-x-112-cm-orange.webp?fit=800%2C800&ssl=1","datePublished":"2024-03-21T02:30:09+00:00","dateModified":"2026-03-12T08:37:24+00:00","breadcrumb":{"@id":"https:\/\/truusk.store\/sv\/produkt\/truusk-smadjurshus-for-gnagare-vaderbestandig-2-golvbrickor-123-x-63-x-112-cm-orange\/#breadcrumb"},"inLanguage":"sv-SE","potentialAction":[{"@type":"ReadAction","target":["https:\/\/truusk.store\/sv\/produkt\/truusk-smadjurshus-for-gnagare-vaderbestandig-2-golvbrickor-123-x-63-x-112-cm-orange\/"]}]},{"@type":"ImageObject","inLanguage":"sv-SE","@id":"https:\/\/truusk.store\/sv\/produkt\/truusk-smadjurshus-for-gnagare-vaderbestandig-2-golvbrickor-123-x-63-x-112-cm-orange\/#primaryimage","url":"https:\/\/i0.wp.com\/truusk.store\/wp-content\/uploads\/2024\/03\/smadjurshus-for-gnagare-vaderbestandig-2-golvbrickor-123-x-63-x-112-cm-orange.webp?fit=800%2C800&ssl=1","contentUrl":"https:\/\/i0.wp.com\/truusk.store\/wp-content\/uploads\/2024\/03\/smadjurshus-for-gnagare-vaderbestandig-2-golvbrickor-123-x-63-x-112-cm-orange.webp?fit=800%2C800&ssl=1","width":800,"height":800,"caption":"Sm\u00e5djurshus F\u00f6r Gnagare, V\u00e4derbest\u00e4ndig, 2 Golvbrickor, 123 X 63 X 112 Cm, Orange 1"},{"@type":"BreadcrumbList","@id":"https:\/\/truusk.store\/sv\/produkt\/truusk-smadjurshus-for-gnagare-vaderbestandig-2-golvbrickor-123-x-63-x-112-cm-orange\/#breadcrumb","itemListElement":[{"@type":"ListItem","position":1,"name":"Home","item":"https:\/\/truusk.store\/sv\/"},{"@type":"ListItem","position":2,"name":"Shop","item":"https:\/\/truusk.store\/shop\/"},{"@type":"ListItem","position":3,"name":"TRUUSK Sm\u00e5djurshus f\u00f6r Gnagare &#8211; V\u00e4derbest\u00e4ndig &#8211; 2 Golvbrickor &#8211; 123 x 63 x 112 cm &#8211; Orange"}]},{"@type":"WebSite","@id":"https:\/\/truusk.store\/sv\/#website","url":"https:\/\/truusk.store\/sv\/","name":"TRUUSK - Hem, Tr\u00e4dg\u00e5rd & Fritid","description":"","publisher":{"@id":"https:\/\/truusk.store\/sv\/#organization"},"potentialAction":[{"@type":"SearchAction","target":{"@type":"EntryPoint","urlTemplate":"https:\/\/truusk.store\/sv\/?s={search_term_string}"},"query-input":{"@type":"PropertyValueSpecification","valueRequired":true,"valueName":"search_term_string"}}],"inLanguage":"sv-SE"},{"@type":"Organization","@id":"https:\/\/truusk.store\/sv\/#organization","name":"TRUUSK - Hem, Tr\u00e4dg\u00e5rd & Fritid","url":"https:\/\/truusk.store\/sv\/","logo":{"@type":"ImageObject","inLanguage":"sv-SE","@id":"https:\/\/truusk.store\/sv\/#\/schema\/logo\/image\/","url":"https:\/\/i0.wp.com\/truusk.store\/wp-content\/uploads\/2026\/03\/cropped-TRUUSK.png?fit=2032%2C917&ssl=1","contentUrl":"https:\/\/i0.wp.com\/truusk.store\/wp-content\/uploads\/2026\/03\/cropped-TRUUSK.png?fit=2032%2C917&ssl=1","width":2032,"height":917,"caption":"TRUUSK - Hem, Tr\u00e4dg\u00e5rd & Fritid"},"image":{"@id":"https:\/\/truusk.store\/sv\/#\/schema\/logo\/image\/"}}]}},"jetpack_sharing_enabled":true,"_links":{"self":[{"href":"https:\/\/truusk.store\/sv\/wp-json\/wp\/v2\/product\/52171","targetHints":{"allow":["GET"]}}],"collection":[{"href":"https:\/\/truusk.store\/sv\/wp-json\/wp\/v2\/product"}],"about":[{"href":"https:\/\/truusk.store\/sv\/wp-json\/wp\/v2\/types\/product"}],"wp:featuredmedia":[{"embeddable":true,"href":"https:\/\/truusk.store\/sv\/wp-json\/wp\/v2\/media\/52172"}],"wp:attachment":[{"href":"https:\/\/truusk.store\/sv\/wp-json\/wp\/v2\/media?parent=52171"}],"wp:term":[{"taxonomy":"product_brand","embeddable":true,"href":"https:\/\/truusk.store\/sv\/wp-json\/wp\/v2\/product_brand?post=52171"},{"taxonomy":"product_cat","embeddable":true,"href":"https:\/\/truusk.store\/sv\/wp-json\/wp\/v2\/product_cat?post=52171"},{"taxonomy":"product_tag","embeddable":true,"href":"https:\/\/truusk.store\/sv\/wp-json\/wp\/v2\/product_tag?post=52171"}],"curies":[{"name":"wp","href":"https:\/\/api.w.org\/{rel}","templated":true}]}}