{"id":52182,"date":"2024-03-21T03:40:09","date_gmt":"2024-03-21T02:40:09","guid":{"rendered":"https:\/\/truusk.store\/product\/cat-house-cat-hut-2-niva-vaderbestandig-31-x-22-x-36-vit-gra\/"},"modified":"2026-03-12T09:10:36","modified_gmt":"2026-03-12T08:10:36","slug":"truusk-kattstuga-2-niva-vaderbestandig-31-x-22-x-36-vit-gra","status":"publish","type":"product","link":"https:\/\/truusk.store\/sv\/produkt\/truusk-kattstuga-2-niva-vaderbestandig-31-x-22-x-36-vit-gra\/","title":{"rendered":"TRUUSK Kattstuga 2-niv\u00e5 V\u00e4derbest\u00e4ndig &#8211; 31&#8243; X 22&#8243; X 36&#8243; &#8211; Vit + Gr\u00e5"},"content":{"rendered":"<p>Med fyra unika entr\u00e9er s\u00e4tter denna design n\u00f6je f\u00f6rst. Katthuset \u00e4r en riktig lekplats, med tv\u00e5 d\u00f6rrar med avsatser, en utrymningsd\u00f6rr och ett h\u00e5l. Inuti den v\u00e4derbest\u00e4ndiga strukturen f\u00f6rblir din lurviga v\u00e4n torr. Katth\u00f6ljet inuti f\u00f6rsk\u00f6nar ditt boende och g\u00f6r det kattv\u00e4nligt. De tv\u00e5 v\u00e5ningarna l\u00e5ter dig ta en tupplur p\u00e5 h\u00f6g h\u00f6jd och fyra hoppbr\u00e4dor inbjuder dig att kl\u00e4ttra.<\/p>\n<h3>Beskrivning:<\/h3>\n<ul>\n<li>Flera roliga entr\u00e9er inklusive tv\u00e5 gardind\u00f6rrar med avsatser, en skjutd\u00f6rr i f\u00f6nsterstil och ett h\u00e5l i golvet<\/li>\n<li>Den massiva tr\u00e4ramen med vattent\u00e4t f\u00e4rg \u00e4r stabil och h\u00e5llbar, och asfalttaket skyddar mot regn<\/li>\n<li>Du kan ta dig in genom det g\u00e5ngj\u00e4rnsf\u00f6rsedda taket<\/li>\n<li>L\u00e4mplig f\u00f6r inomhus och utomhus<\/li>\n<li>2 v\u00e5ningar med gott om plats f\u00f6r ditt husdjur att leka och vila<\/li>\n<li>Fyra avsatser f\u00f6r kl\u00e4ttring och hoppning<\/li>\n<li>F\u00f6rh\u00f6jt golv f\u00f6r att skydda mot fukt<\/li>\n<li>G\u00e5ngj\u00e4rnstak f\u00f6r enkel reng\u00f6ring, ventilation och kattung<\/li>\n<\/ul>\n<h3>Teknisk data:<\/h3>\n<ul>\n<li>F\u00e4rg vit<\/li>\n<li>\u00d6vergripande m\u00e5tt: 78L x 55,5W x 91H cm<\/li>\n<li>Nedre l\u00e4genhetsstorlek: 71L x 45W x 33H cm<\/li>\n<li>\u00d6vre l\u00e4genhetsstorlek: 71L x 45W x 33H cm<\/li>\n<li>\u00d6vre d\u00f6rrstorlek: 17L x 25H cm<\/li>\n<li>Utrymningsd\u00f6rr storlek: 20L x 25,4H cm<\/li>\n<li>Sidod\u00f6rrens storlek: 17L x 22H cm<\/li>\n<li>Dykplattformsstorlek: 25L x 20W cm<\/li>\n<li>H\u00f6jd \u00f6ver marken: 8 cm<\/li>\n<li>Viktkapacitet: 30 kg<\/li>\n<\/ul>\n<h3>Leveransens omfattning:<\/h3>\n<ul>\n<li>1 x Katthus<\/li>\n<li>1 x manuell<\/li>\n<\/ul>\n","protected":false},"excerpt":{"rendered":"<p>Med fyra unika entr\u00e9er s\u00e4tter denna design n\u00f6je f\u00f6rst. Katthuset \u00e4r en riktig lekplats, med tv\u00e5 d\u00f6rrar med avsatser, en&#8230;<\/p>\n","protected":false},"featured_media":52183,"template":"","meta":[],"product_brand":[],"product_cat":[573,591,588],"product_tag":[],"class_list":{"0":"post-52182","1":"product","2":"type-product","3":"status-publish","4":"has-post-thumbnail","6":"product_cat-husdjursmaterial","7":"product_cat-katthus","8":"product_cat-katttillbehor","10":"first","11":"instock","12":"sale","13":"taxable","14":"shipping-taxable","15":"purchasable","16":"product-type-simple"},"yoast_head":"<!-- This site is optimized with the Yoast SEO plugin v25.4 - https:\/\/yoast.com\/wordpress\/plugins\/seo\/ -->\n<title>TRUUSK Kattstuga 2-niv\u00e5 V\u00e4derbest\u00e4ndig - 31&quot; X 22&quot; X 36&quot; - Vit + Gr\u00e5 - TRUUSK - Hem, Tr\u00e4dg\u00e5rd &amp; Fritid<\/title>\n<meta name=\"robots\" content=\"index, follow, max-snippet:-1, max-image-preview:large, max-video-preview:-1\" \/>\n<link rel=\"canonical\" href=\"https:\/\/truusk.store\/sv\/produkt\/truusk-kattstuga-2-niva-vaderbestandig-31-x-22-x-36-vit-gra\/\" \/>\n<meta property=\"og:locale\" content=\"sv_SE\" \/>\n<meta property=\"og:type\" content=\"article\" \/>\n<meta property=\"og:title\" content=\"TRUUSK Kattstuga 2-niv\u00e5 V\u00e4derbest\u00e4ndig - 31&quot; X 22&quot; X 36&quot; - Vit + Gr\u00e5 - TRUUSK - Hem, Tr\u00e4dg\u00e5rd &amp; Fritid\" \/>\n<meta property=\"og:description\" content=\"Med fyra unika entr\u00e9er s\u00e4tter denna design n\u00f6je f\u00f6rst. Katthuset \u00e4r en riktig lekplats, med tv\u00e5 d\u00f6rrar med avsatser, en...\" \/>\n<meta property=\"og:url\" content=\"https:\/\/truusk.store\/sv\/produkt\/truusk-kattstuga-2-niva-vaderbestandig-31-x-22-x-36-vit-gra\/\" \/>\n<meta property=\"og:site_name\" content=\"TRUUSK - Hem, Tr\u00e4dg\u00e5rd &amp; Fritid\" \/>\n<meta property=\"article:modified_time\" content=\"2026-03-12T08:10:36+00:00\" \/>\n<meta property=\"og:image\" content=\"https:\/\/i0.wp.com\/truusk.se\/wp-content\/uploads\/2024\/03\/cat-house-cat-hut-2-niva-vaderbestandig-31-x-22-x-36-vit-gra.webp?fit=800%2C800&ssl=1\" \/>\n\t<meta property=\"og:image:width\" content=\"800\" \/>\n\t<meta property=\"og:image:height\" content=\"800\" \/>\n\t<meta property=\"og:image:type\" content=\"image\/webp\" \/>\n<meta name=\"twitter:card\" content=\"summary_large_image\" \/>\n<meta name=\"twitter:label1\" content=\"Ber\u00e4knad l\u00e4stid\" \/>\n\t<meta name=\"twitter:data1\" content=\"1 minut\" \/>\n<!-- \/ Yoast SEO plugin. -->","yoast_head_json":{"title":"TRUUSK Kattstuga 2-niv\u00e5 V\u00e4derbest\u00e4ndig - 31\" X 22\" X 36\" - Vit + Gr\u00e5 - TRUUSK - Hem, Tr\u00e4dg\u00e5rd &amp; Fritid","robots":{"index":"index","follow":"follow","max-snippet":"max-snippet:-1","max-image-preview":"max-image-preview:large","max-video-preview":"max-video-preview:-1"},"canonical":"https:\/\/truusk.store\/sv\/produkt\/truusk-kattstuga-2-niva-vaderbestandig-31-x-22-x-36-vit-gra\/","og_locale":"sv_SE","og_type":"article","og_title":"TRUUSK Kattstuga 2-niv\u00e5 V\u00e4derbest\u00e4ndig - 31\" X 22\" X 36\" - Vit + Gr\u00e5 - TRUUSK - Hem, Tr\u00e4dg\u00e5rd &amp; Fritid","og_description":"Med fyra unika entr\u00e9er s\u00e4tter denna design n\u00f6je f\u00f6rst. Katthuset \u00e4r en riktig lekplats, med tv\u00e5 d\u00f6rrar med avsatser, en...","og_url":"https:\/\/truusk.store\/sv\/produkt\/truusk-kattstuga-2-niva-vaderbestandig-31-x-22-x-36-vit-gra\/","og_site_name":"TRUUSK - Hem, Tr\u00e4dg\u00e5rd &amp; Fritid","article_modified_time":"2026-03-12T08:10:36+00:00","og_image":[{"width":800,"height":800,"url":"https:\/\/i0.wp.com\/truusk.se\/wp-content\/uploads\/2024\/03\/cat-house-cat-hut-2-niva-vaderbestandig-31-x-22-x-36-vit-gra.webp?fit=800%2C800&ssl=1","type":"image\/webp"}],"twitter_card":"summary_large_image","twitter_misc":{"Ber\u00e4knad l\u00e4stid":"1 minut"},"schema":{"@context":"https:\/\/schema.org","@graph":[{"@type":"WebPage","@id":"https:\/\/truusk.store\/sv\/produkt\/truusk-kattstuga-2-niva-vaderbestandig-31-x-22-x-36-vit-gra\/","url":"https:\/\/truusk.store\/sv\/produkt\/truusk-kattstuga-2-niva-vaderbestandig-31-x-22-x-36-vit-gra\/","name":"TRUUSK Kattstuga 2-niv\u00e5 V\u00e4derbest\u00e4ndig - 31\" X 22\" X 36\" - Vit + Gr\u00e5 - TRUUSK - Hem, Tr\u00e4dg\u00e5rd &amp; Fritid","isPartOf":{"@id":"https:\/\/truusk.store\/sv\/#website"},"primaryImageOfPage":{"@id":"https:\/\/truusk.store\/sv\/produkt\/truusk-kattstuga-2-niva-vaderbestandig-31-x-22-x-36-vit-gra\/#primaryimage"},"image":{"@id":"https:\/\/truusk.store\/sv\/produkt\/truusk-kattstuga-2-niva-vaderbestandig-31-x-22-x-36-vit-gra\/#primaryimage"},"thumbnailUrl":"https:\/\/i0.wp.com\/truusk.store\/wp-content\/uploads\/2024\/03\/cat-house-cat-hut-2-niva-vaderbestandig-31-x-22-x-36-vit-gra.webp?fit=800%2C800&ssl=1","datePublished":"2024-03-21T02:40:09+00:00","dateModified":"2026-03-12T08:10:36+00:00","breadcrumb":{"@id":"https:\/\/truusk.store\/sv\/produkt\/truusk-kattstuga-2-niva-vaderbestandig-31-x-22-x-36-vit-gra\/#breadcrumb"},"inLanguage":"sv-SE","potentialAction":[{"@type":"ReadAction","target":["https:\/\/truusk.store\/sv\/produkt\/truusk-kattstuga-2-niva-vaderbestandig-31-x-22-x-36-vit-gra\/"]}]},{"@type":"ImageObject","inLanguage":"sv-SE","@id":"https:\/\/truusk.store\/sv\/produkt\/truusk-kattstuga-2-niva-vaderbestandig-31-x-22-x-36-vit-gra\/#primaryimage","url":"https:\/\/i0.wp.com\/truusk.store\/wp-content\/uploads\/2024\/03\/cat-house-cat-hut-2-niva-vaderbestandig-31-x-22-x-36-vit-gra.webp?fit=800%2C800&ssl=1","contentUrl":"https:\/\/i0.wp.com\/truusk.store\/wp-content\/uploads\/2024\/03\/cat-house-cat-hut-2-niva-vaderbestandig-31-x-22-x-36-vit-gra.webp?fit=800%2C800&ssl=1","width":800,"height":800,"caption":"Cat House Cat Hut 2-niv\u00e5 V\u00e4derbest\u00e4ndig 31\" X 22\" X 36\" Vit + Gr\u00e5 1"},{"@type":"BreadcrumbList","@id":"https:\/\/truusk.store\/sv\/produkt\/truusk-kattstuga-2-niva-vaderbestandig-31-x-22-x-36-vit-gra\/#breadcrumb","itemListElement":[{"@type":"ListItem","position":1,"name":"Home","item":"https:\/\/truusk.store\/sv\/"},{"@type":"ListItem","position":2,"name":"Shop","item":"https:\/\/truusk.store\/shop\/"},{"@type":"ListItem","position":3,"name":"TRUUSK Kattstuga 2-niv\u00e5 V\u00e4derbest\u00e4ndig &#8211; 31&#8243; X 22&#8243; X 36&#8243; &#8211; Vit + Gr\u00e5"}]},{"@type":"WebSite","@id":"https:\/\/truusk.store\/sv\/#website","url":"https:\/\/truusk.store\/sv\/","name":"TRUUSK - Hem, Tr\u00e4dg\u00e5rd & Fritid","description":"","publisher":{"@id":"https:\/\/truusk.store\/sv\/#organization"},"potentialAction":[{"@type":"SearchAction","target":{"@type":"EntryPoint","urlTemplate":"https:\/\/truusk.store\/sv\/?s={search_term_string}"},"query-input":{"@type":"PropertyValueSpecification","valueRequired":true,"valueName":"search_term_string"}}],"inLanguage":"sv-SE"},{"@type":"Organization","@id":"https:\/\/truusk.store\/sv\/#organization","name":"TRUUSK - Hem, Tr\u00e4dg\u00e5rd & Fritid","url":"https:\/\/truusk.store\/sv\/","logo":{"@type":"ImageObject","inLanguage":"sv-SE","@id":"https:\/\/truusk.store\/sv\/#\/schema\/logo\/image\/","url":"https:\/\/i0.wp.com\/truusk.store\/wp-content\/uploads\/2026\/03\/cropped-TRUUSK.png?fit=2032%2C917&ssl=1","contentUrl":"https:\/\/i0.wp.com\/truusk.store\/wp-content\/uploads\/2026\/03\/cropped-TRUUSK.png?fit=2032%2C917&ssl=1","width":2032,"height":917,"caption":"TRUUSK - Hem, Tr\u00e4dg\u00e5rd & Fritid"},"image":{"@id":"https:\/\/truusk.store\/sv\/#\/schema\/logo\/image\/"}}]}},"jetpack_sharing_enabled":true,"_links":{"self":[{"href":"https:\/\/truusk.store\/sv\/wp-json\/wp\/v2\/product\/52182","targetHints":{"allow":["GET"]}}],"collection":[{"href":"https:\/\/truusk.store\/sv\/wp-json\/wp\/v2\/product"}],"about":[{"href":"https:\/\/truusk.store\/sv\/wp-json\/wp\/v2\/types\/product"}],"wp:featuredmedia":[{"embeddable":true,"href":"https:\/\/truusk.store\/sv\/wp-json\/wp\/v2\/media\/52183"}],"wp:attachment":[{"href":"https:\/\/truusk.store\/sv\/wp-json\/wp\/v2\/media?parent=52182"}],"wp:term":[{"taxonomy":"product_brand","embeddable":true,"href":"https:\/\/truusk.store\/sv\/wp-json\/wp\/v2\/product_brand?post=52182"},{"taxonomy":"product_cat","embeddable":true,"href":"https:\/\/truusk.store\/sv\/wp-json\/wp\/v2\/product_cat?post=52182"},{"taxonomy":"product_tag","embeddable":true,"href":"https:\/\/truusk.store\/sv\/wp-json\/wp\/v2\/product_tag?post=52182"}],"curies":[{"name":"wp","href":"https:\/\/api.w.org\/{rel}","templated":true}]}}