{"id":52215,"date":"2024-03-21T04:10:08","date_gmt":"2024-03-21T03:10:08","guid":{"rendered":"https:\/\/truusk.store\/product\/byra-siedeboard-modern-design-5-lador-46-cm-x-34-cm-x-975-cm-fargglad\/"},"modified":"2026-03-12T09:37:08","modified_gmt":"2026-03-12T08:37:08","slug":"truusk-byra-siedeboard-modern-design-5-lador-46-cm-x-34-cm-x-975-cm-fargglad","status":"publish","type":"product","link":"https:\/\/truusk.store\/sv\/produkt\/truusk-byra-siedeboard-modern-design-5-lador-46-cm-x-34-cm-x-975-cm-fargglad\/","title":{"rendered":"TRUUSK Byr\u00e5 Siedeboard &#8211; Modern Design &#8211; 5 L\u00e5dor &#8211; 46 cm x 34 cm x 97,5 cm &#8211; F\u00e4rgglad"},"content":{"rendered":"<p>Berika ditt hem. V\u00e5r byr\u00e5 har en charmig shabby chic look. Ljusa f\u00e4rger och en touch av vintage g\u00f6r ditt hem komplett. I de fem l\u00e4ttanv\u00e4nda l\u00e5dorna har du plats f\u00f6r allt som \u00e4r viktigt f\u00f6r dig. Handtagen ger en nostalgisk touch. Konstruktionen \u00e4r mycket enkel. Du kan placera din karakt\u00e4rsfulla byr\u00e5 var du vill.<\/p>\n<h3>Beskrivning:<\/h3>\n<ul>\n<li>F\u00f6rvaringssk\u00e5p i stilren shabby chic design<\/li>\n<li>Kan anv\u00e4ndas var som helst, oavsett om det \u00e4r i vardagsrummet, sovrummet eller arbetsrummet<\/li>\n<li>5 l\u00e5dor i f\u00f6rvaringsfacket med metallhandtag ger gott om f\u00f6rvaringsutrymme<\/li>\n<li>Massiv tr\u00e4ram, stabil och stabil<\/li>\n<li>Lackerad yta, vattenavvisande och l\u00e4tt att reng\u00f6ra<\/li>\n<li>Med spetsskydd<\/li>\n<li>Enkel konstruktion<\/li>\n<\/ul>\n<h3>Teknisk data:<\/h3>\n<ul>\n<li>Material: MDF, furu<\/li>\n<li>F\u00e4rg: Flerf\u00e4rgad<\/li>\n<li>M\u00e5tt: 46L x 34W x 97,5H cm<\/li>\n<li>Innerm\u00e5tt p\u00e5 l\u00e5dan: 37,7B x 26,7D x 9,5H cm<\/li>\n<li>Max lastkapacitet: 50 kg<\/li>\n<\/ul>\n<h3>Leveransens omfattning:<\/h3>\n<ul>\n<li>1 x byr\u00e5;<\/li>\n<\/ul>\n","protected":false},"excerpt":{"rendered":"<p>Berika ditt hem. V\u00e5r byr\u00e5 har en charmig shabby chic look. Ljusa f\u00e4rger och en touch av vintage g\u00f6r ditt&#8230;<\/p>\n","protected":false},"featured_media":52216,"template":"","meta":[],"product_brand":[],"product_cat":[531,485,528],"product_tag":[],"class_list":{"0":"post-52215","1":"product","2":"type-product","3":"status-publish","4":"has-post-thumbnail","6":"product_cat-byraer","7":"product_cat-hus-bo","8":"product_cat-skap-byraer","10":"first","11":"instock","12":"sale","13":"taxable","14":"shipping-taxable","15":"purchasable","16":"product-type-simple"},"yoast_head":"<!-- This site is optimized with the Yoast SEO plugin v25.4 - https:\/\/yoast.com\/wordpress\/plugins\/seo\/ -->\n<title>TRUUSK Byr\u00e5 Siedeboard - Modern Design - 5 L\u00e5dor - 46 cm x 34 cm x 97,5 cm - F\u00e4rgglad - TRUUSK - Hem, Tr\u00e4dg\u00e5rd &amp; Fritid<\/title>\n<meta name=\"robots\" content=\"index, follow, max-snippet:-1, max-image-preview:large, max-video-preview:-1\" \/>\n<link rel=\"canonical\" href=\"https:\/\/truusk.store\/sv\/produkt\/truusk-byra-siedeboard-modern-design-5-lador-46-cm-x-34-cm-x-975-cm-fargglad\/\" \/>\n<meta property=\"og:locale\" content=\"sv_SE\" \/>\n<meta property=\"og:type\" content=\"article\" \/>\n<meta property=\"og:title\" content=\"TRUUSK Byr\u00e5 Siedeboard - Modern Design - 5 L\u00e5dor - 46 cm x 34 cm x 97,5 cm - F\u00e4rgglad - TRUUSK - Hem, Tr\u00e4dg\u00e5rd &amp; Fritid\" \/>\n<meta property=\"og:description\" content=\"Berika ditt hem. V\u00e5r byr\u00e5 har en charmig shabby chic look. Ljusa f\u00e4rger och en touch av vintage g\u00f6r ditt...\" \/>\n<meta property=\"og:url\" content=\"https:\/\/truusk.store\/sv\/produkt\/truusk-byra-siedeboard-modern-design-5-lador-46-cm-x-34-cm-x-975-cm-fargglad\/\" \/>\n<meta property=\"og:site_name\" content=\"TRUUSK - Hem, Tr\u00e4dg\u00e5rd &amp; Fritid\" \/>\n<meta property=\"article:modified_time\" content=\"2026-03-12T08:37:08+00:00\" \/>\n<meta property=\"og:image\" content=\"https:\/\/i0.wp.com\/truusk.se\/wp-content\/uploads\/2024\/03\/byra-siedeboard-modern-design-5-lador-46-cm-x-34-cm-x-975-cm-fargglad.webp?fit=800%2C800&ssl=1\" \/>\n\t<meta property=\"og:image:width\" content=\"800\" \/>\n\t<meta property=\"og:image:height\" content=\"800\" \/>\n\t<meta property=\"og:image:type\" content=\"image\/webp\" \/>\n<meta name=\"twitter:card\" content=\"summary_large_image\" \/>\n<meta name=\"twitter:label1\" content=\"Ber\u00e4knad l\u00e4stid\" \/>\n\t<meta name=\"twitter:data1\" content=\"1 minut\" \/>\n<!-- \/ Yoast SEO plugin. -->","yoast_head_json":{"title":"TRUUSK Byr\u00e5 Siedeboard - Modern Design - 5 L\u00e5dor - 46 cm x 34 cm x 97,5 cm - F\u00e4rgglad - TRUUSK - Hem, Tr\u00e4dg\u00e5rd &amp; Fritid","robots":{"index":"index","follow":"follow","max-snippet":"max-snippet:-1","max-image-preview":"max-image-preview:large","max-video-preview":"max-video-preview:-1"},"canonical":"https:\/\/truusk.store\/sv\/produkt\/truusk-byra-siedeboard-modern-design-5-lador-46-cm-x-34-cm-x-975-cm-fargglad\/","og_locale":"sv_SE","og_type":"article","og_title":"TRUUSK Byr\u00e5 Siedeboard - Modern Design - 5 L\u00e5dor - 46 cm x 34 cm x 97,5 cm - F\u00e4rgglad - TRUUSK - Hem, Tr\u00e4dg\u00e5rd &amp; Fritid","og_description":"Berika ditt hem. V\u00e5r byr\u00e5 har en charmig shabby chic look. Ljusa f\u00e4rger och en touch av vintage g\u00f6r ditt...","og_url":"https:\/\/truusk.store\/sv\/produkt\/truusk-byra-siedeboard-modern-design-5-lador-46-cm-x-34-cm-x-975-cm-fargglad\/","og_site_name":"TRUUSK - Hem, Tr\u00e4dg\u00e5rd &amp; Fritid","article_modified_time":"2026-03-12T08:37:08+00:00","og_image":[{"width":800,"height":800,"url":"https:\/\/i0.wp.com\/truusk.se\/wp-content\/uploads\/2024\/03\/byra-siedeboard-modern-design-5-lador-46-cm-x-34-cm-x-975-cm-fargglad.webp?fit=800%2C800&ssl=1","type":"image\/webp"}],"twitter_card":"summary_large_image","twitter_misc":{"Ber\u00e4knad l\u00e4stid":"1 minut"},"schema":{"@context":"https:\/\/schema.org","@graph":[{"@type":"WebPage","@id":"https:\/\/truusk.store\/sv\/produkt\/truusk-byra-siedeboard-modern-design-5-lador-46-cm-x-34-cm-x-975-cm-fargglad\/","url":"https:\/\/truusk.store\/sv\/produkt\/truusk-byra-siedeboard-modern-design-5-lador-46-cm-x-34-cm-x-975-cm-fargglad\/","name":"TRUUSK Byr\u00e5 Siedeboard - Modern Design - 5 L\u00e5dor - 46 cm x 34 cm x 97,5 cm - F\u00e4rgglad - TRUUSK - Hem, Tr\u00e4dg\u00e5rd &amp; Fritid","isPartOf":{"@id":"https:\/\/truusk.store\/sv\/#website"},"primaryImageOfPage":{"@id":"https:\/\/truusk.store\/sv\/produkt\/truusk-byra-siedeboard-modern-design-5-lador-46-cm-x-34-cm-x-975-cm-fargglad\/#primaryimage"},"image":{"@id":"https:\/\/truusk.store\/sv\/produkt\/truusk-byra-siedeboard-modern-design-5-lador-46-cm-x-34-cm-x-975-cm-fargglad\/#primaryimage"},"thumbnailUrl":"https:\/\/i0.wp.com\/truusk.store\/wp-content\/uploads\/2024\/03\/byra-siedeboard-modern-design-5-lador-46-cm-x-34-cm-x-975-cm-fargglad.webp?fit=800%2C800&ssl=1","datePublished":"2024-03-21T03:10:08+00:00","dateModified":"2026-03-12T08:37:08+00:00","breadcrumb":{"@id":"https:\/\/truusk.store\/sv\/produkt\/truusk-byra-siedeboard-modern-design-5-lador-46-cm-x-34-cm-x-975-cm-fargglad\/#breadcrumb"},"inLanguage":"sv-SE","potentialAction":[{"@type":"ReadAction","target":["https:\/\/truusk.store\/sv\/produkt\/truusk-byra-siedeboard-modern-design-5-lador-46-cm-x-34-cm-x-975-cm-fargglad\/"]}]},{"@type":"ImageObject","inLanguage":"sv-SE","@id":"https:\/\/truusk.store\/sv\/produkt\/truusk-byra-siedeboard-modern-design-5-lador-46-cm-x-34-cm-x-975-cm-fargglad\/#primaryimage","url":"https:\/\/i0.wp.com\/truusk.store\/wp-content\/uploads\/2024\/03\/byra-siedeboard-modern-design-5-lador-46-cm-x-34-cm-x-975-cm-fargglad.webp?fit=800%2C800&ssl=1","contentUrl":"https:\/\/i0.wp.com\/truusk.store\/wp-content\/uploads\/2024\/03\/byra-siedeboard-modern-design-5-lador-46-cm-x-34-cm-x-975-cm-fargglad.webp?fit=800%2C800&ssl=1","width":800,"height":800,"caption":"Byr\u00e5 Siedeboard, Modern Design, 5 L\u00e5dor, 46 Cm X 34 Cm X 97,5 Cm, F\u00e4rgglad 1"},{"@type":"BreadcrumbList","@id":"https:\/\/truusk.store\/sv\/produkt\/truusk-byra-siedeboard-modern-design-5-lador-46-cm-x-34-cm-x-975-cm-fargglad\/#breadcrumb","itemListElement":[{"@type":"ListItem","position":1,"name":"Home","item":"https:\/\/truusk.store\/sv\/"},{"@type":"ListItem","position":2,"name":"Shop","item":"https:\/\/truusk.store\/shop\/"},{"@type":"ListItem","position":3,"name":"TRUUSK Byr\u00e5 Siedeboard &#8211; Modern Design &#8211; 5 L\u00e5dor &#8211; 46 cm x 34 cm x 97,5 cm &#8211; F\u00e4rgglad"}]},{"@type":"WebSite","@id":"https:\/\/truusk.store\/sv\/#website","url":"https:\/\/truusk.store\/sv\/","name":"TRUUSK - Hem, Tr\u00e4dg\u00e5rd & Fritid","description":"","publisher":{"@id":"https:\/\/truusk.store\/sv\/#organization"},"potentialAction":[{"@type":"SearchAction","target":{"@type":"EntryPoint","urlTemplate":"https:\/\/truusk.store\/sv\/?s={search_term_string}"},"query-input":{"@type":"PropertyValueSpecification","valueRequired":true,"valueName":"search_term_string"}}],"inLanguage":"sv-SE"},{"@type":"Organization","@id":"https:\/\/truusk.store\/sv\/#organization","name":"TRUUSK - Hem, Tr\u00e4dg\u00e5rd & Fritid","url":"https:\/\/truusk.store\/sv\/","logo":{"@type":"ImageObject","inLanguage":"sv-SE","@id":"https:\/\/truusk.store\/sv\/#\/schema\/logo\/image\/","url":"https:\/\/i0.wp.com\/truusk.store\/wp-content\/uploads\/2026\/03\/cropped-TRUUSK.png?fit=2032%2C917&ssl=1","contentUrl":"https:\/\/i0.wp.com\/truusk.store\/wp-content\/uploads\/2026\/03\/cropped-TRUUSK.png?fit=2032%2C917&ssl=1","width":2032,"height":917,"caption":"TRUUSK - Hem, Tr\u00e4dg\u00e5rd & Fritid"},"image":{"@id":"https:\/\/truusk.store\/sv\/#\/schema\/logo\/image\/"}}]}},"jetpack_sharing_enabled":true,"_links":{"self":[{"href":"https:\/\/truusk.store\/sv\/wp-json\/wp\/v2\/product\/52215","targetHints":{"allow":["GET"]}}],"collection":[{"href":"https:\/\/truusk.store\/sv\/wp-json\/wp\/v2\/product"}],"about":[{"href":"https:\/\/truusk.store\/sv\/wp-json\/wp\/v2\/types\/product"}],"wp:featuredmedia":[{"embeddable":true,"href":"https:\/\/truusk.store\/sv\/wp-json\/wp\/v2\/media\/52216"}],"wp:attachment":[{"href":"https:\/\/truusk.store\/sv\/wp-json\/wp\/v2\/media?parent=52215"}],"wp:term":[{"taxonomy":"product_brand","embeddable":true,"href":"https:\/\/truusk.store\/sv\/wp-json\/wp\/v2\/product_brand?post=52215"},{"taxonomy":"product_cat","embeddable":true,"href":"https:\/\/truusk.store\/sv\/wp-json\/wp\/v2\/product_cat?post=52215"},{"taxonomy":"product_tag","embeddable":true,"href":"https:\/\/truusk.store\/sv\/wp-json\/wp\/v2\/product_tag?post=52215"}],"curies":[{"name":"wp","href":"https:\/\/api.w.org\/{rel}","templated":true}]}}