{"id":52269,"date":"2024-03-21T05:00:09","date_gmt":"2024-03-21T04:00:09","guid":{"rendered":"https:\/\/truusk.store\/product\/badrumsskap-rullskap-slimmad-design-tva-lador-fyra-hjul-vit-16-x-495-x-66-cm\/"},"modified":"2026-03-12T09:36:45","modified_gmt":"2026-03-12T08:36:45","slug":"truusk-badrumsskap-slimmad-design-tva-lador-fyra-hjul-vit-16-x-495-x-66-cm","status":"publish","type":"product","link":"https:\/\/truusk.store\/sv\/produkt\/truusk-badrumsskap-slimmad-design-tva-lador-fyra-hjul-vit-16-x-495-x-66-cm\/","title":{"rendered":"TRUUSK Badrumssk\u00e5p &#8211; Slimmad Design &#8211; Tv\u00e5 L\u00e5dor &#8211; Fyra Hjul &#8211; Vit &#8211; 16 x 49,5 x 66 cm"},"content":{"rendered":"<p>K\u00e4mpar du fortfarande f\u00f6r att h\u00e5lla rent i badrummet? Detta moderna toalettsk\u00e5p hj\u00e4lper dig att f\u00f6rvara f\u00f6rem\u00e5l diskret medan de fyra hjulen g\u00f6r att du enkelt kan flytta det var som helst. Badrumssk\u00e5pets kompakta storlek g\u00f6r att det passar \u00e4ven i sm\u00e5 rum och \u00e4r d\u00e4rf\u00f6r perfekt f\u00f6r alla badrum. Den vattent\u00e4ta f\u00e4rgen skyddar sk\u00e5pet fr\u00e5n vattenst\u00e4nk. Njut av det nya utrymmet och den rena ordningen i badrummet!<\/p>\n<h3>Beskrivning:<\/h3>\n<ul>\n<li>\u00d6versta hyllan och tv\u00e5 l\u00e5dor i badrumssk\u00e5pet f\u00f6r badrumsredskap<\/li>\n<li>Fyra hjul f\u00f6r enkel f\u00f6rflyttning, varav tv\u00e5 har bromsar<\/li>\n<li>Den slimmade designen av f\u00f6rvaringssk\u00e5pet \u00e4r idealisk f\u00f6r sm\u00e5 utrymmen f\u00f6r att spara utrymme<\/li>\n<li>Den m\u00e5lade MDF-ramen \u00e4r vattent\u00e4t och l\u00e4tt att reng\u00f6ra<\/li>\n<li>Den moderna stilen sm\u00e4lter v\u00e4l in i din badrumsinredning<\/li>\n<li>Montering kr\u00e4vs<\/li>\n<\/ul>\n<h3>Teknisk data:<\/h3>\n<ul>\n<li>F\u00e4rg vit<\/li>\n<li>Material: MDF<\/li>\n<li>\u00d6vergripande m\u00e5tt: 16L x 49,5W x 66H cm<\/li>\n<li>Inv\u00e4ndiga m\u00e5tt p\u00e5 l\u00e5dan: 10,6L x 33,7B x 8,4H cm (\u00f6verst), 10,6L x 33,7W x 13,4H cm (botten)<\/li>\n<li>\u00d6ppen hylla storlek: 47L x 13,6B x 9,8H cm<\/li>\n<li>Markfrig\u00e5ng: 5H cm<\/li>\n<li>Lastkapacitet: 20 kg (totalt), 10 kg (hylla), 5 kg (l\u00e5da)<\/li>\n<\/ul>\n<h3>Leveransens omfattning:<\/h3>\n<ul>\n<li>1 x Badrumssk\u00e5p<\/li>\n<li>1 x Instruktioner<\/li>\n<\/ul>\n","protected":false},"excerpt":{"rendered":"<p>K\u00e4mpar du fortfarande f\u00f6r att h\u00e5lla rent i badrummet? Detta moderna toalettsk\u00e5p hj\u00e4lper dig att f\u00f6rvara f\u00f6rem\u00e5l diskret medan de&#8230;<\/p>\n","protected":false},"featured_media":52270,"template":"","meta":[],"product_brand":[],"product_cat":[535,485,528],"product_tag":[],"class_list":{"0":"post-52269","1":"product","2":"type-product","3":"status-publish","4":"has-post-thumbnail","6":"product_cat-badrumsskap","7":"product_cat-hus-bo","8":"product_cat-skap-byraer","10":"first","11":"instock","12":"sale","13":"taxable","14":"shipping-taxable","15":"purchasable","16":"product-type-simple"},"yoast_head":"<!-- This site is optimized with the Yoast SEO plugin v25.4 - https:\/\/yoast.com\/wordpress\/plugins\/seo\/ -->\n<title>TRUUSK Badrumssk\u00e5p - Slimmad Design - Tv\u00e5 L\u00e5dor - Fyra Hjul - Vit - 16 x 49,5 x 66 cm - TRUUSK - Hem, Tr\u00e4dg\u00e5rd &amp; Fritid<\/title>\n<meta name=\"robots\" content=\"index, follow, max-snippet:-1, max-image-preview:large, max-video-preview:-1\" \/>\n<link rel=\"canonical\" href=\"https:\/\/truusk.store\/sv\/produkt\/truusk-badrumsskap-slimmad-design-tva-lador-fyra-hjul-vit-16-x-495-x-66-cm\/\" \/>\n<meta property=\"og:locale\" content=\"sv_SE\" \/>\n<meta property=\"og:type\" content=\"article\" \/>\n<meta property=\"og:title\" content=\"TRUUSK Badrumssk\u00e5p - Slimmad Design - Tv\u00e5 L\u00e5dor - Fyra Hjul - Vit - 16 x 49,5 x 66 cm - TRUUSK - Hem, Tr\u00e4dg\u00e5rd &amp; Fritid\" \/>\n<meta property=\"og:description\" content=\"K\u00e4mpar du fortfarande f\u00f6r att h\u00e5lla rent i badrummet? Detta moderna toalettsk\u00e5p hj\u00e4lper dig att f\u00f6rvara f\u00f6rem\u00e5l diskret medan de...\" \/>\n<meta property=\"og:url\" content=\"https:\/\/truusk.store\/sv\/produkt\/truusk-badrumsskap-slimmad-design-tva-lador-fyra-hjul-vit-16-x-495-x-66-cm\/\" \/>\n<meta property=\"og:site_name\" content=\"TRUUSK - Hem, Tr\u00e4dg\u00e5rd &amp; Fritid\" \/>\n<meta property=\"article:modified_time\" content=\"2026-03-12T08:36:45+00:00\" \/>\n<meta property=\"og:image\" content=\"https:\/\/i0.wp.com\/truusk.se\/wp-content\/uploads\/2024\/03\/badrumsskap-rullskap-slimmad-design-tva-lador-fyra-hjul-vit-16-x-495-x-66-cm.webp?fit=800%2C800&ssl=1\" \/>\n\t<meta property=\"og:image:width\" content=\"800\" \/>\n\t<meta property=\"og:image:height\" content=\"800\" \/>\n\t<meta property=\"og:image:type\" content=\"image\/webp\" \/>\n<meta name=\"twitter:card\" content=\"summary_large_image\" \/>\n<meta name=\"twitter:label1\" content=\"Ber\u00e4knad l\u00e4stid\" \/>\n\t<meta name=\"twitter:data1\" content=\"1 minut\" \/>\n<!-- \/ Yoast SEO plugin. -->","yoast_head_json":{"title":"TRUUSK Badrumssk\u00e5p - Slimmad Design - Tv\u00e5 L\u00e5dor - Fyra Hjul - Vit - 16 x 49,5 x 66 cm - TRUUSK - Hem, Tr\u00e4dg\u00e5rd &amp; Fritid","robots":{"index":"index","follow":"follow","max-snippet":"max-snippet:-1","max-image-preview":"max-image-preview:large","max-video-preview":"max-video-preview:-1"},"canonical":"https:\/\/truusk.store\/sv\/produkt\/truusk-badrumsskap-slimmad-design-tva-lador-fyra-hjul-vit-16-x-495-x-66-cm\/","og_locale":"sv_SE","og_type":"article","og_title":"TRUUSK Badrumssk\u00e5p - Slimmad Design - Tv\u00e5 L\u00e5dor - Fyra Hjul - Vit - 16 x 49,5 x 66 cm - TRUUSK - Hem, Tr\u00e4dg\u00e5rd &amp; Fritid","og_description":"K\u00e4mpar du fortfarande f\u00f6r att h\u00e5lla rent i badrummet? Detta moderna toalettsk\u00e5p hj\u00e4lper dig att f\u00f6rvara f\u00f6rem\u00e5l diskret medan de...","og_url":"https:\/\/truusk.store\/sv\/produkt\/truusk-badrumsskap-slimmad-design-tva-lador-fyra-hjul-vit-16-x-495-x-66-cm\/","og_site_name":"TRUUSK - Hem, Tr\u00e4dg\u00e5rd &amp; Fritid","article_modified_time":"2026-03-12T08:36:45+00:00","og_image":[{"width":800,"height":800,"url":"https:\/\/i0.wp.com\/truusk.se\/wp-content\/uploads\/2024\/03\/badrumsskap-rullskap-slimmad-design-tva-lador-fyra-hjul-vit-16-x-495-x-66-cm.webp?fit=800%2C800&ssl=1","type":"image\/webp"}],"twitter_card":"summary_large_image","twitter_misc":{"Ber\u00e4knad l\u00e4stid":"1 minut"},"schema":{"@context":"https:\/\/schema.org","@graph":[{"@type":"WebPage","@id":"https:\/\/truusk.store\/sv\/produkt\/truusk-badrumsskap-slimmad-design-tva-lador-fyra-hjul-vit-16-x-495-x-66-cm\/","url":"https:\/\/truusk.store\/sv\/produkt\/truusk-badrumsskap-slimmad-design-tva-lador-fyra-hjul-vit-16-x-495-x-66-cm\/","name":"TRUUSK Badrumssk\u00e5p - Slimmad Design - Tv\u00e5 L\u00e5dor - Fyra Hjul - Vit - 16 x 49,5 x 66 cm - TRUUSK - Hem, Tr\u00e4dg\u00e5rd &amp; Fritid","isPartOf":{"@id":"https:\/\/truusk.store\/sv\/#website"},"primaryImageOfPage":{"@id":"https:\/\/truusk.store\/sv\/produkt\/truusk-badrumsskap-slimmad-design-tva-lador-fyra-hjul-vit-16-x-495-x-66-cm\/#primaryimage"},"image":{"@id":"https:\/\/truusk.store\/sv\/produkt\/truusk-badrumsskap-slimmad-design-tva-lador-fyra-hjul-vit-16-x-495-x-66-cm\/#primaryimage"},"thumbnailUrl":"https:\/\/i0.wp.com\/truusk.store\/wp-content\/uploads\/2024\/03\/badrumsskap-rullskap-slimmad-design-tva-lador-fyra-hjul-vit-16-x-495-x-66-cm.webp?fit=800%2C800&ssl=1","datePublished":"2024-03-21T04:00:09+00:00","dateModified":"2026-03-12T08:36:45+00:00","breadcrumb":{"@id":"https:\/\/truusk.store\/sv\/produkt\/truusk-badrumsskap-slimmad-design-tva-lador-fyra-hjul-vit-16-x-495-x-66-cm\/#breadcrumb"},"inLanguage":"sv-SE","potentialAction":[{"@type":"ReadAction","target":["https:\/\/truusk.store\/sv\/produkt\/truusk-badrumsskap-slimmad-design-tva-lador-fyra-hjul-vit-16-x-495-x-66-cm\/"]}]},{"@type":"ImageObject","inLanguage":"sv-SE","@id":"https:\/\/truusk.store\/sv\/produkt\/truusk-badrumsskap-slimmad-design-tva-lador-fyra-hjul-vit-16-x-495-x-66-cm\/#primaryimage","url":"https:\/\/i0.wp.com\/truusk.store\/wp-content\/uploads\/2024\/03\/badrumsskap-rullskap-slimmad-design-tva-lador-fyra-hjul-vit-16-x-495-x-66-cm.webp?fit=800%2C800&ssl=1","contentUrl":"https:\/\/i0.wp.com\/truusk.store\/wp-content\/uploads\/2024\/03\/badrumsskap-rullskap-slimmad-design-tva-lador-fyra-hjul-vit-16-x-495-x-66-cm.webp?fit=800%2C800&ssl=1","width":800,"height":800,"caption":"Badrumssk\u00e5p, Rullsk\u00e5p, Slimmad Design, Tv\u00e5 L\u00e5dor, Fyra Hjul, Vit, 16 X 49,5 X 66 Cm 1"},{"@type":"BreadcrumbList","@id":"https:\/\/truusk.store\/sv\/produkt\/truusk-badrumsskap-slimmad-design-tva-lador-fyra-hjul-vit-16-x-495-x-66-cm\/#breadcrumb","itemListElement":[{"@type":"ListItem","position":1,"name":"Home","item":"https:\/\/truusk.store\/sv\/"},{"@type":"ListItem","position":2,"name":"Shop","item":"https:\/\/truusk.store\/shop\/"},{"@type":"ListItem","position":3,"name":"TRUUSK Badrumssk\u00e5p &#8211; Slimmad Design &#8211; Tv\u00e5 L\u00e5dor &#8211; Fyra Hjul &#8211; Vit &#8211; 16 x 49,5 x 66 cm"}]},{"@type":"WebSite","@id":"https:\/\/truusk.store\/sv\/#website","url":"https:\/\/truusk.store\/sv\/","name":"TRUUSK - Hem, Tr\u00e4dg\u00e5rd & Fritid","description":"","publisher":{"@id":"https:\/\/truusk.store\/sv\/#organization"},"potentialAction":[{"@type":"SearchAction","target":{"@type":"EntryPoint","urlTemplate":"https:\/\/truusk.store\/sv\/?s={search_term_string}"},"query-input":{"@type":"PropertyValueSpecification","valueRequired":true,"valueName":"search_term_string"}}],"inLanguage":"sv-SE"},{"@type":"Organization","@id":"https:\/\/truusk.store\/sv\/#organization","name":"TRUUSK - Hem, Tr\u00e4dg\u00e5rd & Fritid","url":"https:\/\/truusk.store\/sv\/","logo":{"@type":"ImageObject","inLanguage":"sv-SE","@id":"https:\/\/truusk.store\/sv\/#\/schema\/logo\/image\/","url":"https:\/\/i0.wp.com\/truusk.store\/wp-content\/uploads\/2026\/03\/cropped-TRUUSK.png?fit=2032%2C917&ssl=1","contentUrl":"https:\/\/i0.wp.com\/truusk.store\/wp-content\/uploads\/2026\/03\/cropped-TRUUSK.png?fit=2032%2C917&ssl=1","width":2032,"height":917,"caption":"TRUUSK - Hem, Tr\u00e4dg\u00e5rd & Fritid"},"image":{"@id":"https:\/\/truusk.store\/sv\/#\/schema\/logo\/image\/"}}]}},"jetpack_sharing_enabled":true,"_links":{"self":[{"href":"https:\/\/truusk.store\/sv\/wp-json\/wp\/v2\/product\/52269","targetHints":{"allow":["GET"]}}],"collection":[{"href":"https:\/\/truusk.store\/sv\/wp-json\/wp\/v2\/product"}],"about":[{"href":"https:\/\/truusk.store\/sv\/wp-json\/wp\/v2\/types\/product"}],"wp:featuredmedia":[{"embeddable":true,"href":"https:\/\/truusk.store\/sv\/wp-json\/wp\/v2\/media\/52270"}],"wp:attachment":[{"href":"https:\/\/truusk.store\/sv\/wp-json\/wp\/v2\/media?parent=52269"}],"wp:term":[{"taxonomy":"product_brand","embeddable":true,"href":"https:\/\/truusk.store\/sv\/wp-json\/wp\/v2\/product_brand?post=52269"},{"taxonomy":"product_cat","embeddable":true,"href":"https:\/\/truusk.store\/sv\/wp-json\/wp\/v2\/product_cat?post=52269"},{"taxonomy":"product_tag","embeddable":true,"href":"https:\/\/truusk.store\/sv\/wp-json\/wp\/v2\/product_tag?post=52269"}],"curies":[{"name":"wp","href":"https:\/\/api.w.org\/{rel}","templated":true}]}}