{"id":52309,"date":"2024-03-21T05:40:10","date_gmt":"2024-03-21T04:40:10","guid":{"rendered":"https:\/\/truusk.store\/product\/fallbart-campingkok-utekok-med-uv-skydd-vindskydd-silver\/"},"modified":"2026-03-12T09:38:36","modified_gmt":"2026-03-12T08:38:36","slug":"truusk-fallbar-hundvagn-och-kattvagn-regnskydd-natventiler-kudde-for-husdjur-upp-till-10-kg-khaki","status":"publish","type":"product","link":"https:\/\/truusk.store\/sv\/produkt\/truusk-fallbar-hundvagn-och-kattvagn-regnskydd-natventiler-kudde-for-husdjur-upp-till-10-kg-khaki\/","title":{"rendered":"TRUUSK F\u00e4llbar Hundvagn och Kattvagn &#8211; Regnskydd &#8211; N\u00e4tventiler &#8211; Kudde &#8211; F\u00f6r Husdjur upp till 10 kg &#8211; Khaki"},"content":{"rendered":"<p>V\u00e5rt campingk\u00f6k erbjuder gott om plats f\u00f6r dina matlagningsredskap och \u00e4r idealiskt f\u00f6r att laga mat p\u00e5 spr\u00e5ng. Bra utrymmeshantering inkluderar tre bordsskivor, en bottenhylla, ett 2-v\u00e5nings tygsk\u00e5p, fyra krokar och ett justerbart ljusst\u00e4ll. Campingbordet med f\u00f6rvaring hj\u00e4lper dig att h\u00e5lla ordning s\u00e5 att du kan spendera mindre tid p\u00e5 att leta efter f\u00f6rn\u00f6denheter och mer tid p\u00e5 att leta efter \u00e4ventyr.<\/p>\n<h3>Beskrivning:<\/h3>\n<ul>\n<li>Medium bordsskiva med 3-sidigt vindskydd f\u00f6r s\u00e4ker matlagning<\/li>\n<li>2 sidobordsskivor och en nedre hylla f\u00f6r extra f\u00f6rvaringsutrymme<\/li>\n<li>Det 2-v\u00e5nings tygsk\u00e5pet med sidfickor skyddar din mat fr\u00e5n skadedjur utomhus<\/li>\n<li>Du kan h\u00e4nga spatlar, slevar och t\u00e5ng p\u00e5 4 avtagbara krokar<\/li>\n<li>Lampstativet \u00e4r justerbart i h\u00f6jdled fr\u00e5n 70 cm till 120 cm<\/li>\n<li>B\u00e4rbart campingk\u00f6k f\u00e4lls ihop kompakt med en b\u00e4rv\u00e4ska<\/li>\n<li>Tillverkad av UV-best\u00e4ndigt 600D Oxford-tyg och pulverlackerade aluminiumslangar<\/li>\n<li>Snabb och enkel installation<\/li>\n<\/ul>\n<h3>Teknisk data:<\/h3>\n<ul>\n<li>silver<\/li>\n<li>Material: Aluminium, 600D Oxfordduk, FDM-skiva<\/li>\n<li>Totala m\u00e5tt: 144L x 48W x 119H cm<\/li>\n<li>Vikbara m\u00e5tt: 80L x 14W x 51H cm<\/li>\n<li>Vindruta Storlek: 61L x 31W cm<\/li>\n<li>Medium bordsskiva storlek: 56L x 33W cm<\/li>\n<li>Sidobordsskivans storlek: 60L x 40W cm\/40L x 20W cm<\/li>\n<li>Sk\u00e5pstorlek: 48L x 38W x 60H cm<\/li>\n<li>Nedre hyllstorlek: 54L x 33W cm<\/li>\n<li>Viktkapacitet: 30 kg (aluminiumhylla), 15 kg (annan hylla)<\/li>\n<\/ul>\n<h3>Leveransens omfattning:<\/h3>\n<ul>\n<li>1 x campingk\u00f6k<\/li>\n<li>1 x B\u00e4rv\u00e4ska<\/li>\n<li>1 x manuell<\/li>\n<\/ul>\n","protected":false},"excerpt":{"rendered":"<p>V\u00e5rt campingk\u00f6k erbjuder gott om plats f\u00f6r dina matlagningsredskap och \u00e4r idealiskt f\u00f6r att laga mat p\u00e5 spr\u00e5ng. Bra utrymmeshantering&#8230;<\/p>\n","protected":false},"featured_media":52310,"template":"","meta":[],"product_brand":[],"product_cat":[648,647],"product_tag":[],"class_list":{"0":"post-52309","1":"product","2":"type-product","3":"status-publish","4":"has-post-thumbnail","6":"product_cat-camping-tillbehor","7":"product_cat-sport-fritid","9":"first","10":"instock","11":"sale","12":"taxable","13":"shipping-taxable","14":"purchasable","15":"product-type-simple"},"yoast_head":"<!-- This site is optimized with the Yoast SEO plugin v25.4 - https:\/\/yoast.com\/wordpress\/plugins\/seo\/ -->\n<title>TRUUSK F\u00e4llbar Hundvagn och Kattvagn - Regnskydd - N\u00e4tventiler - Kudde - F\u00f6r Husdjur upp till 10 kg - Khaki - TRUUSK - Hem, Tr\u00e4dg\u00e5rd &amp; Fritid<\/title>\n<meta name=\"robots\" content=\"index, follow, max-snippet:-1, max-image-preview:large, max-video-preview:-1\" \/>\n<link rel=\"canonical\" href=\"https:\/\/truusk.store\/sv\/produkt\/truusk-fallbar-hundvagn-och-kattvagn-regnskydd-natventiler-kudde-for-husdjur-upp-till-10-kg-khaki\/\" \/>\n<meta property=\"og:locale\" content=\"sv_SE\" \/>\n<meta property=\"og:type\" content=\"article\" \/>\n<meta property=\"og:title\" content=\"TRUUSK F\u00e4llbar Hundvagn och Kattvagn - Regnskydd - N\u00e4tventiler - Kudde - F\u00f6r Husdjur upp till 10 kg - Khaki - TRUUSK - Hem, Tr\u00e4dg\u00e5rd &amp; Fritid\" \/>\n<meta property=\"og:description\" content=\"V\u00e5rt campingk\u00f6k erbjuder gott om plats f\u00f6r dina matlagningsredskap och \u00e4r idealiskt f\u00f6r att laga mat p\u00e5 spr\u00e5ng. Bra utrymmeshantering...\" \/>\n<meta property=\"og:url\" content=\"https:\/\/truusk.store\/sv\/produkt\/truusk-fallbar-hundvagn-och-kattvagn-regnskydd-natventiler-kudde-for-husdjur-upp-till-10-kg-khaki\/\" \/>\n<meta property=\"og:site_name\" content=\"TRUUSK - Hem, Tr\u00e4dg\u00e5rd &amp; Fritid\" \/>\n<meta property=\"article:modified_time\" content=\"2026-03-12T08:38:36+00:00\" \/>\n<meta property=\"og:image\" content=\"https:\/\/i0.wp.com\/truusk.se\/wp-content\/uploads\/2024\/03\/fallbart-campingkok-utekok-med-uv-skydd-vindskydd-silver.webp?fit=800%2C800&ssl=1\" \/>\n\t<meta property=\"og:image:width\" content=\"800\" \/>\n\t<meta property=\"og:image:height\" content=\"800\" \/>\n\t<meta property=\"og:image:type\" content=\"image\/webp\" \/>\n<meta name=\"twitter:card\" content=\"summary_large_image\" \/>\n<meta name=\"twitter:label1\" content=\"Ber\u00e4knad l\u00e4stid\" \/>\n\t<meta name=\"twitter:data1\" content=\"1 minut\" \/>\n<!-- \/ Yoast SEO plugin. -->","yoast_head_json":{"title":"TRUUSK F\u00e4llbar Hundvagn och Kattvagn - Regnskydd - N\u00e4tventiler - Kudde - F\u00f6r Husdjur upp till 10 kg - Khaki - TRUUSK - Hem, Tr\u00e4dg\u00e5rd &amp; Fritid","robots":{"index":"index","follow":"follow","max-snippet":"max-snippet:-1","max-image-preview":"max-image-preview:large","max-video-preview":"max-video-preview:-1"},"canonical":"https:\/\/truusk.store\/sv\/produkt\/truusk-fallbar-hundvagn-och-kattvagn-regnskydd-natventiler-kudde-for-husdjur-upp-till-10-kg-khaki\/","og_locale":"sv_SE","og_type":"article","og_title":"TRUUSK F\u00e4llbar Hundvagn och Kattvagn - Regnskydd - N\u00e4tventiler - Kudde - F\u00f6r Husdjur upp till 10 kg - Khaki - TRUUSK - Hem, Tr\u00e4dg\u00e5rd &amp; Fritid","og_description":"V\u00e5rt campingk\u00f6k erbjuder gott om plats f\u00f6r dina matlagningsredskap och \u00e4r idealiskt f\u00f6r att laga mat p\u00e5 spr\u00e5ng. Bra utrymmeshantering...","og_url":"https:\/\/truusk.store\/sv\/produkt\/truusk-fallbar-hundvagn-och-kattvagn-regnskydd-natventiler-kudde-for-husdjur-upp-till-10-kg-khaki\/","og_site_name":"TRUUSK - Hem, Tr\u00e4dg\u00e5rd &amp; Fritid","article_modified_time":"2026-03-12T08:38:36+00:00","og_image":[{"width":800,"height":800,"url":"https:\/\/i0.wp.com\/truusk.se\/wp-content\/uploads\/2024\/03\/fallbart-campingkok-utekok-med-uv-skydd-vindskydd-silver.webp?fit=800%2C800&ssl=1","type":"image\/webp"}],"twitter_card":"summary_large_image","twitter_misc":{"Ber\u00e4knad l\u00e4stid":"1 minut"},"schema":{"@context":"https:\/\/schema.org","@graph":[{"@type":"WebPage","@id":"https:\/\/truusk.store\/sv\/produkt\/truusk-fallbar-hundvagn-och-kattvagn-regnskydd-natventiler-kudde-for-husdjur-upp-till-10-kg-khaki\/","url":"https:\/\/truusk.store\/sv\/produkt\/truusk-fallbar-hundvagn-och-kattvagn-regnskydd-natventiler-kudde-for-husdjur-upp-till-10-kg-khaki\/","name":"TRUUSK F\u00e4llbar Hundvagn och Kattvagn - Regnskydd - N\u00e4tventiler - Kudde - F\u00f6r Husdjur upp till 10 kg - Khaki - TRUUSK - Hem, Tr\u00e4dg\u00e5rd &amp; Fritid","isPartOf":{"@id":"https:\/\/truusk.store\/sv\/#website"},"primaryImageOfPage":{"@id":"https:\/\/truusk.store\/sv\/produkt\/truusk-fallbar-hundvagn-och-kattvagn-regnskydd-natventiler-kudde-for-husdjur-upp-till-10-kg-khaki\/#primaryimage"},"image":{"@id":"https:\/\/truusk.store\/sv\/produkt\/truusk-fallbar-hundvagn-och-kattvagn-regnskydd-natventiler-kudde-for-husdjur-upp-till-10-kg-khaki\/#primaryimage"},"thumbnailUrl":"https:\/\/i0.wp.com\/truusk.store\/wp-content\/uploads\/2024\/03\/fallbart-campingkok-utekok-med-uv-skydd-vindskydd-silver.webp?fit=800%2C800&ssl=1","datePublished":"2024-03-21T04:40:10+00:00","dateModified":"2026-03-12T08:38:36+00:00","breadcrumb":{"@id":"https:\/\/truusk.store\/sv\/produkt\/truusk-fallbar-hundvagn-och-kattvagn-regnskydd-natventiler-kudde-for-husdjur-upp-till-10-kg-khaki\/#breadcrumb"},"inLanguage":"sv-SE","potentialAction":[{"@type":"ReadAction","target":["https:\/\/truusk.store\/sv\/produkt\/truusk-fallbar-hundvagn-och-kattvagn-regnskydd-natventiler-kudde-for-husdjur-upp-till-10-kg-khaki\/"]}]},{"@type":"ImageObject","inLanguage":"sv-SE","@id":"https:\/\/truusk.store\/sv\/produkt\/truusk-fallbar-hundvagn-och-kattvagn-regnskydd-natventiler-kudde-for-husdjur-upp-till-10-kg-khaki\/#primaryimage","url":"https:\/\/i0.wp.com\/truusk.store\/wp-content\/uploads\/2024\/03\/fallbart-campingkok-utekok-med-uv-skydd-vindskydd-silver.webp?fit=800%2C800&ssl=1","contentUrl":"https:\/\/i0.wp.com\/truusk.store\/wp-content\/uploads\/2024\/03\/fallbart-campingkok-utekok-med-uv-skydd-vindskydd-silver.webp?fit=800%2C800&ssl=1","width":800,"height":800,"caption":"F\u00e4llbart Campingk\u00f6k, Utek\u00f6k Med UV-skydd, Vindskydd, Silver 1"},{"@type":"BreadcrumbList","@id":"https:\/\/truusk.store\/sv\/produkt\/truusk-fallbar-hundvagn-och-kattvagn-regnskydd-natventiler-kudde-for-husdjur-upp-till-10-kg-khaki\/#breadcrumb","itemListElement":[{"@type":"ListItem","position":1,"name":"Home","item":"https:\/\/truusk.store\/sv\/"},{"@type":"ListItem","position":2,"name":"Shop","item":"https:\/\/truusk.store\/shop\/"},{"@type":"ListItem","position":3,"name":"TRUUSK F\u00e4llbar Hundvagn och Kattvagn &#8211; Regnskydd &#8211; N\u00e4tventiler &#8211; Kudde &#8211; F\u00f6r Husdjur upp till 10 kg &#8211; Khaki"}]},{"@type":"WebSite","@id":"https:\/\/truusk.store\/sv\/#website","url":"https:\/\/truusk.store\/sv\/","name":"TRUUSK - Hem, Tr\u00e4dg\u00e5rd & Fritid","description":"","publisher":{"@id":"https:\/\/truusk.store\/sv\/#organization"},"potentialAction":[{"@type":"SearchAction","target":{"@type":"EntryPoint","urlTemplate":"https:\/\/truusk.store\/sv\/?s={search_term_string}"},"query-input":{"@type":"PropertyValueSpecification","valueRequired":true,"valueName":"search_term_string"}}],"inLanguage":"sv-SE"},{"@type":"Organization","@id":"https:\/\/truusk.store\/sv\/#organization","name":"TRUUSK - Hem, Tr\u00e4dg\u00e5rd & Fritid","url":"https:\/\/truusk.store\/sv\/","logo":{"@type":"ImageObject","inLanguage":"sv-SE","@id":"https:\/\/truusk.store\/sv\/#\/schema\/logo\/image\/","url":"https:\/\/i0.wp.com\/truusk.store\/wp-content\/uploads\/2026\/03\/cropped-TRUUSK.png?fit=2032%2C917&ssl=1","contentUrl":"https:\/\/i0.wp.com\/truusk.store\/wp-content\/uploads\/2026\/03\/cropped-TRUUSK.png?fit=2032%2C917&ssl=1","width":2032,"height":917,"caption":"TRUUSK - Hem, Tr\u00e4dg\u00e5rd & Fritid"},"image":{"@id":"https:\/\/truusk.store\/sv\/#\/schema\/logo\/image\/"}}]}},"jetpack_sharing_enabled":true,"_links":{"self":[{"href":"https:\/\/truusk.store\/sv\/wp-json\/wp\/v2\/product\/52309","targetHints":{"allow":["GET"]}}],"collection":[{"href":"https:\/\/truusk.store\/sv\/wp-json\/wp\/v2\/product"}],"about":[{"href":"https:\/\/truusk.store\/sv\/wp-json\/wp\/v2\/types\/product"}],"wp:featuredmedia":[{"embeddable":true,"href":"https:\/\/truusk.store\/sv\/wp-json\/wp\/v2\/media\/52310"}],"wp:attachment":[{"href":"https:\/\/truusk.store\/sv\/wp-json\/wp\/v2\/media?parent=52309"}],"wp:term":[{"taxonomy":"product_brand","embeddable":true,"href":"https:\/\/truusk.store\/sv\/wp-json\/wp\/v2\/product_brand?post=52309"},{"taxonomy":"product_cat","embeddable":true,"href":"https:\/\/truusk.store\/sv\/wp-json\/wp\/v2\/product_cat?post=52309"},{"taxonomy":"product_tag","embeddable":true,"href":"https:\/\/truusk.store\/sv\/wp-json\/wp\/v2\/product_tag?post=52309"}],"curies":[{"name":"wp","href":"https:\/\/api.w.org\/{rel}","templated":true}]}}