{"id":52320,"date":"2024-03-21T05:50:07","date_gmt":"2024-03-21T04:50:07","guid":{"rendered":"https:\/\/truusk.store\/product\/koksvagn-serveringsvagn-kokso-1-kryddstall-1-handdukshallare-109-cm-x-40-cm-x-89-cm-vit\/"},"modified":"2026-03-12T09:36:45","modified_gmt":"2026-03-12T08:36:45","slug":"truusk-koksvagn-serveringsvagn-1-kryddstall-1-handdukshallare-109x40x89-cm-vit","status":"publish","type":"product","link":"https:\/\/truusk.store\/sv\/produkt\/truusk-koksvagn-serveringsvagn-1-kryddstall-1-handdukshallare-109x40x89-cm-vit\/","title":{"rendered":"TRUUSK K\u00f6ksvagn Serveringsvagn &#8211; 1 Kryddst\u00e4ll &#8211; 1 Handduksh\u00e5llare &#8211; 109x40x89 cm &#8211; Vit"},"content":{"rendered":"<p>Denna k\u00f6ksvagn \u00e4r den idealiska l\u00f6sningen f\u00f6r mer ordning och komfort i hemmet. En praktisk l\u00e5da och ett st\u00e4ngt sk\u00e5p ger gott om plats f\u00f6r k\u00f6ksredskap och mat. Det integrerade kryddst\u00e4llet och handduksh\u00e5llaren ger extra komfort. Tack vare de fyra hjulen \u00e4r k\u00f6ksvagnen l\u00e4tt att flytta. Tv\u00e5 parkeringsbromsar s\u00e4kerst\u00e4ller ett s\u00e4kert stativ. Det \u00e4r enkelt att h\u00e5lla ordning och reda med den praktiska serveringsvagnen.<\/p>\n<h3>Beskrivning:<\/h3>\n<ul>\n<li>En praktisk l\u00e5da och ett st\u00e4ngt sk\u00e5p ger gott om plats f\u00f6r tillbeh\u00f6r och mat<\/li>\n<li>Integrerat kryddst\u00e4ll och handduksh\u00e5llare<\/li>\n<li>Hyllorna \u00e4r justerbara i h\u00f6jdled<\/li>\n<li>4 sv\u00e4ngbara hjul med 2 parkeringsbromsar p\u00e5 k\u00f6ksvagnen p\u00e5 hjul s\u00e4kerst\u00e4ller enkel r\u00f6rlighet<\/li>\n<li>Tillverkad av gummi och MDF-tr\u00e4<\/li>\n<li>Serveringsvagnens material \u00e4r slitstarkt och l\u00e4tt att reng\u00f6ra<\/li>\n<li>Montering kr\u00e4vs<\/li>\n<\/ul>\n<h3>Teknisk data:<\/h3>\n<ul>\n<li>F\u00e4rg vit<\/li>\n<li>Material: gummitr\u00e4, MDF<\/li>\n<li>\u00d6vergripande m\u00e5tt: 109L x 40W x 89H cm<\/li>\n<li>B\u00e4nkskivans storlek: 85L x 40W cm<\/li>\n<li>L\u00e5dans innerm\u00e5tt: 73,5W x 29,5D x 8H cm<\/li>\n<li>Innerm\u00e5tt p\u00e5 sk\u00e5pet: 78W x 35D x 60,5H cm<\/li>\n<li>Lastkapacitet: 40 kg (totalt), 20 kg (b\u00e4nkskiva), 8 kg (l\u00e5da), 8 kg (hylla)<\/li>\n<\/ul>\n<h3>Leveransens omfattning:<\/h3>\n<ul>\n<li>1 x k\u00f6ksvagn<\/li>\n<li>1 x Instruktioner<\/li>\n<\/ul>\n","protected":false},"excerpt":{"rendered":"<p>Denna k\u00f6ksvagn \u00e4r den idealiska l\u00f6sningen f\u00f6r mer ordning och komfort i hemmet. En praktisk l\u00e5da och ett st\u00e4ngt sk\u00e5p&#8230;<\/p>\n","protected":false},"featured_media":52321,"template":"","meta":[],"product_brand":[],"product_cat":[485,503,501],"product_tag":[],"class_list":{"0":"post-52320","1":"product","2":"type-product","3":"status-publish","4":"has-post-thumbnail","6":"product_cat-hus-bo","7":"product_cat-serveringsvagn","8":"product_cat-tabeller","10":"first","11":"instock","12":"sale","13":"taxable","14":"shipping-taxable","15":"purchasable","16":"product-type-simple"},"yoast_head":"<!-- This site is optimized with the Yoast SEO plugin v25.4 - https:\/\/yoast.com\/wordpress\/plugins\/seo\/ -->\n<title>TRUUSK K\u00f6ksvagn Serveringsvagn - 1 Kryddst\u00e4ll - 1 Handduksh\u00e5llare - 109x40x89 cm - Vit - TRUUSK - Hem, Tr\u00e4dg\u00e5rd &amp; Fritid<\/title>\n<meta name=\"robots\" content=\"index, follow, max-snippet:-1, max-image-preview:large, max-video-preview:-1\" \/>\n<link rel=\"canonical\" href=\"https:\/\/truusk.store\/sv\/produkt\/truusk-koksvagn-serveringsvagn-1-kryddstall-1-handdukshallare-109x40x89-cm-vit\/\" \/>\n<meta property=\"og:locale\" content=\"sv_SE\" \/>\n<meta property=\"og:type\" content=\"article\" \/>\n<meta property=\"og:title\" content=\"TRUUSK K\u00f6ksvagn Serveringsvagn - 1 Kryddst\u00e4ll - 1 Handduksh\u00e5llare - 109x40x89 cm - Vit - TRUUSK - Hem, Tr\u00e4dg\u00e5rd &amp; Fritid\" \/>\n<meta property=\"og:description\" content=\"Denna k\u00f6ksvagn \u00e4r den idealiska l\u00f6sningen f\u00f6r mer ordning och komfort i hemmet. En praktisk l\u00e5da och ett st\u00e4ngt sk\u00e5p...\" \/>\n<meta property=\"og:url\" content=\"https:\/\/truusk.store\/sv\/produkt\/truusk-koksvagn-serveringsvagn-1-kryddstall-1-handdukshallare-109x40x89-cm-vit\/\" \/>\n<meta property=\"og:site_name\" content=\"TRUUSK - Hem, Tr\u00e4dg\u00e5rd &amp; Fritid\" \/>\n<meta property=\"article:modified_time\" content=\"2026-03-12T08:36:45+00:00\" \/>\n<meta property=\"og:image\" content=\"https:\/\/i0.wp.com\/truusk.se\/wp-content\/uploads\/2024\/03\/koksvagn-serveringsvagn-kokso-1-kryddstall-1-handdukshallare-109-cm-x-40-cm-x-89-cm-vit.webp?fit=800%2C800&ssl=1\" \/>\n\t<meta property=\"og:image:width\" content=\"800\" \/>\n\t<meta property=\"og:image:height\" content=\"800\" \/>\n\t<meta property=\"og:image:type\" content=\"image\/webp\" \/>\n<meta name=\"twitter:card\" content=\"summary_large_image\" \/>\n<meta name=\"twitter:label1\" content=\"Ber\u00e4knad l\u00e4stid\" \/>\n\t<meta name=\"twitter:data1\" content=\"1 minut\" \/>\n<!-- \/ Yoast SEO plugin. -->","yoast_head_json":{"title":"TRUUSK K\u00f6ksvagn Serveringsvagn - 1 Kryddst\u00e4ll - 1 Handduksh\u00e5llare - 109x40x89 cm - Vit - TRUUSK - Hem, Tr\u00e4dg\u00e5rd &amp; Fritid","robots":{"index":"index","follow":"follow","max-snippet":"max-snippet:-1","max-image-preview":"max-image-preview:large","max-video-preview":"max-video-preview:-1"},"canonical":"https:\/\/truusk.store\/sv\/produkt\/truusk-koksvagn-serveringsvagn-1-kryddstall-1-handdukshallare-109x40x89-cm-vit\/","og_locale":"sv_SE","og_type":"article","og_title":"TRUUSK K\u00f6ksvagn Serveringsvagn - 1 Kryddst\u00e4ll - 1 Handduksh\u00e5llare - 109x40x89 cm - Vit - TRUUSK - Hem, Tr\u00e4dg\u00e5rd &amp; Fritid","og_description":"Denna k\u00f6ksvagn \u00e4r den idealiska l\u00f6sningen f\u00f6r mer ordning och komfort i hemmet. En praktisk l\u00e5da och ett st\u00e4ngt sk\u00e5p...","og_url":"https:\/\/truusk.store\/sv\/produkt\/truusk-koksvagn-serveringsvagn-1-kryddstall-1-handdukshallare-109x40x89-cm-vit\/","og_site_name":"TRUUSK - Hem, Tr\u00e4dg\u00e5rd &amp; Fritid","article_modified_time":"2026-03-12T08:36:45+00:00","og_image":[{"width":800,"height":800,"url":"https:\/\/i0.wp.com\/truusk.se\/wp-content\/uploads\/2024\/03\/koksvagn-serveringsvagn-kokso-1-kryddstall-1-handdukshallare-109-cm-x-40-cm-x-89-cm-vit.webp?fit=800%2C800&ssl=1","type":"image\/webp"}],"twitter_card":"summary_large_image","twitter_misc":{"Ber\u00e4knad l\u00e4stid":"1 minut"},"schema":{"@context":"https:\/\/schema.org","@graph":[{"@type":"WebPage","@id":"https:\/\/truusk.store\/sv\/produkt\/truusk-koksvagn-serveringsvagn-1-kryddstall-1-handdukshallare-109x40x89-cm-vit\/","url":"https:\/\/truusk.store\/sv\/produkt\/truusk-koksvagn-serveringsvagn-1-kryddstall-1-handdukshallare-109x40x89-cm-vit\/","name":"TRUUSK K\u00f6ksvagn Serveringsvagn - 1 Kryddst\u00e4ll - 1 Handduksh\u00e5llare - 109x40x89 cm - Vit - TRUUSK - Hem, Tr\u00e4dg\u00e5rd &amp; Fritid","isPartOf":{"@id":"https:\/\/truusk.store\/sv\/#website"},"primaryImageOfPage":{"@id":"https:\/\/truusk.store\/sv\/produkt\/truusk-koksvagn-serveringsvagn-1-kryddstall-1-handdukshallare-109x40x89-cm-vit\/#primaryimage"},"image":{"@id":"https:\/\/truusk.store\/sv\/produkt\/truusk-koksvagn-serveringsvagn-1-kryddstall-1-handdukshallare-109x40x89-cm-vit\/#primaryimage"},"thumbnailUrl":"https:\/\/i0.wp.com\/truusk.store\/wp-content\/uploads\/2024\/03\/koksvagn-serveringsvagn-kokso-1-kryddstall-1-handdukshallare-109-cm-x-40-cm-x-89-cm-vit.webp?fit=800%2C800&ssl=1","datePublished":"2024-03-21T04:50:07+00:00","dateModified":"2026-03-12T08:36:45+00:00","breadcrumb":{"@id":"https:\/\/truusk.store\/sv\/produkt\/truusk-koksvagn-serveringsvagn-1-kryddstall-1-handdukshallare-109x40x89-cm-vit\/#breadcrumb"},"inLanguage":"sv-SE","potentialAction":[{"@type":"ReadAction","target":["https:\/\/truusk.store\/sv\/produkt\/truusk-koksvagn-serveringsvagn-1-kryddstall-1-handdukshallare-109x40x89-cm-vit\/"]}]},{"@type":"ImageObject","inLanguage":"sv-SE","@id":"https:\/\/truusk.store\/sv\/produkt\/truusk-koksvagn-serveringsvagn-1-kryddstall-1-handdukshallare-109x40x89-cm-vit\/#primaryimage","url":"https:\/\/i0.wp.com\/truusk.store\/wp-content\/uploads\/2024\/03\/koksvagn-serveringsvagn-kokso-1-kryddstall-1-handdukshallare-109-cm-x-40-cm-x-89-cm-vit.webp?fit=800%2C800&ssl=1","contentUrl":"https:\/\/i0.wp.com\/truusk.store\/wp-content\/uploads\/2024\/03\/koksvagn-serveringsvagn-kokso-1-kryddstall-1-handdukshallare-109-cm-x-40-cm-x-89-cm-vit.webp?fit=800%2C800&ssl=1","width":800,"height":800,"caption":"K\u00f6ksvagn Serveringsvagn K\u00f6ks\u00f6, 1 Kryddst\u00e4ll, 1 Handduksh\u00e5llare, 109 Cm X 40 Cm X 89 Cm, Vit 1"},{"@type":"BreadcrumbList","@id":"https:\/\/truusk.store\/sv\/produkt\/truusk-koksvagn-serveringsvagn-1-kryddstall-1-handdukshallare-109x40x89-cm-vit\/#breadcrumb","itemListElement":[{"@type":"ListItem","position":1,"name":"Home","item":"https:\/\/truusk.store\/sv\/"},{"@type":"ListItem","position":2,"name":"Shop","item":"https:\/\/truusk.store\/shop\/"},{"@type":"ListItem","position":3,"name":"TRUUSK K\u00f6ksvagn Serveringsvagn &#8211; 1 Kryddst\u00e4ll &#8211; 1 Handduksh\u00e5llare &#8211; 109x40x89 cm &#8211; Vit"}]},{"@type":"WebSite","@id":"https:\/\/truusk.store\/sv\/#website","url":"https:\/\/truusk.store\/sv\/","name":"TRUUSK - Hem, Tr\u00e4dg\u00e5rd & Fritid","description":"","publisher":{"@id":"https:\/\/truusk.store\/sv\/#organization"},"potentialAction":[{"@type":"SearchAction","target":{"@type":"EntryPoint","urlTemplate":"https:\/\/truusk.store\/sv\/?s={search_term_string}"},"query-input":{"@type":"PropertyValueSpecification","valueRequired":true,"valueName":"search_term_string"}}],"inLanguage":"sv-SE"},{"@type":"Organization","@id":"https:\/\/truusk.store\/sv\/#organization","name":"TRUUSK - Hem, Tr\u00e4dg\u00e5rd & Fritid","url":"https:\/\/truusk.store\/sv\/","logo":{"@type":"ImageObject","inLanguage":"sv-SE","@id":"https:\/\/truusk.store\/sv\/#\/schema\/logo\/image\/","url":"https:\/\/i0.wp.com\/truusk.store\/wp-content\/uploads\/2026\/03\/cropped-TRUUSK.png?fit=2032%2C917&ssl=1","contentUrl":"https:\/\/i0.wp.com\/truusk.store\/wp-content\/uploads\/2026\/03\/cropped-TRUUSK.png?fit=2032%2C917&ssl=1","width":2032,"height":917,"caption":"TRUUSK - Hem, Tr\u00e4dg\u00e5rd & Fritid"},"image":{"@id":"https:\/\/truusk.store\/sv\/#\/schema\/logo\/image\/"}}]}},"jetpack_sharing_enabled":true,"_links":{"self":[{"href":"https:\/\/truusk.store\/sv\/wp-json\/wp\/v2\/product\/52320","targetHints":{"allow":["GET"]}}],"collection":[{"href":"https:\/\/truusk.store\/sv\/wp-json\/wp\/v2\/product"}],"about":[{"href":"https:\/\/truusk.store\/sv\/wp-json\/wp\/v2\/types\/product"}],"wp:featuredmedia":[{"embeddable":true,"href":"https:\/\/truusk.store\/sv\/wp-json\/wp\/v2\/media\/52321"}],"wp:attachment":[{"href":"https:\/\/truusk.store\/sv\/wp-json\/wp\/v2\/media?parent=52320"}],"wp:term":[{"taxonomy":"product_brand","embeddable":true,"href":"https:\/\/truusk.store\/sv\/wp-json\/wp\/v2\/product_brand?post=52320"},{"taxonomy":"product_cat","embeddable":true,"href":"https:\/\/truusk.store\/sv\/wp-json\/wp\/v2\/product_cat?post=52320"},{"taxonomy":"product_tag","embeddable":true,"href":"https:\/\/truusk.store\/sv\/wp-json\/wp\/v2\/product_tag?post=52320"}],"curies":[{"name":"wp","href":"https:\/\/api.w.org\/{rel}","templated":true}]}}