{"id":52342,"date":"2024-03-21T06:10:08","date_gmt":"2024-03-21T05:10:08","guid":{"rendered":"https:\/\/truusk.store\/product\/gungstol-gungstol-i-tra-ergonomisk-tradgardsstol-med-s-form-130cm-x-60cm-x-60cm-teak\/"},"modified":"2026-03-12T09:33:21","modified_gmt":"2026-03-12T08:33:21","slug":"truusk-ergonomisk-tradgardsstol-i-teak-s-formad-130cm-x-60cm-x-60cm-utomhusstol-for-tradgarden","status":"publish","type":"product","link":"https:\/\/truusk.store\/sv\/produkt\/truusk-ergonomisk-tradgardsstol-i-teak-s-formad-130cm-x-60cm-x-60cm-utomhusstol-for-tradgarden\/","title":{"rendered":"TRUUSK Ergonomisk Tr\u00e4dg\u00e5rdsstol i Teak &#8211; S-formad &#8211; 130cm x 60cm x 60cm &#8211; Utomhusstol f\u00f6r tr\u00e4dg\u00e5rden"},"content":{"rendered":"<p>Oavsett om du \u00e4r p\u00e5 terrassen, i vintertr\u00e4dg\u00e5rden eller p\u00e5 balkongen \u00e4r denna utomhusgungstol perfekt f\u00f6r att avsluta dagen p\u00e5 ett avslappnat s\u00e4tt. Stolen \u00e4r ergonomiskt utformad och s\u00e4kerst\u00e4ller en behaglig sittkomfort, samtidigt som dess lamellstruktur ser till att din kropp kan andas bekv\u00e4mt oavsett temperatur. Njut av en avkopplande dag i tr\u00e4dg\u00e5rden eller p\u00e5 terrassen med denna eleganta gungstol utomhus.<\/p>\n<h3>Beskrivning:<\/h3>\n<ul>\n<li>Tillverkad av naturlig tr\u00e4ram med vattent\u00e4t exteri\u00f6rf\u00e4rg<\/li>\n<li>Njut av en mjuk gungr\u00f6relse med gungstolens justerbara vinkel fr\u00e5n 110-135<\/li>\n<li>Utrustad med tippskydd f\u00f6r extra stabilitet<\/li>\n<li>S-formad design av gungstolen med elliptiska m\u00f6nster p\u00e5 sidan<\/li>\n<li>L\u00e4mplig f\u00f6r uteplatser, tr\u00e4dg\u00e5rdar och andra utomhusomr\u00e5den<\/li>\n<li>Montering kr\u00e4vs<\/li>\n<\/ul>\n<h3>Teknisk data:<\/h3>\n<ul>\n<li>F\u00e4rg: teak<\/li>\n<li>Material: gran, furu<\/li>\n<li>\u00d6vergripande m\u00e5tt: 130L x 60W x 60H cm<\/li>\n<li>Sitsstorlek: 60W x 65D cm<\/li>\n<li>Sitth\u00f6jd: 38 cm<\/li>\n<li>Viktkapacitet: 120 kg<\/li>\n<\/ul>\n<h3>Leveransens omfattning:<\/h3>\n<ul>\n<li>1 x gungstol<\/li>\n<li>1 x manuell<\/li>\n<\/ul>\n","protected":false},"excerpt":{"rendered":"<p>Oavsett om du \u00e4r p\u00e5 terrassen, i vintertr\u00e4dg\u00e5rden eller p\u00e5 balkongen \u00e4r denna utomhusgungstol perfekt f\u00f6r att avsluta dagen p\u00e5&#8230;<\/p>\n","protected":false},"featured_media":52343,"template":"","meta":[],"product_brand":[],"product_cat":[435,450,452],"product_tag":[],"class_list":{"0":"post-52342","1":"product","2":"type-product","3":"status-publish","4":"has-post-thumbnail","6":"product_cat-tradgard-och-terrass","7":"product_cat-tradgardsmobler","8":"product_cat-tradgardsstolar","10":"first","11":"instock","12":"sale","13":"taxable","14":"shipping-taxable","15":"purchasable","16":"product-type-simple"},"yoast_head":"<!-- This site is optimized with the Yoast SEO plugin v25.4 - https:\/\/yoast.com\/wordpress\/plugins\/seo\/ -->\n<title>TRUUSK Ergonomisk Tr\u00e4dg\u00e5rdsstol i Teak - S-formad - 130cm x 60cm x 60cm - Utomhusstol f\u00f6r tr\u00e4dg\u00e5rden - TRUUSK - Hem, Tr\u00e4dg\u00e5rd &amp; Fritid<\/title>\n<meta name=\"robots\" content=\"index, follow, max-snippet:-1, max-image-preview:large, max-video-preview:-1\" \/>\n<link rel=\"canonical\" href=\"https:\/\/truusk.store\/sv\/produkt\/truusk-ergonomisk-tradgardsstol-i-teak-s-formad-130cm-x-60cm-x-60cm-utomhusstol-for-tradgarden\/\" \/>\n<meta property=\"og:locale\" content=\"sv_SE\" \/>\n<meta property=\"og:type\" content=\"article\" \/>\n<meta property=\"og:title\" content=\"TRUUSK Ergonomisk Tr\u00e4dg\u00e5rdsstol i Teak - S-formad - 130cm x 60cm x 60cm - Utomhusstol f\u00f6r tr\u00e4dg\u00e5rden - TRUUSK - Hem, Tr\u00e4dg\u00e5rd &amp; Fritid\" \/>\n<meta property=\"og:description\" content=\"Oavsett om du \u00e4r p\u00e5 terrassen, i vintertr\u00e4dg\u00e5rden eller p\u00e5 balkongen \u00e4r denna utomhusgungstol perfekt f\u00f6r att avsluta dagen p\u00e5...\" \/>\n<meta property=\"og:url\" content=\"https:\/\/truusk.store\/sv\/produkt\/truusk-ergonomisk-tradgardsstol-i-teak-s-formad-130cm-x-60cm-x-60cm-utomhusstol-for-tradgarden\/\" \/>\n<meta property=\"og:site_name\" content=\"TRUUSK - Hem, Tr\u00e4dg\u00e5rd &amp; Fritid\" \/>\n<meta property=\"article:modified_time\" content=\"2026-03-12T08:33:21+00:00\" \/>\n<meta property=\"og:image\" content=\"https:\/\/i0.wp.com\/truusk.se\/wp-content\/uploads\/2024\/03\/gungstol-gungstol-i-tra-ergonomisk-tradgardsstol-med-s-form-130cm-x-60cm-x-60cm-teak.webp?fit=800%2C800&ssl=1\" \/>\n\t<meta property=\"og:image:width\" content=\"800\" \/>\n\t<meta property=\"og:image:height\" content=\"800\" \/>\n\t<meta property=\"og:image:type\" content=\"image\/webp\" \/>\n<meta name=\"twitter:card\" content=\"summary_large_image\" \/>\n<meta name=\"twitter:label1\" content=\"Ber\u00e4knad l\u00e4stid\" \/>\n\t<meta name=\"twitter:data1\" content=\"1 minut\" \/>\n<!-- \/ Yoast SEO plugin. -->","yoast_head_json":{"title":"TRUUSK Ergonomisk Tr\u00e4dg\u00e5rdsstol i Teak - S-formad - 130cm x 60cm x 60cm - Utomhusstol f\u00f6r tr\u00e4dg\u00e5rden - TRUUSK - Hem, Tr\u00e4dg\u00e5rd &amp; Fritid","robots":{"index":"index","follow":"follow","max-snippet":"max-snippet:-1","max-image-preview":"max-image-preview:large","max-video-preview":"max-video-preview:-1"},"canonical":"https:\/\/truusk.store\/sv\/produkt\/truusk-ergonomisk-tradgardsstol-i-teak-s-formad-130cm-x-60cm-x-60cm-utomhusstol-for-tradgarden\/","og_locale":"sv_SE","og_type":"article","og_title":"TRUUSK Ergonomisk Tr\u00e4dg\u00e5rdsstol i Teak - S-formad - 130cm x 60cm x 60cm - Utomhusstol f\u00f6r tr\u00e4dg\u00e5rden - TRUUSK - Hem, Tr\u00e4dg\u00e5rd &amp; Fritid","og_description":"Oavsett om du \u00e4r p\u00e5 terrassen, i vintertr\u00e4dg\u00e5rden eller p\u00e5 balkongen \u00e4r denna utomhusgungstol perfekt f\u00f6r att avsluta dagen p\u00e5...","og_url":"https:\/\/truusk.store\/sv\/produkt\/truusk-ergonomisk-tradgardsstol-i-teak-s-formad-130cm-x-60cm-x-60cm-utomhusstol-for-tradgarden\/","og_site_name":"TRUUSK - Hem, Tr\u00e4dg\u00e5rd &amp; Fritid","article_modified_time":"2026-03-12T08:33:21+00:00","og_image":[{"width":800,"height":800,"url":"https:\/\/i0.wp.com\/truusk.se\/wp-content\/uploads\/2024\/03\/gungstol-gungstol-i-tra-ergonomisk-tradgardsstol-med-s-form-130cm-x-60cm-x-60cm-teak.webp?fit=800%2C800&ssl=1","type":"image\/webp"}],"twitter_card":"summary_large_image","twitter_misc":{"Ber\u00e4knad l\u00e4stid":"1 minut"},"schema":{"@context":"https:\/\/schema.org","@graph":[{"@type":"WebPage","@id":"https:\/\/truusk.store\/sv\/produkt\/truusk-ergonomisk-tradgardsstol-i-teak-s-formad-130cm-x-60cm-x-60cm-utomhusstol-for-tradgarden\/","url":"https:\/\/truusk.store\/sv\/produkt\/truusk-ergonomisk-tradgardsstol-i-teak-s-formad-130cm-x-60cm-x-60cm-utomhusstol-for-tradgarden\/","name":"TRUUSK Ergonomisk Tr\u00e4dg\u00e5rdsstol i Teak - S-formad - 130cm x 60cm x 60cm - Utomhusstol f\u00f6r tr\u00e4dg\u00e5rden - TRUUSK - Hem, Tr\u00e4dg\u00e5rd &amp; Fritid","isPartOf":{"@id":"https:\/\/truusk.store\/sv\/#website"},"primaryImageOfPage":{"@id":"https:\/\/truusk.store\/sv\/produkt\/truusk-ergonomisk-tradgardsstol-i-teak-s-formad-130cm-x-60cm-x-60cm-utomhusstol-for-tradgarden\/#primaryimage"},"image":{"@id":"https:\/\/truusk.store\/sv\/produkt\/truusk-ergonomisk-tradgardsstol-i-teak-s-formad-130cm-x-60cm-x-60cm-utomhusstol-for-tradgarden\/#primaryimage"},"thumbnailUrl":"https:\/\/i0.wp.com\/truusk.store\/wp-content\/uploads\/2024\/03\/gungstol-gungstol-i-tra-ergonomisk-tradgardsstol-med-s-form-130cm-x-60cm-x-60cm-teak.webp?fit=800%2C800&ssl=1","datePublished":"2024-03-21T05:10:08+00:00","dateModified":"2026-03-12T08:33:21+00:00","breadcrumb":{"@id":"https:\/\/truusk.store\/sv\/produkt\/truusk-ergonomisk-tradgardsstol-i-teak-s-formad-130cm-x-60cm-x-60cm-utomhusstol-for-tradgarden\/#breadcrumb"},"inLanguage":"sv-SE","potentialAction":[{"@type":"ReadAction","target":["https:\/\/truusk.store\/sv\/produkt\/truusk-ergonomisk-tradgardsstol-i-teak-s-formad-130cm-x-60cm-x-60cm-utomhusstol-for-tradgarden\/"]}]},{"@type":"ImageObject","inLanguage":"sv-SE","@id":"https:\/\/truusk.store\/sv\/produkt\/truusk-ergonomisk-tradgardsstol-i-teak-s-formad-130cm-x-60cm-x-60cm-utomhusstol-for-tradgarden\/#primaryimage","url":"https:\/\/i0.wp.com\/truusk.store\/wp-content\/uploads\/2024\/03\/gungstol-gungstol-i-tra-ergonomisk-tradgardsstol-med-s-form-130cm-x-60cm-x-60cm-teak.webp?fit=800%2C800&ssl=1","contentUrl":"https:\/\/i0.wp.com\/truusk.store\/wp-content\/uploads\/2024\/03\/gungstol-gungstol-i-tra-ergonomisk-tradgardsstol-med-s-form-130cm-x-60cm-x-60cm-teak.webp?fit=800%2C800&ssl=1","width":800,"height":800,"caption":"Gungstol, Gungstol I Tr\u00e4, Ergonomisk Tr\u00e4dg\u00e5rdsstol Med S-form, 130cm X 60cm X 60cm, Teak 1"},{"@type":"BreadcrumbList","@id":"https:\/\/truusk.store\/sv\/produkt\/truusk-ergonomisk-tradgardsstol-i-teak-s-formad-130cm-x-60cm-x-60cm-utomhusstol-for-tradgarden\/#breadcrumb","itemListElement":[{"@type":"ListItem","position":1,"name":"Home","item":"https:\/\/truusk.store\/sv\/"},{"@type":"ListItem","position":2,"name":"Shop","item":"https:\/\/truusk.store\/shop\/"},{"@type":"ListItem","position":3,"name":"TRUUSK Ergonomisk Tr\u00e4dg\u00e5rdsstol i Teak &#8211; S-formad &#8211; 130cm x 60cm x 60cm &#8211; Utomhusstol f\u00f6r tr\u00e4dg\u00e5rden"}]},{"@type":"WebSite","@id":"https:\/\/truusk.store\/sv\/#website","url":"https:\/\/truusk.store\/sv\/","name":"TRUUSK - Hem, Tr\u00e4dg\u00e5rd & Fritid","description":"","publisher":{"@id":"https:\/\/truusk.store\/sv\/#organization"},"potentialAction":[{"@type":"SearchAction","target":{"@type":"EntryPoint","urlTemplate":"https:\/\/truusk.store\/sv\/?s={search_term_string}"},"query-input":{"@type":"PropertyValueSpecification","valueRequired":true,"valueName":"search_term_string"}}],"inLanguage":"sv-SE"},{"@type":"Organization","@id":"https:\/\/truusk.store\/sv\/#organization","name":"TRUUSK - Hem, Tr\u00e4dg\u00e5rd & Fritid","url":"https:\/\/truusk.store\/sv\/","logo":{"@type":"ImageObject","inLanguage":"sv-SE","@id":"https:\/\/truusk.store\/sv\/#\/schema\/logo\/image\/","url":"https:\/\/i0.wp.com\/truusk.store\/wp-content\/uploads\/2026\/03\/cropped-TRUUSK.png?fit=2032%2C917&ssl=1","contentUrl":"https:\/\/i0.wp.com\/truusk.store\/wp-content\/uploads\/2026\/03\/cropped-TRUUSK.png?fit=2032%2C917&ssl=1","width":2032,"height":917,"caption":"TRUUSK - Hem, Tr\u00e4dg\u00e5rd & Fritid"},"image":{"@id":"https:\/\/truusk.store\/sv\/#\/schema\/logo\/image\/"}}]}},"jetpack_sharing_enabled":true,"_links":{"self":[{"href":"https:\/\/truusk.store\/sv\/wp-json\/wp\/v2\/product\/52342","targetHints":{"allow":["GET"]}}],"collection":[{"href":"https:\/\/truusk.store\/sv\/wp-json\/wp\/v2\/product"}],"about":[{"href":"https:\/\/truusk.store\/sv\/wp-json\/wp\/v2\/types\/product"}],"wp:featuredmedia":[{"embeddable":true,"href":"https:\/\/truusk.store\/sv\/wp-json\/wp\/v2\/media\/52343"}],"wp:attachment":[{"href":"https:\/\/truusk.store\/sv\/wp-json\/wp\/v2\/media?parent=52342"}],"wp:term":[{"taxonomy":"product_brand","embeddable":true,"href":"https:\/\/truusk.store\/sv\/wp-json\/wp\/v2\/product_brand?post=52342"},{"taxonomy":"product_cat","embeddable":true,"href":"https:\/\/truusk.store\/sv\/wp-json\/wp\/v2\/product_cat?post=52342"},{"taxonomy":"product_tag","embeddable":true,"href":"https:\/\/truusk.store\/sv\/wp-json\/wp\/v2\/product_tag?post=52342"}],"curies":[{"name":"wp","href":"https:\/\/api.w.org\/{rel}","templated":true}]}}