{"id":52397,"date":"2024-03-21T07:00:08","date_gmt":"2024-03-21T06:00:08","guid":{"rendered":"https:\/\/truusk.store\/product\/stativ-for-hangstol-hangande-stolshallare-133-cm-x-116-cm-x-195-230-cm-svart\/"},"modified":"2026-03-12T09:36:24","modified_gmt":"2026-03-12T08:36:24","slug":"truusk-stativ-for-hangstol-hangande-stolshallare-matt-133-cm-x-116-cm-x-195-230-cm-svart","status":"publish","type":"product","link":"https:\/\/truusk.store\/sv\/produkt\/truusk-stativ-for-hangstol-hangande-stolshallare-matt-133-cm-x-116-cm-x-195-230-cm-svart\/","title":{"rendered":"TRUUSK Stativ f\u00f6r H\u00e4ngstol &#8211; H\u00e4ngande Stolsh\u00e5llare &#8211; M\u00e5tt: 133 cm x 116 cm x 195\/230 cm &#8211; Svart"},"content":{"rendered":"<p>Vill du ha en h\u00e4ngstol men inte har plats f\u00f6r den? Med \u00e4ggstativet i metall beh\u00f6ver du inte l\u00e4ngre leta efter ett l\u00e4mpligt tr\u00e4d f\u00f6r att h\u00e4nga din favoritstol. Tillverkad av pulverlackerade metallr\u00f6r, \u00e4r den v\u00e4derbest\u00e4ndig och l\u00e4mplig f\u00f6r balkonger, tr\u00e4dg\u00e5rdar, innerg\u00e5rdar, verandor, sovrum, vardagsrum eller andra rum. Du kan njuta av din fritid enkelt och problemfritt. En smart och funktionell pryl f\u00f6r din fritid!<\/p>\n<h3>Beskrivning:<\/h3>\n<ul>\n<li>Passar de flesta h\u00e4ngstolar med enkla f\u00e4sten. H\u00e4ngstol ing\u00e5r ej<\/li>\n<li>Stabil metallram med slitstark pulverlackering<\/li>\n<li>L\u00e4mplig f\u00f6r balkonger, tr\u00e4dg\u00e5rdar, verandor, sovrum och andra coola vardagsrum<\/li>\n<li>Lyftomr\u00e5de fr\u00e5n 195 till 230 cm h\u00f6jd<\/li>\n<li>Justerbara f\u00f6tter f\u00f6r att \u00f6ka stabiliteten<\/li>\n<li>L\u00e4tt att montera av en person p\u00e5 bara 10 minuter<\/li>\n<\/ul>\n<h3>Teknisk data:<\/h3>\n<ul>\n<li>Svart f\u00e4rg<\/li>\n<li>Material: st\u00e5l<\/li>\n<li>\u00d6vergripande m\u00e5tt: 133L x 116W x 195\/230H cm<\/li>\n<li>Viktkapacitet: 150 kg<\/li>\n<li>Lyfth\u00f6jd: 195-230 cm<\/li>\n<\/ul>\n<h3>Leveransens omfattning:<\/h3>\n<ul>\n<li>1 x Stativ f\u00f6r h\u00e4ngmatta<\/li>\n<li>1 x manuell<\/li>\n<\/ul>\n","protected":false},"excerpt":{"rendered":"<p>Vill du ha en h\u00e4ngstol men inte har plats f\u00f6r den? Med \u00e4ggstativet i metall beh\u00f6ver du inte l\u00e4ngre leta&#8230;<\/p>\n","protected":false},"featured_media":52398,"template":"","meta":[],"product_brand":[],"product_cat":[460,435,450],"product_tag":[],"class_list":{"0":"post-52397","1":"product","2":"type-product","3":"status-publish","4":"has-post-thumbnail","6":"product_cat-hangmattor-hangstolar","7":"product_cat-tradgard-och-terrass","8":"product_cat-tradgardsmobler","10":"first","11":"instock","12":"sale","13":"taxable","14":"shipping-taxable","15":"purchasable","16":"product-type-simple"},"yoast_head":"<!-- This site is optimized with the Yoast SEO plugin v25.4 - https:\/\/yoast.com\/wordpress\/plugins\/seo\/ -->\n<title>TRUUSK Stativ f\u00f6r H\u00e4ngstol - H\u00e4ngande Stolsh\u00e5llare - M\u00e5tt: 133 cm x 116 cm x 195\/230 cm - Svart - TRUUSK - Hem, Tr\u00e4dg\u00e5rd &amp; Fritid<\/title>\n<meta name=\"robots\" content=\"index, follow, max-snippet:-1, max-image-preview:large, max-video-preview:-1\" \/>\n<link rel=\"canonical\" href=\"https:\/\/truusk.store\/sv\/produkt\/truusk-stativ-for-hangstol-hangande-stolshallare-matt-133-cm-x-116-cm-x-195-230-cm-svart\/\" \/>\n<meta property=\"og:locale\" content=\"sv_SE\" \/>\n<meta property=\"og:type\" content=\"article\" \/>\n<meta property=\"og:title\" content=\"TRUUSK Stativ f\u00f6r H\u00e4ngstol - H\u00e4ngande Stolsh\u00e5llare - M\u00e5tt: 133 cm x 116 cm x 195\/230 cm - Svart - TRUUSK - Hem, Tr\u00e4dg\u00e5rd &amp; Fritid\" \/>\n<meta property=\"og:description\" content=\"Vill du ha en h\u00e4ngstol men inte har plats f\u00f6r den? Med \u00e4ggstativet i metall beh\u00f6ver du inte l\u00e4ngre leta...\" \/>\n<meta property=\"og:url\" content=\"https:\/\/truusk.store\/sv\/produkt\/truusk-stativ-for-hangstol-hangande-stolshallare-matt-133-cm-x-116-cm-x-195-230-cm-svart\/\" \/>\n<meta property=\"og:site_name\" content=\"TRUUSK - Hem, Tr\u00e4dg\u00e5rd &amp; Fritid\" \/>\n<meta property=\"article:modified_time\" content=\"2026-03-12T08:36:24+00:00\" \/>\n<meta property=\"og:image\" content=\"https:\/\/i0.wp.com\/truusk.se\/wp-content\/uploads\/2024\/03\/stativ-for-hangstol-hangande-stolshallare-133-cm-x-116-cm-x-195-230-cm-svart.webp?fit=800%2C800&ssl=1\" \/>\n\t<meta property=\"og:image:width\" content=\"800\" \/>\n\t<meta property=\"og:image:height\" content=\"800\" \/>\n\t<meta property=\"og:image:type\" content=\"image\/webp\" \/>\n<meta name=\"twitter:card\" content=\"summary_large_image\" \/>\n<meta name=\"twitter:label1\" content=\"Ber\u00e4knad l\u00e4stid\" \/>\n\t<meta name=\"twitter:data1\" content=\"1 minut\" \/>\n<!-- \/ Yoast SEO plugin. -->","yoast_head_json":{"title":"TRUUSK Stativ f\u00f6r H\u00e4ngstol - H\u00e4ngande Stolsh\u00e5llare - M\u00e5tt: 133 cm x 116 cm x 195\/230 cm - Svart - TRUUSK - Hem, Tr\u00e4dg\u00e5rd &amp; Fritid","robots":{"index":"index","follow":"follow","max-snippet":"max-snippet:-1","max-image-preview":"max-image-preview:large","max-video-preview":"max-video-preview:-1"},"canonical":"https:\/\/truusk.store\/sv\/produkt\/truusk-stativ-for-hangstol-hangande-stolshallare-matt-133-cm-x-116-cm-x-195-230-cm-svart\/","og_locale":"sv_SE","og_type":"article","og_title":"TRUUSK Stativ f\u00f6r H\u00e4ngstol - H\u00e4ngande Stolsh\u00e5llare - M\u00e5tt: 133 cm x 116 cm x 195\/230 cm - Svart - TRUUSK - Hem, Tr\u00e4dg\u00e5rd &amp; Fritid","og_description":"Vill du ha en h\u00e4ngstol men inte har plats f\u00f6r den? Med \u00e4ggstativet i metall beh\u00f6ver du inte l\u00e4ngre leta...","og_url":"https:\/\/truusk.store\/sv\/produkt\/truusk-stativ-for-hangstol-hangande-stolshallare-matt-133-cm-x-116-cm-x-195-230-cm-svart\/","og_site_name":"TRUUSK - Hem, Tr\u00e4dg\u00e5rd &amp; Fritid","article_modified_time":"2026-03-12T08:36:24+00:00","og_image":[{"width":800,"height":800,"url":"https:\/\/i0.wp.com\/truusk.se\/wp-content\/uploads\/2024\/03\/stativ-for-hangstol-hangande-stolshallare-133-cm-x-116-cm-x-195-230-cm-svart.webp?fit=800%2C800&ssl=1","type":"image\/webp"}],"twitter_card":"summary_large_image","twitter_misc":{"Ber\u00e4knad l\u00e4stid":"1 minut"},"schema":{"@context":"https:\/\/schema.org","@graph":[{"@type":"WebPage","@id":"https:\/\/truusk.store\/sv\/produkt\/truusk-stativ-for-hangstol-hangande-stolshallare-matt-133-cm-x-116-cm-x-195-230-cm-svart\/","url":"https:\/\/truusk.store\/sv\/produkt\/truusk-stativ-for-hangstol-hangande-stolshallare-matt-133-cm-x-116-cm-x-195-230-cm-svart\/","name":"TRUUSK Stativ f\u00f6r H\u00e4ngstol - H\u00e4ngande Stolsh\u00e5llare - M\u00e5tt: 133 cm x 116 cm x 195\/230 cm - Svart - TRUUSK - Hem, Tr\u00e4dg\u00e5rd &amp; Fritid","isPartOf":{"@id":"https:\/\/truusk.store\/sv\/#website"},"primaryImageOfPage":{"@id":"https:\/\/truusk.store\/sv\/produkt\/truusk-stativ-for-hangstol-hangande-stolshallare-matt-133-cm-x-116-cm-x-195-230-cm-svart\/#primaryimage"},"image":{"@id":"https:\/\/truusk.store\/sv\/produkt\/truusk-stativ-for-hangstol-hangande-stolshallare-matt-133-cm-x-116-cm-x-195-230-cm-svart\/#primaryimage"},"thumbnailUrl":"https:\/\/i0.wp.com\/truusk.store\/wp-content\/uploads\/2024\/03\/stativ-for-hangstol-hangande-stolshallare-133-cm-x-116-cm-x-195-230-cm-svart.webp?fit=800%2C800&ssl=1","datePublished":"2024-03-21T06:00:08+00:00","dateModified":"2026-03-12T08:36:24+00:00","breadcrumb":{"@id":"https:\/\/truusk.store\/sv\/produkt\/truusk-stativ-for-hangstol-hangande-stolshallare-matt-133-cm-x-116-cm-x-195-230-cm-svart\/#breadcrumb"},"inLanguage":"sv-SE","potentialAction":[{"@type":"ReadAction","target":["https:\/\/truusk.store\/sv\/produkt\/truusk-stativ-for-hangstol-hangande-stolshallare-matt-133-cm-x-116-cm-x-195-230-cm-svart\/"]}]},{"@type":"ImageObject","inLanguage":"sv-SE","@id":"https:\/\/truusk.store\/sv\/produkt\/truusk-stativ-for-hangstol-hangande-stolshallare-matt-133-cm-x-116-cm-x-195-230-cm-svart\/#primaryimage","url":"https:\/\/i0.wp.com\/truusk.store\/wp-content\/uploads\/2024\/03\/stativ-for-hangstol-hangande-stolshallare-133-cm-x-116-cm-x-195-230-cm-svart.webp?fit=800%2C800&ssl=1","contentUrl":"https:\/\/i0.wp.com\/truusk.store\/wp-content\/uploads\/2024\/03\/stativ-for-hangstol-hangande-stolshallare-133-cm-x-116-cm-x-195-230-cm-svart.webp?fit=800%2C800&ssl=1","width":800,"height":800,"caption":"Stativ F\u00f6r H\u00e4ngstol H\u00e4ngande Stolsh\u00e5llare, 133 Cm X 116 Cm X 195\/230 Cm, Svart 1"},{"@type":"BreadcrumbList","@id":"https:\/\/truusk.store\/sv\/produkt\/truusk-stativ-for-hangstol-hangande-stolshallare-matt-133-cm-x-116-cm-x-195-230-cm-svart\/#breadcrumb","itemListElement":[{"@type":"ListItem","position":1,"name":"Home","item":"https:\/\/truusk.store\/sv\/"},{"@type":"ListItem","position":2,"name":"Shop","item":"https:\/\/truusk.store\/shop\/"},{"@type":"ListItem","position":3,"name":"TRUUSK Stativ f\u00f6r H\u00e4ngstol &#8211; H\u00e4ngande Stolsh\u00e5llare &#8211; M\u00e5tt: 133 cm x 116 cm x 195\/230 cm &#8211; Svart"}]},{"@type":"WebSite","@id":"https:\/\/truusk.store\/sv\/#website","url":"https:\/\/truusk.store\/sv\/","name":"TRUUSK - Hem, Tr\u00e4dg\u00e5rd & Fritid","description":"","publisher":{"@id":"https:\/\/truusk.store\/sv\/#organization"},"potentialAction":[{"@type":"SearchAction","target":{"@type":"EntryPoint","urlTemplate":"https:\/\/truusk.store\/sv\/?s={search_term_string}"},"query-input":{"@type":"PropertyValueSpecification","valueRequired":true,"valueName":"search_term_string"}}],"inLanguage":"sv-SE"},{"@type":"Organization","@id":"https:\/\/truusk.store\/sv\/#organization","name":"TRUUSK - Hem, Tr\u00e4dg\u00e5rd & Fritid","url":"https:\/\/truusk.store\/sv\/","logo":{"@type":"ImageObject","inLanguage":"sv-SE","@id":"https:\/\/truusk.store\/sv\/#\/schema\/logo\/image\/","url":"https:\/\/i0.wp.com\/truusk.store\/wp-content\/uploads\/2026\/03\/cropped-TRUUSK.png?fit=2032%2C917&ssl=1","contentUrl":"https:\/\/i0.wp.com\/truusk.store\/wp-content\/uploads\/2026\/03\/cropped-TRUUSK.png?fit=2032%2C917&ssl=1","width":2032,"height":917,"caption":"TRUUSK - Hem, Tr\u00e4dg\u00e5rd & Fritid"},"image":{"@id":"https:\/\/truusk.store\/sv\/#\/schema\/logo\/image\/"}}]}},"jetpack_sharing_enabled":true,"_links":{"self":[{"href":"https:\/\/truusk.store\/sv\/wp-json\/wp\/v2\/product\/52397","targetHints":{"allow":["GET"]}}],"collection":[{"href":"https:\/\/truusk.store\/sv\/wp-json\/wp\/v2\/product"}],"about":[{"href":"https:\/\/truusk.store\/sv\/wp-json\/wp\/v2\/types\/product"}],"wp:featuredmedia":[{"embeddable":true,"href":"https:\/\/truusk.store\/sv\/wp-json\/wp\/v2\/media\/52398"}],"wp:attachment":[{"href":"https:\/\/truusk.store\/sv\/wp-json\/wp\/v2\/media?parent=52397"}],"wp:term":[{"taxonomy":"product_brand","embeddable":true,"href":"https:\/\/truusk.store\/sv\/wp-json\/wp\/v2\/product_brand?post=52397"},{"taxonomy":"product_cat","embeddable":true,"href":"https:\/\/truusk.store\/sv\/wp-json\/wp\/v2\/product_cat?post=52397"},{"taxonomy":"product_tag","embeddable":true,"href":"https:\/\/truusk.store\/sv\/wp-json\/wp\/v2\/product_tag?post=52397"}],"curies":[{"name":"wp","href":"https:\/\/api.w.org\/{rel}","templated":true}]}}