{"id":52451,"date":"2024-03-21T07:50:08","date_gmt":"2024-03-21T06:50:08","guid":{"rendered":"https:\/\/truusk.store\/product\/eldskal-eldfat-vaderbestandig-45-x-45-x-42-cm-svart-brons\/"},"modified":"2026-03-12T09:36:35","modified_gmt":"2026-03-12T08:36:35","slug":"truusk-eldskal-och-eldfat-vaderbestandig-45-x-45-x-42-cm-svart-brons","status":"publish","type":"product","link":"https:\/\/truusk.store\/sv\/produkt\/truusk-eldskal-och-eldfat-vaderbestandig-45-x-45-x-42-cm-svart-brons\/","title":{"rendered":"TRUUSK Eldsk\u00e5l och Eldfat &#8211; V\u00e4derbest\u00e4ndig &#8211; 45 x 45 x 42 cm &#8211; Svart + Brons"},"content":{"rendered":"<p>Denna eldsk\u00e5l \u00e4r elegant, snygg och mycket anv\u00e4ndbar. Den \u00e4r gjord av bronsf\u00e4rgad pulverlackerad metall, \u00e4r robust och mycket v\u00e4rmebest\u00e4ndig. Med r\u00f6kfri sekund\u00e4r f\u00f6rbr\u00e4nning: syre tillf\u00f6rs underifr\u00e5n och str\u00f6mmar mellan v\u00e4ggarna f\u00f6r att s\u00e4kerst\u00e4lla en kraftfull f\u00f6rbr\u00e4nning. Br\u00e4nslet brinner till aska &#8211; en r\u00f6kfri upplevelse!<\/p>\n<h3>Beskrivning:<\/h3>\n<ul>\n<li>Det sekund\u00e4ra f\u00f6rbr\u00e4nningssystemet s\u00e4kerst\u00e4ller en r\u00f6kfri och ren f\u00f6rbr\u00e4nningsupplevelse<\/li>\n<li>Tv\u00e5 handtag m\u00f6jligg\u00f6r enkel och s\u00e4ker transport<\/li>\n<li>Pulverlackerad metall f\u00f6r f\u00f6rb\u00e4ttrad h\u00e5llbarhet och rostbest\u00e4ndighet<\/li>\n<li>Underl\u00e4tta brandhantering och s\u00e4kerhet med den medf\u00f6ljande brandkroken<\/li>\n<li>Ingen montering kr\u00e4vs<\/li>\n<\/ul>\n<h3>Teknisk data:<\/h3>\n<ul>\n<li>Svart f\u00e4rg<\/li>\n<li>Material: metall, rostfritt st\u00e5l<\/li>\n<li>\u00d6vergripande m\u00e5tt: 45 x 42H cm<\/li>\n<li>Innerdiameter: 37 cm<\/li>\n<li>Poolv\u00e4ggtjocklek: 3 cm<\/li>\n<li>Pokerkrokl\u00e4ngd: 61 cm<\/li>\n<\/ul>\n<h3>Leveransens omfattning:<\/h3>\n<ul>\n<li>1 x eldstad<\/li>\n<li>1 x pokerkrok<\/li>\n<li>1 x manuell<\/li>\n<\/ul>\n","protected":false},"excerpt":{"rendered":"<p>Denna eldsk\u00e5l \u00e4r elegant, snygg och mycket anv\u00e4ndbar. Den \u00e4r gjord av bronsf\u00e4rgad pulverlackerad metall, \u00e4r robust och mycket v\u00e4rmebest\u00e4ndig&#8230;.<\/p>\n","protected":false},"featured_media":52452,"template":"","meta":[],"product_brand":[],"product_cat":[441,439,435],"product_tag":[],"class_list":{"0":"post-52451","1":"product","2":"type-product","3":"status-publish","4":"has-post-thumbnail","6":"product_cat-eldskalar","7":"product_cat-grillning-uppvarmning","8":"product_cat-tradgard-och-terrass","10":"first","11":"instock","12":"sale","13":"taxable","14":"shipping-taxable","15":"purchasable","16":"product-type-simple"},"yoast_head":"<!-- This site is optimized with the Yoast SEO plugin v25.4 - https:\/\/yoast.com\/wordpress\/plugins\/seo\/ -->\n<title>TRUUSK Eldsk\u00e5l och Eldfat - V\u00e4derbest\u00e4ndig - 45 x 45 x 42 cm - Svart + Brons - TRUUSK - Hem, Tr\u00e4dg\u00e5rd &amp; Fritid<\/title>\n<meta name=\"robots\" content=\"index, follow, max-snippet:-1, max-image-preview:large, max-video-preview:-1\" \/>\n<link rel=\"canonical\" href=\"https:\/\/truusk.store\/sv\/produkt\/truusk-eldskal-och-eldfat-vaderbestandig-45-x-45-x-42-cm-svart-brons\/\" \/>\n<meta property=\"og:locale\" content=\"sv_SE\" \/>\n<meta property=\"og:type\" content=\"article\" \/>\n<meta property=\"og:title\" content=\"TRUUSK Eldsk\u00e5l och Eldfat - V\u00e4derbest\u00e4ndig - 45 x 45 x 42 cm - Svart + Brons - TRUUSK - Hem, Tr\u00e4dg\u00e5rd &amp; Fritid\" \/>\n<meta property=\"og:description\" content=\"Denna eldsk\u00e5l \u00e4r elegant, snygg och mycket anv\u00e4ndbar. Den \u00e4r gjord av bronsf\u00e4rgad pulverlackerad metall, \u00e4r robust och mycket v\u00e4rmebest\u00e4ndig....\" \/>\n<meta property=\"og:url\" content=\"https:\/\/truusk.store\/sv\/produkt\/truusk-eldskal-och-eldfat-vaderbestandig-45-x-45-x-42-cm-svart-brons\/\" \/>\n<meta property=\"og:site_name\" content=\"TRUUSK - Hem, Tr\u00e4dg\u00e5rd &amp; Fritid\" \/>\n<meta property=\"article:modified_time\" content=\"2026-03-12T08:36:35+00:00\" \/>\n<meta property=\"og:image\" content=\"https:\/\/i0.wp.com\/truusk.se\/wp-content\/uploads\/2024\/03\/eldskal-eldfat-vaderbestandig-45-x-45-x-42-cm-svart-brons.webp?fit=800%2C800&ssl=1\" \/>\n\t<meta property=\"og:image:width\" content=\"800\" \/>\n\t<meta property=\"og:image:height\" content=\"800\" \/>\n\t<meta property=\"og:image:type\" content=\"image\/webp\" \/>\n<meta name=\"twitter:card\" content=\"summary_large_image\" \/>\n<meta name=\"twitter:label1\" content=\"Ber\u00e4knad l\u00e4stid\" \/>\n\t<meta name=\"twitter:data1\" content=\"1 minut\" \/>\n<!-- \/ Yoast SEO plugin. -->","yoast_head_json":{"title":"TRUUSK Eldsk\u00e5l och Eldfat - V\u00e4derbest\u00e4ndig - 45 x 45 x 42 cm - Svart + Brons - TRUUSK - Hem, Tr\u00e4dg\u00e5rd &amp; Fritid","robots":{"index":"index","follow":"follow","max-snippet":"max-snippet:-1","max-image-preview":"max-image-preview:large","max-video-preview":"max-video-preview:-1"},"canonical":"https:\/\/truusk.store\/sv\/produkt\/truusk-eldskal-och-eldfat-vaderbestandig-45-x-45-x-42-cm-svart-brons\/","og_locale":"sv_SE","og_type":"article","og_title":"TRUUSK Eldsk\u00e5l och Eldfat - V\u00e4derbest\u00e4ndig - 45 x 45 x 42 cm - Svart + Brons - TRUUSK - Hem, Tr\u00e4dg\u00e5rd &amp; Fritid","og_description":"Denna eldsk\u00e5l \u00e4r elegant, snygg och mycket anv\u00e4ndbar. Den \u00e4r gjord av bronsf\u00e4rgad pulverlackerad metall, \u00e4r robust och mycket v\u00e4rmebest\u00e4ndig....","og_url":"https:\/\/truusk.store\/sv\/produkt\/truusk-eldskal-och-eldfat-vaderbestandig-45-x-45-x-42-cm-svart-brons\/","og_site_name":"TRUUSK - Hem, Tr\u00e4dg\u00e5rd &amp; Fritid","article_modified_time":"2026-03-12T08:36:35+00:00","og_image":[{"width":800,"height":800,"url":"https:\/\/i0.wp.com\/truusk.se\/wp-content\/uploads\/2024\/03\/eldskal-eldfat-vaderbestandig-45-x-45-x-42-cm-svart-brons.webp?fit=800%2C800&ssl=1","type":"image\/webp"}],"twitter_card":"summary_large_image","twitter_misc":{"Ber\u00e4knad l\u00e4stid":"1 minut"},"schema":{"@context":"https:\/\/schema.org","@graph":[{"@type":"WebPage","@id":"https:\/\/truusk.store\/sv\/produkt\/truusk-eldskal-och-eldfat-vaderbestandig-45-x-45-x-42-cm-svart-brons\/","url":"https:\/\/truusk.store\/sv\/produkt\/truusk-eldskal-och-eldfat-vaderbestandig-45-x-45-x-42-cm-svart-brons\/","name":"TRUUSK Eldsk\u00e5l och Eldfat - V\u00e4derbest\u00e4ndig - 45 x 45 x 42 cm - Svart + Brons - TRUUSK - Hem, Tr\u00e4dg\u00e5rd &amp; Fritid","isPartOf":{"@id":"https:\/\/truusk.store\/sv\/#website"},"primaryImageOfPage":{"@id":"https:\/\/truusk.store\/sv\/produkt\/truusk-eldskal-och-eldfat-vaderbestandig-45-x-45-x-42-cm-svart-brons\/#primaryimage"},"image":{"@id":"https:\/\/truusk.store\/sv\/produkt\/truusk-eldskal-och-eldfat-vaderbestandig-45-x-45-x-42-cm-svart-brons\/#primaryimage"},"thumbnailUrl":"https:\/\/i0.wp.com\/truusk.store\/wp-content\/uploads\/2024\/03\/eldskal-eldfat-vaderbestandig-45-x-45-x-42-cm-svart-brons.webp?fit=800%2C800&ssl=1","datePublished":"2024-03-21T06:50:08+00:00","dateModified":"2026-03-12T08:36:35+00:00","breadcrumb":{"@id":"https:\/\/truusk.store\/sv\/produkt\/truusk-eldskal-och-eldfat-vaderbestandig-45-x-45-x-42-cm-svart-brons\/#breadcrumb"},"inLanguage":"sv-SE","potentialAction":[{"@type":"ReadAction","target":["https:\/\/truusk.store\/sv\/produkt\/truusk-eldskal-och-eldfat-vaderbestandig-45-x-45-x-42-cm-svart-brons\/"]}]},{"@type":"ImageObject","inLanguage":"sv-SE","@id":"https:\/\/truusk.store\/sv\/produkt\/truusk-eldskal-och-eldfat-vaderbestandig-45-x-45-x-42-cm-svart-brons\/#primaryimage","url":"https:\/\/i0.wp.com\/truusk.store\/wp-content\/uploads\/2024\/03\/eldskal-eldfat-vaderbestandig-45-x-45-x-42-cm-svart-brons.webp?fit=800%2C800&ssl=1","contentUrl":"https:\/\/i0.wp.com\/truusk.store\/wp-content\/uploads\/2024\/03\/eldskal-eldfat-vaderbestandig-45-x-45-x-42-cm-svart-brons.webp?fit=800%2C800&ssl=1","width":800,"height":800,"caption":"Eldsk\u00e5l Eldfat, V\u00e4derbest\u00e4ndig, 45 X 45 X 42 Cm, Svart + Brons 1"},{"@type":"BreadcrumbList","@id":"https:\/\/truusk.store\/sv\/produkt\/truusk-eldskal-och-eldfat-vaderbestandig-45-x-45-x-42-cm-svart-brons\/#breadcrumb","itemListElement":[{"@type":"ListItem","position":1,"name":"Home","item":"https:\/\/truusk.store\/sv\/"},{"@type":"ListItem","position":2,"name":"Shop","item":"https:\/\/truusk.store\/shop\/"},{"@type":"ListItem","position":3,"name":"TRUUSK Eldsk\u00e5l och Eldfat &#8211; V\u00e4derbest\u00e4ndig &#8211; 45 x 45 x 42 cm &#8211; Svart + Brons"}]},{"@type":"WebSite","@id":"https:\/\/truusk.store\/sv\/#website","url":"https:\/\/truusk.store\/sv\/","name":"TRUUSK - Hem, Tr\u00e4dg\u00e5rd & Fritid","description":"","publisher":{"@id":"https:\/\/truusk.store\/sv\/#organization"},"potentialAction":[{"@type":"SearchAction","target":{"@type":"EntryPoint","urlTemplate":"https:\/\/truusk.store\/sv\/?s={search_term_string}"},"query-input":{"@type":"PropertyValueSpecification","valueRequired":true,"valueName":"search_term_string"}}],"inLanguage":"sv-SE"},{"@type":"Organization","@id":"https:\/\/truusk.store\/sv\/#organization","name":"TRUUSK - Hem, Tr\u00e4dg\u00e5rd & Fritid","url":"https:\/\/truusk.store\/sv\/","logo":{"@type":"ImageObject","inLanguage":"sv-SE","@id":"https:\/\/truusk.store\/sv\/#\/schema\/logo\/image\/","url":"https:\/\/i0.wp.com\/truusk.store\/wp-content\/uploads\/2026\/03\/cropped-TRUUSK.png?fit=2032%2C917&ssl=1","contentUrl":"https:\/\/i0.wp.com\/truusk.store\/wp-content\/uploads\/2026\/03\/cropped-TRUUSK.png?fit=2032%2C917&ssl=1","width":2032,"height":917,"caption":"TRUUSK - Hem, Tr\u00e4dg\u00e5rd & Fritid"},"image":{"@id":"https:\/\/truusk.store\/sv\/#\/schema\/logo\/image\/"}}]}},"jetpack_sharing_enabled":true,"_links":{"self":[{"href":"https:\/\/truusk.store\/sv\/wp-json\/wp\/v2\/product\/52451","targetHints":{"allow":["GET"]}}],"collection":[{"href":"https:\/\/truusk.store\/sv\/wp-json\/wp\/v2\/product"}],"about":[{"href":"https:\/\/truusk.store\/sv\/wp-json\/wp\/v2\/types\/product"}],"wp:featuredmedia":[{"embeddable":true,"href":"https:\/\/truusk.store\/sv\/wp-json\/wp\/v2\/media\/52452"}],"wp:attachment":[{"href":"https:\/\/truusk.store\/sv\/wp-json\/wp\/v2\/media?parent=52451"}],"wp:term":[{"taxonomy":"product_brand","embeddable":true,"href":"https:\/\/truusk.store\/sv\/wp-json\/wp\/v2\/product_brand?post=52451"},{"taxonomy":"product_cat","embeddable":true,"href":"https:\/\/truusk.store\/sv\/wp-json\/wp\/v2\/product_cat?post=52451"},{"taxonomy":"product_tag","embeddable":true,"href":"https:\/\/truusk.store\/sv\/wp-json\/wp\/v2\/product_tag?post=52451"}],"curies":[{"name":"wp","href":"https:\/\/api.w.org\/{rel}","templated":true}]}}