{"id":52473,"date":"2024-03-21T08:10:10","date_gmt":"2024-03-21T07:10:10","guid":{"rendered":"https:\/\/truusk.store\/product\/gungstallning-for-barn-4-i-1-gungstallning-gungstallning-med-2-gungor-basketkorg-klatterstege-tradgardsgunga-for-3-8-ar-barn-stal-gul\/"},"modified":"2026-03-12T09:35:32","modified_gmt":"2026-03-12T08:35:32","slug":"truusk-gungstallning-for-barn-4-i-1-med-2-gungor-basketkorg-klatterstege-for-3-8-ar-stal-gul","status":"publish","type":"product","link":"https:\/\/truusk.store\/sv\/produkt\/truusk-gungstallning-for-barn-4-i-1-med-2-gungor-basketkorg-klatterstege-for-3-8-ar-stal-gul\/","title":{"rendered":"TRUUSK Gungst\u00e4llning f\u00f6r barn &#8211; 4 i 1 med 2 gungor &#8211; Basketkorg &#8211; Kl\u00e4tterstege &#8211; F\u00f6r 3-8 \u00e5r &#8211; St\u00e5l &#8211; Gul"},"content":{"rendered":"<p>ger dig ett sp\u00e4nnande gungst\u00e4ll f\u00f6r barn som kombinerar en tefatgunga, en klassisk gunga, en basketkorg, en kl\u00e4tterstege och ett kl\u00e4ttern\u00e4t, vilket ger o\u00e4ndlig underh\u00e5llning f\u00f6r upp till fyra barn. Sm\u00e5barnsgungans justerbara upph\u00e4ngningsrep s\u00e4kerst\u00e4ller r\u00e4tt h\u00f6jd f\u00f6r ditt barn n\u00e4r de v\u00e4xer. Gungst\u00e4llningen f\u00f6r barn \u00e4r tillverkad av utomhusv\u00e4nliga material och passar barn i \u00e5ldrarna 3 till 8 \u00e5r.<\/p>\n<h3>Beskrivning:<\/h3>\n<ul>\n<li>Ett brett spektrum av intressen t\u00e4cks med en m\u00e4ngd olika aktiviteter<\/li>\n<li>Roterande tefatgunga, klassisk gunga, basketkorg, kl\u00e4tterstege och kl\u00e4tterstege<\/li>\n<li>H\u00f6jdjusterbar tefatgunga och normal barngunga f\u00f6r att anpassa sig efter kroppsstorlek<\/li>\n<li>Till\u00e5ter upp till fyra barn att leka tillsammans<\/li>\n<li>Olika kl\u00e4ttringsm\u00f6jligheter f\u00f6r sm\u00e5barnsgungan f\u00f6r att m\u00f6ta barnens olika behov<\/li>\n<li>Kraftig st\u00e5lkonstruktion med A-ramdesign och \u00e5tta markspetsar f\u00f6r h\u00f6g stabilitet<\/li>\n<li>Montering kr\u00e4vs<\/li>\n<\/ul>\n<h3>Teknisk data:<\/h3>\n<ul>\n<li>F\u00e4rg: Gul+Gr\u00f6n+Bl\u00e5<\/li>\n<li>Material: St\u00e5l, PE, Plast, Oxfordduk<\/li>\n<li>\u00d6vergripande m\u00e5tt: 267L x 180W x 202H cm<\/li>\n<li>Fatgunga: 100 cm<\/li>\n<li>Repets justeringsomr\u00e5de: U-formad gunga: 150-160 cm. Fatgunga: 133-176 cm<\/li>\n<li>U-formad gunga: 67L x 14W x 1,1H cm<\/li>\n<li>Kl\u00e4ttern\u00e4t\/stege: 50W x 220H cm<\/li>\n<li>Basketkorg: 38 x 192H cm<\/li>\n<li>Rekommenderad \u00e5lder: 3-8 \u00e5r<\/li>\n<li>Viktkapacitet: 40 kg (gunga\/kl\u00e4ttern\u00e4t\/kl\u00e4tterstege)<\/li>\n<\/ul>\n<h3>Leveransens omfattning:<\/h3>\n<ul>\n<li>1 x Gungst\u00e4llning f\u00f6r barn<\/li>\n<li>1 x Instruktioner<\/li>\n<\/ul>\n","protected":false},"excerpt":{"rendered":"<p>ger dig ett sp\u00e4nnande gungst\u00e4ll f\u00f6r barn som kombinerar en tefatgunga, en klassisk gunga, en basketkorg, en kl\u00e4tterstege och ett&#8230;<\/p>\n","protected":false},"featured_media":52474,"template":"","meta":[],"product_brand":[],"product_cat":[609,619,616],"product_tag":[],"class_list":{"0":"post-52473","1":"product","2":"type-product","3":"status-publish","4":"has-post-thumbnail","6":"product_cat-baby-barn","7":"product_cat-barngungor","8":"product_cat-utomhusleksaker","10":"first","11":"instock","12":"sale","13":"taxable","14":"shipping-taxable","15":"purchasable","16":"product-type-simple"},"yoast_head":"<!-- This site is optimized with the Yoast SEO plugin v25.4 - https:\/\/yoast.com\/wordpress\/plugins\/seo\/ -->\n<title>TRUUSK Gungst\u00e4llning f\u00f6r barn - 4 i 1 med 2 gungor - Basketkorg - Kl\u00e4tterstege - F\u00f6r 3-8 \u00e5r - St\u00e5l - Gul - TRUUSK - Hem, Tr\u00e4dg\u00e5rd &amp; Fritid<\/title>\n<meta name=\"robots\" content=\"index, follow, max-snippet:-1, max-image-preview:large, max-video-preview:-1\" \/>\n<link rel=\"canonical\" href=\"https:\/\/truusk.store\/sv\/produkt\/truusk-gungstallning-for-barn-4-i-1-med-2-gungor-basketkorg-klatterstege-for-3-8-ar-stal-gul\/\" \/>\n<meta property=\"og:locale\" content=\"sv_SE\" \/>\n<meta property=\"og:type\" content=\"article\" \/>\n<meta property=\"og:title\" content=\"TRUUSK Gungst\u00e4llning f\u00f6r barn - 4 i 1 med 2 gungor - Basketkorg - Kl\u00e4tterstege - F\u00f6r 3-8 \u00e5r - St\u00e5l - Gul - TRUUSK - Hem, Tr\u00e4dg\u00e5rd &amp; Fritid\" \/>\n<meta property=\"og:description\" content=\"ger dig ett sp\u00e4nnande gungst\u00e4ll f\u00f6r barn som kombinerar en tefatgunga, en klassisk gunga, en basketkorg, en kl\u00e4tterstege och ett...\" \/>\n<meta property=\"og:url\" content=\"https:\/\/truusk.store\/sv\/produkt\/truusk-gungstallning-for-barn-4-i-1-med-2-gungor-basketkorg-klatterstege-for-3-8-ar-stal-gul\/\" \/>\n<meta property=\"og:site_name\" content=\"TRUUSK - Hem, Tr\u00e4dg\u00e5rd &amp; Fritid\" \/>\n<meta property=\"article:modified_time\" content=\"2026-03-12T08:35:32+00:00\" \/>\n<meta property=\"og:image\" content=\"https:\/\/i0.wp.com\/truusk.se\/wp-content\/uploads\/2024\/03\/gungstallning-for-barn-4-i-1-gungstallning-gungstallning-med-2-gungor-basketkorg-klatterstege-tradgardsgunga-for-3-8-ar-barn-stal-gul.webp?fit=800%2C800&ssl=1\" \/>\n\t<meta property=\"og:image:width\" content=\"800\" \/>\n\t<meta property=\"og:image:height\" content=\"800\" \/>\n\t<meta property=\"og:image:type\" content=\"image\/webp\" \/>\n<meta name=\"twitter:card\" content=\"summary_large_image\" \/>\n<meta name=\"twitter:label1\" content=\"Ber\u00e4knad l\u00e4stid\" \/>\n\t<meta name=\"twitter:data1\" content=\"1 minut\" \/>\n<!-- \/ Yoast SEO plugin. -->","yoast_head_json":{"title":"TRUUSK Gungst\u00e4llning f\u00f6r barn - 4 i 1 med 2 gungor - Basketkorg - Kl\u00e4tterstege - F\u00f6r 3-8 \u00e5r - St\u00e5l - Gul - TRUUSK - Hem, Tr\u00e4dg\u00e5rd &amp; Fritid","robots":{"index":"index","follow":"follow","max-snippet":"max-snippet:-1","max-image-preview":"max-image-preview:large","max-video-preview":"max-video-preview:-1"},"canonical":"https:\/\/truusk.store\/sv\/produkt\/truusk-gungstallning-for-barn-4-i-1-med-2-gungor-basketkorg-klatterstege-for-3-8-ar-stal-gul\/","og_locale":"sv_SE","og_type":"article","og_title":"TRUUSK Gungst\u00e4llning f\u00f6r barn - 4 i 1 med 2 gungor - Basketkorg - Kl\u00e4tterstege - F\u00f6r 3-8 \u00e5r - St\u00e5l - Gul - TRUUSK - Hem, Tr\u00e4dg\u00e5rd &amp; Fritid","og_description":"ger dig ett sp\u00e4nnande gungst\u00e4ll f\u00f6r barn som kombinerar en tefatgunga, en klassisk gunga, en basketkorg, en kl\u00e4tterstege och ett...","og_url":"https:\/\/truusk.store\/sv\/produkt\/truusk-gungstallning-for-barn-4-i-1-med-2-gungor-basketkorg-klatterstege-for-3-8-ar-stal-gul\/","og_site_name":"TRUUSK - Hem, Tr\u00e4dg\u00e5rd &amp; Fritid","article_modified_time":"2026-03-12T08:35:32+00:00","og_image":[{"width":800,"height":800,"url":"https:\/\/i0.wp.com\/truusk.se\/wp-content\/uploads\/2024\/03\/gungstallning-for-barn-4-i-1-gungstallning-gungstallning-med-2-gungor-basketkorg-klatterstege-tradgardsgunga-for-3-8-ar-barn-stal-gul.webp?fit=800%2C800&ssl=1","type":"image\/webp"}],"twitter_card":"summary_large_image","twitter_misc":{"Ber\u00e4knad l\u00e4stid":"1 minut"},"schema":{"@context":"https:\/\/schema.org","@graph":[{"@type":"WebPage","@id":"https:\/\/truusk.store\/sv\/produkt\/truusk-gungstallning-for-barn-4-i-1-med-2-gungor-basketkorg-klatterstege-for-3-8-ar-stal-gul\/","url":"https:\/\/truusk.store\/sv\/produkt\/truusk-gungstallning-for-barn-4-i-1-med-2-gungor-basketkorg-klatterstege-for-3-8-ar-stal-gul\/","name":"TRUUSK Gungst\u00e4llning f\u00f6r barn - 4 i 1 med 2 gungor - Basketkorg - Kl\u00e4tterstege - F\u00f6r 3-8 \u00e5r - St\u00e5l - Gul - TRUUSK - Hem, Tr\u00e4dg\u00e5rd &amp; Fritid","isPartOf":{"@id":"https:\/\/truusk.store\/sv\/#website"},"primaryImageOfPage":{"@id":"https:\/\/truusk.store\/sv\/produkt\/truusk-gungstallning-for-barn-4-i-1-med-2-gungor-basketkorg-klatterstege-for-3-8-ar-stal-gul\/#primaryimage"},"image":{"@id":"https:\/\/truusk.store\/sv\/produkt\/truusk-gungstallning-for-barn-4-i-1-med-2-gungor-basketkorg-klatterstege-for-3-8-ar-stal-gul\/#primaryimage"},"thumbnailUrl":"https:\/\/i0.wp.com\/truusk.store\/wp-content\/uploads\/2024\/03\/gungstallning-for-barn-4-i-1-gungstallning-gungstallning-med-2-gungor-basketkorg-klatterstege-tradgardsgunga-for-3-8-ar-barn-stal-gul.webp?fit=800%2C800&ssl=1","datePublished":"2024-03-21T07:10:10+00:00","dateModified":"2026-03-12T08:35:32+00:00","breadcrumb":{"@id":"https:\/\/truusk.store\/sv\/produkt\/truusk-gungstallning-for-barn-4-i-1-med-2-gungor-basketkorg-klatterstege-for-3-8-ar-stal-gul\/#breadcrumb"},"inLanguage":"sv-SE","potentialAction":[{"@type":"ReadAction","target":["https:\/\/truusk.store\/sv\/produkt\/truusk-gungstallning-for-barn-4-i-1-med-2-gungor-basketkorg-klatterstege-for-3-8-ar-stal-gul\/"]}]},{"@type":"ImageObject","inLanguage":"sv-SE","@id":"https:\/\/truusk.store\/sv\/produkt\/truusk-gungstallning-for-barn-4-i-1-med-2-gungor-basketkorg-klatterstege-for-3-8-ar-stal-gul\/#primaryimage","url":"https:\/\/i0.wp.com\/truusk.store\/wp-content\/uploads\/2024\/03\/gungstallning-for-barn-4-i-1-gungstallning-gungstallning-med-2-gungor-basketkorg-klatterstege-tradgardsgunga-for-3-8-ar-barn-stal-gul.webp?fit=800%2C800&ssl=1","contentUrl":"https:\/\/i0.wp.com\/truusk.store\/wp-content\/uploads\/2024\/03\/gungstallning-for-barn-4-i-1-gungstallning-gungstallning-med-2-gungor-basketkorg-klatterstege-tradgardsgunga-for-3-8-ar-barn-stal-gul.webp?fit=800%2C800&ssl=1","width":800,"height":800,"caption":"Gungst\u00e4llning F\u00f6r Barn, 4 I 1 Gungst\u00e4llning, Gungst\u00e4llning Med 2 Gungor, Basketkorg, Kl\u00e4tterstege, Tr\u00e4dg\u00e5rdsgunga F\u00f6r 3-8 \u00e5r Barn, St\u00e5l, Gul 1"},{"@type":"BreadcrumbList","@id":"https:\/\/truusk.store\/sv\/produkt\/truusk-gungstallning-for-barn-4-i-1-med-2-gungor-basketkorg-klatterstege-for-3-8-ar-stal-gul\/#breadcrumb","itemListElement":[{"@type":"ListItem","position":1,"name":"Home","item":"https:\/\/truusk.store\/sv\/"},{"@type":"ListItem","position":2,"name":"Shop","item":"https:\/\/truusk.store\/shop\/"},{"@type":"ListItem","position":3,"name":"TRUUSK Gungst\u00e4llning f\u00f6r barn &#8211; 4 i 1 med 2 gungor &#8211; Basketkorg &#8211; Kl\u00e4tterstege &#8211; F\u00f6r 3-8 \u00e5r &#8211; St\u00e5l &#8211; Gul"}]},{"@type":"WebSite","@id":"https:\/\/truusk.store\/sv\/#website","url":"https:\/\/truusk.store\/sv\/","name":"TRUUSK - Hem, Tr\u00e4dg\u00e5rd & Fritid","description":"","publisher":{"@id":"https:\/\/truusk.store\/sv\/#organization"},"potentialAction":[{"@type":"SearchAction","target":{"@type":"EntryPoint","urlTemplate":"https:\/\/truusk.store\/sv\/?s={search_term_string}"},"query-input":{"@type":"PropertyValueSpecification","valueRequired":true,"valueName":"search_term_string"}}],"inLanguage":"sv-SE"},{"@type":"Organization","@id":"https:\/\/truusk.store\/sv\/#organization","name":"TRUUSK - Hem, Tr\u00e4dg\u00e5rd & Fritid","url":"https:\/\/truusk.store\/sv\/","logo":{"@type":"ImageObject","inLanguage":"sv-SE","@id":"https:\/\/truusk.store\/sv\/#\/schema\/logo\/image\/","url":"https:\/\/i0.wp.com\/truusk.store\/wp-content\/uploads\/2026\/03\/cropped-TRUUSK.png?fit=2032%2C917&ssl=1","contentUrl":"https:\/\/i0.wp.com\/truusk.store\/wp-content\/uploads\/2026\/03\/cropped-TRUUSK.png?fit=2032%2C917&ssl=1","width":2032,"height":917,"caption":"TRUUSK - Hem, Tr\u00e4dg\u00e5rd & Fritid"},"image":{"@id":"https:\/\/truusk.store\/sv\/#\/schema\/logo\/image\/"}}]}},"jetpack_sharing_enabled":true,"_links":{"self":[{"href":"https:\/\/truusk.store\/sv\/wp-json\/wp\/v2\/product\/52473","targetHints":{"allow":["GET"]}}],"collection":[{"href":"https:\/\/truusk.store\/sv\/wp-json\/wp\/v2\/product"}],"about":[{"href":"https:\/\/truusk.store\/sv\/wp-json\/wp\/v2\/types\/product"}],"wp:featuredmedia":[{"embeddable":true,"href":"https:\/\/truusk.store\/sv\/wp-json\/wp\/v2\/media\/52474"}],"wp:attachment":[{"href":"https:\/\/truusk.store\/sv\/wp-json\/wp\/v2\/media?parent=52473"}],"wp:term":[{"taxonomy":"product_brand","embeddable":true,"href":"https:\/\/truusk.store\/sv\/wp-json\/wp\/v2\/product_brand?post=52473"},{"taxonomy":"product_cat","embeddable":true,"href":"https:\/\/truusk.store\/sv\/wp-json\/wp\/v2\/product_cat?post=52473"},{"taxonomy":"product_tag","embeddable":true,"href":"https:\/\/truusk.store\/sv\/wp-json\/wp\/v2\/product_tag?post=52473"}],"curies":[{"name":"wp","href":"https:\/\/api.w.org\/{rel}","templated":true}]}}