{"id":52528,"date":"2024-03-21T09:00:11","date_gmt":"2024-03-21T08:00:11","guid":{"rendered":"https:\/\/truusk.store\/product\/parasoll-fribarande-paraply-inklusive-korsfot-293-x-293-x-260-cm-gra\/"},"modified":"2026-03-12T09:38:22","modified_gmt":"2026-03-12T08:38:22","slug":"truusk-parasoll-med-korsfot-fribarande-design-storlek-293-x-293-x-260-cm-gra","status":"publish","type":"product","link":"https:\/\/truusk.store\/sv\/produkt\/truusk-parasoll-med-korsfot-fribarande-design-storlek-293-x-293-x-260-cm-gra\/","title":{"rendered":"TRUUSK Parasoll med Korsfot &#8211; Frib\u00e4rande Design &#8211; Storlek 293 x 293 x 260 cm &#8211; Gr\u00e5"},"content":{"rendered":"<p>Parasollet \u00e4r 3 meter l\u00e5ngt och frib\u00e4rande. S\u00e5 du kan njuta av solen hela dagen. Tack vare sina 8 revben \u00e4r paraplyet extra stabilt. Detta parasoll har en vevmekanism f\u00f6r enkel \u00f6ppning och st\u00e4ngning, vilket ger dig massor av skugga fr\u00e5n solen i en vinkel du kan v\u00e4lja. V\u00e5rt tr\u00e4dg\u00e5rdsparaply ger dig lugnande skugga hela sommaren.<\/p>\n<h3>Beskrivning:<\/h3>\n<ul>\n<li>Du har mer plats p\u00e5 bordet om paraplyet \u00e4r p\u00e5 sidan<\/li>\n<li>Fritt justerbar kapell ger \u00f6nskad nyansvinkel<\/li>\n<li>Snabb och enkel \u00f6ppning och st\u00e4ngning av paraplyet med handveven<\/li>\n<li>En ventilerad kapell p\u00e5 \u00e5tta metallribbor ser till att den st\u00e5r stabilt i vinden<\/li>\n<li>Tillverkad av h\u00f6gkvalitativt polyestertyg och en pulverlackerad aluminiumram f\u00f6r stabilitet<\/li>\n<li>En rem h\u00e5ller tyget s\u00e4kert n\u00e4r det inte anv\u00e4nds<\/li>\n<li>Inkluderar korsfot, vikter ing\u00e5r ej<\/li>\n<li>Montering kr\u00e4vs<\/li>\n<\/ul>\n<h3>Teknisk data:<\/h3>\n<ul>\n<li>F\u00e4rg gr\u00e5<\/li>\n<li>Material: aluminium, metall, 100% polyester<\/li>\n<li>\u00d6vergripande m\u00e5tt: 293 x 260H cm<\/li>\n<li>H\u00f6jd p\u00e5 kapellbotten: 200 cm<\/li>\n<li>Korsbasstorlek: 100L x 100W x 4,5H cm<\/li>\n<li>OBS 1: Erforderlig vikt 15-20 kg (ing\u00e5r ej)<\/li>\n<li>OBS 2: Anv\u00e4nd inte tr\u00e4dg\u00e5rdsparaplyet i extremt v\u00e4der (stark vind, kraftigt regn, sn\u00f6)<\/li>\n<\/ul>\n<h3>Leveransens omfattning:<\/h3>\n<ul>\n<li>1 x Cantilever parasoll<\/li>\n<li>1 x reservdelssatser<\/li>\n<li>1 x manuell<\/li>\n<\/ul>\n","protected":false},"excerpt":{"rendered":"<p>Parasollet \u00e4r 3 meter l\u00e5ngt och frib\u00e4rande. S\u00e5 du kan njuta av solen hela dagen. Tack vare sina 8 revben&#8230;<\/p>\n","protected":false},"featured_media":52529,"template":"","meta":[],"product_brand":[],"product_cat":[472,471,435],"product_tag":[],"class_list":{"0":"post-52528","1":"product","2":"type-product","3":"status-publish","4":"has-post-thumbnail","6":"product_cat-parasoller","7":"product_cat-solskydd-integritetsskydd","8":"product_cat-tradgard-och-terrass","10":"first","11":"instock","12":"sale","13":"taxable","14":"shipping-taxable","15":"purchasable","16":"product-type-simple"},"yoast_head":"<!-- This site is optimized with the Yoast SEO plugin v25.4 - https:\/\/yoast.com\/wordpress\/plugins\/seo\/ -->\n<title>TRUUSK Parasoll med Korsfot - Frib\u00e4rande Design - Storlek 293 x 293 x 260 cm - Gr\u00e5 - TRUUSK - Hem, Tr\u00e4dg\u00e5rd &amp; Fritid<\/title>\n<meta name=\"robots\" content=\"index, follow, max-snippet:-1, max-image-preview:large, max-video-preview:-1\" \/>\n<link rel=\"canonical\" href=\"https:\/\/truusk.store\/sv\/produkt\/truusk-parasoll-med-korsfot-fribarande-design-storlek-293-x-293-x-260-cm-gra\/\" \/>\n<meta property=\"og:locale\" content=\"sv_SE\" \/>\n<meta property=\"og:type\" content=\"article\" \/>\n<meta property=\"og:title\" content=\"TRUUSK Parasoll med Korsfot - Frib\u00e4rande Design - Storlek 293 x 293 x 260 cm - Gr\u00e5 - TRUUSK - Hem, Tr\u00e4dg\u00e5rd &amp; Fritid\" \/>\n<meta property=\"og:description\" content=\"Parasollet \u00e4r 3 meter l\u00e5ngt och frib\u00e4rande. S\u00e5 du kan njuta av solen hela dagen. Tack vare sina 8 revben...\" \/>\n<meta property=\"og:url\" content=\"https:\/\/truusk.store\/sv\/produkt\/truusk-parasoll-med-korsfot-fribarande-design-storlek-293-x-293-x-260-cm-gra\/\" \/>\n<meta property=\"og:site_name\" content=\"TRUUSK - Hem, Tr\u00e4dg\u00e5rd &amp; Fritid\" \/>\n<meta property=\"article:modified_time\" content=\"2026-03-12T08:38:22+00:00\" \/>\n<meta property=\"og:image\" content=\"https:\/\/i0.wp.com\/truusk.se\/wp-content\/uploads\/2024\/03\/parasoll-fribarande-paraply-inklusive-korsfot-293-x-293-x-260-cm-gra.webp?fit=800%2C800&ssl=1\" \/>\n\t<meta property=\"og:image:width\" content=\"800\" \/>\n\t<meta property=\"og:image:height\" content=\"800\" \/>\n\t<meta property=\"og:image:type\" content=\"image\/webp\" \/>\n<meta name=\"twitter:card\" content=\"summary_large_image\" \/>\n<meta name=\"twitter:label1\" content=\"Ber\u00e4knad l\u00e4stid\" \/>\n\t<meta name=\"twitter:data1\" content=\"1 minut\" \/>\n<!-- \/ Yoast SEO plugin. -->","yoast_head_json":{"title":"TRUUSK Parasoll med Korsfot - Frib\u00e4rande Design - Storlek 293 x 293 x 260 cm - Gr\u00e5 - TRUUSK - Hem, Tr\u00e4dg\u00e5rd &amp; Fritid","robots":{"index":"index","follow":"follow","max-snippet":"max-snippet:-1","max-image-preview":"max-image-preview:large","max-video-preview":"max-video-preview:-1"},"canonical":"https:\/\/truusk.store\/sv\/produkt\/truusk-parasoll-med-korsfot-fribarande-design-storlek-293-x-293-x-260-cm-gra\/","og_locale":"sv_SE","og_type":"article","og_title":"TRUUSK Parasoll med Korsfot - Frib\u00e4rande Design - Storlek 293 x 293 x 260 cm - Gr\u00e5 - TRUUSK - Hem, Tr\u00e4dg\u00e5rd &amp; Fritid","og_description":"Parasollet \u00e4r 3 meter l\u00e5ngt och frib\u00e4rande. S\u00e5 du kan njuta av solen hela dagen. Tack vare sina 8 revben...","og_url":"https:\/\/truusk.store\/sv\/produkt\/truusk-parasoll-med-korsfot-fribarande-design-storlek-293-x-293-x-260-cm-gra\/","og_site_name":"TRUUSK - Hem, Tr\u00e4dg\u00e5rd &amp; Fritid","article_modified_time":"2026-03-12T08:38:22+00:00","og_image":[{"width":800,"height":800,"url":"https:\/\/i0.wp.com\/truusk.se\/wp-content\/uploads\/2024\/03\/parasoll-fribarande-paraply-inklusive-korsfot-293-x-293-x-260-cm-gra.webp?fit=800%2C800&ssl=1","type":"image\/webp"}],"twitter_card":"summary_large_image","twitter_misc":{"Ber\u00e4knad l\u00e4stid":"1 minut"},"schema":{"@context":"https:\/\/schema.org","@graph":[{"@type":"WebPage","@id":"https:\/\/truusk.store\/sv\/produkt\/truusk-parasoll-med-korsfot-fribarande-design-storlek-293-x-293-x-260-cm-gra\/","url":"https:\/\/truusk.store\/sv\/produkt\/truusk-parasoll-med-korsfot-fribarande-design-storlek-293-x-293-x-260-cm-gra\/","name":"TRUUSK Parasoll med Korsfot - Frib\u00e4rande Design - Storlek 293 x 293 x 260 cm - Gr\u00e5 - TRUUSK - Hem, Tr\u00e4dg\u00e5rd &amp; Fritid","isPartOf":{"@id":"https:\/\/truusk.store\/sv\/#website"},"primaryImageOfPage":{"@id":"https:\/\/truusk.store\/sv\/produkt\/truusk-parasoll-med-korsfot-fribarande-design-storlek-293-x-293-x-260-cm-gra\/#primaryimage"},"image":{"@id":"https:\/\/truusk.store\/sv\/produkt\/truusk-parasoll-med-korsfot-fribarande-design-storlek-293-x-293-x-260-cm-gra\/#primaryimage"},"thumbnailUrl":"https:\/\/i0.wp.com\/truusk.store\/wp-content\/uploads\/2024\/03\/parasoll-fribarande-paraply-inklusive-korsfot-293-x-293-x-260-cm-gra.webp?fit=800%2C800&ssl=1","datePublished":"2024-03-21T08:00:11+00:00","dateModified":"2026-03-12T08:38:22+00:00","breadcrumb":{"@id":"https:\/\/truusk.store\/sv\/produkt\/truusk-parasoll-med-korsfot-fribarande-design-storlek-293-x-293-x-260-cm-gra\/#breadcrumb"},"inLanguage":"sv-SE","potentialAction":[{"@type":"ReadAction","target":["https:\/\/truusk.store\/sv\/produkt\/truusk-parasoll-med-korsfot-fribarande-design-storlek-293-x-293-x-260-cm-gra\/"]}]},{"@type":"ImageObject","inLanguage":"sv-SE","@id":"https:\/\/truusk.store\/sv\/produkt\/truusk-parasoll-med-korsfot-fribarande-design-storlek-293-x-293-x-260-cm-gra\/#primaryimage","url":"https:\/\/i0.wp.com\/truusk.store\/wp-content\/uploads\/2024\/03\/parasoll-fribarande-paraply-inklusive-korsfot-293-x-293-x-260-cm-gra.webp?fit=800%2C800&ssl=1","contentUrl":"https:\/\/i0.wp.com\/truusk.store\/wp-content\/uploads\/2024\/03\/parasoll-fribarande-paraply-inklusive-korsfot-293-x-293-x-260-cm-gra.webp?fit=800%2C800&ssl=1","width":800,"height":800,"caption":"Parasoll Frib\u00e4rande Paraply, Inklusive Korsfot, 293 X 293 X 260 Cm, Gr\u00e5 1"},{"@type":"BreadcrumbList","@id":"https:\/\/truusk.store\/sv\/produkt\/truusk-parasoll-med-korsfot-fribarande-design-storlek-293-x-293-x-260-cm-gra\/#breadcrumb","itemListElement":[{"@type":"ListItem","position":1,"name":"Home","item":"https:\/\/truusk.store\/sv\/"},{"@type":"ListItem","position":2,"name":"Shop","item":"https:\/\/truusk.store\/shop\/"},{"@type":"ListItem","position":3,"name":"TRUUSK Parasoll med Korsfot &#8211; Frib\u00e4rande Design &#8211; Storlek 293 x 293 x 260 cm &#8211; Gr\u00e5"}]},{"@type":"WebSite","@id":"https:\/\/truusk.store\/sv\/#website","url":"https:\/\/truusk.store\/sv\/","name":"TRUUSK - Hem, Tr\u00e4dg\u00e5rd & Fritid","description":"","publisher":{"@id":"https:\/\/truusk.store\/sv\/#organization"},"potentialAction":[{"@type":"SearchAction","target":{"@type":"EntryPoint","urlTemplate":"https:\/\/truusk.store\/sv\/?s={search_term_string}"},"query-input":{"@type":"PropertyValueSpecification","valueRequired":true,"valueName":"search_term_string"}}],"inLanguage":"sv-SE"},{"@type":"Organization","@id":"https:\/\/truusk.store\/sv\/#organization","name":"TRUUSK - Hem, Tr\u00e4dg\u00e5rd & Fritid","url":"https:\/\/truusk.store\/sv\/","logo":{"@type":"ImageObject","inLanguage":"sv-SE","@id":"https:\/\/truusk.store\/sv\/#\/schema\/logo\/image\/","url":"https:\/\/i0.wp.com\/truusk.store\/wp-content\/uploads\/2026\/03\/cropped-TRUUSK.png?fit=2032%2C917&ssl=1","contentUrl":"https:\/\/i0.wp.com\/truusk.store\/wp-content\/uploads\/2026\/03\/cropped-TRUUSK.png?fit=2032%2C917&ssl=1","width":2032,"height":917,"caption":"TRUUSK - Hem, Tr\u00e4dg\u00e5rd & Fritid"},"image":{"@id":"https:\/\/truusk.store\/sv\/#\/schema\/logo\/image\/"}}]}},"jetpack_sharing_enabled":true,"_links":{"self":[{"href":"https:\/\/truusk.store\/sv\/wp-json\/wp\/v2\/product\/52528","targetHints":{"allow":["GET"]}}],"collection":[{"href":"https:\/\/truusk.store\/sv\/wp-json\/wp\/v2\/product"}],"about":[{"href":"https:\/\/truusk.store\/sv\/wp-json\/wp\/v2\/types\/product"}],"wp:featuredmedia":[{"embeddable":true,"href":"https:\/\/truusk.store\/sv\/wp-json\/wp\/v2\/media\/52529"}],"wp:attachment":[{"href":"https:\/\/truusk.store\/sv\/wp-json\/wp\/v2\/media?parent=52528"}],"wp:term":[{"taxonomy":"product_brand","embeddable":true,"href":"https:\/\/truusk.store\/sv\/wp-json\/wp\/v2\/product_brand?post=52528"},{"taxonomy":"product_cat","embeddable":true,"href":"https:\/\/truusk.store\/sv\/wp-json\/wp\/v2\/product_cat?post=52528"},{"taxonomy":"product_tag","embeddable":true,"href":"https:\/\/truusk.store\/sv\/wp-json\/wp\/v2\/product_tag?post=52528"}],"curies":[{"name":"wp","href":"https:\/\/api.w.org\/{rel}","templated":true}]}}