{"id":52840,"date":"2024-03-21T14:00:10","date_gmt":"2024-03-21T13:00:10","guid":{"rendered":"https:\/\/truusk.store\/product\/tradgardsstaket-8-element-formbart-metallstaket-rumsavdelare-264x61-cm-svart\/"},"modified":"2026-03-12T09:36:21","modified_gmt":"2026-03-12T08:36:21","slug":"truusk-tradgardsstaket-8-formbara-metallelement-rumsavdelare-264x61-cm-svart","status":"publish","type":"product","link":"https:\/\/truusk.store\/sv\/produkt\/truusk-tradgardsstaket-8-formbara-metallelement-rumsavdelare-264x61-cm-svart\/","title":{"rendered":"TRUUSK Tr\u00e4dg\u00e5rdsstaket &#8211; 8 Formbara Metallelement &#8211; Rumsavdelare &#8211; 264&#215;61 cm &#8211; Svart"},"content":{"rendered":"<p>Ett vackert och praktiskt staket som enkelt kan anpassas efter dina behov. Med en l\u00e4ngd p\u00e5 2,6 m kan varje st\u00e4ngselpanel flyttas till en annan position, vilket g\u00f6r den idealisk f\u00f6r obekv\u00e4mt formade omr\u00e5den. Metallpulverlackering ger extra skydd mot v\u00e4der och vind. Snabb att montera med medf\u00f6ljande clips. Anv\u00e4nd staketet som tr\u00e4dg\u00e5rdsstaket, s\u00e4ngkant eller som praktisk rumsavdelare i tr\u00e4dg\u00e5rden.<\/p>\n<h3>Beskrivning:<\/h3>\n<ul>\n<li>Kan anv\u00e4ndas p\u00e5 en m\u00e4ngd olika s\u00e4tt som tr\u00e4dg\u00e5rdsstaket, s\u00e4ngkant, rumsavdelare eller uteplatsdekoration<\/li>\n<li>Metallram med pulverlackering f\u00f6r extra stabilitet<\/li>\n<li>B\u00e5gm\u00f6nster och klassisk rutm\u00f6nster f\u00f6r en attraktiv look<\/li>\n<li>Flexibel design &#8211; anpassa den efter dina \u00f6nskem\u00e5l<\/li>\n<li>Enkel konstruktion<\/li>\n<\/ul>\n<h3>Teknisk data:<\/h3>\n<ul>\n<li>Svart f\u00e4rg<\/li>\n<li>Material: metall<\/li>\n<li>Totalstorlek: 264L x 61H cm<\/li>\n<li>M\u00e5tt p\u00e5 individuellt element: 33L x 61H cm<\/li>\n<li>H\u00f6jd p\u00e5 ankarbasen: 18 cm<\/li>\n<\/ul>\n<h3>Leveransens omfattning:<\/h3>\n<ul>\n<li>8 x staketpaneler<\/li>\n<li>1 x manuell<\/li>\n<\/ul>\n","protected":false},"excerpt":{"rendered":"<p>Ett vackert och praktiskt staket som enkelt kan anpassas efter dina behov. Med en l\u00e4ngd p\u00e5 2,6 m kan varje&#8230;<\/p>\n","protected":false},"featured_media":52841,"template":"","meta":[],"product_brand":[],"product_cat":[475,471,435],"product_tag":[],"class_list":{"0":"post-52840","1":"product","2":"type-product","3":"status-publish","4":"has-post-thumbnail","6":"product_cat-sekretessskarmar-och-konstgjorda-hackar","7":"product_cat-solskydd-integritetsskydd","8":"product_cat-tradgard-och-terrass","10":"first","11":"instock","12":"sale","13":"taxable","14":"shipping-taxable","15":"purchasable","16":"product-type-simple"},"yoast_head":"<!-- This site is optimized with the Yoast SEO plugin v25.4 - https:\/\/yoast.com\/wordpress\/plugins\/seo\/ -->\n<title>TRUUSK Tr\u00e4dg\u00e5rdsstaket - 8 Formbara Metallelement - Rumsavdelare - 264x61 cm - Svart - TRUUSK - Hem, Tr\u00e4dg\u00e5rd &amp; Fritid<\/title>\n<meta name=\"robots\" content=\"index, follow, max-snippet:-1, max-image-preview:large, max-video-preview:-1\" \/>\n<link rel=\"canonical\" href=\"https:\/\/truusk.store\/sv\/produkt\/truusk-tradgardsstaket-8-formbara-metallelement-rumsavdelare-264x61-cm-svart\/\" \/>\n<meta property=\"og:locale\" content=\"sv_SE\" \/>\n<meta property=\"og:type\" content=\"article\" \/>\n<meta property=\"og:title\" content=\"TRUUSK Tr\u00e4dg\u00e5rdsstaket - 8 Formbara Metallelement - Rumsavdelare - 264x61 cm - Svart - TRUUSK - Hem, Tr\u00e4dg\u00e5rd &amp; Fritid\" \/>\n<meta property=\"og:description\" content=\"Ett vackert och praktiskt staket som enkelt kan anpassas efter dina behov. Med en l\u00e4ngd p\u00e5 2,6 m kan varje...\" \/>\n<meta property=\"og:url\" content=\"https:\/\/truusk.store\/sv\/produkt\/truusk-tradgardsstaket-8-formbara-metallelement-rumsavdelare-264x61-cm-svart\/\" \/>\n<meta property=\"og:site_name\" content=\"TRUUSK - Hem, Tr\u00e4dg\u00e5rd &amp; Fritid\" \/>\n<meta property=\"article:modified_time\" content=\"2026-03-12T08:36:21+00:00\" \/>\n<meta property=\"og:image\" content=\"https:\/\/i0.wp.com\/truusk.se\/wp-content\/uploads\/2024\/03\/tradgardsstaket-8-element-formbart-metallstaket-rumsavdelare-264x61-cm-svart.webp?fit=800%2C800&ssl=1\" \/>\n\t<meta property=\"og:image:width\" content=\"800\" \/>\n\t<meta property=\"og:image:height\" content=\"800\" \/>\n\t<meta property=\"og:image:type\" content=\"image\/webp\" \/>\n<meta name=\"twitter:card\" content=\"summary_large_image\" \/>\n<meta name=\"twitter:label1\" content=\"Ber\u00e4knad l\u00e4stid\" \/>\n\t<meta name=\"twitter:data1\" content=\"1 minut\" \/>\n<!-- \/ Yoast SEO plugin. -->","yoast_head_json":{"title":"TRUUSK Tr\u00e4dg\u00e5rdsstaket - 8 Formbara Metallelement - Rumsavdelare - 264x61 cm - Svart - TRUUSK - Hem, Tr\u00e4dg\u00e5rd &amp; Fritid","robots":{"index":"index","follow":"follow","max-snippet":"max-snippet:-1","max-image-preview":"max-image-preview:large","max-video-preview":"max-video-preview:-1"},"canonical":"https:\/\/truusk.store\/sv\/produkt\/truusk-tradgardsstaket-8-formbara-metallelement-rumsavdelare-264x61-cm-svart\/","og_locale":"sv_SE","og_type":"article","og_title":"TRUUSK Tr\u00e4dg\u00e5rdsstaket - 8 Formbara Metallelement - Rumsavdelare - 264x61 cm - Svart - TRUUSK - Hem, Tr\u00e4dg\u00e5rd &amp; Fritid","og_description":"Ett vackert och praktiskt staket som enkelt kan anpassas efter dina behov. Med en l\u00e4ngd p\u00e5 2,6 m kan varje...","og_url":"https:\/\/truusk.store\/sv\/produkt\/truusk-tradgardsstaket-8-formbara-metallelement-rumsavdelare-264x61-cm-svart\/","og_site_name":"TRUUSK - Hem, Tr\u00e4dg\u00e5rd &amp; Fritid","article_modified_time":"2026-03-12T08:36:21+00:00","og_image":[{"width":800,"height":800,"url":"https:\/\/i0.wp.com\/truusk.se\/wp-content\/uploads\/2024\/03\/tradgardsstaket-8-element-formbart-metallstaket-rumsavdelare-264x61-cm-svart.webp?fit=800%2C800&ssl=1","type":"image\/webp"}],"twitter_card":"summary_large_image","twitter_misc":{"Ber\u00e4knad l\u00e4stid":"1 minut"},"schema":{"@context":"https:\/\/schema.org","@graph":[{"@type":"WebPage","@id":"https:\/\/truusk.store\/sv\/produkt\/truusk-tradgardsstaket-8-formbara-metallelement-rumsavdelare-264x61-cm-svart\/","url":"https:\/\/truusk.store\/sv\/produkt\/truusk-tradgardsstaket-8-formbara-metallelement-rumsavdelare-264x61-cm-svart\/","name":"TRUUSK Tr\u00e4dg\u00e5rdsstaket - 8 Formbara Metallelement - Rumsavdelare - 264x61 cm - Svart - TRUUSK - Hem, Tr\u00e4dg\u00e5rd &amp; Fritid","isPartOf":{"@id":"https:\/\/truusk.store\/sv\/#website"},"primaryImageOfPage":{"@id":"https:\/\/truusk.store\/sv\/produkt\/truusk-tradgardsstaket-8-formbara-metallelement-rumsavdelare-264x61-cm-svart\/#primaryimage"},"image":{"@id":"https:\/\/truusk.store\/sv\/produkt\/truusk-tradgardsstaket-8-formbara-metallelement-rumsavdelare-264x61-cm-svart\/#primaryimage"},"thumbnailUrl":"https:\/\/i0.wp.com\/truusk.store\/wp-content\/uploads\/2024\/03\/tradgardsstaket-8-element-formbart-metallstaket-rumsavdelare-264x61-cm-svart.webp?fit=800%2C800&ssl=1","datePublished":"2024-03-21T13:00:10+00:00","dateModified":"2026-03-12T08:36:21+00:00","breadcrumb":{"@id":"https:\/\/truusk.store\/sv\/produkt\/truusk-tradgardsstaket-8-formbara-metallelement-rumsavdelare-264x61-cm-svart\/#breadcrumb"},"inLanguage":"sv-SE","potentialAction":[{"@type":"ReadAction","target":["https:\/\/truusk.store\/sv\/produkt\/truusk-tradgardsstaket-8-formbara-metallelement-rumsavdelare-264x61-cm-svart\/"]}]},{"@type":"ImageObject","inLanguage":"sv-SE","@id":"https:\/\/truusk.store\/sv\/produkt\/truusk-tradgardsstaket-8-formbara-metallelement-rumsavdelare-264x61-cm-svart\/#primaryimage","url":"https:\/\/i0.wp.com\/truusk.store\/wp-content\/uploads\/2024\/03\/tradgardsstaket-8-element-formbart-metallstaket-rumsavdelare-264x61-cm-svart.webp?fit=800%2C800&ssl=1","contentUrl":"https:\/\/i0.wp.com\/truusk.store\/wp-content\/uploads\/2024\/03\/tradgardsstaket-8-element-formbart-metallstaket-rumsavdelare-264x61-cm-svart.webp?fit=800%2C800&ssl=1","width":800,"height":800,"caption":"Tr\u00e4dg\u00e5rdsstaket, 8 Element, Formbart Metallstaket, Rumsavdelare, 264x61 Cm, Svart 1"},{"@type":"BreadcrumbList","@id":"https:\/\/truusk.store\/sv\/produkt\/truusk-tradgardsstaket-8-formbara-metallelement-rumsavdelare-264x61-cm-svart\/#breadcrumb","itemListElement":[{"@type":"ListItem","position":1,"name":"Home","item":"https:\/\/truusk.store\/sv\/"},{"@type":"ListItem","position":2,"name":"Shop","item":"https:\/\/truusk.store\/shop\/"},{"@type":"ListItem","position":3,"name":"TRUUSK Tr\u00e4dg\u00e5rdsstaket &#8211; 8 Formbara Metallelement &#8211; Rumsavdelare &#8211; 264&#215;61 cm &#8211; Svart"}]},{"@type":"WebSite","@id":"https:\/\/truusk.store\/sv\/#website","url":"https:\/\/truusk.store\/sv\/","name":"TRUUSK - Hem, Tr\u00e4dg\u00e5rd & Fritid","description":"","publisher":{"@id":"https:\/\/truusk.store\/sv\/#organization"},"potentialAction":[{"@type":"SearchAction","target":{"@type":"EntryPoint","urlTemplate":"https:\/\/truusk.store\/sv\/?s={search_term_string}"},"query-input":{"@type":"PropertyValueSpecification","valueRequired":true,"valueName":"search_term_string"}}],"inLanguage":"sv-SE"},{"@type":"Organization","@id":"https:\/\/truusk.store\/sv\/#organization","name":"TRUUSK - Hem, Tr\u00e4dg\u00e5rd & Fritid","url":"https:\/\/truusk.store\/sv\/","logo":{"@type":"ImageObject","inLanguage":"sv-SE","@id":"https:\/\/truusk.store\/sv\/#\/schema\/logo\/image\/","url":"https:\/\/i0.wp.com\/truusk.store\/wp-content\/uploads\/2026\/03\/cropped-TRUUSK.png?fit=2032%2C917&ssl=1","contentUrl":"https:\/\/i0.wp.com\/truusk.store\/wp-content\/uploads\/2026\/03\/cropped-TRUUSK.png?fit=2032%2C917&ssl=1","width":2032,"height":917,"caption":"TRUUSK - Hem, Tr\u00e4dg\u00e5rd & Fritid"},"image":{"@id":"https:\/\/truusk.store\/sv\/#\/schema\/logo\/image\/"}}]}},"jetpack_sharing_enabled":true,"_links":{"self":[{"href":"https:\/\/truusk.store\/sv\/wp-json\/wp\/v2\/product\/52840","targetHints":{"allow":["GET"]}}],"collection":[{"href":"https:\/\/truusk.store\/sv\/wp-json\/wp\/v2\/product"}],"about":[{"href":"https:\/\/truusk.store\/sv\/wp-json\/wp\/v2\/types\/product"}],"wp:featuredmedia":[{"embeddable":true,"href":"https:\/\/truusk.store\/sv\/wp-json\/wp\/v2\/media\/52841"}],"wp:attachment":[{"href":"https:\/\/truusk.store\/sv\/wp-json\/wp\/v2\/media?parent=52840"}],"wp:term":[{"taxonomy":"product_brand","embeddable":true,"href":"https:\/\/truusk.store\/sv\/wp-json\/wp\/v2\/product_brand?post=52840"},{"taxonomy":"product_cat","embeddable":true,"href":"https:\/\/truusk.store\/sv\/wp-json\/wp\/v2\/product_cat?post=52840"},{"taxonomy":"product_tag","embeddable":true,"href":"https:\/\/truusk.store\/sv\/wp-json\/wp\/v2\/product_tag?post=52840"}],"curies":[{"name":"wp","href":"https:\/\/api.w.org\/{rel}","templated":true}]}}