{"id":52847,"date":"2024-03-21T14:10:09","date_gmt":"2024-03-21T13:10:09","guid":{"rendered":"https:\/\/truusk.store\/product\/monteringsrullbrada-nackstod-verktygsbricka-oljebestandig-upp-till-120-kg-100x48x12-cm-rod\/"},"modified":"2026-03-12T09:04:25","modified_gmt":"2026-03-12T08:04:25","slug":"truusk-monteringsrullbrada-nackstod-verktygsbricka-oljebestandig-upp-till-120-kg-rod-100x48x12-cm","status":"publish","type":"product","link":"https:\/\/truusk.store\/sv\/produkt\/truusk-monteringsrullbrada-nackstod-verktygsbricka-oljebestandig-upp-till-120-kg-rod-100x48x12-cm\/","title":{"rendered":"TRUUSK Monteringsrullbr\u00e4da &#8211; Nackst\u00f6d &#8211; Verktygsbricka &#8211; Oljebest\u00e4ndig &#8211; Upp Till 120 Kg &#8211; R\u00f6d &#8211; 100x48x12 cm"},"content":{"rendered":"<p>Se till att du \u00e4r bekv\u00e4m och s\u00e4ker hela tiden under ditt reparationsarbete under bilen \u2013 med verkstadsrullbr\u00e4dan. Tillverkad av h\u00e5llbar plast f\u00f6r l\u00e5ngvarig anv\u00e4ndning, den har en ergonomisk design som anpassar sig efter din kroppsform. Det tjockt vadderade nackst\u00f6det ger r\u00e4tt st\u00f6d och f\u00f6rhindrar \u00f6verbelastning. Ett b\u00e4rhandtag g\u00f6r den l\u00e4tt att transportera, och tv\u00e5 fack p\u00e5 varje sida ger enkel \u00e5tkomst till verktyg.<\/p>\n<h3>Beskrivning:<\/h3>\n<ul>\n<li>Ergonomisk design som anpassar sig efter kroppens form och ger optimal komfort<\/li>\n<li>Robust plast, resistent mot olja, smuts och fett f\u00f6r l\u00e5ng livsl\u00e4ngd<\/li>\n<li>Tv\u00e5 sidohyllor f\u00f6r verktyg<\/li>\n<li>Vadderat nackst\u00f6d f\u00f6r komfort och st\u00f6d<\/li>\n<li>Sex mjukt rullande hjul f\u00f6r enkel r\u00f6relse<\/li>\n<li>Runda h\u00e5l i basen \u00f6kar den maximala lastkapaciteten<\/li>\n<li>B\u00e4rhandtag f\u00f6r enkel transport<\/li>\n<li>Max lastkapacitet: 120 kg<\/li>\n<\/ul>\n<h3>Teknisk data:<\/h3>\n<ul>\n<li>r\u00f6d f\u00e4rg<\/li>\n<li>\u00d6vergripande m\u00e5tt: 100L x 48W x 12H cm<\/li>\n<li>Material: Plast<\/li>\n<li>Verktygsbricka: 27L x 6W cm<\/li>\n<li>Nackst\u00f6d: 18L x 9W cm<\/li>\n<li>Rullm\u00e5tt: 7,5 x 1,7T cm<\/li>\n<li>Lastkapacitet: 120 kg<\/li>\n<\/ul>\n<h3>Leveransens omfattning:<\/h3>\n<ul>\n<li>1 x Roller Board<\/li>\n<li>1 x Instruktioner<\/li>\n<\/ul>\n","protected":false},"excerpt":{"rendered":"<p>Se till att du \u00e4r bekv\u00e4m och s\u00e4ker hela tiden under ditt reparationsarbete under bilen \u2013 med verkstadsrullbr\u00e4dan. Tillverkad av&#8230;<\/p>\n","protected":false},"featured_media":52848,"template":"","meta":[],"product_brand":[],"product_cat":[684,671],"product_tag":[],"class_list":{"0":"post-52847","1":"product","2":"type-product","3":"status-publish","4":"has-post-thumbnail","6":"product_cat-biltillbehor","7":"product_cat-jarnaffar","9":"first","10":"instock","11":"sale","12":"taxable","13":"shipping-taxable","14":"purchasable","15":"product-type-simple"},"yoast_head":"<!-- This site is optimized with the Yoast SEO plugin v25.4 - https:\/\/yoast.com\/wordpress\/plugins\/seo\/ -->\n<title>TRUUSK Monteringsrullbr\u00e4da - Nackst\u00f6d - Verktygsbricka - Oljebest\u00e4ndig - Upp Till 120 Kg - R\u00f6d - 100x48x12 cm - TRUUSK - Hem, Tr\u00e4dg\u00e5rd &amp; Fritid<\/title>\n<meta name=\"robots\" content=\"index, follow, max-snippet:-1, max-image-preview:large, max-video-preview:-1\" \/>\n<link rel=\"canonical\" href=\"https:\/\/truusk.store\/sv\/produkt\/truusk-monteringsrullbrada-nackstod-verktygsbricka-oljebestandig-upp-till-120-kg-rod-100x48x12-cm\/\" \/>\n<meta property=\"og:locale\" content=\"sv_SE\" \/>\n<meta property=\"og:type\" content=\"article\" \/>\n<meta property=\"og:title\" content=\"TRUUSK Monteringsrullbr\u00e4da - Nackst\u00f6d - Verktygsbricka - Oljebest\u00e4ndig - Upp Till 120 Kg - R\u00f6d - 100x48x12 cm - TRUUSK - Hem, Tr\u00e4dg\u00e5rd &amp; Fritid\" \/>\n<meta property=\"og:description\" content=\"Se till att du \u00e4r bekv\u00e4m och s\u00e4ker hela tiden under ditt reparationsarbete under bilen \u2013 med verkstadsrullbr\u00e4dan. Tillverkad av...\" \/>\n<meta property=\"og:url\" content=\"https:\/\/truusk.store\/sv\/produkt\/truusk-monteringsrullbrada-nackstod-verktygsbricka-oljebestandig-upp-till-120-kg-rod-100x48x12-cm\/\" \/>\n<meta property=\"og:site_name\" content=\"TRUUSK - Hem, Tr\u00e4dg\u00e5rd &amp; Fritid\" \/>\n<meta property=\"article:modified_time\" content=\"2026-03-12T08:04:25+00:00\" \/>\n<meta property=\"og:image\" content=\"https:\/\/i0.wp.com\/truusk.se\/wp-content\/uploads\/2024\/03\/monteringsrullbrada-nackstod-verktygsbricka-oljebestandig-upp-till-120-kg-100x48x12-cm-rod.webp?fit=800%2C800&ssl=1\" \/>\n\t<meta property=\"og:image:width\" content=\"800\" \/>\n\t<meta property=\"og:image:height\" content=\"800\" \/>\n\t<meta property=\"og:image:type\" content=\"image\/webp\" \/>\n<meta name=\"twitter:card\" content=\"summary_large_image\" \/>\n<meta name=\"twitter:label1\" content=\"Ber\u00e4knad l\u00e4stid\" \/>\n\t<meta name=\"twitter:data1\" content=\"1 minut\" \/>\n<!-- \/ Yoast SEO plugin. -->","yoast_head_json":{"title":"TRUUSK Monteringsrullbr\u00e4da - Nackst\u00f6d - Verktygsbricka - Oljebest\u00e4ndig - Upp Till 120 Kg - R\u00f6d - 100x48x12 cm - TRUUSK - Hem, Tr\u00e4dg\u00e5rd &amp; Fritid","robots":{"index":"index","follow":"follow","max-snippet":"max-snippet:-1","max-image-preview":"max-image-preview:large","max-video-preview":"max-video-preview:-1"},"canonical":"https:\/\/truusk.store\/sv\/produkt\/truusk-monteringsrullbrada-nackstod-verktygsbricka-oljebestandig-upp-till-120-kg-rod-100x48x12-cm\/","og_locale":"sv_SE","og_type":"article","og_title":"TRUUSK Monteringsrullbr\u00e4da - Nackst\u00f6d - Verktygsbricka - Oljebest\u00e4ndig - Upp Till 120 Kg - R\u00f6d - 100x48x12 cm - TRUUSK - Hem, Tr\u00e4dg\u00e5rd &amp; Fritid","og_description":"Se till att du \u00e4r bekv\u00e4m och s\u00e4ker hela tiden under ditt reparationsarbete under bilen \u2013 med verkstadsrullbr\u00e4dan. Tillverkad av...","og_url":"https:\/\/truusk.store\/sv\/produkt\/truusk-monteringsrullbrada-nackstod-verktygsbricka-oljebestandig-upp-till-120-kg-rod-100x48x12-cm\/","og_site_name":"TRUUSK - Hem, Tr\u00e4dg\u00e5rd &amp; Fritid","article_modified_time":"2026-03-12T08:04:25+00:00","og_image":[{"width":800,"height":800,"url":"https:\/\/i0.wp.com\/truusk.se\/wp-content\/uploads\/2024\/03\/monteringsrullbrada-nackstod-verktygsbricka-oljebestandig-upp-till-120-kg-100x48x12-cm-rod.webp?fit=800%2C800&ssl=1","type":"image\/webp"}],"twitter_card":"summary_large_image","twitter_misc":{"Ber\u00e4knad l\u00e4stid":"1 minut"},"schema":{"@context":"https:\/\/schema.org","@graph":[{"@type":"WebPage","@id":"https:\/\/truusk.store\/sv\/produkt\/truusk-monteringsrullbrada-nackstod-verktygsbricka-oljebestandig-upp-till-120-kg-rod-100x48x12-cm\/","url":"https:\/\/truusk.store\/sv\/produkt\/truusk-monteringsrullbrada-nackstod-verktygsbricka-oljebestandig-upp-till-120-kg-rod-100x48x12-cm\/","name":"TRUUSK Monteringsrullbr\u00e4da - Nackst\u00f6d - Verktygsbricka - Oljebest\u00e4ndig - Upp Till 120 Kg - R\u00f6d - 100x48x12 cm - TRUUSK - Hem, Tr\u00e4dg\u00e5rd &amp; Fritid","isPartOf":{"@id":"https:\/\/truusk.store\/sv\/#website"},"primaryImageOfPage":{"@id":"https:\/\/truusk.store\/sv\/produkt\/truusk-monteringsrullbrada-nackstod-verktygsbricka-oljebestandig-upp-till-120-kg-rod-100x48x12-cm\/#primaryimage"},"image":{"@id":"https:\/\/truusk.store\/sv\/produkt\/truusk-monteringsrullbrada-nackstod-verktygsbricka-oljebestandig-upp-till-120-kg-rod-100x48x12-cm\/#primaryimage"},"thumbnailUrl":"https:\/\/i0.wp.com\/truusk.store\/wp-content\/uploads\/2024\/03\/monteringsrullbrada-nackstod-verktygsbricka-oljebestandig-upp-till-120-kg-100x48x12-cm-rod.webp?fit=800%2C800&ssl=1","datePublished":"2024-03-21T13:10:09+00:00","dateModified":"2026-03-12T08:04:25+00:00","breadcrumb":{"@id":"https:\/\/truusk.store\/sv\/produkt\/truusk-monteringsrullbrada-nackstod-verktygsbricka-oljebestandig-upp-till-120-kg-rod-100x48x12-cm\/#breadcrumb"},"inLanguage":"sv-SE","potentialAction":[{"@type":"ReadAction","target":["https:\/\/truusk.store\/sv\/produkt\/truusk-monteringsrullbrada-nackstod-verktygsbricka-oljebestandig-upp-till-120-kg-rod-100x48x12-cm\/"]}]},{"@type":"ImageObject","inLanguage":"sv-SE","@id":"https:\/\/truusk.store\/sv\/produkt\/truusk-monteringsrullbrada-nackstod-verktygsbricka-oljebestandig-upp-till-120-kg-rod-100x48x12-cm\/#primaryimage","url":"https:\/\/i0.wp.com\/truusk.store\/wp-content\/uploads\/2024\/03\/monteringsrullbrada-nackstod-verktygsbricka-oljebestandig-upp-till-120-kg-100x48x12-cm-rod.webp?fit=800%2C800&ssl=1","contentUrl":"https:\/\/i0.wp.com\/truusk.store\/wp-content\/uploads\/2024\/03\/monteringsrullbrada-nackstod-verktygsbricka-oljebestandig-upp-till-120-kg-100x48x12-cm-rod.webp?fit=800%2C800&ssl=1","width":800,"height":800,"caption":"Monteringsrullbr\u00e4da, Nackst\u00f6d, Verktygsbricka, Oljebest\u00e4ndig, Upp Till 120 Kg, 100x48x12 Cm, R\u00f6d 1"},{"@type":"BreadcrumbList","@id":"https:\/\/truusk.store\/sv\/produkt\/truusk-monteringsrullbrada-nackstod-verktygsbricka-oljebestandig-upp-till-120-kg-rod-100x48x12-cm\/#breadcrumb","itemListElement":[{"@type":"ListItem","position":1,"name":"Home","item":"https:\/\/truusk.store\/sv\/"},{"@type":"ListItem","position":2,"name":"Shop","item":"https:\/\/truusk.store\/shop\/"},{"@type":"ListItem","position":3,"name":"TRUUSK Monteringsrullbr\u00e4da &#8211; Nackst\u00f6d &#8211; Verktygsbricka &#8211; Oljebest\u00e4ndig &#8211; Upp Till 120 Kg &#8211; R\u00f6d &#8211; 100x48x12 cm"}]},{"@type":"WebSite","@id":"https:\/\/truusk.store\/sv\/#website","url":"https:\/\/truusk.store\/sv\/","name":"TRUUSK - Hem, Tr\u00e4dg\u00e5rd & Fritid","description":"","publisher":{"@id":"https:\/\/truusk.store\/sv\/#organization"},"potentialAction":[{"@type":"SearchAction","target":{"@type":"EntryPoint","urlTemplate":"https:\/\/truusk.store\/sv\/?s={search_term_string}"},"query-input":{"@type":"PropertyValueSpecification","valueRequired":true,"valueName":"search_term_string"}}],"inLanguage":"sv-SE"},{"@type":"Organization","@id":"https:\/\/truusk.store\/sv\/#organization","name":"TRUUSK - Hem, Tr\u00e4dg\u00e5rd & Fritid","url":"https:\/\/truusk.store\/sv\/","logo":{"@type":"ImageObject","inLanguage":"sv-SE","@id":"https:\/\/truusk.store\/sv\/#\/schema\/logo\/image\/","url":"https:\/\/i0.wp.com\/truusk.store\/wp-content\/uploads\/2026\/03\/cropped-TRUUSK.png?fit=2032%2C917&ssl=1","contentUrl":"https:\/\/i0.wp.com\/truusk.store\/wp-content\/uploads\/2026\/03\/cropped-TRUUSK.png?fit=2032%2C917&ssl=1","width":2032,"height":917,"caption":"TRUUSK - Hem, Tr\u00e4dg\u00e5rd & Fritid"},"image":{"@id":"https:\/\/truusk.store\/sv\/#\/schema\/logo\/image\/"}}]}},"jetpack_sharing_enabled":true,"_links":{"self":[{"href":"https:\/\/truusk.store\/sv\/wp-json\/wp\/v2\/product\/52847","targetHints":{"allow":["GET"]}}],"collection":[{"href":"https:\/\/truusk.store\/sv\/wp-json\/wp\/v2\/product"}],"about":[{"href":"https:\/\/truusk.store\/sv\/wp-json\/wp\/v2\/types\/product"}],"wp:featuredmedia":[{"embeddable":true,"href":"https:\/\/truusk.store\/sv\/wp-json\/wp\/v2\/media\/52848"}],"wp:attachment":[{"href":"https:\/\/truusk.store\/sv\/wp-json\/wp\/v2\/media?parent=52847"}],"wp:term":[{"taxonomy":"product_brand","embeddable":true,"href":"https:\/\/truusk.store\/sv\/wp-json\/wp\/v2\/product_brand?post=52847"},{"taxonomy":"product_cat","embeddable":true,"href":"https:\/\/truusk.store\/sv\/wp-json\/wp\/v2\/product_cat?post=52847"},{"taxonomy":"product_tag","embeddable":true,"href":"https:\/\/truusk.store\/sv\/wp-json\/wp\/v2\/product_tag?post=52847"}],"curies":[{"name":"wp","href":"https:\/\/api.w.org\/{rel}","templated":true}]}}