{"id":52911,"date":"2024-04-04T02:10:09","date_gmt":"2024-04-04T01:10:09","guid":{"rendered":"https:\/\/truusk.store\/product\/tradgardsskjul-i-stal-odlingsskjul-pardorrar-249w-x-121d-x-166-183hcm-gra\/"},"modified":"2026-03-12T09:38:19","modified_gmt":"2026-03-12T08:38:19","slug":"truusk-tradgardsskjul-i-stal-odlingsskjul-med-pardorrar-matt-249w-x-121d-x-166-183hcm-gra","status":"publish","type":"product","link":"https:\/\/truusk.store\/sv\/produkt\/truusk-tradgardsskjul-i-stal-odlingsskjul-med-pardorrar-matt-249w-x-121d-x-166-183hcm-gra\/","title":{"rendered":"TRUUSK Tr\u00e4dg\u00e5rdsskjul i St\u00e5l &#8211; Odlingsskjul med Pard\u00f6rrar &#8211; M\u00e5tt 249W x 121D x 166\/183Hcm &#8211; Gr\u00e5"},"content":{"rendered":"<p>Skapa ytterligare f\u00f6rvaringsutrymme och s\u00e4kerhet i din tr\u00e4dg\u00e5rd! H\u00e5ll dina tr\u00e4dg\u00e5rdsredskap s\u00e4kra och organiserade i detta robusta redskapsskjul. Tr\u00e4dg\u00e5rdssk\u00e5pets ventilationsf\u00f6nster f\u00f6rhindrar m\u00f6gel och lukt fr\u00e5n att bildas, samtidigt som de l\u00e5sbara luckorna skyddar dina verktyg fr\u00e5n o\u00f6nskade g\u00e4ster. Tr\u00e4dg\u00e5rdsutrustning, pooltillbeh\u00f6r och verktyg hittar det perfekta f\u00f6rvaringsutrymmet h\u00e4r. Inget mer tr\u00e4dg\u00e5rdskaos och hej, harmoniskt, gr\u00f6nt paradis!<\/p>\n<h3>Beskrivning:<\/h3>\n<ul>\n<li>Robust tr\u00e4dg\u00e5rdsskjul f\u00f6r s\u00e4ker f\u00f6rvaring av tr\u00e4dg\u00e5rdsutrustning, verktyg och mycket mer.<\/li>\n<li>Dubbla d\u00f6rrar f\u00f6r enkel \u00e5tkomst och en l\u00e5skolv f\u00f6r \u00f6kad s\u00e4kerhet<\/li>\n<li>Tv\u00e5 ventilations\u00f6ppningar i redskapsboden s\u00e4kerst\u00e4ller optimal luftcirkulation<\/li>\n<li>Den galvaniserade st\u00e5lkonstruktionen s\u00e4kerst\u00e4ller stabilitet och v\u00e4derbest\u00e4ndighet<\/li>\n<li>Installationshandskar ing\u00e5r, rekommenderas f\u00f6r montering av 2-3 personer<\/li>\n<\/ul>\n<h3>Teknisk data:<\/h3>\n<ul>\n<li>F\u00e4rg gr\u00e5<\/li>\n<li>Material: Galvaniserat st\u00e5l<\/li>\n<li>\u00d6vergripande m\u00e5tt: 249L x 121W x 166\/183H cm<\/li>\n<li>Innerm\u00e5tt: 227L x 101W cm<\/li>\n<li>Golvyta: 240L x 113W cm, 2,7 m<\/li>\n<li>Tr m\u00e5tt: 150W x 162H cm<\/li>\n<li>Ventilens m\u00e5tt: 22,5W x 9,5H cm<\/li>\n<li>Sn\u00f6last: 30 kg\/m<\/li>\n<\/ul>\n<h3>Leveransens omfattning:<\/h3>\n<ul>\n<li>1 x Tr\u00e4dg\u00e5rdsbod<\/li>\n<li>1 x par handskar<\/li>\n<li>1 x manuell<\/li>\n<\/ul>\n","protected":false},"excerpt":{"rendered":"<p>Skapa ytterligare f\u00f6rvaringsutrymme och s\u00e4kerhet i din tr\u00e4dg\u00e5rd! H\u00e5ll dina tr\u00e4dg\u00e5rdsredskap s\u00e4kra och organiserade i detta robusta redskapsskjul. Tr\u00e4dg\u00e5rdssk\u00e5pets ventilationsf\u00f6nster&#8230;<\/p>\n","protected":false},"featured_media":52912,"template":"","meta":[],"product_brand":[],"product_cat":[436,438,435],"product_tag":[],"class_list":{"0":"post-52911","1":"product","2":"type-product","3":"status-publish","4":"has-post-thumbnail","6":"product_cat-bestall-i-tradgarden","7":"product_cat-redskapsbod","8":"product_cat-tradgard-och-terrass","10":"first","11":"instock","12":"sale","13":"taxable","14":"shipping-taxable","15":"purchasable","16":"product-type-simple"},"yoast_head":"<!-- This site is optimized with the Yoast SEO plugin v25.4 - https:\/\/yoast.com\/wordpress\/plugins\/seo\/ -->\n<title>TRUUSK Tr\u00e4dg\u00e5rdsskjul i St\u00e5l - Odlingsskjul med Pard\u00f6rrar - M\u00e5tt 249W x 121D x 166\/183Hcm - Gr\u00e5 - TRUUSK - Hem, Tr\u00e4dg\u00e5rd &amp; Fritid<\/title>\n<meta name=\"robots\" content=\"index, follow, max-snippet:-1, max-image-preview:large, max-video-preview:-1\" \/>\n<link rel=\"canonical\" href=\"https:\/\/truusk.store\/sv\/produkt\/truusk-tradgardsskjul-i-stal-odlingsskjul-med-pardorrar-matt-249w-x-121d-x-166-183hcm-gra\/\" \/>\n<meta property=\"og:locale\" content=\"sv_SE\" \/>\n<meta property=\"og:type\" content=\"article\" \/>\n<meta property=\"og:title\" content=\"TRUUSK Tr\u00e4dg\u00e5rdsskjul i St\u00e5l - Odlingsskjul med Pard\u00f6rrar - M\u00e5tt 249W x 121D x 166\/183Hcm - Gr\u00e5 - TRUUSK - Hem, Tr\u00e4dg\u00e5rd &amp; Fritid\" \/>\n<meta property=\"og:description\" content=\"Skapa ytterligare f\u00f6rvaringsutrymme och s\u00e4kerhet i din tr\u00e4dg\u00e5rd! H\u00e5ll dina tr\u00e4dg\u00e5rdsredskap s\u00e4kra och organiserade i detta robusta redskapsskjul. Tr\u00e4dg\u00e5rdssk\u00e5pets ventilationsf\u00f6nster...\" \/>\n<meta property=\"og:url\" content=\"https:\/\/truusk.store\/sv\/produkt\/truusk-tradgardsskjul-i-stal-odlingsskjul-med-pardorrar-matt-249w-x-121d-x-166-183hcm-gra\/\" \/>\n<meta property=\"og:site_name\" content=\"TRUUSK - Hem, Tr\u00e4dg\u00e5rd &amp; Fritid\" \/>\n<meta property=\"article:modified_time\" content=\"2026-03-12T08:38:19+00:00\" \/>\n<meta property=\"og:image\" content=\"https:\/\/i0.wp.com\/truusk.se\/wp-content\/uploads\/2024\/04\/tradgardsskjul-i-stal-odlingsskjul-pardorrar-249w-x-121d-x-166-183hcm-gra.webp?fit=800%2C800&ssl=1\" \/>\n\t<meta property=\"og:image:width\" content=\"800\" \/>\n\t<meta property=\"og:image:height\" content=\"800\" \/>\n\t<meta property=\"og:image:type\" content=\"image\/webp\" \/>\n<meta name=\"twitter:card\" content=\"summary_large_image\" \/>\n<meta name=\"twitter:label1\" content=\"Ber\u00e4knad l\u00e4stid\" \/>\n\t<meta name=\"twitter:data1\" content=\"1 minut\" \/>\n<!-- \/ Yoast SEO plugin. -->","yoast_head_json":{"title":"TRUUSK Tr\u00e4dg\u00e5rdsskjul i St\u00e5l - Odlingsskjul med Pard\u00f6rrar - M\u00e5tt 249W x 121D x 166\/183Hcm - Gr\u00e5 - TRUUSK - Hem, Tr\u00e4dg\u00e5rd &amp; Fritid","robots":{"index":"index","follow":"follow","max-snippet":"max-snippet:-1","max-image-preview":"max-image-preview:large","max-video-preview":"max-video-preview:-1"},"canonical":"https:\/\/truusk.store\/sv\/produkt\/truusk-tradgardsskjul-i-stal-odlingsskjul-med-pardorrar-matt-249w-x-121d-x-166-183hcm-gra\/","og_locale":"sv_SE","og_type":"article","og_title":"TRUUSK Tr\u00e4dg\u00e5rdsskjul i St\u00e5l - Odlingsskjul med Pard\u00f6rrar - M\u00e5tt 249W x 121D x 166\/183Hcm - Gr\u00e5 - TRUUSK - Hem, Tr\u00e4dg\u00e5rd &amp; Fritid","og_description":"Skapa ytterligare f\u00f6rvaringsutrymme och s\u00e4kerhet i din tr\u00e4dg\u00e5rd! H\u00e5ll dina tr\u00e4dg\u00e5rdsredskap s\u00e4kra och organiserade i detta robusta redskapsskjul. Tr\u00e4dg\u00e5rdssk\u00e5pets ventilationsf\u00f6nster...","og_url":"https:\/\/truusk.store\/sv\/produkt\/truusk-tradgardsskjul-i-stal-odlingsskjul-med-pardorrar-matt-249w-x-121d-x-166-183hcm-gra\/","og_site_name":"TRUUSK - Hem, Tr\u00e4dg\u00e5rd &amp; Fritid","article_modified_time":"2026-03-12T08:38:19+00:00","og_image":[{"width":800,"height":800,"url":"https:\/\/i0.wp.com\/truusk.se\/wp-content\/uploads\/2024\/04\/tradgardsskjul-i-stal-odlingsskjul-pardorrar-249w-x-121d-x-166-183hcm-gra.webp?fit=800%2C800&ssl=1","type":"image\/webp"}],"twitter_card":"summary_large_image","twitter_misc":{"Ber\u00e4knad l\u00e4stid":"1 minut"},"schema":{"@context":"https:\/\/schema.org","@graph":[{"@type":"WebPage","@id":"https:\/\/truusk.store\/sv\/produkt\/truusk-tradgardsskjul-i-stal-odlingsskjul-med-pardorrar-matt-249w-x-121d-x-166-183hcm-gra\/","url":"https:\/\/truusk.store\/sv\/produkt\/truusk-tradgardsskjul-i-stal-odlingsskjul-med-pardorrar-matt-249w-x-121d-x-166-183hcm-gra\/","name":"TRUUSK Tr\u00e4dg\u00e5rdsskjul i St\u00e5l - Odlingsskjul med Pard\u00f6rrar - M\u00e5tt 249W x 121D x 166\/183Hcm - Gr\u00e5 - TRUUSK - Hem, Tr\u00e4dg\u00e5rd &amp; Fritid","isPartOf":{"@id":"https:\/\/truusk.store\/sv\/#website"},"primaryImageOfPage":{"@id":"https:\/\/truusk.store\/sv\/produkt\/truusk-tradgardsskjul-i-stal-odlingsskjul-med-pardorrar-matt-249w-x-121d-x-166-183hcm-gra\/#primaryimage"},"image":{"@id":"https:\/\/truusk.store\/sv\/produkt\/truusk-tradgardsskjul-i-stal-odlingsskjul-med-pardorrar-matt-249w-x-121d-x-166-183hcm-gra\/#primaryimage"},"thumbnailUrl":"https:\/\/i0.wp.com\/truusk.store\/wp-content\/uploads\/2024\/04\/tradgardsskjul-i-stal-odlingsskjul-pardorrar-249w-x-121d-x-166-183hcm-gra.webp?fit=800%2C800&ssl=1","datePublished":"2024-04-04T01:10:09+00:00","dateModified":"2026-03-12T08:38:19+00:00","breadcrumb":{"@id":"https:\/\/truusk.store\/sv\/produkt\/truusk-tradgardsskjul-i-stal-odlingsskjul-med-pardorrar-matt-249w-x-121d-x-166-183hcm-gra\/#breadcrumb"},"inLanguage":"sv-SE","potentialAction":[{"@type":"ReadAction","target":["https:\/\/truusk.store\/sv\/produkt\/truusk-tradgardsskjul-i-stal-odlingsskjul-med-pardorrar-matt-249w-x-121d-x-166-183hcm-gra\/"]}]},{"@type":"ImageObject","inLanguage":"sv-SE","@id":"https:\/\/truusk.store\/sv\/produkt\/truusk-tradgardsskjul-i-stal-odlingsskjul-med-pardorrar-matt-249w-x-121d-x-166-183hcm-gra\/#primaryimage","url":"https:\/\/i0.wp.com\/truusk.store\/wp-content\/uploads\/2024\/04\/tradgardsskjul-i-stal-odlingsskjul-pardorrar-249w-x-121d-x-166-183hcm-gra.webp?fit=800%2C800&ssl=1","contentUrl":"https:\/\/i0.wp.com\/truusk.store\/wp-content\/uploads\/2024\/04\/tradgardsskjul-i-stal-odlingsskjul-pardorrar-249w-x-121d-x-166-183hcm-gra.webp?fit=800%2C800&ssl=1","width":800,"height":800,"caption":"Tr\u00e4dg\u00e5rdsskjul I St\u00e5l, Odlingsskjul, Pard\u00f6rrar, 249W X 121D X 166\/183Hcm, Gr\u00e5 1"},{"@type":"BreadcrumbList","@id":"https:\/\/truusk.store\/sv\/produkt\/truusk-tradgardsskjul-i-stal-odlingsskjul-med-pardorrar-matt-249w-x-121d-x-166-183hcm-gra\/#breadcrumb","itemListElement":[{"@type":"ListItem","position":1,"name":"Home","item":"https:\/\/truusk.store\/sv\/"},{"@type":"ListItem","position":2,"name":"Shop","item":"https:\/\/truusk.store\/shop\/"},{"@type":"ListItem","position":3,"name":"TRUUSK Tr\u00e4dg\u00e5rdsskjul i St\u00e5l &#8211; Odlingsskjul med Pard\u00f6rrar &#8211; M\u00e5tt 249W x 121D x 166\/183Hcm &#8211; Gr\u00e5"}]},{"@type":"WebSite","@id":"https:\/\/truusk.store\/sv\/#website","url":"https:\/\/truusk.store\/sv\/","name":"TRUUSK - Hem, Tr\u00e4dg\u00e5rd & Fritid","description":"","publisher":{"@id":"https:\/\/truusk.store\/sv\/#organization"},"potentialAction":[{"@type":"SearchAction","target":{"@type":"EntryPoint","urlTemplate":"https:\/\/truusk.store\/sv\/?s={search_term_string}"},"query-input":{"@type":"PropertyValueSpecification","valueRequired":true,"valueName":"search_term_string"}}],"inLanguage":"sv-SE"},{"@type":"Organization","@id":"https:\/\/truusk.store\/sv\/#organization","name":"TRUUSK - Hem, Tr\u00e4dg\u00e5rd & Fritid","url":"https:\/\/truusk.store\/sv\/","logo":{"@type":"ImageObject","inLanguage":"sv-SE","@id":"https:\/\/truusk.store\/sv\/#\/schema\/logo\/image\/","url":"https:\/\/i0.wp.com\/truusk.store\/wp-content\/uploads\/2026\/03\/cropped-TRUUSK.png?fit=2032%2C917&ssl=1","contentUrl":"https:\/\/i0.wp.com\/truusk.store\/wp-content\/uploads\/2026\/03\/cropped-TRUUSK.png?fit=2032%2C917&ssl=1","width":2032,"height":917,"caption":"TRUUSK - Hem, Tr\u00e4dg\u00e5rd & Fritid"},"image":{"@id":"https:\/\/truusk.store\/sv\/#\/schema\/logo\/image\/"}}]}},"jetpack_sharing_enabled":true,"_links":{"self":[{"href":"https:\/\/truusk.store\/sv\/wp-json\/wp\/v2\/product\/52911","targetHints":{"allow":["GET"]}}],"collection":[{"href":"https:\/\/truusk.store\/sv\/wp-json\/wp\/v2\/product"}],"about":[{"href":"https:\/\/truusk.store\/sv\/wp-json\/wp\/v2\/types\/product"}],"wp:featuredmedia":[{"embeddable":true,"href":"https:\/\/truusk.store\/sv\/wp-json\/wp\/v2\/media\/52912"}],"wp:attachment":[{"href":"https:\/\/truusk.store\/sv\/wp-json\/wp\/v2\/media?parent=52911"}],"wp:term":[{"taxonomy":"product_brand","embeddable":true,"href":"https:\/\/truusk.store\/sv\/wp-json\/wp\/v2\/product_brand?post=52911"},{"taxonomy":"product_cat","embeddable":true,"href":"https:\/\/truusk.store\/sv\/wp-json\/wp\/v2\/product_cat?post=52911"},{"taxonomy":"product_tag","embeddable":true,"href":"https:\/\/truusk.store\/sv\/wp-json\/wp\/v2\/product_tag?post=52911"}],"curies":[{"name":"wp","href":"https:\/\/api.w.org\/{rel}","templated":true}]}}