{"id":52944,"date":"2024-04-04T02:40:09","date_gmt":"2024-04-04T01:40:09","guid":{"rendered":"https:\/\/truusk.store\/product\/tradgardsbod-redskapsbod-tradgardsbod-vaderbestandig-2-fonster-2-dorrar-238-x-132-x-1985-cm-morkgra\/"},"modified":"2026-03-12T09:38:19","modified_gmt":"2026-03-12T08:38:19","slug":"truusk-tradgardsbod-redskapsbod-vaderbestandig-2-fonster-2-dorrar-238-x-132-x-1985-cm-morkgra","status":"publish","type":"product","link":"https:\/\/truusk.store\/sv\/produkt\/truusk-tradgardsbod-redskapsbod-vaderbestandig-2-fonster-2-dorrar-238-x-132-x-1985-cm-morkgra\/","title":{"rendered":"TRUUSK Tr\u00e4dg\u00e5rdsbod Redskapsbod &#8211; V\u00e4derbest\u00e4ndig &#8211; 2 F\u00f6nster &#8211; 2 D\u00f6rrar &#8211; 238 x 132 x 198,5 cm &#8211; M\u00f6rkgr\u00e5"},"content":{"rendered":"<p>Med ett skjul kan du enkelt skapa f\u00f6rvaringsutrymmen och f\u00f6r\u00e4dla din fastighet. F\u00f6rvara dyr utrustning i friggeboden och skydda den fr\u00e5n skador med det vattent\u00e4ta, galvaniserade taket. Med ventilationsf\u00f6nstren slipper du fukt och unken lukt. De l\u00e5sbara d\u00f6rrarna skyddar enheterna fr\u00e5n st\u00f6ld och missbruk (utan l\u00e5s). H\u00e4r kan du f\u00f6rvara spadar, fr\u00f6n och krattor. G\u00e5 ut, var produktiv, bli.<\/p>\n<h3>Beskrivning:<\/h3>\n<ul>\n<li>Redskapsboden har justerbara hyllor f\u00f6r f\u00f6rem\u00e5l i olika storlekar<\/li>\n<li>2 ventilationsf\u00f6nster h\u00e5ller interi\u00f6ren torr och sval<\/li>\n<li>Enkel in- och utstigning tack vare 2 skjutd\u00f6rrar<\/li>\n<li>Den galvaniserade st\u00e5lramen i tr\u00e4dg\u00e5rdsskjulet \u00e4r vatten- och rostbest\u00e4ndig<\/li>\n<li>Det sluttande taket f\u00f6rhindrar att vatten samlas<\/li>\n<li>Inklusive foundation set<\/li>\n<li>Montering kr\u00e4vs, monteringshandskar ing\u00e5r<\/li>\n<\/ul>\n<h3>Teknisk data:<\/h3>\n<ul>\n<li>F\u00e4rg: M\u00f6rkgr\u00e5<\/li>\n<li>Material: Galvaniserat st\u00e5l<\/li>\n<li>\u00d6vergripande m\u00e5tt: 238L x 132W x 198,5H cm<\/li>\n<li>Takfotsh\u00f6jd: 158H cm<\/li>\n<li>Golvyta: 227L x 120W cm, 2,7 m<\/li>\n<li>Innerm\u00e5tt: 224L x 107W cm<\/li>\n<li>D\u00f6rrstorlek: 96W x 154H cm<\/li>\n<li>Ventilstorlek: 22,5W x 9,5H cm<\/li>\n<li>Foundation kit storlek: 224L x 70W cm<\/li>\n<li>Hyllstorlek: 64W x 24D cm<\/li>\n<li>Sn\u00f6klass: 30 kg\/<\/li>\n<\/ul>\n<h3>Leveransens omfattning:<\/h3>\n<ul>\n<li>1 x tr\u00e4dg\u00e5rdshus<\/li>\n<li>Ett par handskar<\/li>\n<li>1 x manuell<\/li>\n<\/ul>\n","protected":false},"excerpt":{"rendered":"<p>Med ett skjul kan du enkelt skapa f\u00f6rvaringsutrymmen och f\u00f6r\u00e4dla din fastighet. F\u00f6rvara dyr utrustning i friggeboden och skydda den&#8230;<\/p>\n","protected":false},"featured_media":52945,"template":"","meta":[],"product_brand":[],"product_cat":[436,438,435],"product_tag":[],"class_list":{"0":"post-52944","1":"product","2":"type-product","3":"status-publish","4":"has-post-thumbnail","6":"product_cat-bestall-i-tradgarden","7":"product_cat-redskapsbod","8":"product_cat-tradgard-och-terrass","10":"first","11":"instock","12":"sale","13":"taxable","14":"shipping-taxable","15":"purchasable","16":"product-type-simple"},"yoast_head":"<!-- This site is optimized with the Yoast SEO plugin v25.4 - https:\/\/yoast.com\/wordpress\/plugins\/seo\/ -->\n<title>TRUUSK Tr\u00e4dg\u00e5rdsbod Redskapsbod - V\u00e4derbest\u00e4ndig - 2 F\u00f6nster - 2 D\u00f6rrar - 238 x 132 x 198,5 cm - M\u00f6rkgr\u00e5 - TRUUSK - Hem, Tr\u00e4dg\u00e5rd &amp; Fritid<\/title>\n<meta name=\"robots\" content=\"index, follow, max-snippet:-1, max-image-preview:large, max-video-preview:-1\" \/>\n<link rel=\"canonical\" href=\"https:\/\/truusk.store\/sv\/produkt\/truusk-tradgardsbod-redskapsbod-vaderbestandig-2-fonster-2-dorrar-238-x-132-x-1985-cm-morkgra\/\" \/>\n<meta property=\"og:locale\" content=\"sv_SE\" \/>\n<meta property=\"og:type\" content=\"article\" \/>\n<meta property=\"og:title\" content=\"TRUUSK Tr\u00e4dg\u00e5rdsbod Redskapsbod - V\u00e4derbest\u00e4ndig - 2 F\u00f6nster - 2 D\u00f6rrar - 238 x 132 x 198,5 cm - M\u00f6rkgr\u00e5 - TRUUSK - Hem, Tr\u00e4dg\u00e5rd &amp; Fritid\" \/>\n<meta property=\"og:description\" content=\"Med ett skjul kan du enkelt skapa f\u00f6rvaringsutrymmen och f\u00f6r\u00e4dla din fastighet. F\u00f6rvara dyr utrustning i friggeboden och skydda den...\" \/>\n<meta property=\"og:url\" content=\"https:\/\/truusk.store\/sv\/produkt\/truusk-tradgardsbod-redskapsbod-vaderbestandig-2-fonster-2-dorrar-238-x-132-x-1985-cm-morkgra\/\" \/>\n<meta property=\"og:site_name\" content=\"TRUUSK - Hem, Tr\u00e4dg\u00e5rd &amp; Fritid\" \/>\n<meta property=\"article:modified_time\" content=\"2026-03-12T08:38:19+00:00\" \/>\n<meta property=\"og:image\" content=\"https:\/\/i0.wp.com\/truusk.se\/wp-content\/uploads\/2024\/04\/tradgardsbod-redskapsbod-tradgardsbod-vaderbestandig-2-fonster-2-dorrar-238-x-132-x-1985-cm-morkgra.webp?fit=800%2C800&ssl=1\" \/>\n\t<meta property=\"og:image:width\" content=\"800\" \/>\n\t<meta property=\"og:image:height\" content=\"800\" \/>\n\t<meta property=\"og:image:type\" content=\"image\/webp\" \/>\n<meta name=\"twitter:card\" content=\"summary_large_image\" \/>\n<meta name=\"twitter:label1\" content=\"Ber\u00e4knad l\u00e4stid\" \/>\n\t<meta name=\"twitter:data1\" content=\"1 minut\" \/>\n<!-- \/ Yoast SEO plugin. -->","yoast_head_json":{"title":"TRUUSK Tr\u00e4dg\u00e5rdsbod Redskapsbod - V\u00e4derbest\u00e4ndig - 2 F\u00f6nster - 2 D\u00f6rrar - 238 x 132 x 198,5 cm - M\u00f6rkgr\u00e5 - TRUUSK - Hem, Tr\u00e4dg\u00e5rd &amp; Fritid","robots":{"index":"index","follow":"follow","max-snippet":"max-snippet:-1","max-image-preview":"max-image-preview:large","max-video-preview":"max-video-preview:-1"},"canonical":"https:\/\/truusk.store\/sv\/produkt\/truusk-tradgardsbod-redskapsbod-vaderbestandig-2-fonster-2-dorrar-238-x-132-x-1985-cm-morkgra\/","og_locale":"sv_SE","og_type":"article","og_title":"TRUUSK Tr\u00e4dg\u00e5rdsbod Redskapsbod - V\u00e4derbest\u00e4ndig - 2 F\u00f6nster - 2 D\u00f6rrar - 238 x 132 x 198,5 cm - M\u00f6rkgr\u00e5 - TRUUSK - Hem, Tr\u00e4dg\u00e5rd &amp; Fritid","og_description":"Med ett skjul kan du enkelt skapa f\u00f6rvaringsutrymmen och f\u00f6r\u00e4dla din fastighet. F\u00f6rvara dyr utrustning i friggeboden och skydda den...","og_url":"https:\/\/truusk.store\/sv\/produkt\/truusk-tradgardsbod-redskapsbod-vaderbestandig-2-fonster-2-dorrar-238-x-132-x-1985-cm-morkgra\/","og_site_name":"TRUUSK - Hem, Tr\u00e4dg\u00e5rd &amp; Fritid","article_modified_time":"2026-03-12T08:38:19+00:00","og_image":[{"width":800,"height":800,"url":"https:\/\/i0.wp.com\/truusk.se\/wp-content\/uploads\/2024\/04\/tradgardsbod-redskapsbod-tradgardsbod-vaderbestandig-2-fonster-2-dorrar-238-x-132-x-1985-cm-morkgra.webp?fit=800%2C800&ssl=1","type":"image\/webp"}],"twitter_card":"summary_large_image","twitter_misc":{"Ber\u00e4knad l\u00e4stid":"1 minut"},"schema":{"@context":"https:\/\/schema.org","@graph":[{"@type":"WebPage","@id":"https:\/\/truusk.store\/sv\/produkt\/truusk-tradgardsbod-redskapsbod-vaderbestandig-2-fonster-2-dorrar-238-x-132-x-1985-cm-morkgra\/","url":"https:\/\/truusk.store\/sv\/produkt\/truusk-tradgardsbod-redskapsbod-vaderbestandig-2-fonster-2-dorrar-238-x-132-x-1985-cm-morkgra\/","name":"TRUUSK Tr\u00e4dg\u00e5rdsbod Redskapsbod - V\u00e4derbest\u00e4ndig - 2 F\u00f6nster - 2 D\u00f6rrar - 238 x 132 x 198,5 cm - M\u00f6rkgr\u00e5 - TRUUSK - Hem, Tr\u00e4dg\u00e5rd &amp; Fritid","isPartOf":{"@id":"https:\/\/truusk.store\/sv\/#website"},"primaryImageOfPage":{"@id":"https:\/\/truusk.store\/sv\/produkt\/truusk-tradgardsbod-redskapsbod-vaderbestandig-2-fonster-2-dorrar-238-x-132-x-1985-cm-morkgra\/#primaryimage"},"image":{"@id":"https:\/\/truusk.store\/sv\/produkt\/truusk-tradgardsbod-redskapsbod-vaderbestandig-2-fonster-2-dorrar-238-x-132-x-1985-cm-morkgra\/#primaryimage"},"thumbnailUrl":"https:\/\/i0.wp.com\/truusk.store\/wp-content\/uploads\/2024\/04\/tradgardsbod-redskapsbod-tradgardsbod-vaderbestandig-2-fonster-2-dorrar-238-x-132-x-1985-cm-morkgra.webp?fit=800%2C800&ssl=1","datePublished":"2024-04-04T01:40:09+00:00","dateModified":"2026-03-12T08:38:19+00:00","breadcrumb":{"@id":"https:\/\/truusk.store\/sv\/produkt\/truusk-tradgardsbod-redskapsbod-vaderbestandig-2-fonster-2-dorrar-238-x-132-x-1985-cm-morkgra\/#breadcrumb"},"inLanguage":"sv-SE","potentialAction":[{"@type":"ReadAction","target":["https:\/\/truusk.store\/sv\/produkt\/truusk-tradgardsbod-redskapsbod-vaderbestandig-2-fonster-2-dorrar-238-x-132-x-1985-cm-morkgra\/"]}]},{"@type":"ImageObject","inLanguage":"sv-SE","@id":"https:\/\/truusk.store\/sv\/produkt\/truusk-tradgardsbod-redskapsbod-vaderbestandig-2-fonster-2-dorrar-238-x-132-x-1985-cm-morkgra\/#primaryimage","url":"https:\/\/i0.wp.com\/truusk.store\/wp-content\/uploads\/2024\/04\/tradgardsbod-redskapsbod-tradgardsbod-vaderbestandig-2-fonster-2-dorrar-238-x-132-x-1985-cm-morkgra.webp?fit=800%2C800&ssl=1","contentUrl":"https:\/\/i0.wp.com\/truusk.store\/wp-content\/uploads\/2024\/04\/tradgardsbod-redskapsbod-tradgardsbod-vaderbestandig-2-fonster-2-dorrar-238-x-132-x-1985-cm-morkgra.webp?fit=800%2C800&ssl=1","width":800,"height":800,"caption":"Tr\u00e4dg\u00e5rdsbod Redskapsbod Tr\u00e4dg\u00e5rdsbod, V\u00e4derbest\u00e4ndig, 2 F\u00f6nster, 2 D\u00f6rrar, 238 X 132 X 198,5 Cm, M\u00f6rkgr\u00e5 1"},{"@type":"BreadcrumbList","@id":"https:\/\/truusk.store\/sv\/produkt\/truusk-tradgardsbod-redskapsbod-vaderbestandig-2-fonster-2-dorrar-238-x-132-x-1985-cm-morkgra\/#breadcrumb","itemListElement":[{"@type":"ListItem","position":1,"name":"Home","item":"https:\/\/truusk.store\/sv\/"},{"@type":"ListItem","position":2,"name":"Shop","item":"https:\/\/truusk.store\/shop\/"},{"@type":"ListItem","position":3,"name":"TRUUSK Tr\u00e4dg\u00e5rdsbod Redskapsbod &#8211; V\u00e4derbest\u00e4ndig &#8211; 2 F\u00f6nster &#8211; 2 D\u00f6rrar &#8211; 238 x 132 x 198,5 cm &#8211; M\u00f6rkgr\u00e5"}]},{"@type":"WebSite","@id":"https:\/\/truusk.store\/sv\/#website","url":"https:\/\/truusk.store\/sv\/","name":"TRUUSK - Hem, Tr\u00e4dg\u00e5rd & Fritid","description":"","publisher":{"@id":"https:\/\/truusk.store\/sv\/#organization"},"potentialAction":[{"@type":"SearchAction","target":{"@type":"EntryPoint","urlTemplate":"https:\/\/truusk.store\/sv\/?s={search_term_string}"},"query-input":{"@type":"PropertyValueSpecification","valueRequired":true,"valueName":"search_term_string"}}],"inLanguage":"sv-SE"},{"@type":"Organization","@id":"https:\/\/truusk.store\/sv\/#organization","name":"TRUUSK - Hem, Tr\u00e4dg\u00e5rd & Fritid","url":"https:\/\/truusk.store\/sv\/","logo":{"@type":"ImageObject","inLanguage":"sv-SE","@id":"https:\/\/truusk.store\/sv\/#\/schema\/logo\/image\/","url":"https:\/\/i0.wp.com\/truusk.store\/wp-content\/uploads\/2026\/03\/cropped-TRUUSK.png?fit=2032%2C917&ssl=1","contentUrl":"https:\/\/i0.wp.com\/truusk.store\/wp-content\/uploads\/2026\/03\/cropped-TRUUSK.png?fit=2032%2C917&ssl=1","width":2032,"height":917,"caption":"TRUUSK - Hem, Tr\u00e4dg\u00e5rd & Fritid"},"image":{"@id":"https:\/\/truusk.store\/sv\/#\/schema\/logo\/image\/"}}]}},"jetpack_sharing_enabled":true,"_links":{"self":[{"href":"https:\/\/truusk.store\/sv\/wp-json\/wp\/v2\/product\/52944","targetHints":{"allow":["GET"]}}],"collection":[{"href":"https:\/\/truusk.store\/sv\/wp-json\/wp\/v2\/product"}],"about":[{"href":"https:\/\/truusk.store\/sv\/wp-json\/wp\/v2\/types\/product"}],"wp:featuredmedia":[{"embeddable":true,"href":"https:\/\/truusk.store\/sv\/wp-json\/wp\/v2\/media\/52945"}],"wp:attachment":[{"href":"https:\/\/truusk.store\/sv\/wp-json\/wp\/v2\/media?parent=52944"}],"wp:term":[{"taxonomy":"product_brand","embeddable":true,"href":"https:\/\/truusk.store\/sv\/wp-json\/wp\/v2\/product_brand?post=52944"},{"taxonomy":"product_cat","embeddable":true,"href":"https:\/\/truusk.store\/sv\/wp-json\/wp\/v2\/product_cat?post=52944"},{"taxonomy":"product_tag","embeddable":true,"href":"https:\/\/truusk.store\/sv\/wp-json\/wp\/v2\/product_tag?post=52944"}],"curies":[{"name":"wp","href":"https:\/\/api.w.org\/{rel}","templated":true}]}}