{"id":52955,"date":"2024-04-04T02:50:09","date_gmt":"2024-04-04T01:50:09","guid":{"rendered":"https:\/\/truusk.store\/product\/honshus-kycklinghus-kycklingkoja-walk-in-vaderbestandig-280-x-1855-x-188-cm-gra\/"},"modified":"2026-03-12T09:37:18","modified_gmt":"2026-03-12T08:37:18","slug":"truusk-walk-in-honskoja-vaderbestandig-280-x-1855-x-188-cm-gra","status":"publish","type":"product","link":"https:\/\/truusk.store\/sv\/produkt\/truusk-walk-in-honskoja-vaderbestandig-280-x-1855-x-188-cm-gra\/","title":{"rendered":"TRUUSK Walk-in H\u00f6nskoja &#8211; V\u00e4derbest\u00e4ndig &#8211; 280 x 185,5 x 188 cm &#8211; Gr\u00e5"},"content":{"rendered":"<p>Chicken Run erbjuder en rymlig yta f\u00f6r 8-12 kycklingar och till\u00e5ter mycket motion. Den t\u00e4ckta designen ger skugga och skydd mot regn, medan anv\u00e4ndningen av klimatbest\u00e4ndiga material s\u00e4kerst\u00e4ller djurens och milj\u00f6ns v\u00e4lbefinnande. Med en holk erbjuder utomhussk\u00e5pet \u00e4ven ett praktiskt f\u00f6rvaringsalternativ f\u00f6r \u00e4gg. Den stora ytterd\u00f6rren och den lilla entr\u00e9d\u00f6rren ger dig och dina djur enkel tillg\u00e5ng till utomhusinh\u00e4gnaden.<\/p>\n<h3>Beskrivning:<\/h3>\n<ul>\n<li>Stort och rymligt med 5,2 m vid utlopp och 2,8 m fr\u00e5n \u00e4nde till \u00e4nde<\/li>\n<li>Metalltr\u00e5d l\u00e4mplig f\u00f6r anv\u00e4ndning utomhus<\/li>\n<li>Fyra holkar i h\u00f6nsg\u00e5rden f\u00f6r v\u00e4rpning och ruvning av \u00e4gg<\/li>\n<li>Skuggtak f\u00f6r att skydda djuren fr\u00e5n regn och UV-str\u00e5lar och h\u00e5ller dem svala, torra och bekv\u00e4ma<\/li>\n<li>Tack vare den h\u00f6ga konstruktionen av utomhush\u00f6ljet kan \u00e4gare enkelt g\u00e5 in och ut ur matningsomr\u00e5det<\/li>\n<li>Enkel \u00e5tkomst f\u00f6r dig och dina djur genom en stor ytterd\u00f6rr och en liten husdjursd\u00f6rr<\/li>\n<li>Kan \u00e4ven anv\u00e4ndas i kombination med ett h\u00f6nshus i tr\u00e4<\/li>\n<\/ul>\n<h3>Teknisk data:<\/h3>\n<ul>\n<li>F\u00e4rg gr\u00e5<\/li>\n<li>Material: gran, metall<\/li>\n<li>\u00d6vergripande m\u00e5tt: 280L x 185,5W x 188H cm<\/li>\n<li>Takfotsh\u00f6jd: 116 cm<\/li>\n<li>Kapell: 260L x 140W cm<\/li>\n<li>Tren: 54W x 63,6H cm (\u00f6verst), 54W x 88,8H cm (botten), 23W x 33,5H cm (liten), 61,4W x 32H cm (holkl\u00e5da)<\/li>\n<li>H\u00e4ckl\u00e5da: 137L x 30W cm (alla), 34L x 30W x 37H cm (Singel)<\/li>\n<li>Ytterplattform p\u00e5 holken: 137L x 25W cm<\/li>\n<li>Ramp: 64,5L x 24W cm<\/li>\n<li>Maskstorlek: 1,2L x 1,2W cm<\/li>\n<li>Rekommenderad h\u00f6nshusstorlek: 120L x 140W x 100H cm<\/li>\n<\/ul>\n<h3>Leveransens omfattning:<\/h3>\n<ul>\n<li>1 x h\u00f6nshus<\/li>\n<li>1 x bol\u00e5da<\/li>\n<li>1 x manuell<\/li>\n<\/ul>\n","protected":false},"excerpt":{"rendered":"<p>Chicken Run erbjuder en rymlig yta f\u00f6r 8-12 kycklingar och till\u00e5ter mycket motion. Den t\u00e4ckta designen ger skugga och skydd&#8230;<\/p>\n","protected":false},"featured_media":52956,"template":"","meta":[],"product_brand":[],"product_cat":[601,602,573],"product_tag":[],"class_list":{"0":"post-52955","1":"product","2":"type-product","3":"status-publish","4":"has-post-thumbnail","6":"product_cat-fageltillbehor","7":"product_cat-honshus","8":"product_cat-husdjursmaterial","10":"first","11":"instock","12":"sale","13":"taxable","14":"shipping-taxable","15":"purchasable","16":"product-type-simple"},"yoast_head":"<!-- This site is optimized with the Yoast SEO plugin v25.4 - https:\/\/yoast.com\/wordpress\/plugins\/seo\/ -->\n<title>TRUUSK Walk-in H\u00f6nskoja - V\u00e4derbest\u00e4ndig - 280 x 185,5 x 188 cm - Gr\u00e5 - TRUUSK - Hem, Tr\u00e4dg\u00e5rd &amp; Fritid<\/title>\n<meta name=\"robots\" content=\"index, follow, max-snippet:-1, max-image-preview:large, max-video-preview:-1\" \/>\n<link rel=\"canonical\" href=\"https:\/\/truusk.store\/sv\/produkt\/truusk-walk-in-honskoja-vaderbestandig-280-x-1855-x-188-cm-gra\/\" \/>\n<meta property=\"og:locale\" content=\"sv_SE\" \/>\n<meta property=\"og:type\" content=\"article\" \/>\n<meta property=\"og:title\" content=\"TRUUSK Walk-in H\u00f6nskoja - V\u00e4derbest\u00e4ndig - 280 x 185,5 x 188 cm - Gr\u00e5 - TRUUSK - Hem, Tr\u00e4dg\u00e5rd &amp; Fritid\" \/>\n<meta property=\"og:description\" content=\"Chicken Run erbjuder en rymlig yta f\u00f6r 8-12 kycklingar och till\u00e5ter mycket motion. Den t\u00e4ckta designen ger skugga och skydd...\" \/>\n<meta property=\"og:url\" content=\"https:\/\/truusk.store\/sv\/produkt\/truusk-walk-in-honskoja-vaderbestandig-280-x-1855-x-188-cm-gra\/\" \/>\n<meta property=\"og:site_name\" content=\"TRUUSK - Hem, Tr\u00e4dg\u00e5rd &amp; Fritid\" \/>\n<meta property=\"article:modified_time\" content=\"2026-03-12T08:37:18+00:00\" \/>\n<meta property=\"og:image\" content=\"https:\/\/i0.wp.com\/truusk.se\/wp-content\/uploads\/2024\/04\/honshus-kycklinghus-kycklingkoja-walk-in-vaderbestandig-280-x-1855-x-188-cm-gra.webp?fit=800%2C800&ssl=1\" \/>\n\t<meta property=\"og:image:width\" content=\"800\" \/>\n\t<meta property=\"og:image:height\" content=\"800\" \/>\n\t<meta property=\"og:image:type\" content=\"image\/webp\" \/>\n<meta name=\"twitter:card\" content=\"summary_large_image\" \/>\n<meta name=\"twitter:label1\" content=\"Ber\u00e4knad l\u00e4stid\" \/>\n\t<meta name=\"twitter:data1\" content=\"1 minut\" \/>\n<!-- \/ Yoast SEO plugin. -->","yoast_head_json":{"title":"TRUUSK Walk-in H\u00f6nskoja - V\u00e4derbest\u00e4ndig - 280 x 185,5 x 188 cm - Gr\u00e5 - TRUUSK - Hem, Tr\u00e4dg\u00e5rd &amp; Fritid","robots":{"index":"index","follow":"follow","max-snippet":"max-snippet:-1","max-image-preview":"max-image-preview:large","max-video-preview":"max-video-preview:-1"},"canonical":"https:\/\/truusk.store\/sv\/produkt\/truusk-walk-in-honskoja-vaderbestandig-280-x-1855-x-188-cm-gra\/","og_locale":"sv_SE","og_type":"article","og_title":"TRUUSK Walk-in H\u00f6nskoja - V\u00e4derbest\u00e4ndig - 280 x 185,5 x 188 cm - Gr\u00e5 - TRUUSK - Hem, Tr\u00e4dg\u00e5rd &amp; Fritid","og_description":"Chicken Run erbjuder en rymlig yta f\u00f6r 8-12 kycklingar och till\u00e5ter mycket motion. Den t\u00e4ckta designen ger skugga och skydd...","og_url":"https:\/\/truusk.store\/sv\/produkt\/truusk-walk-in-honskoja-vaderbestandig-280-x-1855-x-188-cm-gra\/","og_site_name":"TRUUSK - Hem, Tr\u00e4dg\u00e5rd &amp; Fritid","article_modified_time":"2026-03-12T08:37:18+00:00","og_image":[{"width":800,"height":800,"url":"https:\/\/i0.wp.com\/truusk.se\/wp-content\/uploads\/2024\/04\/honshus-kycklinghus-kycklingkoja-walk-in-vaderbestandig-280-x-1855-x-188-cm-gra.webp?fit=800%2C800&ssl=1","type":"image\/webp"}],"twitter_card":"summary_large_image","twitter_misc":{"Ber\u00e4knad l\u00e4stid":"1 minut"},"schema":{"@context":"https:\/\/schema.org","@graph":[{"@type":"WebPage","@id":"https:\/\/truusk.store\/sv\/produkt\/truusk-walk-in-honskoja-vaderbestandig-280-x-1855-x-188-cm-gra\/","url":"https:\/\/truusk.store\/sv\/produkt\/truusk-walk-in-honskoja-vaderbestandig-280-x-1855-x-188-cm-gra\/","name":"TRUUSK Walk-in H\u00f6nskoja - V\u00e4derbest\u00e4ndig - 280 x 185,5 x 188 cm - Gr\u00e5 - TRUUSK - Hem, Tr\u00e4dg\u00e5rd &amp; Fritid","isPartOf":{"@id":"https:\/\/truusk.store\/sv\/#website"},"primaryImageOfPage":{"@id":"https:\/\/truusk.store\/sv\/produkt\/truusk-walk-in-honskoja-vaderbestandig-280-x-1855-x-188-cm-gra\/#primaryimage"},"image":{"@id":"https:\/\/truusk.store\/sv\/produkt\/truusk-walk-in-honskoja-vaderbestandig-280-x-1855-x-188-cm-gra\/#primaryimage"},"thumbnailUrl":"https:\/\/i0.wp.com\/truusk.store\/wp-content\/uploads\/2024\/04\/honshus-kycklinghus-kycklingkoja-walk-in-vaderbestandig-280-x-1855-x-188-cm-gra.webp?fit=800%2C800&ssl=1","datePublished":"2024-04-04T01:50:09+00:00","dateModified":"2026-03-12T08:37:18+00:00","breadcrumb":{"@id":"https:\/\/truusk.store\/sv\/produkt\/truusk-walk-in-honskoja-vaderbestandig-280-x-1855-x-188-cm-gra\/#breadcrumb"},"inLanguage":"sv-SE","potentialAction":[{"@type":"ReadAction","target":["https:\/\/truusk.store\/sv\/produkt\/truusk-walk-in-honskoja-vaderbestandig-280-x-1855-x-188-cm-gra\/"]}]},{"@type":"ImageObject","inLanguage":"sv-SE","@id":"https:\/\/truusk.store\/sv\/produkt\/truusk-walk-in-honskoja-vaderbestandig-280-x-1855-x-188-cm-gra\/#primaryimage","url":"https:\/\/i0.wp.com\/truusk.store\/wp-content\/uploads\/2024\/04\/honshus-kycklinghus-kycklingkoja-walk-in-vaderbestandig-280-x-1855-x-188-cm-gra.webp?fit=800%2C800&ssl=1","contentUrl":"https:\/\/i0.wp.com\/truusk.store\/wp-content\/uploads\/2024\/04\/honshus-kycklinghus-kycklingkoja-walk-in-vaderbestandig-280-x-1855-x-188-cm-gra.webp?fit=800%2C800&ssl=1","width":800,"height":800,"caption":"H\u00f6nshus Kycklinghus Kycklingkoja, Walk-in, V\u00e4derbest\u00e4ndig, 280 X 185,5 X 188 Cm, Gr\u00e5 1"},{"@type":"BreadcrumbList","@id":"https:\/\/truusk.store\/sv\/produkt\/truusk-walk-in-honskoja-vaderbestandig-280-x-1855-x-188-cm-gra\/#breadcrumb","itemListElement":[{"@type":"ListItem","position":1,"name":"Home","item":"https:\/\/truusk.store\/sv\/"},{"@type":"ListItem","position":2,"name":"Shop","item":"https:\/\/truusk.store\/shop\/"},{"@type":"ListItem","position":3,"name":"TRUUSK Walk-in H\u00f6nskoja &#8211; V\u00e4derbest\u00e4ndig &#8211; 280 x 185,5 x 188 cm &#8211; Gr\u00e5"}]},{"@type":"WebSite","@id":"https:\/\/truusk.store\/sv\/#website","url":"https:\/\/truusk.store\/sv\/","name":"TRUUSK - Hem, Tr\u00e4dg\u00e5rd & Fritid","description":"","publisher":{"@id":"https:\/\/truusk.store\/sv\/#organization"},"potentialAction":[{"@type":"SearchAction","target":{"@type":"EntryPoint","urlTemplate":"https:\/\/truusk.store\/sv\/?s={search_term_string}"},"query-input":{"@type":"PropertyValueSpecification","valueRequired":true,"valueName":"search_term_string"}}],"inLanguage":"sv-SE"},{"@type":"Organization","@id":"https:\/\/truusk.store\/sv\/#organization","name":"TRUUSK - Hem, Tr\u00e4dg\u00e5rd & Fritid","url":"https:\/\/truusk.store\/sv\/","logo":{"@type":"ImageObject","inLanguage":"sv-SE","@id":"https:\/\/truusk.store\/sv\/#\/schema\/logo\/image\/","url":"https:\/\/i0.wp.com\/truusk.store\/wp-content\/uploads\/2026\/03\/cropped-TRUUSK.png?fit=2032%2C917&ssl=1","contentUrl":"https:\/\/i0.wp.com\/truusk.store\/wp-content\/uploads\/2026\/03\/cropped-TRUUSK.png?fit=2032%2C917&ssl=1","width":2032,"height":917,"caption":"TRUUSK - Hem, Tr\u00e4dg\u00e5rd & Fritid"},"image":{"@id":"https:\/\/truusk.store\/sv\/#\/schema\/logo\/image\/"}}]}},"jetpack_sharing_enabled":true,"_links":{"self":[{"href":"https:\/\/truusk.store\/sv\/wp-json\/wp\/v2\/product\/52955","targetHints":{"allow":["GET"]}}],"collection":[{"href":"https:\/\/truusk.store\/sv\/wp-json\/wp\/v2\/product"}],"about":[{"href":"https:\/\/truusk.store\/sv\/wp-json\/wp\/v2\/types\/product"}],"wp:featuredmedia":[{"embeddable":true,"href":"https:\/\/truusk.store\/sv\/wp-json\/wp\/v2\/media\/52956"}],"wp:attachment":[{"href":"https:\/\/truusk.store\/sv\/wp-json\/wp\/v2\/media?parent=52955"}],"wp:term":[{"taxonomy":"product_brand","embeddable":true,"href":"https:\/\/truusk.store\/sv\/wp-json\/wp\/v2\/product_brand?post=52955"},{"taxonomy":"product_cat","embeddable":true,"href":"https:\/\/truusk.store\/sv\/wp-json\/wp\/v2\/product_cat?post=52955"},{"taxonomy":"product_tag","embeddable":true,"href":"https:\/\/truusk.store\/sv\/wp-json\/wp\/v2\/product_tag?post=52955"}],"curies":[{"name":"wp","href":"https:\/\/api.w.org\/{rel}","templated":true}]}}