{"id":53071,"date":"2024-04-04T04:40:08","date_gmt":"2024-04-04T03:40:08","guid":{"rendered":"https:\/\/truusk.store\/product\/utebord-for-4-personer-stalstomme-80l-x-80w-x-72h-cm-svart\/"},"modified":"2026-03-12T09:35:34","modified_gmt":"2026-03-12T08:35:34","slug":"truusk-utebord-for-4-personer-stalstomme-matt-80l-x-80w-x-72h-cm-svart","status":"publish","type":"product","link":"https:\/\/truusk.store\/sv\/produkt\/truusk-utebord-for-4-personer-stalstomme-matt-80l-x-80w-x-72h-cm-svart\/","title":{"rendered":"TRUUSK Utebord f\u00f6r 4 personer &#8211; St\u00e5lstomme &#8211; M\u00e5tt 80L x 80W x 72H cm &#8211; Svart"},"content":{"rendered":"<p>Ge din uteplats en tidl\u00f6st elegant touch med uteplatsbordet. Med plats f\u00f6r upp till fyra personer \u00e4r den perfekt f\u00f6r sociala m\u00f6ten utomhus. Dess moderna design ger din uteplats ett modernt utseende, medan den robusta st\u00e5lkonstruktionen garanterar h\u00e5llbarhet och stabilitet. L\u00e4ttsk\u00f6tt och robust, detta bord \u00e4r ett utm\u00e4rkt komplement till alla tr\u00e4dg\u00e5rdar, balkonger och terrasser.<\/p>\n<h3>Beskrivning:<\/h3>\n<ul>\n<li>Rymlig bordsskiva ger plats f\u00f6r fyra personer<\/li>\n<li>Robust och p\u00e5litlig tack vare st\u00e5lkonstruktion<\/li>\n<li>L\u00e4tt att reng\u00f6ra bordsskiva i metall f\u00f6r enkel reng\u00f6ring<\/li>\n<li>Modern design som passar s\u00f6ml\u00f6st in i ditt hem<\/li>\n<li>Halkfria f\u00f6tter skyddar ditt golv fr\u00e5n repor och fl\u00e4ckar<\/li>\n<li>Perfekt f\u00f6r inomhus och utomhusbruk<\/li>\n<li>L\u00e4tt att montera, redo att anv\u00e4ndas direkt<\/li>\n<\/ul>\n<h3>Teknisk data:<\/h3>\n<ul>\n<li>Svart f\u00e4rg<\/li>\n<li>Material: st\u00e5l<\/li>\n<li>\u00d6vergripande m\u00e5tt: 80L x 80W x 72H cm<\/li>\n<li>Max belastning: 70 kg<\/li>\n<\/ul>\n<h3>Leveransens omfattning:<\/h3>\n<ul>\n<li>1 x Uteplatsbord<\/li>\n<li>1 x manuell<\/li>\n<\/ul>\n","protected":false},"excerpt":{"rendered":"<p>Ge din uteplats en tidl\u00f6st elegant touch med uteplatsbordet. Med plats f\u00f6r upp till fyra personer \u00e4r den perfekt f\u00f6r&#8230;<\/p>\n","protected":false},"featured_media":53072,"template":"","meta":[],"product_brand":[],"product_cat":[435,457,450],"product_tag":[],"class_list":{"0":"post-53071","1":"product","2":"type-product","3":"status-publish","4":"has-post-thumbnail","6":"product_cat-tradgard-och-terrass","7":"product_cat-tradgardsbord","8":"product_cat-tradgardsmobler","10":"first","11":"instock","12":"sale","13":"taxable","14":"shipping-taxable","15":"purchasable","16":"product-type-simple"},"yoast_head":"<!-- This site is optimized with the Yoast SEO plugin v25.4 - https:\/\/yoast.com\/wordpress\/plugins\/seo\/ -->\n<title>TRUUSK Utebord f\u00f6r 4 personer - St\u00e5lstomme - M\u00e5tt 80L x 80W x 72H cm - Svart - TRUUSK - Hem, Tr\u00e4dg\u00e5rd &amp; Fritid<\/title>\n<meta name=\"robots\" content=\"index, follow, max-snippet:-1, max-image-preview:large, max-video-preview:-1\" \/>\n<link rel=\"canonical\" href=\"https:\/\/truusk.store\/sv\/produkt\/truusk-utebord-for-4-personer-stalstomme-matt-80l-x-80w-x-72h-cm-svart\/\" \/>\n<meta property=\"og:locale\" content=\"sv_SE\" \/>\n<meta property=\"og:type\" content=\"article\" \/>\n<meta property=\"og:title\" content=\"TRUUSK Utebord f\u00f6r 4 personer - St\u00e5lstomme - M\u00e5tt 80L x 80W x 72H cm - Svart - TRUUSK - Hem, Tr\u00e4dg\u00e5rd &amp; Fritid\" \/>\n<meta property=\"og:description\" content=\"Ge din uteplats en tidl\u00f6st elegant touch med uteplatsbordet. Med plats f\u00f6r upp till fyra personer \u00e4r den perfekt f\u00f6r...\" \/>\n<meta property=\"og:url\" content=\"https:\/\/truusk.store\/sv\/produkt\/truusk-utebord-for-4-personer-stalstomme-matt-80l-x-80w-x-72h-cm-svart\/\" \/>\n<meta property=\"og:site_name\" content=\"TRUUSK - Hem, Tr\u00e4dg\u00e5rd &amp; Fritid\" \/>\n<meta property=\"article:modified_time\" content=\"2026-03-12T08:35:34+00:00\" \/>\n<meta property=\"og:image\" content=\"https:\/\/i0.wp.com\/truusk.se\/wp-content\/uploads\/2024\/04\/utebord-for-4-personer-stalstomme-80l-x-80w-x-72h-cm-svart.webp?fit=800%2C800&ssl=1\" \/>\n\t<meta property=\"og:image:width\" content=\"800\" \/>\n\t<meta property=\"og:image:height\" content=\"800\" \/>\n\t<meta property=\"og:image:type\" content=\"image\/webp\" \/>\n<meta name=\"twitter:card\" content=\"summary_large_image\" \/>\n<meta name=\"twitter:label1\" content=\"Ber\u00e4knad l\u00e4stid\" \/>\n\t<meta name=\"twitter:data1\" content=\"1 minut\" \/>\n<!-- \/ Yoast SEO plugin. -->","yoast_head_json":{"title":"TRUUSK Utebord f\u00f6r 4 personer - St\u00e5lstomme - M\u00e5tt 80L x 80W x 72H cm - Svart - TRUUSK - Hem, Tr\u00e4dg\u00e5rd &amp; Fritid","robots":{"index":"index","follow":"follow","max-snippet":"max-snippet:-1","max-image-preview":"max-image-preview:large","max-video-preview":"max-video-preview:-1"},"canonical":"https:\/\/truusk.store\/sv\/produkt\/truusk-utebord-for-4-personer-stalstomme-matt-80l-x-80w-x-72h-cm-svart\/","og_locale":"sv_SE","og_type":"article","og_title":"TRUUSK Utebord f\u00f6r 4 personer - St\u00e5lstomme - M\u00e5tt 80L x 80W x 72H cm - Svart - TRUUSK - Hem, Tr\u00e4dg\u00e5rd &amp; Fritid","og_description":"Ge din uteplats en tidl\u00f6st elegant touch med uteplatsbordet. Med plats f\u00f6r upp till fyra personer \u00e4r den perfekt f\u00f6r...","og_url":"https:\/\/truusk.store\/sv\/produkt\/truusk-utebord-for-4-personer-stalstomme-matt-80l-x-80w-x-72h-cm-svart\/","og_site_name":"TRUUSK - Hem, Tr\u00e4dg\u00e5rd &amp; Fritid","article_modified_time":"2026-03-12T08:35:34+00:00","og_image":[{"width":800,"height":800,"url":"https:\/\/i0.wp.com\/truusk.se\/wp-content\/uploads\/2024\/04\/utebord-for-4-personer-stalstomme-80l-x-80w-x-72h-cm-svart.webp?fit=800%2C800&ssl=1","type":"image\/webp"}],"twitter_card":"summary_large_image","twitter_misc":{"Ber\u00e4knad l\u00e4stid":"1 minut"},"schema":{"@context":"https:\/\/schema.org","@graph":[{"@type":"WebPage","@id":"https:\/\/truusk.store\/sv\/produkt\/truusk-utebord-for-4-personer-stalstomme-matt-80l-x-80w-x-72h-cm-svart\/","url":"https:\/\/truusk.store\/sv\/produkt\/truusk-utebord-for-4-personer-stalstomme-matt-80l-x-80w-x-72h-cm-svart\/","name":"TRUUSK Utebord f\u00f6r 4 personer - St\u00e5lstomme - M\u00e5tt 80L x 80W x 72H cm - Svart - TRUUSK - Hem, Tr\u00e4dg\u00e5rd &amp; Fritid","isPartOf":{"@id":"https:\/\/truusk.store\/sv\/#website"},"primaryImageOfPage":{"@id":"https:\/\/truusk.store\/sv\/produkt\/truusk-utebord-for-4-personer-stalstomme-matt-80l-x-80w-x-72h-cm-svart\/#primaryimage"},"image":{"@id":"https:\/\/truusk.store\/sv\/produkt\/truusk-utebord-for-4-personer-stalstomme-matt-80l-x-80w-x-72h-cm-svart\/#primaryimage"},"thumbnailUrl":"https:\/\/i0.wp.com\/truusk.store\/wp-content\/uploads\/2024\/04\/utebord-for-4-personer-stalstomme-80l-x-80w-x-72h-cm-svart.webp?fit=800%2C800&ssl=1","datePublished":"2024-04-04T03:40:08+00:00","dateModified":"2026-03-12T08:35:34+00:00","breadcrumb":{"@id":"https:\/\/truusk.store\/sv\/produkt\/truusk-utebord-for-4-personer-stalstomme-matt-80l-x-80w-x-72h-cm-svart\/#breadcrumb"},"inLanguage":"sv-SE","potentialAction":[{"@type":"ReadAction","target":["https:\/\/truusk.store\/sv\/produkt\/truusk-utebord-for-4-personer-stalstomme-matt-80l-x-80w-x-72h-cm-svart\/"]}]},{"@type":"ImageObject","inLanguage":"sv-SE","@id":"https:\/\/truusk.store\/sv\/produkt\/truusk-utebord-for-4-personer-stalstomme-matt-80l-x-80w-x-72h-cm-svart\/#primaryimage","url":"https:\/\/i0.wp.com\/truusk.store\/wp-content\/uploads\/2024\/04\/utebord-for-4-personer-stalstomme-80l-x-80w-x-72h-cm-svart.webp?fit=800%2C800&ssl=1","contentUrl":"https:\/\/i0.wp.com\/truusk.store\/wp-content\/uploads\/2024\/04\/utebord-for-4-personer-stalstomme-80l-x-80w-x-72h-cm-svart.webp?fit=800%2C800&ssl=1","width":800,"height":800,"caption":"Utebord F\u00f6r 4 Personer, St\u00e5lstomme, 80L X 80W X 72H Cm, Svart 1"},{"@type":"BreadcrumbList","@id":"https:\/\/truusk.store\/sv\/produkt\/truusk-utebord-for-4-personer-stalstomme-matt-80l-x-80w-x-72h-cm-svart\/#breadcrumb","itemListElement":[{"@type":"ListItem","position":1,"name":"Home","item":"https:\/\/truusk.store\/sv\/"},{"@type":"ListItem","position":2,"name":"Shop","item":"https:\/\/truusk.store\/shop\/"},{"@type":"ListItem","position":3,"name":"TRUUSK Utebord f\u00f6r 4 personer &#8211; St\u00e5lstomme &#8211; M\u00e5tt 80L x 80W x 72H cm &#8211; Svart"}]},{"@type":"WebSite","@id":"https:\/\/truusk.store\/sv\/#website","url":"https:\/\/truusk.store\/sv\/","name":"TRUUSK - Hem, Tr\u00e4dg\u00e5rd & Fritid","description":"","publisher":{"@id":"https:\/\/truusk.store\/sv\/#organization"},"potentialAction":[{"@type":"SearchAction","target":{"@type":"EntryPoint","urlTemplate":"https:\/\/truusk.store\/sv\/?s={search_term_string}"},"query-input":{"@type":"PropertyValueSpecification","valueRequired":true,"valueName":"search_term_string"}}],"inLanguage":"sv-SE"},{"@type":"Organization","@id":"https:\/\/truusk.store\/sv\/#organization","name":"TRUUSK - Hem, Tr\u00e4dg\u00e5rd & Fritid","url":"https:\/\/truusk.store\/sv\/","logo":{"@type":"ImageObject","inLanguage":"sv-SE","@id":"https:\/\/truusk.store\/sv\/#\/schema\/logo\/image\/","url":"https:\/\/i0.wp.com\/truusk.store\/wp-content\/uploads\/2026\/03\/cropped-TRUUSK.png?fit=2032%2C917&ssl=1","contentUrl":"https:\/\/i0.wp.com\/truusk.store\/wp-content\/uploads\/2026\/03\/cropped-TRUUSK.png?fit=2032%2C917&ssl=1","width":2032,"height":917,"caption":"TRUUSK - Hem, Tr\u00e4dg\u00e5rd & Fritid"},"image":{"@id":"https:\/\/truusk.store\/sv\/#\/schema\/logo\/image\/"}}]}},"jetpack_sharing_enabled":true,"_links":{"self":[{"href":"https:\/\/truusk.store\/sv\/wp-json\/wp\/v2\/product\/53071","targetHints":{"allow":["GET"]}}],"collection":[{"href":"https:\/\/truusk.store\/sv\/wp-json\/wp\/v2\/product"}],"about":[{"href":"https:\/\/truusk.store\/sv\/wp-json\/wp\/v2\/types\/product"}],"wp:featuredmedia":[{"embeddable":true,"href":"https:\/\/truusk.store\/sv\/wp-json\/wp\/v2\/media\/53072"}],"wp:attachment":[{"href":"https:\/\/truusk.store\/sv\/wp-json\/wp\/v2\/media?parent=53071"}],"wp:term":[{"taxonomy":"product_brand","embeddable":true,"href":"https:\/\/truusk.store\/sv\/wp-json\/wp\/v2\/product_brand?post=53071"},{"taxonomy":"product_cat","embeddable":true,"href":"https:\/\/truusk.store\/sv\/wp-json\/wp\/v2\/product_cat?post=53071"},{"taxonomy":"product_tag","embeddable":true,"href":"https:\/\/truusk.store\/sv\/wp-json\/wp\/v2\/product_tag?post=53071"}],"curies":[{"name":"wp","href":"https:\/\/api.w.org\/{rel}","templated":true}]}}