{"id":53104,"date":"2024-04-04T05:10:08","date_gmt":"2024-04-04T04:10:08","guid":{"rendered":"https:\/\/truusk.store\/product\/katthus-utekatthus-vaderbestandigt-755-cm-x-75-cm-x-137-cm-gul\/"},"modified":"2026-03-12T09:05:23","modified_gmt":"2026-03-12T08:05:23","slug":"truusk-utekattshus-vaderbestandigt-755-cm-x-75-cm-x-137-cm-gul","status":"publish","type":"product","link":"https:\/\/truusk.store\/sv\/produkt\/truusk-utekattshus-vaderbestandigt-755-cm-x-75-cm-x-137-cm-gul\/","title":{"rendered":"TRUUSK Utekattshus &#8211; V\u00e4derbest\u00e4ndigt &#8211; 75,5 cm x 75 cm x 137 cm &#8211; Gul"},"content":{"rendered":"<p>Om din katt \u00e4lskar att vara ute eller om du bryr dig om herrel\u00f6sa katter, \u00e4r detta katthus en idealisk plats f\u00f6r dem att ringa hem. Det finns massor av roliga d\u00f6rrar och f\u00f6nster f\u00f6r dem att springa igenom och leka, och en avtagbar br\u00e4da i mitten d\u00e4r du kan placera en kattl\u00e5da. Katthusens design i tre niv\u00e5er f\u00f6r vilda katter ger timmar av n\u00f6je och en plats att vila och koppla av.<\/p>\n<h3>Beskrivning:<\/h3>\n<ul>\n<li>Den massiva grantr\u00e4konstruktionen \u00e4r robust och stabil<\/li>\n<li>Asfaltr\u00e4nnan ser till att regnet rinner av p\u00e5 marken och inte tr\u00e4nger in i tr\u00e4et<\/li>\n<li>Den upph\u00f6jda designen skyddar golvet fr\u00e5n fukt<\/li>\n<li>Utrymningsd\u00f6rren, hoppplattformen och h\u00e5len i golvet ger katterna lekfull tillg\u00e5ng<\/li>\n<li>Den avtagbara mittv\u00e4ggen g\u00f6r det l\u00e4ttare att st\u00e4lla upp och reng\u00f6ra kattsandl\u00e5dan<\/li>\n<li>Montering kr\u00e4vs<\/li>\n<\/ul>\n<h3>Teknisk data:<\/h3>\n<ul>\n<li>F\u00e4rg gul<\/li>\n<li>Material: gran, asfalttak<\/li>\n<li>M\u00e5tt: 75,5L x 75W x 137H cm<\/li>\n<li>M\u00e5tt (bottenl\u00e5da\/str\u00f6l\u00e5da): 70L x 68W x 25H cm<\/li>\n<li>M\u00e5tt (medium box): 70L x 35,5W x 40H cm<\/li>\n<li>H\u00f6jd p\u00e5 staketet: 16,5 cm<\/li>\n<li>Lastkapacitet: 30 kg<\/li>\n<\/ul>\n<h3>Leveransens omfattning:<\/h3>\n<ul>\n<li>1 x Katthus<\/li>\n<li>1 x manuell<\/li>\n<\/ul>\n","protected":false},"excerpt":{"rendered":"<p>Om din katt \u00e4lskar att vara ute eller om du bryr dig om herrel\u00f6sa katter, \u00e4r detta katthus en idealisk&#8230;<\/p>\n","protected":false},"featured_media":53105,"template":"","meta":[],"product_brand":[],"product_cat":[573,591,588],"product_tag":[],"class_list":{"0":"post-53104","1":"product","2":"type-product","3":"status-publish","4":"has-post-thumbnail","6":"product_cat-husdjursmaterial","7":"product_cat-katthus","8":"product_cat-katttillbehor","10":"first","11":"instock","12":"sale","13":"taxable","14":"shipping-taxable","15":"purchasable","16":"product-type-simple"},"yoast_head":"<!-- This site is optimized with the Yoast SEO plugin v25.4 - https:\/\/yoast.com\/wordpress\/plugins\/seo\/ -->\n<title>TRUUSK Utekattshus - V\u00e4derbest\u00e4ndigt - 75,5 cm x 75 cm x 137 cm - Gul - TRUUSK - Hem, Tr\u00e4dg\u00e5rd &amp; Fritid<\/title>\n<meta name=\"robots\" content=\"index, follow, max-snippet:-1, max-image-preview:large, max-video-preview:-1\" \/>\n<link rel=\"canonical\" href=\"https:\/\/truusk.store\/sv\/produkt\/truusk-utekattshus-vaderbestandigt-755-cm-x-75-cm-x-137-cm-gul\/\" \/>\n<meta property=\"og:locale\" content=\"sv_SE\" \/>\n<meta property=\"og:type\" content=\"article\" \/>\n<meta property=\"og:title\" content=\"TRUUSK Utekattshus - V\u00e4derbest\u00e4ndigt - 75,5 cm x 75 cm x 137 cm - Gul - TRUUSK - Hem, Tr\u00e4dg\u00e5rd &amp; Fritid\" \/>\n<meta property=\"og:description\" content=\"Om din katt \u00e4lskar att vara ute eller om du bryr dig om herrel\u00f6sa katter, \u00e4r detta katthus en idealisk...\" \/>\n<meta property=\"og:url\" content=\"https:\/\/truusk.store\/sv\/produkt\/truusk-utekattshus-vaderbestandigt-755-cm-x-75-cm-x-137-cm-gul\/\" \/>\n<meta property=\"og:site_name\" content=\"TRUUSK - Hem, Tr\u00e4dg\u00e5rd &amp; Fritid\" \/>\n<meta property=\"article:modified_time\" content=\"2026-03-12T08:05:23+00:00\" \/>\n<meta property=\"og:image\" content=\"https:\/\/i0.wp.com\/truusk.se\/wp-content\/uploads\/2024\/04\/katthus-utekatthus-vaderbestandigt-755-cm-x-75-cm-x-137-cm-gul.webp?fit=800%2C800&ssl=1\" \/>\n\t<meta property=\"og:image:width\" content=\"800\" \/>\n\t<meta property=\"og:image:height\" content=\"800\" \/>\n\t<meta property=\"og:image:type\" content=\"image\/webp\" \/>\n<meta name=\"twitter:card\" content=\"summary_large_image\" \/>\n<meta name=\"twitter:label1\" content=\"Ber\u00e4knad l\u00e4stid\" \/>\n\t<meta name=\"twitter:data1\" content=\"1 minut\" \/>\n<!-- \/ Yoast SEO plugin. -->","yoast_head_json":{"title":"TRUUSK Utekattshus - V\u00e4derbest\u00e4ndigt - 75,5 cm x 75 cm x 137 cm - Gul - TRUUSK - Hem, Tr\u00e4dg\u00e5rd &amp; Fritid","robots":{"index":"index","follow":"follow","max-snippet":"max-snippet:-1","max-image-preview":"max-image-preview:large","max-video-preview":"max-video-preview:-1"},"canonical":"https:\/\/truusk.store\/sv\/produkt\/truusk-utekattshus-vaderbestandigt-755-cm-x-75-cm-x-137-cm-gul\/","og_locale":"sv_SE","og_type":"article","og_title":"TRUUSK Utekattshus - V\u00e4derbest\u00e4ndigt - 75,5 cm x 75 cm x 137 cm - Gul - TRUUSK - Hem, Tr\u00e4dg\u00e5rd &amp; Fritid","og_description":"Om din katt \u00e4lskar att vara ute eller om du bryr dig om herrel\u00f6sa katter, \u00e4r detta katthus en idealisk...","og_url":"https:\/\/truusk.store\/sv\/produkt\/truusk-utekattshus-vaderbestandigt-755-cm-x-75-cm-x-137-cm-gul\/","og_site_name":"TRUUSK - Hem, Tr\u00e4dg\u00e5rd &amp; Fritid","article_modified_time":"2026-03-12T08:05:23+00:00","og_image":[{"width":800,"height":800,"url":"https:\/\/i0.wp.com\/truusk.se\/wp-content\/uploads\/2024\/04\/katthus-utekatthus-vaderbestandigt-755-cm-x-75-cm-x-137-cm-gul.webp?fit=800%2C800&ssl=1","type":"image\/webp"}],"twitter_card":"summary_large_image","twitter_misc":{"Ber\u00e4knad l\u00e4stid":"1 minut"},"schema":{"@context":"https:\/\/schema.org","@graph":[{"@type":"WebPage","@id":"https:\/\/truusk.store\/sv\/produkt\/truusk-utekattshus-vaderbestandigt-755-cm-x-75-cm-x-137-cm-gul\/","url":"https:\/\/truusk.store\/sv\/produkt\/truusk-utekattshus-vaderbestandigt-755-cm-x-75-cm-x-137-cm-gul\/","name":"TRUUSK Utekattshus - V\u00e4derbest\u00e4ndigt - 75,5 cm x 75 cm x 137 cm - Gul - TRUUSK - Hem, Tr\u00e4dg\u00e5rd &amp; Fritid","isPartOf":{"@id":"https:\/\/truusk.store\/sv\/#website"},"primaryImageOfPage":{"@id":"https:\/\/truusk.store\/sv\/produkt\/truusk-utekattshus-vaderbestandigt-755-cm-x-75-cm-x-137-cm-gul\/#primaryimage"},"image":{"@id":"https:\/\/truusk.store\/sv\/produkt\/truusk-utekattshus-vaderbestandigt-755-cm-x-75-cm-x-137-cm-gul\/#primaryimage"},"thumbnailUrl":"https:\/\/i0.wp.com\/truusk.store\/wp-content\/uploads\/2024\/04\/katthus-utekatthus-vaderbestandigt-755-cm-x-75-cm-x-137-cm-gul.webp?fit=800%2C800&ssl=1","datePublished":"2024-04-04T04:10:08+00:00","dateModified":"2026-03-12T08:05:23+00:00","breadcrumb":{"@id":"https:\/\/truusk.store\/sv\/produkt\/truusk-utekattshus-vaderbestandigt-755-cm-x-75-cm-x-137-cm-gul\/#breadcrumb"},"inLanguage":"sv-SE","potentialAction":[{"@type":"ReadAction","target":["https:\/\/truusk.store\/sv\/produkt\/truusk-utekattshus-vaderbestandigt-755-cm-x-75-cm-x-137-cm-gul\/"]}]},{"@type":"ImageObject","inLanguage":"sv-SE","@id":"https:\/\/truusk.store\/sv\/produkt\/truusk-utekattshus-vaderbestandigt-755-cm-x-75-cm-x-137-cm-gul\/#primaryimage","url":"https:\/\/i0.wp.com\/truusk.store\/wp-content\/uploads\/2024\/04\/katthus-utekatthus-vaderbestandigt-755-cm-x-75-cm-x-137-cm-gul.webp?fit=800%2C800&ssl=1","contentUrl":"https:\/\/i0.wp.com\/truusk.store\/wp-content\/uploads\/2024\/04\/katthus-utekatthus-vaderbestandigt-755-cm-x-75-cm-x-137-cm-gul.webp?fit=800%2C800&ssl=1","width":800,"height":800,"caption":"Katthus, Utekatthus, V\u00e4derbest\u00e4ndigt, 75,5 Cm X 75 Cm X 137 Cm, Gul 1"},{"@type":"BreadcrumbList","@id":"https:\/\/truusk.store\/sv\/produkt\/truusk-utekattshus-vaderbestandigt-755-cm-x-75-cm-x-137-cm-gul\/#breadcrumb","itemListElement":[{"@type":"ListItem","position":1,"name":"Home","item":"https:\/\/truusk.store\/sv\/"},{"@type":"ListItem","position":2,"name":"Shop","item":"https:\/\/truusk.store\/shop\/"},{"@type":"ListItem","position":3,"name":"TRUUSK Utekattshus &#8211; V\u00e4derbest\u00e4ndigt &#8211; 75,5 cm x 75 cm x 137 cm &#8211; Gul"}]},{"@type":"WebSite","@id":"https:\/\/truusk.store\/sv\/#website","url":"https:\/\/truusk.store\/sv\/","name":"TRUUSK - Hem, Tr\u00e4dg\u00e5rd & Fritid","description":"","publisher":{"@id":"https:\/\/truusk.store\/sv\/#organization"},"potentialAction":[{"@type":"SearchAction","target":{"@type":"EntryPoint","urlTemplate":"https:\/\/truusk.store\/sv\/?s={search_term_string}"},"query-input":{"@type":"PropertyValueSpecification","valueRequired":true,"valueName":"search_term_string"}}],"inLanguage":"sv-SE"},{"@type":"Organization","@id":"https:\/\/truusk.store\/sv\/#organization","name":"TRUUSK - Hem, Tr\u00e4dg\u00e5rd & Fritid","url":"https:\/\/truusk.store\/sv\/","logo":{"@type":"ImageObject","inLanguage":"sv-SE","@id":"https:\/\/truusk.store\/sv\/#\/schema\/logo\/image\/","url":"https:\/\/i0.wp.com\/truusk.store\/wp-content\/uploads\/2026\/03\/cropped-TRUUSK.png?fit=2032%2C917&ssl=1","contentUrl":"https:\/\/i0.wp.com\/truusk.store\/wp-content\/uploads\/2026\/03\/cropped-TRUUSK.png?fit=2032%2C917&ssl=1","width":2032,"height":917,"caption":"TRUUSK - Hem, Tr\u00e4dg\u00e5rd & Fritid"},"image":{"@id":"https:\/\/truusk.store\/sv\/#\/schema\/logo\/image\/"}}]}},"jetpack_sharing_enabled":true,"_links":{"self":[{"href":"https:\/\/truusk.store\/sv\/wp-json\/wp\/v2\/product\/53104","targetHints":{"allow":["GET"]}}],"collection":[{"href":"https:\/\/truusk.store\/sv\/wp-json\/wp\/v2\/product"}],"about":[{"href":"https:\/\/truusk.store\/sv\/wp-json\/wp\/v2\/types\/product"}],"wp:featuredmedia":[{"embeddable":true,"href":"https:\/\/truusk.store\/sv\/wp-json\/wp\/v2\/media\/53105"}],"wp:attachment":[{"href":"https:\/\/truusk.store\/sv\/wp-json\/wp\/v2\/media?parent=53104"}],"wp:term":[{"taxonomy":"product_brand","embeddable":true,"href":"https:\/\/truusk.store\/sv\/wp-json\/wp\/v2\/product_brand?post=53104"},{"taxonomy":"product_cat","embeddable":true,"href":"https:\/\/truusk.store\/sv\/wp-json\/wp\/v2\/product_cat?post=53104"},{"taxonomy":"product_tag","embeddable":true,"href":"https:\/\/truusk.store\/sv\/wp-json\/wp\/v2\/product_tag?post=53104"}],"curies":[{"name":"wp","href":"https:\/\/api.w.org\/{rel}","templated":true}]}}