{"id":53146,"date":"2024-04-04T05:50:08","date_gmt":"2024-04-04T04:50:08","guid":{"rendered":"https:\/\/truusk.store\/product\/hollywood-swing-tradgardsgunga-vaderbestandig-2-separata-storlekar-2-drinkhallare-170-cm-x-136-cm-x-170-cm-gra\/"},"modified":"2026-03-12T09:38:34","modified_gmt":"2026-03-12T08:38:34","slug":"truusk-hollywood-tradgardsgunga-vaderbestandig-2-separata-storlekar-2-drinkhallare-gra-170-cm-x-136-cm-x-170-cm","status":"publish","type":"product","link":"https:\/\/truusk.store\/sv\/produkt\/truusk-hollywood-tradgardsgunga-vaderbestandig-2-separata-storlekar-2-drinkhallare-gra-170-cm-x-136-cm-x-170-cm\/","title":{"rendered":"TRUUSK Hollywood Tr\u00e4dg\u00e5rdsgunga &#8211; V\u00e4derbest\u00e4ndig &#8211; 2 Separata Storlekar &#8211; 2 Drinkh\u00e5llare &#8211; Gr\u00e5 &#8211; 170 cm x 136 cm x 170 cm"},"content":{"rendered":"<p>Njut av romantiska stunder p\u00e5 landsbygden. Sommardagarna blir \u00e4nnu vackrare med din tr\u00e4dg\u00e5rdsgunga f\u00f6r vuxna. 2-sitsen \u00e4r bekv\u00e4m och mjukt vadderad. \u00d6verdraget \u00e4r tillverkat av slitstark polyester. De tv\u00e5 bekv\u00e4ma gungstolarna \u00e4r t\u00e4ckta s\u00e5 att du kan koppla av i skuggan. St\u00e5lramen \u00e4r mycket robust och motst\u00e5ndskraftig mot v\u00e4derp\u00e5verkan.<\/p>\n<h3>Beskrivning:<\/h3>\n<ul>\n<li>Romantisk gunga f\u00f6r tr\u00e4dg\u00e5rden, terrassen eller balkongen<\/li>\n<li>Med 2 separata s\u00e4ten, kan vaggas separat<\/li>\n<li>Sittdyna behagligt tjockt vadderad med polyester\u00f6verdrag<\/li>\n<li>Med vattenavvisande solskydd<\/li>\n<li>Stabil st\u00e5lkonstruktion f\u00f6r h\u00f6g stabilitet<\/li>\n<li>2 bordsskivor med muggh\u00e5llare p\u00e5 b\u00e5da sidor<\/li>\n<li>Enkel konstruktion<\/li>\n<\/ul>\n<h3>Teknisk data:<\/h3>\n<ul>\n<li>Material: st\u00e5l, Oxfordduk<\/li>\n<li>F\u00e4rg gr\u00e5<\/li>\n<li>M\u00e5tt: 170L x 136W x 170H cm<\/li>\n<li>Sittyta: 62W x 52D cm<\/li>\n<li>Sitth\u00f6jd (utan dyna): 50 cm<\/li>\n<li>Ryggst\u00f6dsh\u00f6jd: 77 cm<\/li>\n<li>Max lastkapacitet: 220 kg (per sittplats)<\/li>\n<\/ul>\n<h3>Leveransens omfattning:<\/h3>\n<ul>\n<li>1 x verandagunga<\/li>\n<li>1 x Monteringsanvisning<\/li>\n<\/ul>\n","protected":false},"excerpt":{"rendered":"<p>Njut av romantiska stunder p\u00e5 landsbygden. Sommardagarna blir \u00e4nnu vackrare med din tr\u00e4dg\u00e5rdsgunga f\u00f6r vuxna. 2-sitsen \u00e4r bekv\u00e4m och mjukt&#8230;<\/p>\n","protected":false},"featured_media":53147,"template":"","meta":[],"product_brand":[],"product_cat":[453,435,450],"product_tag":[],"class_list":{"0":"post-53146","1":"product","2":"type-product","3":"status-publish","4":"has-post-thumbnail","6":"product_cat-hollywood-gungor","7":"product_cat-tradgard-och-terrass","8":"product_cat-tradgardsmobler","10":"first","11":"instock","12":"sale","13":"taxable","14":"shipping-taxable","15":"purchasable","16":"product-type-simple"},"yoast_head":"<!-- This site is optimized with the Yoast SEO plugin v25.4 - https:\/\/yoast.com\/wordpress\/plugins\/seo\/ -->\n<title>TRUUSK Hollywood Tr\u00e4dg\u00e5rdsgunga - V\u00e4derbest\u00e4ndig - 2 Separata Storlekar - 2 Drinkh\u00e5llare - Gr\u00e5 - 170 cm x 136 cm x 170 cm - TRUUSK - Hem, Tr\u00e4dg\u00e5rd &amp; Fritid<\/title>\n<meta name=\"robots\" content=\"index, follow, max-snippet:-1, max-image-preview:large, max-video-preview:-1\" \/>\n<link rel=\"canonical\" href=\"https:\/\/truusk.store\/sv\/produkt\/truusk-hollywood-tradgardsgunga-vaderbestandig-2-separata-storlekar-2-drinkhallare-gra-170-cm-x-136-cm-x-170-cm\/\" \/>\n<meta property=\"og:locale\" content=\"sv_SE\" \/>\n<meta property=\"og:type\" content=\"article\" \/>\n<meta property=\"og:title\" content=\"TRUUSK Hollywood Tr\u00e4dg\u00e5rdsgunga - V\u00e4derbest\u00e4ndig - 2 Separata Storlekar - 2 Drinkh\u00e5llare - Gr\u00e5 - 170 cm x 136 cm x 170 cm - TRUUSK - Hem, Tr\u00e4dg\u00e5rd &amp; Fritid\" \/>\n<meta property=\"og:description\" content=\"Njut av romantiska stunder p\u00e5 landsbygden. Sommardagarna blir \u00e4nnu vackrare med din tr\u00e4dg\u00e5rdsgunga f\u00f6r vuxna. 2-sitsen \u00e4r bekv\u00e4m och mjukt...\" \/>\n<meta property=\"og:url\" content=\"https:\/\/truusk.store\/sv\/produkt\/truusk-hollywood-tradgardsgunga-vaderbestandig-2-separata-storlekar-2-drinkhallare-gra-170-cm-x-136-cm-x-170-cm\/\" \/>\n<meta property=\"og:site_name\" content=\"TRUUSK - Hem, Tr\u00e4dg\u00e5rd &amp; Fritid\" \/>\n<meta property=\"article:modified_time\" content=\"2026-03-12T08:38:34+00:00\" \/>\n<meta property=\"og:image\" content=\"https:\/\/i0.wp.com\/truusk.se\/wp-content\/uploads\/2024\/04\/hollywood-swing-tradgardsgunga-vaderbestandig-2-separata-storlekar-2-drinkhallare-170-cm-x-136-cm-x-170-cm-gra.webp?fit=800%2C800&ssl=1\" \/>\n\t<meta property=\"og:image:width\" content=\"800\" \/>\n\t<meta property=\"og:image:height\" content=\"800\" \/>\n\t<meta property=\"og:image:type\" content=\"image\/webp\" \/>\n<meta name=\"twitter:card\" content=\"summary_large_image\" \/>\n<meta name=\"twitter:label1\" content=\"Ber\u00e4knad l\u00e4stid\" \/>\n\t<meta name=\"twitter:data1\" content=\"1 minut\" \/>\n<!-- \/ Yoast SEO plugin. -->","yoast_head_json":{"title":"TRUUSK Hollywood Tr\u00e4dg\u00e5rdsgunga - V\u00e4derbest\u00e4ndig - 2 Separata Storlekar - 2 Drinkh\u00e5llare - Gr\u00e5 - 170 cm x 136 cm x 170 cm - TRUUSK - Hem, Tr\u00e4dg\u00e5rd &amp; Fritid","robots":{"index":"index","follow":"follow","max-snippet":"max-snippet:-1","max-image-preview":"max-image-preview:large","max-video-preview":"max-video-preview:-1"},"canonical":"https:\/\/truusk.store\/sv\/produkt\/truusk-hollywood-tradgardsgunga-vaderbestandig-2-separata-storlekar-2-drinkhallare-gra-170-cm-x-136-cm-x-170-cm\/","og_locale":"sv_SE","og_type":"article","og_title":"TRUUSK Hollywood Tr\u00e4dg\u00e5rdsgunga - V\u00e4derbest\u00e4ndig - 2 Separata Storlekar - 2 Drinkh\u00e5llare - Gr\u00e5 - 170 cm x 136 cm x 170 cm - TRUUSK - Hem, Tr\u00e4dg\u00e5rd &amp; Fritid","og_description":"Njut av romantiska stunder p\u00e5 landsbygden. Sommardagarna blir \u00e4nnu vackrare med din tr\u00e4dg\u00e5rdsgunga f\u00f6r vuxna. 2-sitsen \u00e4r bekv\u00e4m och mjukt...","og_url":"https:\/\/truusk.store\/sv\/produkt\/truusk-hollywood-tradgardsgunga-vaderbestandig-2-separata-storlekar-2-drinkhallare-gra-170-cm-x-136-cm-x-170-cm\/","og_site_name":"TRUUSK - Hem, Tr\u00e4dg\u00e5rd &amp; Fritid","article_modified_time":"2026-03-12T08:38:34+00:00","og_image":[{"width":800,"height":800,"url":"https:\/\/i0.wp.com\/truusk.se\/wp-content\/uploads\/2024\/04\/hollywood-swing-tradgardsgunga-vaderbestandig-2-separata-storlekar-2-drinkhallare-170-cm-x-136-cm-x-170-cm-gra.webp?fit=800%2C800&ssl=1","type":"image\/webp"}],"twitter_card":"summary_large_image","twitter_misc":{"Ber\u00e4knad l\u00e4stid":"1 minut"},"schema":{"@context":"https:\/\/schema.org","@graph":[{"@type":"WebPage","@id":"https:\/\/truusk.store\/sv\/produkt\/truusk-hollywood-tradgardsgunga-vaderbestandig-2-separata-storlekar-2-drinkhallare-gra-170-cm-x-136-cm-x-170-cm\/","url":"https:\/\/truusk.store\/sv\/produkt\/truusk-hollywood-tradgardsgunga-vaderbestandig-2-separata-storlekar-2-drinkhallare-gra-170-cm-x-136-cm-x-170-cm\/","name":"TRUUSK Hollywood Tr\u00e4dg\u00e5rdsgunga - V\u00e4derbest\u00e4ndig - 2 Separata Storlekar - 2 Drinkh\u00e5llare - Gr\u00e5 - 170 cm x 136 cm x 170 cm - TRUUSK - Hem, Tr\u00e4dg\u00e5rd &amp; Fritid","isPartOf":{"@id":"https:\/\/truusk.store\/sv\/#website"},"primaryImageOfPage":{"@id":"https:\/\/truusk.store\/sv\/produkt\/truusk-hollywood-tradgardsgunga-vaderbestandig-2-separata-storlekar-2-drinkhallare-gra-170-cm-x-136-cm-x-170-cm\/#primaryimage"},"image":{"@id":"https:\/\/truusk.store\/sv\/produkt\/truusk-hollywood-tradgardsgunga-vaderbestandig-2-separata-storlekar-2-drinkhallare-gra-170-cm-x-136-cm-x-170-cm\/#primaryimage"},"thumbnailUrl":"https:\/\/i0.wp.com\/truusk.store\/wp-content\/uploads\/2024\/04\/hollywood-swing-tradgardsgunga-vaderbestandig-2-separata-storlekar-2-drinkhallare-170-cm-x-136-cm-x-170-cm-gra.webp?fit=800%2C800&ssl=1","datePublished":"2024-04-04T04:50:08+00:00","dateModified":"2026-03-12T08:38:34+00:00","breadcrumb":{"@id":"https:\/\/truusk.store\/sv\/produkt\/truusk-hollywood-tradgardsgunga-vaderbestandig-2-separata-storlekar-2-drinkhallare-gra-170-cm-x-136-cm-x-170-cm\/#breadcrumb"},"inLanguage":"sv-SE","potentialAction":[{"@type":"ReadAction","target":["https:\/\/truusk.store\/sv\/produkt\/truusk-hollywood-tradgardsgunga-vaderbestandig-2-separata-storlekar-2-drinkhallare-gra-170-cm-x-136-cm-x-170-cm\/"]}]},{"@type":"ImageObject","inLanguage":"sv-SE","@id":"https:\/\/truusk.store\/sv\/produkt\/truusk-hollywood-tradgardsgunga-vaderbestandig-2-separata-storlekar-2-drinkhallare-gra-170-cm-x-136-cm-x-170-cm\/#primaryimage","url":"https:\/\/i0.wp.com\/truusk.store\/wp-content\/uploads\/2024\/04\/hollywood-swing-tradgardsgunga-vaderbestandig-2-separata-storlekar-2-drinkhallare-170-cm-x-136-cm-x-170-cm-gra.webp?fit=800%2C800&ssl=1","contentUrl":"https:\/\/i0.wp.com\/truusk.store\/wp-content\/uploads\/2024\/04\/hollywood-swing-tradgardsgunga-vaderbestandig-2-separata-storlekar-2-drinkhallare-170-cm-x-136-cm-x-170-cm-gra.webp?fit=800%2C800&ssl=1","width":800,"height":800,"caption":"Hollywood Swing Tr\u00e4dg\u00e5rdsgunga, V\u00e4derbest\u00e4ndig, 2 Separata Storlekar, 2 Drinkh\u00e5llare, 170 Cm X 136 Cm X 170 Cm, Gr\u00e5 1"},{"@type":"BreadcrumbList","@id":"https:\/\/truusk.store\/sv\/produkt\/truusk-hollywood-tradgardsgunga-vaderbestandig-2-separata-storlekar-2-drinkhallare-gra-170-cm-x-136-cm-x-170-cm\/#breadcrumb","itemListElement":[{"@type":"ListItem","position":1,"name":"Home","item":"https:\/\/truusk.store\/sv\/"},{"@type":"ListItem","position":2,"name":"Shop","item":"https:\/\/truusk.store\/shop\/"},{"@type":"ListItem","position":3,"name":"TRUUSK Hollywood Tr\u00e4dg\u00e5rdsgunga &#8211; V\u00e4derbest\u00e4ndig &#8211; 2 Separata Storlekar &#8211; 2 Drinkh\u00e5llare &#8211; Gr\u00e5 &#8211; 170 cm x 136 cm x 170 cm"}]},{"@type":"WebSite","@id":"https:\/\/truusk.store\/sv\/#website","url":"https:\/\/truusk.store\/sv\/","name":"TRUUSK - Hem, Tr\u00e4dg\u00e5rd & Fritid","description":"","publisher":{"@id":"https:\/\/truusk.store\/sv\/#organization"},"potentialAction":[{"@type":"SearchAction","target":{"@type":"EntryPoint","urlTemplate":"https:\/\/truusk.store\/sv\/?s={search_term_string}"},"query-input":{"@type":"PropertyValueSpecification","valueRequired":true,"valueName":"search_term_string"}}],"inLanguage":"sv-SE"},{"@type":"Organization","@id":"https:\/\/truusk.store\/sv\/#organization","name":"TRUUSK - Hem, Tr\u00e4dg\u00e5rd & Fritid","url":"https:\/\/truusk.store\/sv\/","logo":{"@type":"ImageObject","inLanguage":"sv-SE","@id":"https:\/\/truusk.store\/sv\/#\/schema\/logo\/image\/","url":"https:\/\/i0.wp.com\/truusk.store\/wp-content\/uploads\/2026\/03\/cropped-TRUUSK.png?fit=2032%2C917&ssl=1","contentUrl":"https:\/\/i0.wp.com\/truusk.store\/wp-content\/uploads\/2026\/03\/cropped-TRUUSK.png?fit=2032%2C917&ssl=1","width":2032,"height":917,"caption":"TRUUSK - Hem, Tr\u00e4dg\u00e5rd & Fritid"},"image":{"@id":"https:\/\/truusk.store\/sv\/#\/schema\/logo\/image\/"}}]}},"jetpack_sharing_enabled":true,"_links":{"self":[{"href":"https:\/\/truusk.store\/sv\/wp-json\/wp\/v2\/product\/53146","targetHints":{"allow":["GET"]}}],"collection":[{"href":"https:\/\/truusk.store\/sv\/wp-json\/wp\/v2\/product"}],"about":[{"href":"https:\/\/truusk.store\/sv\/wp-json\/wp\/v2\/types\/product"}],"wp:featuredmedia":[{"embeddable":true,"href":"https:\/\/truusk.store\/sv\/wp-json\/wp\/v2\/media\/53147"}],"wp:attachment":[{"href":"https:\/\/truusk.store\/sv\/wp-json\/wp\/v2\/media?parent=53146"}],"wp:term":[{"taxonomy":"product_brand","embeddable":true,"href":"https:\/\/truusk.store\/sv\/wp-json\/wp\/v2\/product_brand?post=53146"},{"taxonomy":"product_cat","embeddable":true,"href":"https:\/\/truusk.store\/sv\/wp-json\/wp\/v2\/product_cat?post=53146"},{"taxonomy":"product_tag","embeddable":true,"href":"https:\/\/truusk.store\/sv\/wp-json\/wp\/v2\/product_tag?post=53146"}],"curies":[{"name":"wp","href":"https:\/\/api.w.org\/{rel}","templated":true}]}}