{"id":53157,"date":"2024-04-04T06:00:08","date_gmt":"2024-04-04T05:00:08","guid":{"rendered":"https:\/\/truusk.store\/product\/upphojd-tradgardsbadd-ortbadd-vaderbestandig-oppen-mark-113-x-98-x-30-cm-morkbrun\/"},"modified":"2026-03-12T09:38:20","modified_gmt":"2026-03-12T08:38:20","slug":"truusk-upphojd-ortbadd-vaderbestandig-113-x-98-x-30-cm-morkbrun","status":"publish","type":"product","link":"https:\/\/truusk.store\/sv\/produkt\/truusk-upphojd-ortbadd-vaderbestandig-113-x-98-x-30-cm-morkbrun\/","title":{"rendered":"TRUUSK Upph\u00f6jd \u00d6rtb\u00e4dd &#8211; V\u00e4derbest\u00e4ndig &#8211; 113 x 98 x 30 cm &#8211; M\u00f6rkbrun"},"content":{"rendered":"<p>Har du flera v\u00e4xter eller blommor som du vill ha ordning p\u00e5? D\u00e5 \u00e4r denna h\u00f6jds\u00e4ng f\u00f6r balkong precis grejen f\u00f6r dig. Du kan odla v\u00e4xter, gr\u00f6nsaker, blommor och mycket mer i ett valfritt utrymme. S\u00e4msks\u00e4ngen \u00e4r gjord av galvaniserat st\u00e5l och \u00e4r d\u00e4rf\u00f6r mycket stabil. Tack vare sin storlek ger den gott om plats att v\u00e4xa och \u00e4r helt \u00f6ppen inuti s\u00e5 att r\u00f6tterna \u00e4r v\u00e4l skyddade. Anv\u00e4nd den utomhus \u2013 ge liv till ditt utrymme, var som helst.<\/p>\n<h3>Beskrivning:<\/h3>\n<ul>\n<li>\u00d6ppen botten av den upph\u00f6jda \u00f6rtb\u00e4dden f\u00f6r direkt kontakt med marken. Ingen vattenansamling i marken<\/li>\n<li>Pulverlackerade varmgalvaniserade st\u00e5lramar inneb\u00e4r robusta strukturer<\/li>\n<li>Flera inv\u00e4ndiga st\u00f6dstag f\u00f6rst\u00e4rker konstruktionen<\/li>\n<li>Platta toppar: plocka upp och b\u00e4r s\u00e4kert<\/li>\n<li>4 skyddande h\u00f6rn p\u00e5 v\u00e4xtl\u00e5dan f\u00f6rhindrar skador fr\u00e5n olyckor<\/li>\n<li>Tr\u00e4fiberyta ger en naturlig k\u00e4nsla<\/li>\n<li>L\u00e4tt att montera<\/li>\n<\/ul>\n<h3>Teknisk data:<\/h3>\n<ul>\n<li>F\u00e4rg: M\u00f6rkbrun<\/li>\n<li>Material: Galvaniserat st\u00e5l<\/li>\n<li>H\u00f6rn till h\u00f6rn: 113 cm<\/li>\n<li>Fr\u00e5n sida till sida: 98cm<\/li>\n<li>Sidol\u00e4ngd: 48 cm<\/li>\n<li>H\u00f6jd: 30 cm<\/li>\n<\/ul>\n<h3>Leveransens omfattning:<\/h3>\n<ul>\n<li>1 x upph\u00f6jd s\u00e4ng<\/li>\n<li>6 x anslutningspanel<\/li>\n<li>1 x manuell<\/li>\n<\/ul>\n","protected":false},"excerpt":{"rendered":"<p>Har du flera v\u00e4xter eller blommor som du vill ha ordning p\u00e5? D\u00e5 \u00e4r denna h\u00f6jds\u00e4ng f\u00f6r balkong precis grejen&#8230;<\/p>\n","protected":false},"featured_media":53158,"template":"","meta":[],"product_brand":[],"product_cat":[445,435,443],"product_tag":[],"class_list":{"0":"post-53157","1":"product","2":"type-product","3":"status-publish","4":"has-post-thumbnail","6":"product_cat-kalla-ramar","7":"product_cat-tradgard-och-terrass","8":"product_cat-vaxthus-tradgardsskotsel","10":"first","11":"instock","12":"sale","13":"taxable","14":"shipping-taxable","15":"purchasable","16":"product-type-simple"},"yoast_head":"<!-- This site is optimized with the Yoast SEO plugin v25.4 - https:\/\/yoast.com\/wordpress\/plugins\/seo\/ -->\n<title>TRUUSK Upph\u00f6jd \u00d6rtb\u00e4dd - V\u00e4derbest\u00e4ndig - 113 x 98 x 30 cm - M\u00f6rkbrun - TRUUSK - Hem, Tr\u00e4dg\u00e5rd &amp; Fritid<\/title>\n<meta name=\"robots\" content=\"index, follow, max-snippet:-1, max-image-preview:large, max-video-preview:-1\" \/>\n<link rel=\"canonical\" href=\"https:\/\/truusk.store\/sv\/produkt\/truusk-upphojd-ortbadd-vaderbestandig-113-x-98-x-30-cm-morkbrun\/\" \/>\n<meta property=\"og:locale\" content=\"sv_SE\" \/>\n<meta property=\"og:type\" content=\"article\" \/>\n<meta property=\"og:title\" content=\"TRUUSK Upph\u00f6jd \u00d6rtb\u00e4dd - V\u00e4derbest\u00e4ndig - 113 x 98 x 30 cm - M\u00f6rkbrun - TRUUSK - Hem, Tr\u00e4dg\u00e5rd &amp; Fritid\" \/>\n<meta property=\"og:description\" content=\"Har du flera v\u00e4xter eller blommor som du vill ha ordning p\u00e5? D\u00e5 \u00e4r denna h\u00f6jds\u00e4ng f\u00f6r balkong precis grejen...\" \/>\n<meta property=\"og:url\" content=\"https:\/\/truusk.store\/sv\/produkt\/truusk-upphojd-ortbadd-vaderbestandig-113-x-98-x-30-cm-morkbrun\/\" \/>\n<meta property=\"og:site_name\" content=\"TRUUSK - Hem, Tr\u00e4dg\u00e5rd &amp; Fritid\" \/>\n<meta property=\"article:modified_time\" content=\"2026-03-12T08:38:20+00:00\" \/>\n<meta property=\"og:image\" content=\"https:\/\/i0.wp.com\/truusk.se\/wp-content\/uploads\/2024\/04\/upphojd-tradgardsbadd-ortbadd-vaderbestandig-oppen-mark-113-x-98-x-30-cm-morkbrun.webp?fit=800%2C800&ssl=1\" \/>\n\t<meta property=\"og:image:width\" content=\"800\" \/>\n\t<meta property=\"og:image:height\" content=\"800\" \/>\n\t<meta property=\"og:image:type\" content=\"image\/webp\" \/>\n<meta name=\"twitter:card\" content=\"summary_large_image\" \/>\n<meta name=\"twitter:label1\" content=\"Ber\u00e4knad l\u00e4stid\" \/>\n\t<meta name=\"twitter:data1\" content=\"1 minut\" \/>\n<!-- \/ Yoast SEO plugin. -->","yoast_head_json":{"title":"TRUUSK Upph\u00f6jd \u00d6rtb\u00e4dd - V\u00e4derbest\u00e4ndig - 113 x 98 x 30 cm - M\u00f6rkbrun - TRUUSK - Hem, Tr\u00e4dg\u00e5rd &amp; Fritid","robots":{"index":"index","follow":"follow","max-snippet":"max-snippet:-1","max-image-preview":"max-image-preview:large","max-video-preview":"max-video-preview:-1"},"canonical":"https:\/\/truusk.store\/sv\/produkt\/truusk-upphojd-ortbadd-vaderbestandig-113-x-98-x-30-cm-morkbrun\/","og_locale":"sv_SE","og_type":"article","og_title":"TRUUSK Upph\u00f6jd \u00d6rtb\u00e4dd - V\u00e4derbest\u00e4ndig - 113 x 98 x 30 cm - M\u00f6rkbrun - TRUUSK - Hem, Tr\u00e4dg\u00e5rd &amp; Fritid","og_description":"Har du flera v\u00e4xter eller blommor som du vill ha ordning p\u00e5? D\u00e5 \u00e4r denna h\u00f6jds\u00e4ng f\u00f6r balkong precis grejen...","og_url":"https:\/\/truusk.store\/sv\/produkt\/truusk-upphojd-ortbadd-vaderbestandig-113-x-98-x-30-cm-morkbrun\/","og_site_name":"TRUUSK - Hem, Tr\u00e4dg\u00e5rd &amp; Fritid","article_modified_time":"2026-03-12T08:38:20+00:00","og_image":[{"width":800,"height":800,"url":"https:\/\/i0.wp.com\/truusk.se\/wp-content\/uploads\/2024\/04\/upphojd-tradgardsbadd-ortbadd-vaderbestandig-oppen-mark-113-x-98-x-30-cm-morkbrun.webp?fit=800%2C800&ssl=1","type":"image\/webp"}],"twitter_card":"summary_large_image","twitter_misc":{"Ber\u00e4knad l\u00e4stid":"1 minut"},"schema":{"@context":"https:\/\/schema.org","@graph":[{"@type":"WebPage","@id":"https:\/\/truusk.store\/sv\/produkt\/truusk-upphojd-ortbadd-vaderbestandig-113-x-98-x-30-cm-morkbrun\/","url":"https:\/\/truusk.store\/sv\/produkt\/truusk-upphojd-ortbadd-vaderbestandig-113-x-98-x-30-cm-morkbrun\/","name":"TRUUSK Upph\u00f6jd \u00d6rtb\u00e4dd - V\u00e4derbest\u00e4ndig - 113 x 98 x 30 cm - M\u00f6rkbrun - TRUUSK - Hem, Tr\u00e4dg\u00e5rd &amp; Fritid","isPartOf":{"@id":"https:\/\/truusk.store\/sv\/#website"},"primaryImageOfPage":{"@id":"https:\/\/truusk.store\/sv\/produkt\/truusk-upphojd-ortbadd-vaderbestandig-113-x-98-x-30-cm-morkbrun\/#primaryimage"},"image":{"@id":"https:\/\/truusk.store\/sv\/produkt\/truusk-upphojd-ortbadd-vaderbestandig-113-x-98-x-30-cm-morkbrun\/#primaryimage"},"thumbnailUrl":"https:\/\/i0.wp.com\/truusk.store\/wp-content\/uploads\/2024\/04\/upphojd-tradgardsbadd-ortbadd-vaderbestandig-oppen-mark-113-x-98-x-30-cm-morkbrun.webp?fit=800%2C800&ssl=1","datePublished":"2024-04-04T05:00:08+00:00","dateModified":"2026-03-12T08:38:20+00:00","breadcrumb":{"@id":"https:\/\/truusk.store\/sv\/produkt\/truusk-upphojd-ortbadd-vaderbestandig-113-x-98-x-30-cm-morkbrun\/#breadcrumb"},"inLanguage":"sv-SE","potentialAction":[{"@type":"ReadAction","target":["https:\/\/truusk.store\/sv\/produkt\/truusk-upphojd-ortbadd-vaderbestandig-113-x-98-x-30-cm-morkbrun\/"]}]},{"@type":"ImageObject","inLanguage":"sv-SE","@id":"https:\/\/truusk.store\/sv\/produkt\/truusk-upphojd-ortbadd-vaderbestandig-113-x-98-x-30-cm-morkbrun\/#primaryimage","url":"https:\/\/i0.wp.com\/truusk.store\/wp-content\/uploads\/2024\/04\/upphojd-tradgardsbadd-ortbadd-vaderbestandig-oppen-mark-113-x-98-x-30-cm-morkbrun.webp?fit=800%2C800&ssl=1","contentUrl":"https:\/\/i0.wp.com\/truusk.store\/wp-content\/uploads\/2024\/04\/upphojd-tradgardsbadd-ortbadd-vaderbestandig-oppen-mark-113-x-98-x-30-cm-morkbrun.webp?fit=800%2C800&ssl=1","width":800,"height":800,"caption":"Upph\u00f6jd Tr\u00e4dg\u00e5rdsb\u00e4dd \u00f6rtb\u00e4dd, V\u00e4derbest\u00e4ndig, \u00f6ppen Mark, 113 X 98 X 30 Cm, M\u00f6rkbrun 1"},{"@type":"BreadcrumbList","@id":"https:\/\/truusk.store\/sv\/produkt\/truusk-upphojd-ortbadd-vaderbestandig-113-x-98-x-30-cm-morkbrun\/#breadcrumb","itemListElement":[{"@type":"ListItem","position":1,"name":"Home","item":"https:\/\/truusk.store\/sv\/"},{"@type":"ListItem","position":2,"name":"Shop","item":"https:\/\/truusk.store\/shop\/"},{"@type":"ListItem","position":3,"name":"TRUUSK Upph\u00f6jd \u00d6rtb\u00e4dd &#8211; V\u00e4derbest\u00e4ndig &#8211; 113 x 98 x 30 cm &#8211; M\u00f6rkbrun"}]},{"@type":"WebSite","@id":"https:\/\/truusk.store\/sv\/#website","url":"https:\/\/truusk.store\/sv\/","name":"TRUUSK - Hem, Tr\u00e4dg\u00e5rd & Fritid","description":"","publisher":{"@id":"https:\/\/truusk.store\/sv\/#organization"},"potentialAction":[{"@type":"SearchAction","target":{"@type":"EntryPoint","urlTemplate":"https:\/\/truusk.store\/sv\/?s={search_term_string}"},"query-input":{"@type":"PropertyValueSpecification","valueRequired":true,"valueName":"search_term_string"}}],"inLanguage":"sv-SE"},{"@type":"Organization","@id":"https:\/\/truusk.store\/sv\/#organization","name":"TRUUSK - Hem, Tr\u00e4dg\u00e5rd & Fritid","url":"https:\/\/truusk.store\/sv\/","logo":{"@type":"ImageObject","inLanguage":"sv-SE","@id":"https:\/\/truusk.store\/sv\/#\/schema\/logo\/image\/","url":"https:\/\/i0.wp.com\/truusk.store\/wp-content\/uploads\/2026\/03\/cropped-TRUUSK.png?fit=2032%2C917&ssl=1","contentUrl":"https:\/\/i0.wp.com\/truusk.store\/wp-content\/uploads\/2026\/03\/cropped-TRUUSK.png?fit=2032%2C917&ssl=1","width":2032,"height":917,"caption":"TRUUSK - Hem, Tr\u00e4dg\u00e5rd & Fritid"},"image":{"@id":"https:\/\/truusk.store\/sv\/#\/schema\/logo\/image\/"}}]}},"jetpack_sharing_enabled":true,"_links":{"self":[{"href":"https:\/\/truusk.store\/sv\/wp-json\/wp\/v2\/product\/53157","targetHints":{"allow":["GET"]}}],"collection":[{"href":"https:\/\/truusk.store\/sv\/wp-json\/wp\/v2\/product"}],"about":[{"href":"https:\/\/truusk.store\/sv\/wp-json\/wp\/v2\/types\/product"}],"wp:featuredmedia":[{"embeddable":true,"href":"https:\/\/truusk.store\/sv\/wp-json\/wp\/v2\/media\/53158"}],"wp:attachment":[{"href":"https:\/\/truusk.store\/sv\/wp-json\/wp\/v2\/media?parent=53157"}],"wp:term":[{"taxonomy":"product_brand","embeddable":true,"href":"https:\/\/truusk.store\/sv\/wp-json\/wp\/v2\/product_brand?post=53157"},{"taxonomy":"product_cat","embeddable":true,"href":"https:\/\/truusk.store\/sv\/wp-json\/wp\/v2\/product_cat?post=53157"},{"taxonomy":"product_tag","embeddable":true,"href":"https:\/\/truusk.store\/sv\/wp-json\/wp\/v2\/product_tag?post=53157"}],"curies":[{"name":"wp","href":"https:\/\/api.w.org\/{rel}","templated":true}]}}