{"id":53245,"date":"2024-04-04T07:20:08","date_gmt":"2024-04-04T06:20:08","guid":{"rendered":"https:\/\/truusk.store\/product\/sidobord-soffbord-tradgardsbord-uteplatsbord-for-tradgardsstal-svart\/"},"modified":"2026-03-12T09:35:36","modified_gmt":"2026-03-12T08:35:36","slug":"truusk-sidobord-soffbord-tradgardsbord-uteplatsbord-i-svart-stal-praktiskt-och-stilrent-perfekt-for-tradgarden-130cm","status":"publish","type":"product","link":"https:\/\/truusk.store\/sv\/produkt\/truusk-sidobord-soffbord-tradgardsbord-uteplatsbord-i-svart-stal-praktiskt-och-stilrent-perfekt-for-tradgarden-130cm\/","title":{"rendered":"TRUUSK Sidobord, Soffbord, Tr\u00e4dg\u00e5rdsbord &#8211; Uteplatsbord i Svart St\u00e5l &#8211; Praktiskt och Stilrent &#8211; Perfekt f\u00f6r Tr\u00e4dg\u00e5rden &#8211; 130cm"},"content":{"rendered":"<p>Detta m\u00e5ngsidiga tr\u00e4dg\u00e5rdsbord \u00e4r en tillg\u00e5ng f\u00f6r ditt hem. Oavsett om du beh\u00f6ver ett soffbord eller en praktisk plats att st\u00e4lla saker p\u00e5, passar det f\u00f6r alla tillf\u00e4llen. De rundade kanterna p\u00e5 bordsskivan ger inte bara gott om f\u00f6rvaringsutrymme, utan f\u00f6rhindrar ocks\u00e5 f\u00f6rem\u00e5l fr\u00e5n att glida, vilket s\u00e4kerst\u00e4ller enkel anv\u00e4ndning och snabb reng\u00f6ring. Bordet av st\u00e5l \u00e4r l\u00e4mpligt f\u00f6r utomhusbruk.<\/p>\n<h3>Beskrivning:<\/h3>\n<ul>\n<li>Flera anv\u00e4ndningsomr\u00e5den, kan vara ett soffbord eller ett sidobord<\/li>\n<li>Modern stil matchar din heminredning<\/li>\n<li>Den runda kanten f\u00f6rhindrar att f\u00f6rem\u00e5l glider och \u00e4r l\u00e4tt att reng\u00f6ra<\/li>\n<li>Tillverkad av st\u00e5l, den \u00e4r l\u00e4mplig f\u00f6r utomhusbruk<\/li>\n<li>L\u00e4mplig f\u00f6r vardagsrum, balkong, veranda, pool, tr\u00e4dg\u00e5rd<\/li>\n<li>Enkel montering kr\u00e4vs<\/li>\n<\/ul>\n<h3>Teknisk data:<\/h3>\n<ul>\n<li>Svart f\u00e4rg<\/li>\n<li>Material: st\u00e5l<\/li>\n<li>\u00d6vergripande m\u00e5tt: 40 x 50H cm<\/li>\n<li>Bordsskivans m\u00e5tt: 40 x 2H cm<\/li>\n<li>Max viktkapacitet: 20 kg<\/li>\n<\/ul>\n<h3>Leveransens omfattning:<\/h3>\n<ul>\n<li>1 x Sidobord<\/li>\n<li>1 x manuell<\/li>\n<\/ul>\n","protected":false},"excerpt":{"rendered":"<p>Detta m\u00e5ngsidiga tr\u00e4dg\u00e5rdsbord \u00e4r en tillg\u00e5ng f\u00f6r ditt hem. Oavsett om du beh\u00f6ver ett soffbord eller en praktisk plats att&#8230;<\/p>\n","protected":false},"featured_media":53246,"template":"","meta":[],"product_brand":[],"product_cat":[435,457,450],"product_tag":[],"class_list":{"0":"post-53245","1":"product","2":"type-product","3":"status-publish","4":"has-post-thumbnail","6":"product_cat-tradgard-och-terrass","7":"product_cat-tradgardsbord","8":"product_cat-tradgardsmobler","10":"first","11":"instock","12":"sale","13":"taxable","14":"shipping-taxable","15":"purchasable","16":"product-type-simple"},"yoast_head":"<!-- This site is optimized with the Yoast SEO plugin v25.4 - https:\/\/yoast.com\/wordpress\/plugins\/seo\/ -->\n<title>TRUUSK Sidobord, Soffbord, Tr\u00e4dg\u00e5rdsbord - Uteplatsbord i Svart St\u00e5l - Praktiskt och Stilrent - Perfekt f\u00f6r Tr\u00e4dg\u00e5rden - 130cm - TRUUSK - Hem, Tr\u00e4dg\u00e5rd &amp; Fritid<\/title>\n<meta name=\"robots\" content=\"index, follow, max-snippet:-1, max-image-preview:large, max-video-preview:-1\" \/>\n<link rel=\"canonical\" href=\"https:\/\/truusk.store\/sv\/produkt\/truusk-sidobord-soffbord-tradgardsbord-uteplatsbord-i-svart-stal-praktiskt-och-stilrent-perfekt-for-tradgarden-130cm\/\" \/>\n<meta property=\"og:locale\" content=\"sv_SE\" \/>\n<meta property=\"og:type\" content=\"article\" \/>\n<meta property=\"og:title\" content=\"TRUUSK Sidobord, Soffbord, Tr\u00e4dg\u00e5rdsbord - Uteplatsbord i Svart St\u00e5l - Praktiskt och Stilrent - Perfekt f\u00f6r Tr\u00e4dg\u00e5rden - 130cm - TRUUSK - Hem, Tr\u00e4dg\u00e5rd &amp; Fritid\" \/>\n<meta property=\"og:description\" content=\"Detta m\u00e5ngsidiga tr\u00e4dg\u00e5rdsbord \u00e4r en tillg\u00e5ng f\u00f6r ditt hem. Oavsett om du beh\u00f6ver ett soffbord eller en praktisk plats att...\" \/>\n<meta property=\"og:url\" content=\"https:\/\/truusk.store\/sv\/produkt\/truusk-sidobord-soffbord-tradgardsbord-uteplatsbord-i-svart-stal-praktiskt-och-stilrent-perfekt-for-tradgarden-130cm\/\" \/>\n<meta property=\"og:site_name\" content=\"TRUUSK - Hem, Tr\u00e4dg\u00e5rd &amp; Fritid\" \/>\n<meta property=\"article:modified_time\" content=\"2026-03-12T08:35:36+00:00\" \/>\n<meta property=\"og:image\" content=\"https:\/\/i0.wp.com\/truusk.se\/wp-content\/uploads\/2024\/04\/sidobord-soffbord-tradgardsbord-uteplatsbord-for-tradgardsstal-svart.webp?fit=800%2C800&ssl=1\" \/>\n\t<meta property=\"og:image:width\" content=\"800\" \/>\n\t<meta property=\"og:image:height\" content=\"800\" \/>\n\t<meta property=\"og:image:type\" content=\"image\/webp\" \/>\n<meta name=\"twitter:card\" content=\"summary_large_image\" \/>\n<meta name=\"twitter:label1\" content=\"Ber\u00e4knad l\u00e4stid\" \/>\n\t<meta name=\"twitter:data1\" content=\"1 minut\" \/>\n<!-- \/ Yoast SEO plugin. -->","yoast_head_json":{"title":"TRUUSK Sidobord, Soffbord, Tr\u00e4dg\u00e5rdsbord - Uteplatsbord i Svart St\u00e5l - Praktiskt och Stilrent - Perfekt f\u00f6r Tr\u00e4dg\u00e5rden - 130cm - TRUUSK - Hem, Tr\u00e4dg\u00e5rd &amp; Fritid","robots":{"index":"index","follow":"follow","max-snippet":"max-snippet:-1","max-image-preview":"max-image-preview:large","max-video-preview":"max-video-preview:-1"},"canonical":"https:\/\/truusk.store\/sv\/produkt\/truusk-sidobord-soffbord-tradgardsbord-uteplatsbord-i-svart-stal-praktiskt-och-stilrent-perfekt-for-tradgarden-130cm\/","og_locale":"sv_SE","og_type":"article","og_title":"TRUUSK Sidobord, Soffbord, Tr\u00e4dg\u00e5rdsbord - Uteplatsbord i Svart St\u00e5l - Praktiskt och Stilrent - Perfekt f\u00f6r Tr\u00e4dg\u00e5rden - 130cm - TRUUSK - Hem, Tr\u00e4dg\u00e5rd &amp; Fritid","og_description":"Detta m\u00e5ngsidiga tr\u00e4dg\u00e5rdsbord \u00e4r en tillg\u00e5ng f\u00f6r ditt hem. Oavsett om du beh\u00f6ver ett soffbord eller en praktisk plats att...","og_url":"https:\/\/truusk.store\/sv\/produkt\/truusk-sidobord-soffbord-tradgardsbord-uteplatsbord-i-svart-stal-praktiskt-och-stilrent-perfekt-for-tradgarden-130cm\/","og_site_name":"TRUUSK - Hem, Tr\u00e4dg\u00e5rd &amp; Fritid","article_modified_time":"2026-03-12T08:35:36+00:00","og_image":[{"width":800,"height":800,"url":"https:\/\/i0.wp.com\/truusk.se\/wp-content\/uploads\/2024\/04\/sidobord-soffbord-tradgardsbord-uteplatsbord-for-tradgardsstal-svart.webp?fit=800%2C800&ssl=1","type":"image\/webp"}],"twitter_card":"summary_large_image","twitter_misc":{"Ber\u00e4knad l\u00e4stid":"1 minut"},"schema":{"@context":"https:\/\/schema.org","@graph":[{"@type":"WebPage","@id":"https:\/\/truusk.store\/sv\/produkt\/truusk-sidobord-soffbord-tradgardsbord-uteplatsbord-i-svart-stal-praktiskt-och-stilrent-perfekt-for-tradgarden-130cm\/","url":"https:\/\/truusk.store\/sv\/produkt\/truusk-sidobord-soffbord-tradgardsbord-uteplatsbord-i-svart-stal-praktiskt-och-stilrent-perfekt-for-tradgarden-130cm\/","name":"TRUUSK Sidobord, Soffbord, Tr\u00e4dg\u00e5rdsbord - Uteplatsbord i Svart St\u00e5l - Praktiskt och Stilrent - Perfekt f\u00f6r Tr\u00e4dg\u00e5rden - 130cm - TRUUSK - Hem, Tr\u00e4dg\u00e5rd &amp; Fritid","isPartOf":{"@id":"https:\/\/truusk.store\/sv\/#website"},"primaryImageOfPage":{"@id":"https:\/\/truusk.store\/sv\/produkt\/truusk-sidobord-soffbord-tradgardsbord-uteplatsbord-i-svart-stal-praktiskt-och-stilrent-perfekt-for-tradgarden-130cm\/#primaryimage"},"image":{"@id":"https:\/\/truusk.store\/sv\/produkt\/truusk-sidobord-soffbord-tradgardsbord-uteplatsbord-i-svart-stal-praktiskt-och-stilrent-perfekt-for-tradgarden-130cm\/#primaryimage"},"thumbnailUrl":"https:\/\/i0.wp.com\/truusk.store\/wp-content\/uploads\/2024\/04\/sidobord-soffbord-tradgardsbord-uteplatsbord-for-tradgardsstal-svart.webp?fit=800%2C800&ssl=1","datePublished":"2024-04-04T06:20:08+00:00","dateModified":"2026-03-12T08:35:36+00:00","breadcrumb":{"@id":"https:\/\/truusk.store\/sv\/produkt\/truusk-sidobord-soffbord-tradgardsbord-uteplatsbord-i-svart-stal-praktiskt-och-stilrent-perfekt-for-tradgarden-130cm\/#breadcrumb"},"inLanguage":"sv-SE","potentialAction":[{"@type":"ReadAction","target":["https:\/\/truusk.store\/sv\/produkt\/truusk-sidobord-soffbord-tradgardsbord-uteplatsbord-i-svart-stal-praktiskt-och-stilrent-perfekt-for-tradgarden-130cm\/"]}]},{"@type":"ImageObject","inLanguage":"sv-SE","@id":"https:\/\/truusk.store\/sv\/produkt\/truusk-sidobord-soffbord-tradgardsbord-uteplatsbord-i-svart-stal-praktiskt-och-stilrent-perfekt-for-tradgarden-130cm\/#primaryimage","url":"https:\/\/i0.wp.com\/truusk.store\/wp-content\/uploads\/2024\/04\/sidobord-soffbord-tradgardsbord-uteplatsbord-for-tradgardsstal-svart.webp?fit=800%2C800&ssl=1","contentUrl":"https:\/\/i0.wp.com\/truusk.store\/wp-content\/uploads\/2024\/04\/sidobord-soffbord-tradgardsbord-uteplatsbord-for-tradgardsstal-svart.webp?fit=800%2C800&ssl=1","width":800,"height":800,"caption":"Sidobord, Soffbord, Tr\u00e4dg\u00e5rdsbord, Uteplatsbord F\u00f6r Tr\u00e4dg\u00e5rdsst\u00e5l, Svart 1"},{"@type":"BreadcrumbList","@id":"https:\/\/truusk.store\/sv\/produkt\/truusk-sidobord-soffbord-tradgardsbord-uteplatsbord-i-svart-stal-praktiskt-och-stilrent-perfekt-for-tradgarden-130cm\/#breadcrumb","itemListElement":[{"@type":"ListItem","position":1,"name":"Home","item":"https:\/\/truusk.store\/sv\/"},{"@type":"ListItem","position":2,"name":"Shop","item":"https:\/\/truusk.store\/shop\/"},{"@type":"ListItem","position":3,"name":"TRUUSK Sidobord, Soffbord, Tr\u00e4dg\u00e5rdsbord &#8211; Uteplatsbord i Svart St\u00e5l &#8211; Praktiskt och Stilrent &#8211; Perfekt f\u00f6r Tr\u00e4dg\u00e5rden &#8211; 130cm"}]},{"@type":"WebSite","@id":"https:\/\/truusk.store\/sv\/#website","url":"https:\/\/truusk.store\/sv\/","name":"TRUUSK - Hem, Tr\u00e4dg\u00e5rd & Fritid","description":"","publisher":{"@id":"https:\/\/truusk.store\/sv\/#organization"},"potentialAction":[{"@type":"SearchAction","target":{"@type":"EntryPoint","urlTemplate":"https:\/\/truusk.store\/sv\/?s={search_term_string}"},"query-input":{"@type":"PropertyValueSpecification","valueRequired":true,"valueName":"search_term_string"}}],"inLanguage":"sv-SE"},{"@type":"Organization","@id":"https:\/\/truusk.store\/sv\/#organization","name":"TRUUSK - Hem, Tr\u00e4dg\u00e5rd & Fritid","url":"https:\/\/truusk.store\/sv\/","logo":{"@type":"ImageObject","inLanguage":"sv-SE","@id":"https:\/\/truusk.store\/sv\/#\/schema\/logo\/image\/","url":"https:\/\/i0.wp.com\/truusk.store\/wp-content\/uploads\/2026\/03\/cropped-TRUUSK.png?fit=2032%2C917&ssl=1","contentUrl":"https:\/\/i0.wp.com\/truusk.store\/wp-content\/uploads\/2026\/03\/cropped-TRUUSK.png?fit=2032%2C917&ssl=1","width":2032,"height":917,"caption":"TRUUSK - Hem, Tr\u00e4dg\u00e5rd & Fritid"},"image":{"@id":"https:\/\/truusk.store\/sv\/#\/schema\/logo\/image\/"}}]}},"jetpack_sharing_enabled":true,"_links":{"self":[{"href":"https:\/\/truusk.store\/sv\/wp-json\/wp\/v2\/product\/53245","targetHints":{"allow":["GET"]}}],"collection":[{"href":"https:\/\/truusk.store\/sv\/wp-json\/wp\/v2\/product"}],"about":[{"href":"https:\/\/truusk.store\/sv\/wp-json\/wp\/v2\/types\/product"}],"wp:featuredmedia":[{"embeddable":true,"href":"https:\/\/truusk.store\/sv\/wp-json\/wp\/v2\/media\/53246"}],"wp:attachment":[{"href":"https:\/\/truusk.store\/sv\/wp-json\/wp\/v2\/media?parent=53245"}],"wp:term":[{"taxonomy":"product_brand","embeddable":true,"href":"https:\/\/truusk.store\/sv\/wp-json\/wp\/v2\/product_brand?post=53245"},{"taxonomy":"product_cat","embeddable":true,"href":"https:\/\/truusk.store\/sv\/wp-json\/wp\/v2\/product_cat?post=53245"},{"taxonomy":"product_tag","embeddable":true,"href":"https:\/\/truusk.store\/sv\/wp-json\/wp\/v2\/product_tag?post=53245"}],"curies":[{"name":"wp","href":"https:\/\/api.w.org\/{rel}","templated":true}]}}