{"id":53256,"date":"2024-04-04T07:30:09","date_gmt":"2024-04-04T06:30:09","guid":{"rendered":"https:\/\/truusk.store\/product\/tradgardsbod-i-metall-lasbar-dubbeldorr-fonster-aluminiumram-180-x-130-x-210-m-gra\/"},"modified":"2026-03-12T09:32:26","modified_gmt":"2026-03-12T08:32:26","slug":"truusk-metall-tradgardsbod-lasbar-dubbeldorr-fonster-aluminiumram-180-x-130-x-210-m-gra","status":"publish","type":"product","link":"https:\/\/truusk.store\/sv\/produkt\/truusk-metall-tradgardsbod-lasbar-dubbeldorr-fonster-aluminiumram-180-x-130-x-210-m-gra\/","title":{"rendered":"TRUUSK Metall Tr\u00e4dg\u00e5rdsbod &#8211; L\u00e5sbar Dubbeld\u00f6rr &#8211; F\u00f6nster &#8211; Aluminiumram &#8211; 1,80 x 1,30 x 2,10 m &#8211; Gr\u00e5"},"content":{"rendered":"<p>H\u00e5ll dyra tr\u00e4dg\u00e5rdsredskap och cyklar s\u00e4kra och inom r\u00e4ckh\u00e5ll och skydda dem fr\u00e5n d\u00e5ligt v\u00e4der med detta robusta tr\u00e4dg\u00e5rdsskjul. Ventilationsf\u00f6nstren h\u00e5ller fukten borta och f\u00f6rhindrar uppkomsten av obehagliga lukter. D\u00f6rren till tr\u00e4dg\u00e5rdshuset \u00e4r utrustad med ett l\u00e5s f\u00f6r att skydda dina enheter fr\u00e5n st\u00f6ld. Tack vare den rymliga interi\u00f6ren kan du f\u00f6rvara din gr\u00e4sklippare och ha tillr\u00e4ckligt med plats f\u00f6r spadar, krukjord och mycket mer.<\/p>\n<h3>Beskrivning:<\/h3>\n<ul>\n<li>M\u00e5ngsidig anv\u00e4ndning som redskapsbod, cykelskjul, utrustningsf\u00f6rr\u00e5d eller gr\u00e4sklipparbod<\/li>\n<li>Den l\u00e5sbara d\u00f6rren till utrustningsboden s\u00e4kerst\u00e4ller s\u00e4kerhet, nyckel ing\u00e5r i leveransen<\/li>\n<li>Ett ventilationsf\u00f6nster i utrustningssk\u00e5pet h\u00e5ller interi\u00f6ren torr och fr\u00e4sch och ett visningsf\u00f6nster s\u00e4kerst\u00e4ller god ljusgenomsl\u00e4pplighet<\/li>\n<li>Bekv\u00e4m \u00e5tkomst genom dubbeld\u00f6rrar<\/li>\n<li>H\u00f6gkvalitativ aluminiumram med UV- och vattenavvisande plasttak<\/li>\n<li>Det sneda taket f\u00f6rhindrar att vatten samlas<\/li>\n<li>Dekorativ yta p\u00e5 redskapsboden ger ett intressant blickf\u00e5ng<\/li>\n<li>Verktygsfri montering, monteringshandskar ing\u00e5r, montering rekommenderas f\u00f6r 2-3 personer<\/li>\n<\/ul>\n<h3>Teknisk data:<\/h3>\n<ul>\n<li>F\u00e4rg gr\u00e5<\/li>\n<li>Material: aluminiumlegering, plast<\/li>\n<li>\u00d6vergripande m\u00e5tt: 183W x 134D x 210H cm<\/li>\n<li>Takfotsh\u00f6jd: 173 cm<\/li>\n<li>Innerm\u00e5tt: 163W x 114D cm<\/li>\n<li>Golvarea: 171W x 124D cm, 2,12m<\/li>\n<li>M\u00e5tt: 62W x 172H cm<\/li>\n<li>Ventilationsm\u00e5tt: 22,5W x 9H cm<\/li>\n<li>M\u00e5tt visningsf\u00f6nster: 38,5W x 62,5H cm<\/li>\n<li>Sn\u00f6last: 40 kg\/m<\/li>\n<\/ul>\n<h3>Leveransens omfattning:<\/h3>\n<ul>\n<li>1 x Tr\u00e4dg\u00e5rdsbod<\/li>\n<li>2 x handskar<\/li>\n<li>1 x L\u00e5s<\/li>\n<li>1 x nyckelsats<\/li>\n<li>1 x manuell<\/li>\n<\/ul>\n","protected":false},"excerpt":{"rendered":"<p>H\u00e5ll dyra tr\u00e4dg\u00e5rdsredskap och cyklar s\u00e4kra och inom r\u00e4ckh\u00e5ll och skydda dem fr\u00e5n d\u00e5ligt v\u00e4der med detta robusta tr\u00e4dg\u00e5rdsskjul. Ventilationsf\u00f6nstren&#8230;<\/p>\n","protected":false},"featured_media":53257,"template":"","meta":[],"product_brand":[],"product_cat":[436,438,435],"product_tag":[],"class_list":{"0":"post-53256","1":"product","2":"type-product","3":"status-publish","4":"has-post-thumbnail","6":"product_cat-bestall-i-tradgarden","7":"product_cat-redskapsbod","8":"product_cat-tradgard-och-terrass","10":"first","11":"instock","12":"sale","13":"taxable","14":"shipping-taxable","15":"purchasable","16":"product-type-simple"},"yoast_head":"<!-- This site is optimized with the Yoast SEO plugin v25.4 - https:\/\/yoast.com\/wordpress\/plugins\/seo\/ -->\n<title>TRUUSK Metall Tr\u00e4dg\u00e5rdsbod - L\u00e5sbar Dubbeld\u00f6rr - F\u00f6nster - Aluminiumram - 1,80 x 1,30 x 2,10 m - Gr\u00e5 - TRUUSK - Hem, Tr\u00e4dg\u00e5rd &amp; Fritid<\/title>\n<meta name=\"robots\" content=\"index, follow, max-snippet:-1, max-image-preview:large, max-video-preview:-1\" \/>\n<link rel=\"canonical\" href=\"https:\/\/truusk.store\/sv\/produkt\/truusk-metall-tradgardsbod-lasbar-dubbeldorr-fonster-aluminiumram-180-x-130-x-210-m-gra\/\" \/>\n<meta property=\"og:locale\" content=\"sv_SE\" \/>\n<meta property=\"og:type\" content=\"article\" \/>\n<meta property=\"og:title\" content=\"TRUUSK Metall Tr\u00e4dg\u00e5rdsbod - L\u00e5sbar Dubbeld\u00f6rr - F\u00f6nster - Aluminiumram - 1,80 x 1,30 x 2,10 m - Gr\u00e5 - TRUUSK - Hem, Tr\u00e4dg\u00e5rd &amp; Fritid\" \/>\n<meta property=\"og:description\" content=\"H\u00e5ll dyra tr\u00e4dg\u00e5rdsredskap och cyklar s\u00e4kra och inom r\u00e4ckh\u00e5ll och skydda dem fr\u00e5n d\u00e5ligt v\u00e4der med detta robusta tr\u00e4dg\u00e5rdsskjul. Ventilationsf\u00f6nstren...\" \/>\n<meta property=\"og:url\" content=\"https:\/\/truusk.store\/sv\/produkt\/truusk-metall-tradgardsbod-lasbar-dubbeldorr-fonster-aluminiumram-180-x-130-x-210-m-gra\/\" \/>\n<meta property=\"og:site_name\" content=\"TRUUSK - Hem, Tr\u00e4dg\u00e5rd &amp; Fritid\" \/>\n<meta property=\"article:modified_time\" content=\"2026-03-12T08:32:26+00:00\" \/>\n<meta property=\"og:image\" content=\"https:\/\/i0.wp.com\/truusk.se\/wp-content\/uploads\/2024\/04\/tradgardsbod-i-metall-lasbar-dubbeldorr-fonster-aluminiumram-180-x-130-x-210-m-gra.webp?fit=800%2C800&ssl=1\" \/>\n\t<meta property=\"og:image:width\" content=\"800\" \/>\n\t<meta property=\"og:image:height\" content=\"800\" \/>\n\t<meta property=\"og:image:type\" content=\"image\/webp\" \/>\n<meta name=\"twitter:card\" content=\"summary_large_image\" \/>\n<meta name=\"twitter:label1\" content=\"Ber\u00e4knad l\u00e4stid\" \/>\n\t<meta name=\"twitter:data1\" content=\"1 minut\" \/>\n<!-- \/ Yoast SEO plugin. -->","yoast_head_json":{"title":"TRUUSK Metall Tr\u00e4dg\u00e5rdsbod - L\u00e5sbar Dubbeld\u00f6rr - F\u00f6nster - Aluminiumram - 1,80 x 1,30 x 2,10 m - Gr\u00e5 - TRUUSK - Hem, Tr\u00e4dg\u00e5rd &amp; Fritid","robots":{"index":"index","follow":"follow","max-snippet":"max-snippet:-1","max-image-preview":"max-image-preview:large","max-video-preview":"max-video-preview:-1"},"canonical":"https:\/\/truusk.store\/sv\/produkt\/truusk-metall-tradgardsbod-lasbar-dubbeldorr-fonster-aluminiumram-180-x-130-x-210-m-gra\/","og_locale":"sv_SE","og_type":"article","og_title":"TRUUSK Metall Tr\u00e4dg\u00e5rdsbod - L\u00e5sbar Dubbeld\u00f6rr - F\u00f6nster - Aluminiumram - 1,80 x 1,30 x 2,10 m - Gr\u00e5 - TRUUSK - Hem, Tr\u00e4dg\u00e5rd &amp; Fritid","og_description":"H\u00e5ll dyra tr\u00e4dg\u00e5rdsredskap och cyklar s\u00e4kra och inom r\u00e4ckh\u00e5ll och skydda dem fr\u00e5n d\u00e5ligt v\u00e4der med detta robusta tr\u00e4dg\u00e5rdsskjul. Ventilationsf\u00f6nstren...","og_url":"https:\/\/truusk.store\/sv\/produkt\/truusk-metall-tradgardsbod-lasbar-dubbeldorr-fonster-aluminiumram-180-x-130-x-210-m-gra\/","og_site_name":"TRUUSK - Hem, Tr\u00e4dg\u00e5rd &amp; Fritid","article_modified_time":"2026-03-12T08:32:26+00:00","og_image":[{"width":800,"height":800,"url":"https:\/\/i0.wp.com\/truusk.se\/wp-content\/uploads\/2024\/04\/tradgardsbod-i-metall-lasbar-dubbeldorr-fonster-aluminiumram-180-x-130-x-210-m-gra.webp?fit=800%2C800&ssl=1","type":"image\/webp"}],"twitter_card":"summary_large_image","twitter_misc":{"Ber\u00e4knad l\u00e4stid":"1 minut"},"schema":{"@context":"https:\/\/schema.org","@graph":[{"@type":"WebPage","@id":"https:\/\/truusk.store\/sv\/produkt\/truusk-metall-tradgardsbod-lasbar-dubbeldorr-fonster-aluminiumram-180-x-130-x-210-m-gra\/","url":"https:\/\/truusk.store\/sv\/produkt\/truusk-metall-tradgardsbod-lasbar-dubbeldorr-fonster-aluminiumram-180-x-130-x-210-m-gra\/","name":"TRUUSK Metall Tr\u00e4dg\u00e5rdsbod - L\u00e5sbar Dubbeld\u00f6rr - F\u00f6nster - Aluminiumram - 1,80 x 1,30 x 2,10 m - Gr\u00e5 - TRUUSK - Hem, Tr\u00e4dg\u00e5rd &amp; Fritid","isPartOf":{"@id":"https:\/\/truusk.store\/sv\/#website"},"primaryImageOfPage":{"@id":"https:\/\/truusk.store\/sv\/produkt\/truusk-metall-tradgardsbod-lasbar-dubbeldorr-fonster-aluminiumram-180-x-130-x-210-m-gra\/#primaryimage"},"image":{"@id":"https:\/\/truusk.store\/sv\/produkt\/truusk-metall-tradgardsbod-lasbar-dubbeldorr-fonster-aluminiumram-180-x-130-x-210-m-gra\/#primaryimage"},"thumbnailUrl":"https:\/\/i0.wp.com\/truusk.store\/wp-content\/uploads\/2024\/04\/tradgardsbod-i-metall-lasbar-dubbeldorr-fonster-aluminiumram-180-x-130-x-210-m-gra.webp?fit=800%2C800&ssl=1","datePublished":"2024-04-04T06:30:09+00:00","dateModified":"2026-03-12T08:32:26+00:00","breadcrumb":{"@id":"https:\/\/truusk.store\/sv\/produkt\/truusk-metall-tradgardsbod-lasbar-dubbeldorr-fonster-aluminiumram-180-x-130-x-210-m-gra\/#breadcrumb"},"inLanguage":"sv-SE","potentialAction":[{"@type":"ReadAction","target":["https:\/\/truusk.store\/sv\/produkt\/truusk-metall-tradgardsbod-lasbar-dubbeldorr-fonster-aluminiumram-180-x-130-x-210-m-gra\/"]}]},{"@type":"ImageObject","inLanguage":"sv-SE","@id":"https:\/\/truusk.store\/sv\/produkt\/truusk-metall-tradgardsbod-lasbar-dubbeldorr-fonster-aluminiumram-180-x-130-x-210-m-gra\/#primaryimage","url":"https:\/\/i0.wp.com\/truusk.store\/wp-content\/uploads\/2024\/04\/tradgardsbod-i-metall-lasbar-dubbeldorr-fonster-aluminiumram-180-x-130-x-210-m-gra.webp?fit=800%2C800&ssl=1","contentUrl":"https:\/\/i0.wp.com\/truusk.store\/wp-content\/uploads\/2024\/04\/tradgardsbod-i-metall-lasbar-dubbeldorr-fonster-aluminiumram-180-x-130-x-210-m-gra.webp?fit=800%2C800&ssl=1","width":800,"height":800,"caption":"Tr\u00e4dg\u00e5rdsbod I Metall, L\u00e5sbar, Dubbeld\u00f6rr, F\u00f6nster, Aluminiumram, 1,80 X 1,30 X 2,10 M, Gr\u00e5 1"},{"@type":"BreadcrumbList","@id":"https:\/\/truusk.store\/sv\/produkt\/truusk-metall-tradgardsbod-lasbar-dubbeldorr-fonster-aluminiumram-180-x-130-x-210-m-gra\/#breadcrumb","itemListElement":[{"@type":"ListItem","position":1,"name":"Home","item":"https:\/\/truusk.store\/sv\/"},{"@type":"ListItem","position":2,"name":"Shop","item":"https:\/\/truusk.store\/shop\/"},{"@type":"ListItem","position":3,"name":"TRUUSK Metall Tr\u00e4dg\u00e5rdsbod &#8211; L\u00e5sbar Dubbeld\u00f6rr &#8211; F\u00f6nster &#8211; Aluminiumram &#8211; 1,80 x 1,30 x 2,10 m &#8211; Gr\u00e5"}]},{"@type":"WebSite","@id":"https:\/\/truusk.store\/sv\/#website","url":"https:\/\/truusk.store\/sv\/","name":"TRUUSK - Hem, Tr\u00e4dg\u00e5rd & Fritid","description":"","publisher":{"@id":"https:\/\/truusk.store\/sv\/#organization"},"potentialAction":[{"@type":"SearchAction","target":{"@type":"EntryPoint","urlTemplate":"https:\/\/truusk.store\/sv\/?s={search_term_string}"},"query-input":{"@type":"PropertyValueSpecification","valueRequired":true,"valueName":"search_term_string"}}],"inLanguage":"sv-SE"},{"@type":"Organization","@id":"https:\/\/truusk.store\/sv\/#organization","name":"TRUUSK - Hem, Tr\u00e4dg\u00e5rd & Fritid","url":"https:\/\/truusk.store\/sv\/","logo":{"@type":"ImageObject","inLanguage":"sv-SE","@id":"https:\/\/truusk.store\/sv\/#\/schema\/logo\/image\/","url":"https:\/\/i0.wp.com\/truusk.store\/wp-content\/uploads\/2026\/03\/cropped-TRUUSK.png?fit=2032%2C917&ssl=1","contentUrl":"https:\/\/i0.wp.com\/truusk.store\/wp-content\/uploads\/2026\/03\/cropped-TRUUSK.png?fit=2032%2C917&ssl=1","width":2032,"height":917,"caption":"TRUUSK - Hem, Tr\u00e4dg\u00e5rd & Fritid"},"image":{"@id":"https:\/\/truusk.store\/sv\/#\/schema\/logo\/image\/"}}]}},"jetpack_sharing_enabled":true,"_links":{"self":[{"href":"https:\/\/truusk.store\/sv\/wp-json\/wp\/v2\/product\/53256","targetHints":{"allow":["GET"]}}],"collection":[{"href":"https:\/\/truusk.store\/sv\/wp-json\/wp\/v2\/product"}],"about":[{"href":"https:\/\/truusk.store\/sv\/wp-json\/wp\/v2\/types\/product"}],"wp:featuredmedia":[{"embeddable":true,"href":"https:\/\/truusk.store\/sv\/wp-json\/wp\/v2\/media\/53257"}],"wp:attachment":[{"href":"https:\/\/truusk.store\/sv\/wp-json\/wp\/v2\/media?parent=53256"}],"wp:term":[{"taxonomy":"product_brand","embeddable":true,"href":"https:\/\/truusk.store\/sv\/wp-json\/wp\/v2\/product_brand?post=53256"},{"taxonomy":"product_cat","embeddable":true,"href":"https:\/\/truusk.store\/sv\/wp-json\/wp\/v2\/product_cat?post=53256"},{"taxonomy":"product_tag","embeddable":true,"href":"https:\/\/truusk.store\/sv\/wp-json\/wp\/v2\/product_tag?post=53256"}],"curies":[{"name":"wp","href":"https:\/\/api.w.org\/{rel}","templated":true}]}}