{"id":53274,"date":"2024-04-04T07:50:09","date_gmt":"2024-04-04T06:50:09","guid":{"rendered":"https:\/\/truusk.store\/product\/katthus-katthus-kattgrotta-vaderbestandig-katt-6-kg-57-cmx45-cmx43-cm-naturlig\/"},"modified":"2026-03-12T09:37:08","modified_gmt":"2026-03-12T08:37:08","slug":"truusk-katthus-kattgrotta-och-vaderbestandig-for-katter-upp-till-6-kg-57-cm-x-45-cm-x-43-cm-naturlig","status":"publish","type":"product","link":"https:\/\/truusk.store\/sv\/produkt\/truusk-katthus-kattgrotta-och-vaderbestandig-for-katter-upp-till-6-kg-57-cm-x-45-cm-x-43-cm-naturlig\/","title":{"rendered":"TRUUSK Katthus, Kattgrotta och V\u00e4derbest\u00e4ndig &#8211; F\u00f6r Katter upp till 6 kg &#8211; 57 cm x 45 cm x 43 cm &#8211; Naturlig"},"content":{"rendered":"<p>V\u00e4lkommen till kattoasen d\u00e4r din fyrbente v\u00e4n kan njuta av naturen! V\u00e5rt utekatthus \u00e4r tillverkat av tr\u00e4 och erbjuder charmigt skydd. D\u00f6rren \u00e4r dekorerad med en lekfull gardin som l\u00e4gger till en glad accent. Den rymliga interi\u00f6ren ger din katt tillr\u00e4ckligt med utrymme att str\u00e4cka ut sig och koppla av. Asfalttaket ger ett p\u00e5litligt skydd mot regn och sol. Ge din katt en mysig och elegant tillflyktsort f\u00f6r att slappa, sova och leva ut sin vilda sida!<\/p>\n<h3>Beskrivning:<\/h3>\n<ul>\n<li>Transparent sidof\u00f6nster f\u00f6r ventilation och insyn<\/li>\n<li>D\u00f6rr med gardin f\u00f6r avskildhet och avkoppling<\/li>\n<li>Grantr\u00e4stomme f\u00f6r stabilitet<\/li>\n<li>Vattenbaserad f\u00e4rg p\u00e5 sluttande tak f\u00f6r att st\u00e5 emot v\u00e4der och vind<\/li>\n<li>Ett upph\u00f6jt golv skyddar djuret fr\u00e5n kyla och fukt<\/li>\n<li>Justerbara fotkuddar s\u00e4kerst\u00e4ller balans<\/li>\n<li>L\u00e4mplig f\u00f6r katter upp till 6 kg<\/li>\n<li>Montering kr\u00e4vs<\/li>\n<\/ul>\n<h3>Teknisk data:<\/h3>\n<ul>\n<li>F\u00e4rg: gul+gr\u00f6n<\/li>\n<li>Material: gran<\/li>\n<li>\u00d6vergripande m\u00e5tt: 57L x 45W x 43H cm<\/li>\n<li>Huvudhusets m\u00e5tt: 53L x 38W x 35H cm<\/li>\n<li>Innerm\u00e5tt: 51L x 34W x 31,5H cm<\/li>\n<li>D\u00f6rrstorlek: 15,5W x 20,5H cm<\/li>\n<li>Observationsf\u00f6nsterstorlek: 15,5W x 15,5H cm<\/li>\n<li>\u00f6ver marken: 5 cm<\/li>\n<\/ul>\n<h3>Leveransens omfattning:<\/h3>\n<ul>\n<li>1 x Katthus<\/li>\n<li>1 x manuell<\/li>\n<\/ul>\n","protected":false},"excerpt":{"rendered":"<p>V\u00e4lkommen till kattoasen d\u00e4r din fyrbente v\u00e4n kan njuta av naturen! V\u00e5rt utekatthus \u00e4r tillverkat av tr\u00e4 och erbjuder charmigt&#8230;<\/p>\n","protected":false},"featured_media":53275,"template":"","meta":[],"product_brand":[],"product_cat":[573,591,588],"product_tag":[],"class_list":{"0":"post-53274","1":"product","2":"type-product","3":"status-publish","4":"has-post-thumbnail","6":"product_cat-husdjursmaterial","7":"product_cat-katthus","8":"product_cat-katttillbehor","10":"first","11":"instock","12":"sale","13":"taxable","14":"shipping-taxable","15":"purchasable","16":"product-type-simple"},"yoast_head":"<!-- This site is optimized with the Yoast SEO plugin v25.4 - https:\/\/yoast.com\/wordpress\/plugins\/seo\/ -->\n<title>TRUUSK Katthus, Kattgrotta och V\u00e4derbest\u00e4ndig - F\u00f6r Katter upp till 6 kg - 57 cm x 45 cm x 43 cm - Naturlig - TRUUSK - Hem, Tr\u00e4dg\u00e5rd &amp; Fritid<\/title>\n<meta name=\"robots\" content=\"index, follow, max-snippet:-1, max-image-preview:large, max-video-preview:-1\" \/>\n<link rel=\"canonical\" href=\"https:\/\/truusk.store\/sv\/produkt\/truusk-katthus-kattgrotta-och-vaderbestandig-for-katter-upp-till-6-kg-57-cm-x-45-cm-x-43-cm-naturlig\/\" \/>\n<meta property=\"og:locale\" content=\"sv_SE\" \/>\n<meta property=\"og:type\" content=\"article\" \/>\n<meta property=\"og:title\" content=\"TRUUSK Katthus, Kattgrotta och V\u00e4derbest\u00e4ndig - F\u00f6r Katter upp till 6 kg - 57 cm x 45 cm x 43 cm - Naturlig - TRUUSK - Hem, Tr\u00e4dg\u00e5rd &amp; Fritid\" \/>\n<meta property=\"og:description\" content=\"V\u00e4lkommen till kattoasen d\u00e4r din fyrbente v\u00e4n kan njuta av naturen! V\u00e5rt utekatthus \u00e4r tillverkat av tr\u00e4 och erbjuder charmigt...\" \/>\n<meta property=\"og:url\" content=\"https:\/\/truusk.store\/sv\/produkt\/truusk-katthus-kattgrotta-och-vaderbestandig-for-katter-upp-till-6-kg-57-cm-x-45-cm-x-43-cm-naturlig\/\" \/>\n<meta property=\"og:site_name\" content=\"TRUUSK - Hem, Tr\u00e4dg\u00e5rd &amp; Fritid\" \/>\n<meta property=\"article:modified_time\" content=\"2026-03-12T08:37:08+00:00\" \/>\n<meta property=\"og:image\" content=\"https:\/\/i0.wp.com\/truusk.se\/wp-content\/uploads\/2024\/04\/katthus-katthus-kattgrotta-vaderbestandig-katt-6-kg-57-cmx45-cmx43-cm-naturlig.webp?fit=800%2C800&ssl=1\" \/>\n\t<meta property=\"og:image:width\" content=\"800\" \/>\n\t<meta property=\"og:image:height\" content=\"800\" \/>\n\t<meta property=\"og:image:type\" content=\"image\/webp\" \/>\n<meta name=\"twitter:card\" content=\"summary_large_image\" \/>\n<meta name=\"twitter:label1\" content=\"Ber\u00e4knad l\u00e4stid\" \/>\n\t<meta name=\"twitter:data1\" content=\"1 minut\" \/>\n<!-- \/ Yoast SEO plugin. -->","yoast_head_json":{"title":"TRUUSK Katthus, Kattgrotta och V\u00e4derbest\u00e4ndig - F\u00f6r Katter upp till 6 kg - 57 cm x 45 cm x 43 cm - Naturlig - TRUUSK - Hem, Tr\u00e4dg\u00e5rd &amp; Fritid","robots":{"index":"index","follow":"follow","max-snippet":"max-snippet:-1","max-image-preview":"max-image-preview:large","max-video-preview":"max-video-preview:-1"},"canonical":"https:\/\/truusk.store\/sv\/produkt\/truusk-katthus-kattgrotta-och-vaderbestandig-for-katter-upp-till-6-kg-57-cm-x-45-cm-x-43-cm-naturlig\/","og_locale":"sv_SE","og_type":"article","og_title":"TRUUSK Katthus, Kattgrotta och V\u00e4derbest\u00e4ndig - F\u00f6r Katter upp till 6 kg - 57 cm x 45 cm x 43 cm - Naturlig - TRUUSK - Hem, Tr\u00e4dg\u00e5rd &amp; Fritid","og_description":"V\u00e4lkommen till kattoasen d\u00e4r din fyrbente v\u00e4n kan njuta av naturen! V\u00e5rt utekatthus \u00e4r tillverkat av tr\u00e4 och erbjuder charmigt...","og_url":"https:\/\/truusk.store\/sv\/produkt\/truusk-katthus-kattgrotta-och-vaderbestandig-for-katter-upp-till-6-kg-57-cm-x-45-cm-x-43-cm-naturlig\/","og_site_name":"TRUUSK - Hem, Tr\u00e4dg\u00e5rd &amp; Fritid","article_modified_time":"2026-03-12T08:37:08+00:00","og_image":[{"width":800,"height":800,"url":"https:\/\/i0.wp.com\/truusk.se\/wp-content\/uploads\/2024\/04\/katthus-katthus-kattgrotta-vaderbestandig-katt-6-kg-57-cmx45-cmx43-cm-naturlig.webp?fit=800%2C800&ssl=1","type":"image\/webp"}],"twitter_card":"summary_large_image","twitter_misc":{"Ber\u00e4knad l\u00e4stid":"1 minut"},"schema":{"@context":"https:\/\/schema.org","@graph":[{"@type":"WebPage","@id":"https:\/\/truusk.store\/sv\/produkt\/truusk-katthus-kattgrotta-och-vaderbestandig-for-katter-upp-till-6-kg-57-cm-x-45-cm-x-43-cm-naturlig\/","url":"https:\/\/truusk.store\/sv\/produkt\/truusk-katthus-kattgrotta-och-vaderbestandig-for-katter-upp-till-6-kg-57-cm-x-45-cm-x-43-cm-naturlig\/","name":"TRUUSK Katthus, Kattgrotta och V\u00e4derbest\u00e4ndig - F\u00f6r Katter upp till 6 kg - 57 cm x 45 cm x 43 cm - Naturlig - TRUUSK - Hem, Tr\u00e4dg\u00e5rd &amp; Fritid","isPartOf":{"@id":"https:\/\/truusk.store\/sv\/#website"},"primaryImageOfPage":{"@id":"https:\/\/truusk.store\/sv\/produkt\/truusk-katthus-kattgrotta-och-vaderbestandig-for-katter-upp-till-6-kg-57-cm-x-45-cm-x-43-cm-naturlig\/#primaryimage"},"image":{"@id":"https:\/\/truusk.store\/sv\/produkt\/truusk-katthus-kattgrotta-och-vaderbestandig-for-katter-upp-till-6-kg-57-cm-x-45-cm-x-43-cm-naturlig\/#primaryimage"},"thumbnailUrl":"https:\/\/i0.wp.com\/truusk.store\/wp-content\/uploads\/2024\/04\/katthus-katthus-kattgrotta-vaderbestandig-katt-6-kg-57-cmx45-cmx43-cm-naturlig.webp?fit=800%2C800&ssl=1","datePublished":"2024-04-04T06:50:09+00:00","dateModified":"2026-03-12T08:37:08+00:00","breadcrumb":{"@id":"https:\/\/truusk.store\/sv\/produkt\/truusk-katthus-kattgrotta-och-vaderbestandig-for-katter-upp-till-6-kg-57-cm-x-45-cm-x-43-cm-naturlig\/#breadcrumb"},"inLanguage":"sv-SE","potentialAction":[{"@type":"ReadAction","target":["https:\/\/truusk.store\/sv\/produkt\/truusk-katthus-kattgrotta-och-vaderbestandig-for-katter-upp-till-6-kg-57-cm-x-45-cm-x-43-cm-naturlig\/"]}]},{"@type":"ImageObject","inLanguage":"sv-SE","@id":"https:\/\/truusk.store\/sv\/produkt\/truusk-katthus-kattgrotta-och-vaderbestandig-for-katter-upp-till-6-kg-57-cm-x-45-cm-x-43-cm-naturlig\/#primaryimage","url":"https:\/\/i0.wp.com\/truusk.store\/wp-content\/uploads\/2024\/04\/katthus-katthus-kattgrotta-vaderbestandig-katt-6-kg-57-cmx45-cmx43-cm-naturlig.webp?fit=800%2C800&ssl=1","contentUrl":"https:\/\/i0.wp.com\/truusk.store\/wp-content\/uploads\/2024\/04\/katthus-katthus-kattgrotta-vaderbestandig-katt-6-kg-57-cmx45-cmx43-cm-naturlig.webp?fit=800%2C800&ssl=1","width":800,"height":800,"caption":"Katthus, Katthus, Kattgrotta, V\u00e4derbest\u00e4ndig, Katt 6 Kg, 57 Cmx45 Cmx43 Cm, Naturlig 1"},{"@type":"BreadcrumbList","@id":"https:\/\/truusk.store\/sv\/produkt\/truusk-katthus-kattgrotta-och-vaderbestandig-for-katter-upp-till-6-kg-57-cm-x-45-cm-x-43-cm-naturlig\/#breadcrumb","itemListElement":[{"@type":"ListItem","position":1,"name":"Home","item":"https:\/\/truusk.store\/sv\/"},{"@type":"ListItem","position":2,"name":"Shop","item":"https:\/\/truusk.store\/shop\/"},{"@type":"ListItem","position":3,"name":"TRUUSK Katthus, Kattgrotta och V\u00e4derbest\u00e4ndig &#8211; F\u00f6r Katter upp till 6 kg &#8211; 57 cm x 45 cm x 43 cm &#8211; Naturlig"}]},{"@type":"WebSite","@id":"https:\/\/truusk.store\/sv\/#website","url":"https:\/\/truusk.store\/sv\/","name":"TRUUSK - Hem, Tr\u00e4dg\u00e5rd & Fritid","description":"","publisher":{"@id":"https:\/\/truusk.store\/sv\/#organization"},"potentialAction":[{"@type":"SearchAction","target":{"@type":"EntryPoint","urlTemplate":"https:\/\/truusk.store\/sv\/?s={search_term_string}"},"query-input":{"@type":"PropertyValueSpecification","valueRequired":true,"valueName":"search_term_string"}}],"inLanguage":"sv-SE"},{"@type":"Organization","@id":"https:\/\/truusk.store\/sv\/#organization","name":"TRUUSK - Hem, Tr\u00e4dg\u00e5rd & Fritid","url":"https:\/\/truusk.store\/sv\/","logo":{"@type":"ImageObject","inLanguage":"sv-SE","@id":"https:\/\/truusk.store\/sv\/#\/schema\/logo\/image\/","url":"https:\/\/i0.wp.com\/truusk.store\/wp-content\/uploads\/2026\/03\/cropped-TRUUSK.png?fit=2032%2C917&ssl=1","contentUrl":"https:\/\/i0.wp.com\/truusk.store\/wp-content\/uploads\/2026\/03\/cropped-TRUUSK.png?fit=2032%2C917&ssl=1","width":2032,"height":917,"caption":"TRUUSK - Hem, Tr\u00e4dg\u00e5rd & Fritid"},"image":{"@id":"https:\/\/truusk.store\/sv\/#\/schema\/logo\/image\/"}}]}},"jetpack_sharing_enabled":true,"_links":{"self":[{"href":"https:\/\/truusk.store\/sv\/wp-json\/wp\/v2\/product\/53274","targetHints":{"allow":["GET"]}}],"collection":[{"href":"https:\/\/truusk.store\/sv\/wp-json\/wp\/v2\/product"}],"about":[{"href":"https:\/\/truusk.store\/sv\/wp-json\/wp\/v2\/types\/product"}],"wp:featuredmedia":[{"embeddable":true,"href":"https:\/\/truusk.store\/sv\/wp-json\/wp\/v2\/media\/53275"}],"wp:attachment":[{"href":"https:\/\/truusk.store\/sv\/wp-json\/wp\/v2\/media?parent=53274"}],"wp:term":[{"taxonomy":"product_brand","embeddable":true,"href":"https:\/\/truusk.store\/sv\/wp-json\/wp\/v2\/product_brand?post=53274"},{"taxonomy":"product_cat","embeddable":true,"href":"https:\/\/truusk.store\/sv\/wp-json\/wp\/v2\/product_cat?post=53274"},{"taxonomy":"product_tag","embeddable":true,"href":"https:\/\/truusk.store\/sv\/wp-json\/wp\/v2\/product_tag?post=53274"}],"curies":[{"name":"wp","href":"https:\/\/api.w.org\/{rel}","templated":true}]}}