{"id":53297,"date":"2024-04-12T02:10:08","date_gmt":"2024-04-12T01:10:08","guid":{"rendered":"https:\/\/truusk.store\/product\/blomkruka-svan-med-axelvaska-vaderbestandig-32-x-18-x-60-cm-vit-brun\/"},"modified":"2026-03-12T09:38:16","modified_gmt":"2026-03-12T08:38:16","slug":"truusk-blomkruka-med-svan-axelvaska-vaderbestandig-32-x-18-x-60-cm-vit-brun","status":"publish","type":"product","link":"https:\/\/truusk.store\/sv\/produkt\/truusk-blomkruka-med-svan-axelvaska-vaderbestandig-32-x-18-x-60-cm-vit-brun\/","title":{"rendered":"TRUUSK Blomkruka med Svan Axelv\u00e4ska &#8211; V\u00e4derbest\u00e4ndig &#8211; 32 x 18 x 60 cm &#8211; Vit\/Brun"},"content":{"rendered":"<p>L\u00e4gg till en s\u00f6t, lekfull accent till din tr\u00e4dg\u00e5rd med denna nyckfulla blomkruka. Denna graci\u00f6sa svan med axelv\u00e4ska kommer att liva upp vilken uteplats som helst. Den \u00e4r robust och v\u00e4derbest\u00e4ndig och trotsar \u00e5rstidernas nycker med en avslappnad elegans. Det praktiska dr\u00e4neringsh\u00e5let dr\u00e4nerar bort \u00f6verfl\u00f6digt vatten &#8211; perfekt f\u00f6r frisk rottillv\u00e4xt. F\u00f6rvandla din tr\u00e4dg\u00e5rd till en oas av inspiration och gl\u00e4dje!<\/p>\n<h3>Beskrivning:<\/h3>\n<ul>\n<li>Fantasifull, lekfull design: svan med axelv\u00e4ska<\/li>\n<li>V\u00e4derbest\u00e4ndigt, robust hartsmaterial med skyddande bel\u00e4ggning<\/li>\n<li>Dr\u00e4nerings\u00f6ppning skyddar mot \u00f6versv\u00e4mning<\/li>\n<li>L\u00e4mplig f\u00f6r terrasser, balkonger eller till och med inomhus<\/li>\n<li>Ingen montering kr\u00e4vs<\/li>\n<\/ul>\n<h3>Teknisk data:<\/h3>\n<ul>\n<li>F\u00e4rg: Vit+Brun<\/li>\n<li>Material: harts<\/li>\n<li>\u00d6vergripande m\u00e5tt: 32L x 18W x 60H cm<\/li>\n<li>Blomkruka: 14L x 9W x 15H cm<\/li>\n<li>Lastkapacitet: 30 kg<\/li>\n<\/ul>\n<h3>Leveransens omfattning:<\/h3>\n<ul>\n<li>1 x blomkruka utomhus;<\/li>\n<\/ul>\n","protected":false},"excerpt":{"rendered":"<p>L\u00e4gg till en s\u00f6t, lekfull accent till din tr\u00e4dg\u00e5rd med denna nyckfulla blomkruka. Denna graci\u00f6sa svan med axelv\u00e4ska kommer att&#8230;<\/p>\n","protected":false},"featured_media":53298,"template":"","meta":[],"product_brand":[],"product_cat":[748,447,435,443],"product_tag":[],"class_list":{"0":"post-53297","1":"product","2":"type-product","3":"status-publish","4":"has-post-thumbnail","6":"product_cat-blomsterstall","7":"product_cat-planteringsmaskiner","8":"product_cat-tradgard-och-terrass","9":"product_cat-vaxthus-tradgardsskotsel","11":"first","12":"instock","13":"sale","14":"taxable","15":"shipping-taxable","16":"purchasable","17":"product-type-simple"},"yoast_head":"<!-- This site is optimized with the Yoast SEO plugin v25.4 - https:\/\/yoast.com\/wordpress\/plugins\/seo\/ -->\n<title>TRUUSK Blomkruka med Svan Axelv\u00e4ska - V\u00e4derbest\u00e4ndig - 32 x 18 x 60 cm - Vit\/Brun - TRUUSK - Hem, Tr\u00e4dg\u00e5rd &amp; Fritid<\/title>\n<meta name=\"robots\" content=\"index, follow, max-snippet:-1, max-image-preview:large, max-video-preview:-1\" \/>\n<link rel=\"canonical\" href=\"https:\/\/truusk.store\/sv\/produkt\/truusk-blomkruka-med-svan-axelvaska-vaderbestandig-32-x-18-x-60-cm-vit-brun\/\" \/>\n<meta property=\"og:locale\" content=\"sv_SE\" \/>\n<meta property=\"og:type\" content=\"article\" \/>\n<meta property=\"og:title\" content=\"TRUUSK Blomkruka med Svan Axelv\u00e4ska - V\u00e4derbest\u00e4ndig - 32 x 18 x 60 cm - Vit\/Brun - TRUUSK - Hem, Tr\u00e4dg\u00e5rd &amp; Fritid\" \/>\n<meta property=\"og:description\" content=\"L\u00e4gg till en s\u00f6t, lekfull accent till din tr\u00e4dg\u00e5rd med denna nyckfulla blomkruka. Denna graci\u00f6sa svan med axelv\u00e4ska kommer att...\" \/>\n<meta property=\"og:url\" content=\"https:\/\/truusk.store\/sv\/produkt\/truusk-blomkruka-med-svan-axelvaska-vaderbestandig-32-x-18-x-60-cm-vit-brun\/\" \/>\n<meta property=\"og:site_name\" content=\"TRUUSK - Hem, Tr\u00e4dg\u00e5rd &amp; Fritid\" \/>\n<meta property=\"article:modified_time\" content=\"2026-03-12T08:38:16+00:00\" \/>\n<meta property=\"og:image\" content=\"https:\/\/i0.wp.com\/truusk.se\/wp-content\/uploads\/2024\/04\/blomkruka-svan-med-axelvaska-vaderbestandig-32-x-18-x-60-cm-vit-brun.webp?fit=800%2C800&ssl=1\" \/>\n\t<meta property=\"og:image:width\" content=\"800\" \/>\n\t<meta property=\"og:image:height\" content=\"800\" \/>\n\t<meta property=\"og:image:type\" content=\"image\/webp\" \/>\n<meta name=\"twitter:card\" content=\"summary_large_image\" \/>\n<meta name=\"twitter:label1\" content=\"Ber\u00e4knad l\u00e4stid\" \/>\n\t<meta name=\"twitter:data1\" content=\"1 minut\" \/>\n<!-- \/ Yoast SEO plugin. -->","yoast_head_json":{"title":"TRUUSK Blomkruka med Svan Axelv\u00e4ska - V\u00e4derbest\u00e4ndig - 32 x 18 x 60 cm - Vit\/Brun - TRUUSK - Hem, Tr\u00e4dg\u00e5rd &amp; Fritid","robots":{"index":"index","follow":"follow","max-snippet":"max-snippet:-1","max-image-preview":"max-image-preview:large","max-video-preview":"max-video-preview:-1"},"canonical":"https:\/\/truusk.store\/sv\/produkt\/truusk-blomkruka-med-svan-axelvaska-vaderbestandig-32-x-18-x-60-cm-vit-brun\/","og_locale":"sv_SE","og_type":"article","og_title":"TRUUSK Blomkruka med Svan Axelv\u00e4ska - V\u00e4derbest\u00e4ndig - 32 x 18 x 60 cm - Vit\/Brun - TRUUSK - Hem, Tr\u00e4dg\u00e5rd &amp; Fritid","og_description":"L\u00e4gg till en s\u00f6t, lekfull accent till din tr\u00e4dg\u00e5rd med denna nyckfulla blomkruka. Denna graci\u00f6sa svan med axelv\u00e4ska kommer att...","og_url":"https:\/\/truusk.store\/sv\/produkt\/truusk-blomkruka-med-svan-axelvaska-vaderbestandig-32-x-18-x-60-cm-vit-brun\/","og_site_name":"TRUUSK - Hem, Tr\u00e4dg\u00e5rd &amp; Fritid","article_modified_time":"2026-03-12T08:38:16+00:00","og_image":[{"width":800,"height":800,"url":"https:\/\/i0.wp.com\/truusk.se\/wp-content\/uploads\/2024\/04\/blomkruka-svan-med-axelvaska-vaderbestandig-32-x-18-x-60-cm-vit-brun.webp?fit=800%2C800&ssl=1","type":"image\/webp"}],"twitter_card":"summary_large_image","twitter_misc":{"Ber\u00e4knad l\u00e4stid":"1 minut"},"schema":{"@context":"https:\/\/schema.org","@graph":[{"@type":"WebPage","@id":"https:\/\/truusk.store\/sv\/produkt\/truusk-blomkruka-med-svan-axelvaska-vaderbestandig-32-x-18-x-60-cm-vit-brun\/","url":"https:\/\/truusk.store\/sv\/produkt\/truusk-blomkruka-med-svan-axelvaska-vaderbestandig-32-x-18-x-60-cm-vit-brun\/","name":"TRUUSK Blomkruka med Svan Axelv\u00e4ska - V\u00e4derbest\u00e4ndig - 32 x 18 x 60 cm - Vit\/Brun - TRUUSK - Hem, Tr\u00e4dg\u00e5rd &amp; Fritid","isPartOf":{"@id":"https:\/\/truusk.store\/sv\/#website"},"primaryImageOfPage":{"@id":"https:\/\/truusk.store\/sv\/produkt\/truusk-blomkruka-med-svan-axelvaska-vaderbestandig-32-x-18-x-60-cm-vit-brun\/#primaryimage"},"image":{"@id":"https:\/\/truusk.store\/sv\/produkt\/truusk-blomkruka-med-svan-axelvaska-vaderbestandig-32-x-18-x-60-cm-vit-brun\/#primaryimage"},"thumbnailUrl":"https:\/\/i0.wp.com\/truusk.store\/wp-content\/uploads\/2024\/04\/blomkruka-svan-med-axelvaska-vaderbestandig-32-x-18-x-60-cm-vit-brun.webp?fit=800%2C800&ssl=1","datePublished":"2024-04-12T01:10:08+00:00","dateModified":"2026-03-12T08:38:16+00:00","breadcrumb":{"@id":"https:\/\/truusk.store\/sv\/produkt\/truusk-blomkruka-med-svan-axelvaska-vaderbestandig-32-x-18-x-60-cm-vit-brun\/#breadcrumb"},"inLanguage":"sv-SE","potentialAction":[{"@type":"ReadAction","target":["https:\/\/truusk.store\/sv\/produkt\/truusk-blomkruka-med-svan-axelvaska-vaderbestandig-32-x-18-x-60-cm-vit-brun\/"]}]},{"@type":"ImageObject","inLanguage":"sv-SE","@id":"https:\/\/truusk.store\/sv\/produkt\/truusk-blomkruka-med-svan-axelvaska-vaderbestandig-32-x-18-x-60-cm-vit-brun\/#primaryimage","url":"https:\/\/i0.wp.com\/truusk.store\/wp-content\/uploads\/2024\/04\/blomkruka-svan-med-axelvaska-vaderbestandig-32-x-18-x-60-cm-vit-brun.webp?fit=800%2C800&ssl=1","contentUrl":"https:\/\/i0.wp.com\/truusk.store\/wp-content\/uploads\/2024\/04\/blomkruka-svan-med-axelvaska-vaderbestandig-32-x-18-x-60-cm-vit-brun.webp?fit=800%2C800&ssl=1","width":800,"height":800,"caption":"Blomkruka, Svan Med Axelv\u00e4ska, V\u00e4derbest\u00e4ndig, 32 X 18 X 60 Cm, Vit, Brun 1"},{"@type":"BreadcrumbList","@id":"https:\/\/truusk.store\/sv\/produkt\/truusk-blomkruka-med-svan-axelvaska-vaderbestandig-32-x-18-x-60-cm-vit-brun\/#breadcrumb","itemListElement":[{"@type":"ListItem","position":1,"name":"Home","item":"https:\/\/truusk.store\/sv\/"},{"@type":"ListItem","position":2,"name":"Shop","item":"https:\/\/truusk.store\/shop\/"},{"@type":"ListItem","position":3,"name":"TRUUSK Blomkruka med Svan Axelv\u00e4ska &#8211; V\u00e4derbest\u00e4ndig &#8211; 32 x 18 x 60 cm &#8211; Vit\/Brun"}]},{"@type":"WebSite","@id":"https:\/\/truusk.store\/sv\/#website","url":"https:\/\/truusk.store\/sv\/","name":"TRUUSK - Hem, Tr\u00e4dg\u00e5rd & Fritid","description":"","publisher":{"@id":"https:\/\/truusk.store\/sv\/#organization"},"potentialAction":[{"@type":"SearchAction","target":{"@type":"EntryPoint","urlTemplate":"https:\/\/truusk.store\/sv\/?s={search_term_string}"},"query-input":{"@type":"PropertyValueSpecification","valueRequired":true,"valueName":"search_term_string"}}],"inLanguage":"sv-SE"},{"@type":"Organization","@id":"https:\/\/truusk.store\/sv\/#organization","name":"TRUUSK - Hem, Tr\u00e4dg\u00e5rd & Fritid","url":"https:\/\/truusk.store\/sv\/","logo":{"@type":"ImageObject","inLanguage":"sv-SE","@id":"https:\/\/truusk.store\/sv\/#\/schema\/logo\/image\/","url":"https:\/\/i0.wp.com\/truusk.store\/wp-content\/uploads\/2026\/03\/cropped-TRUUSK.png?fit=2032%2C917&ssl=1","contentUrl":"https:\/\/i0.wp.com\/truusk.store\/wp-content\/uploads\/2026\/03\/cropped-TRUUSK.png?fit=2032%2C917&ssl=1","width":2032,"height":917,"caption":"TRUUSK - Hem, Tr\u00e4dg\u00e5rd & Fritid"},"image":{"@id":"https:\/\/truusk.store\/sv\/#\/schema\/logo\/image\/"}}]}},"jetpack_sharing_enabled":true,"_links":{"self":[{"href":"https:\/\/truusk.store\/sv\/wp-json\/wp\/v2\/product\/53297","targetHints":{"allow":["GET"]}}],"collection":[{"href":"https:\/\/truusk.store\/sv\/wp-json\/wp\/v2\/product"}],"about":[{"href":"https:\/\/truusk.store\/sv\/wp-json\/wp\/v2\/types\/product"}],"wp:featuredmedia":[{"embeddable":true,"href":"https:\/\/truusk.store\/sv\/wp-json\/wp\/v2\/media\/53298"}],"wp:attachment":[{"href":"https:\/\/truusk.store\/sv\/wp-json\/wp\/v2\/media?parent=53297"}],"wp:term":[{"taxonomy":"product_brand","embeddable":true,"href":"https:\/\/truusk.store\/sv\/wp-json\/wp\/v2\/product_brand?post=53297"},{"taxonomy":"product_cat","embeddable":true,"href":"https:\/\/truusk.store\/sv\/wp-json\/wp\/v2\/product_cat?post=53297"},{"taxonomy":"product_tag","embeddable":true,"href":"https:\/\/truusk.store\/sv\/wp-json\/wp\/v2\/product_tag?post=53297"}],"curies":[{"name":"wp","href":"https:\/\/api.w.org\/{rel}","templated":true}]}}