{"id":53354,"date":"2024-04-18T02:10:10","date_gmt":"2024-04-18T01:10:10","guid":{"rendered":"https:\/\/truusk.store\/product\/baddsoffa-2-sits-soffa-sammetssoffa-sovfunktion-inklusive-2-kuddar-sammetslook-naturlig-bla\/"},"modified":"2026-03-12T09:31:14","modified_gmt":"2026-03-12T08:31:14","slug":"truusk-2-sits-soffa-i-sammetslook-baddsoffa-med-sovfunktion-inklusive-2-kuddar-naturlig-bla","status":"publish","type":"product","link":"https:\/\/truusk.store\/sv\/produkt\/truusk-2-sits-soffa-i-sammetslook-baddsoffa-med-sovfunktion-inklusive-2-kuddar-naturlig-bla\/","title":{"rendered":"TRUUSK 2-sits Soffa i Sammetslook &#8211; B\u00e4ddsoffa med Sovfunktion &#8211; Inklusive 2 Kuddar &#8211; Naturlig + Bl\u00e5"},"content":{"rendered":"<p>V\u00e4xla enkelt fr\u00e5n sittande till liggande med 2-sitssoffan med sovfunktion. Med sin st\u00e5lram \u00e4r den hopf\u00e4llbara soffan med sovfunktion stabil och robust och erbjuder 5-niv\u00e5justering av ryggst\u00f6det s\u00e5 att du kan inta \u00f6nskad position. Fylld med tjock vaddering och t\u00e4ckt av ett sammetslent tyg f\u00f6r utm\u00e4rkt komfort.<\/p>\n<h3>Beskrivning:<\/h3>\n<ul>\n<li>Kan anv\u00e4ndas som soffa och som dubbels\u00e4ng f\u00f6r \u00f6vernattningar<\/li>\n<li>B\u00e4ddsoffans ryggst\u00f6d kan justeras till 5 niv\u00e5er: 100, 120, 140, 160, 180<\/li>\n<li>Extra dyna och vadderad sits f\u00f6r bekv\u00e4m neds\u00e4nkning<\/li>\n<li>B\u00e4ddsoffans st\u00e5lram f\u00f6r stabilitet och h\u00e5llbarhet<\/li>\n<li>Med armst\u00f6d av gummitr\u00e4<\/li>\n<li>Montering kr\u00e4vs<\/li>\n<\/ul>\n<h3>Teknisk data:<\/h3>\n<ul>\n<li>F\u00e4rg bl\u00e5<\/li>\n<li>Material: st\u00e5l, skum, polyester, gummitr\u00e4<\/li>\n<li>Soffstorlek: 102L x 73W x 81H cm<\/li>\n<li>S\u00e4ngstorlek: 183L x 98,5W x 26H cm<\/li>\n<li>Soffsitsstorlek: 95L x 57W x 37H cm<\/li>\n<li>Sitstjocklek: 20 cm<\/li>\n<li>S\u00e4ngstorlek: 183L x 98W x 9H cm<\/li>\n<li>M\u00e5tt bak: 48L x 98B x 9H cm<\/li>\n<li>Kuddstorlek: 50L x 33W x 11H cm<\/li>\n<li>Armst\u00f6dsstorlek: 36L x 3,5W cm<\/li>\n<li>H\u00f6jd p\u00e5 armst\u00f6d till sits: 15 cm<\/li>\n<li>Viktkapacitet: 120 kg<\/li>\n<\/ul>\n<h3>Leveransens omfattning:<\/h3>\n<ul>\n<li>1 x b\u00e4ddsoffa<\/li>\n<li>2 x kuddar<\/li>\n<li>1 x manuell<\/li>\n<\/ul>\n","protected":false},"excerpt":{"rendered":"<p>V\u00e4xla enkelt fr\u00e5n sittande till liggande med 2-sitssoffan med sovfunktion. Med sin st\u00e5lram \u00e4r den hopf\u00e4llbara soffan med sovfunktion stabil&#8230;<\/p>\n","protected":false},"featured_media":53355,"template":"","meta":[],"product_brand":[],"product_cat":[557,485,554],"product_tag":[],"class_list":{"0":"post-53354","1":"product","2":"type-product","3":"status-publish","4":"has-post-thumbnail","6":"product_cat-baddsoffor","7":"product_cat-hus-bo","8":"product_cat-soffor-soffor","10":"first","11":"instock","12":"sale","13":"taxable","14":"shipping-taxable","15":"purchasable","16":"product-type-simple"},"yoast_head":"<!-- This site is optimized with the Yoast SEO plugin v25.4 - https:\/\/yoast.com\/wordpress\/plugins\/seo\/ -->\n<title>TRUUSK 2-sits Soffa i Sammetslook - B\u00e4ddsoffa med Sovfunktion - Inklusive 2 Kuddar - Naturlig + Bl\u00e5 - TRUUSK - Hem, Tr\u00e4dg\u00e5rd &amp; Fritid<\/title>\n<meta name=\"robots\" content=\"index, follow, max-snippet:-1, max-image-preview:large, max-video-preview:-1\" \/>\n<link rel=\"canonical\" href=\"https:\/\/truusk.store\/sv\/produkt\/truusk-2-sits-soffa-i-sammetslook-baddsoffa-med-sovfunktion-inklusive-2-kuddar-naturlig-bla\/\" \/>\n<meta property=\"og:locale\" content=\"sv_SE\" \/>\n<meta property=\"og:type\" content=\"article\" \/>\n<meta property=\"og:title\" content=\"TRUUSK 2-sits Soffa i Sammetslook - B\u00e4ddsoffa med Sovfunktion - Inklusive 2 Kuddar - Naturlig + Bl\u00e5 - TRUUSK - Hem, Tr\u00e4dg\u00e5rd &amp; Fritid\" \/>\n<meta property=\"og:description\" content=\"V\u00e4xla enkelt fr\u00e5n sittande till liggande med 2-sitssoffan med sovfunktion. Med sin st\u00e5lram \u00e4r den hopf\u00e4llbara soffan med sovfunktion stabil...\" \/>\n<meta property=\"og:url\" content=\"https:\/\/truusk.store\/sv\/produkt\/truusk-2-sits-soffa-i-sammetslook-baddsoffa-med-sovfunktion-inklusive-2-kuddar-naturlig-bla\/\" \/>\n<meta property=\"og:site_name\" content=\"TRUUSK - Hem, Tr\u00e4dg\u00e5rd &amp; Fritid\" \/>\n<meta property=\"article:modified_time\" content=\"2026-03-12T08:31:14+00:00\" \/>\n<meta property=\"og:image\" content=\"https:\/\/i0.wp.com\/truusk.se\/wp-content\/uploads\/2024\/04\/baddsoffa-2-sits-soffa-sammetssoffa-sovfunktion-inklusive-2-kuddar-sammetslook-naturlig-bla.webp?fit=800%2C800&ssl=1\" \/>\n\t<meta property=\"og:image:width\" content=\"800\" \/>\n\t<meta property=\"og:image:height\" content=\"800\" \/>\n\t<meta property=\"og:image:type\" content=\"image\/webp\" \/>\n<meta name=\"twitter:card\" content=\"summary_large_image\" \/>\n<meta name=\"twitter:label1\" content=\"Ber\u00e4knad l\u00e4stid\" \/>\n\t<meta name=\"twitter:data1\" content=\"1 minut\" \/>\n<!-- \/ Yoast SEO plugin. -->","yoast_head_json":{"title":"TRUUSK 2-sits Soffa i Sammetslook - B\u00e4ddsoffa med Sovfunktion - Inklusive 2 Kuddar - Naturlig + Bl\u00e5 - TRUUSK - Hem, Tr\u00e4dg\u00e5rd &amp; Fritid","robots":{"index":"index","follow":"follow","max-snippet":"max-snippet:-1","max-image-preview":"max-image-preview:large","max-video-preview":"max-video-preview:-1"},"canonical":"https:\/\/truusk.store\/sv\/produkt\/truusk-2-sits-soffa-i-sammetslook-baddsoffa-med-sovfunktion-inklusive-2-kuddar-naturlig-bla\/","og_locale":"sv_SE","og_type":"article","og_title":"TRUUSK 2-sits Soffa i Sammetslook - B\u00e4ddsoffa med Sovfunktion - Inklusive 2 Kuddar - Naturlig + Bl\u00e5 - TRUUSK - Hem, Tr\u00e4dg\u00e5rd &amp; Fritid","og_description":"V\u00e4xla enkelt fr\u00e5n sittande till liggande med 2-sitssoffan med sovfunktion. Med sin st\u00e5lram \u00e4r den hopf\u00e4llbara soffan med sovfunktion stabil...","og_url":"https:\/\/truusk.store\/sv\/produkt\/truusk-2-sits-soffa-i-sammetslook-baddsoffa-med-sovfunktion-inklusive-2-kuddar-naturlig-bla\/","og_site_name":"TRUUSK - Hem, Tr\u00e4dg\u00e5rd &amp; Fritid","article_modified_time":"2026-03-12T08:31:14+00:00","og_image":[{"width":800,"height":800,"url":"https:\/\/i0.wp.com\/truusk.se\/wp-content\/uploads\/2024\/04\/baddsoffa-2-sits-soffa-sammetssoffa-sovfunktion-inklusive-2-kuddar-sammetslook-naturlig-bla.webp?fit=800%2C800&ssl=1","type":"image\/webp"}],"twitter_card":"summary_large_image","twitter_misc":{"Ber\u00e4knad l\u00e4stid":"1 minut"},"schema":{"@context":"https:\/\/schema.org","@graph":[{"@type":"WebPage","@id":"https:\/\/truusk.store\/sv\/produkt\/truusk-2-sits-soffa-i-sammetslook-baddsoffa-med-sovfunktion-inklusive-2-kuddar-naturlig-bla\/","url":"https:\/\/truusk.store\/sv\/produkt\/truusk-2-sits-soffa-i-sammetslook-baddsoffa-med-sovfunktion-inklusive-2-kuddar-naturlig-bla\/","name":"TRUUSK 2-sits Soffa i Sammetslook - B\u00e4ddsoffa med Sovfunktion - Inklusive 2 Kuddar - Naturlig + Bl\u00e5 - TRUUSK - Hem, Tr\u00e4dg\u00e5rd &amp; Fritid","isPartOf":{"@id":"https:\/\/truusk.store\/sv\/#website"},"primaryImageOfPage":{"@id":"https:\/\/truusk.store\/sv\/produkt\/truusk-2-sits-soffa-i-sammetslook-baddsoffa-med-sovfunktion-inklusive-2-kuddar-naturlig-bla\/#primaryimage"},"image":{"@id":"https:\/\/truusk.store\/sv\/produkt\/truusk-2-sits-soffa-i-sammetslook-baddsoffa-med-sovfunktion-inklusive-2-kuddar-naturlig-bla\/#primaryimage"},"thumbnailUrl":"https:\/\/i0.wp.com\/truusk.store\/wp-content\/uploads\/2024\/04\/baddsoffa-2-sits-soffa-sammetssoffa-sovfunktion-inklusive-2-kuddar-sammetslook-naturlig-bla.webp?fit=800%2C800&ssl=1","datePublished":"2024-04-18T01:10:10+00:00","dateModified":"2026-03-12T08:31:14+00:00","breadcrumb":{"@id":"https:\/\/truusk.store\/sv\/produkt\/truusk-2-sits-soffa-i-sammetslook-baddsoffa-med-sovfunktion-inklusive-2-kuddar-naturlig-bla\/#breadcrumb"},"inLanguage":"sv-SE","potentialAction":[{"@type":"ReadAction","target":["https:\/\/truusk.store\/sv\/produkt\/truusk-2-sits-soffa-i-sammetslook-baddsoffa-med-sovfunktion-inklusive-2-kuddar-naturlig-bla\/"]}]},{"@type":"ImageObject","inLanguage":"sv-SE","@id":"https:\/\/truusk.store\/sv\/produkt\/truusk-2-sits-soffa-i-sammetslook-baddsoffa-med-sovfunktion-inklusive-2-kuddar-naturlig-bla\/#primaryimage","url":"https:\/\/i0.wp.com\/truusk.store\/wp-content\/uploads\/2024\/04\/baddsoffa-2-sits-soffa-sammetssoffa-sovfunktion-inklusive-2-kuddar-sammetslook-naturlig-bla.webp?fit=800%2C800&ssl=1","contentUrl":"https:\/\/i0.wp.com\/truusk.store\/wp-content\/uploads\/2024\/04\/baddsoffa-2-sits-soffa-sammetssoffa-sovfunktion-inklusive-2-kuddar-sammetslook-naturlig-bla.webp?fit=800%2C800&ssl=1","width":800,"height":800,"caption":"B\u00e4ddsoffa, 2-sits Soffa, Sammetssoffa, Sovfunktion, Inklusive 2 Kuddar, Sammetslook, Naturlig + Bl\u00e5 1"},{"@type":"BreadcrumbList","@id":"https:\/\/truusk.store\/sv\/produkt\/truusk-2-sits-soffa-i-sammetslook-baddsoffa-med-sovfunktion-inklusive-2-kuddar-naturlig-bla\/#breadcrumb","itemListElement":[{"@type":"ListItem","position":1,"name":"Home","item":"https:\/\/truusk.store\/sv\/"},{"@type":"ListItem","position":2,"name":"Shop","item":"https:\/\/truusk.store\/shop\/"},{"@type":"ListItem","position":3,"name":"TRUUSK 2-sits Soffa i Sammetslook &#8211; B\u00e4ddsoffa med Sovfunktion &#8211; Inklusive 2 Kuddar &#8211; Naturlig + Bl\u00e5"}]},{"@type":"WebSite","@id":"https:\/\/truusk.store\/sv\/#website","url":"https:\/\/truusk.store\/sv\/","name":"TRUUSK - Hem, Tr\u00e4dg\u00e5rd & Fritid","description":"","publisher":{"@id":"https:\/\/truusk.store\/sv\/#organization"},"potentialAction":[{"@type":"SearchAction","target":{"@type":"EntryPoint","urlTemplate":"https:\/\/truusk.store\/sv\/?s={search_term_string}"},"query-input":{"@type":"PropertyValueSpecification","valueRequired":true,"valueName":"search_term_string"}}],"inLanguage":"sv-SE"},{"@type":"Organization","@id":"https:\/\/truusk.store\/sv\/#organization","name":"TRUUSK - Hem, Tr\u00e4dg\u00e5rd & Fritid","url":"https:\/\/truusk.store\/sv\/","logo":{"@type":"ImageObject","inLanguage":"sv-SE","@id":"https:\/\/truusk.store\/sv\/#\/schema\/logo\/image\/","url":"https:\/\/i0.wp.com\/truusk.store\/wp-content\/uploads\/2026\/03\/cropped-TRUUSK.png?fit=2032%2C917&ssl=1","contentUrl":"https:\/\/i0.wp.com\/truusk.store\/wp-content\/uploads\/2026\/03\/cropped-TRUUSK.png?fit=2032%2C917&ssl=1","width":2032,"height":917,"caption":"TRUUSK - Hem, Tr\u00e4dg\u00e5rd & Fritid"},"image":{"@id":"https:\/\/truusk.store\/sv\/#\/schema\/logo\/image\/"}}]}},"jetpack_sharing_enabled":true,"_links":{"self":[{"href":"https:\/\/truusk.store\/sv\/wp-json\/wp\/v2\/product\/53354","targetHints":{"allow":["GET"]}}],"collection":[{"href":"https:\/\/truusk.store\/sv\/wp-json\/wp\/v2\/product"}],"about":[{"href":"https:\/\/truusk.store\/sv\/wp-json\/wp\/v2\/types\/product"}],"wp:featuredmedia":[{"embeddable":true,"href":"https:\/\/truusk.store\/sv\/wp-json\/wp\/v2\/media\/53355"}],"wp:attachment":[{"href":"https:\/\/truusk.store\/sv\/wp-json\/wp\/v2\/media?parent=53354"}],"wp:term":[{"taxonomy":"product_brand","embeddable":true,"href":"https:\/\/truusk.store\/sv\/wp-json\/wp\/v2\/product_brand?post=53354"},{"taxonomy":"product_cat","embeddable":true,"href":"https:\/\/truusk.store\/sv\/wp-json\/wp\/v2\/product_cat?post=53354"},{"taxonomy":"product_tag","embeddable":true,"href":"https:\/\/truusk.store\/sv\/wp-json\/wp\/v2\/product_tag?post=53354"}],"curies":[{"name":"wp","href":"https:\/\/api.w.org\/{rel}","templated":true}]}}