{"id":53394,"date":"2024-04-18T02:50:09","date_gmt":"2024-04-18T01:50:09","guid":{"rendered":"https:\/\/truusk.store\/product\/solstol-tradgardssang-solstol-i-tra-massivt-tra-66-cm-x-190-cm-x-735-cm-orange\/"},"modified":"2026-03-12T09:33:21","modified_gmt":"2026-03-12T08:33:21","slug":"truusk-tradgardssang-i-massivt-tra-solstol-for-tradgarden-66-cm-x-190-cm-x-735-cm-orange","status":"publish","type":"product","link":"https:\/\/truusk.store\/sv\/produkt\/truusk-tradgardssang-i-massivt-tra-solstol-for-tradgarden-66-cm-x-190-cm-x-735-cm-orange\/","title":{"rendered":"TRUUSK Tr\u00e4dg\u00e5rdss\u00e4ng i Massivt Tr\u00e4 &#8211; Solstol f\u00f6r Tr\u00e4dg\u00e5rden &#8211; 66 cm x 190 cm x 73,5 cm &#8211; Orange"},"content":{"rendered":"<p>Njut av solen med solstolen. Denna eleganta tr\u00e4dg\u00e5rdsstol har en stor lounge med ribbor och ett 180 justerbart ryggst\u00f6d s\u00e5 att du kan slappna av, luta dig tillbaka eller ligga ner utan anstr\u00e4ngning. Ramen \u00e4r gjord av massivt tr\u00e4 och avslutad med en vattent\u00e4t utomhusfinish, s\u00e5 att du kan koppla av i din tr\u00e4dg\u00e5rd med en touch av elegans.<\/p>\n<h3>Beskrivning:<\/h3>\n<ul>\n<li>Lamellkonstruktionen s\u00e4kerst\u00e4ller en bekv\u00e4m och luftig liggyta<\/li>\n<li>Det justerbara ryggst\u00f6det erbjuder tre bekv\u00e4ma l\u00e4gen, inklusive en helt platt<\/li>\n<li>Den massiva tr\u00e4ramen har en vattent\u00e4t finish och \u00e4r resistent mot alla v\u00e4derf\u00f6rh\u00e5llanden<\/li>\n<li>Armst\u00f6den ger extra komfort och st\u00f6d n\u00e4r du kopplar av<\/li>\n<li>Lastkapacitet upp till 120 kg f\u00f6r ett brett spektrum av anv\u00e4ndare<\/li>\n<li>Montering kr\u00e4vs<\/li>\n<\/ul>\n<h3>Teknisk data:<\/h3>\n<ul>\n<li>F\u00e4rgen orange<\/li>\n<li>Material: furu<\/li>\n<li>\u00d6vergripande m\u00e5tt: 66L x 190W x 73,5H cm<\/li>\n<li>Liggytans storlek: 66W x 195D x 25H cm<\/li>\n<li>Sitsstorlek: 61W x 118,5D cm<\/li>\n<li>M\u00e5tt bak: 65L x 57W cm<\/li>\n<li>Sitth\u00f6jd till golv: 25 cm<\/li>\n<li>Ryggst\u00f6dsh\u00f6jd: 73,5\/61,5\/25 cm<\/li>\n<li>Ryggst\u00f6dsvinkel: 130, 145, 180<\/li>\n<li>Viktkapacitet: 120 kg<\/li>\n<\/ul>\n<h3>Leveransens omfattning:<\/h3>\n<ul>\n<li>1 x solstol<\/li>\n<li>1 x manuell<\/li>\n<\/ul>\n","protected":false},"excerpt":{"rendered":"<p>Njut av solen med solstolen. Denna eleganta tr\u00e4dg\u00e5rdsstol har en stor lounge med ribbor och ett 180 justerbart ryggst\u00f6d s\u00e5&#8230;<\/p>\n","protected":false},"featured_media":53395,"template":"","meta":[],"product_brand":[],"product_cat":[451,435,450],"product_tag":[],"class_list":{"0":"post-53394","1":"product","2":"type-product","3":"status-publish","4":"has-post-thumbnail","6":"product_cat-solstolar","7":"product_cat-tradgard-och-terrass","8":"product_cat-tradgardsmobler","10":"first","11":"instock","12":"sale","13":"taxable","14":"shipping-taxable","15":"purchasable","16":"product-type-simple"},"yoast_head":"<!-- This site is optimized with the Yoast SEO plugin v25.4 - https:\/\/yoast.com\/wordpress\/plugins\/seo\/ -->\n<title>TRUUSK Tr\u00e4dg\u00e5rdss\u00e4ng i Massivt Tr\u00e4 - Solstol f\u00f6r Tr\u00e4dg\u00e5rden - 66 cm x 190 cm x 73,5 cm - Orange - TRUUSK - Hem, Tr\u00e4dg\u00e5rd &amp; Fritid<\/title>\n<meta name=\"robots\" content=\"index, follow, max-snippet:-1, max-image-preview:large, max-video-preview:-1\" \/>\n<link rel=\"canonical\" href=\"https:\/\/truusk.store\/sv\/produkt\/truusk-tradgardssang-i-massivt-tra-solstol-for-tradgarden-66-cm-x-190-cm-x-735-cm-orange\/\" \/>\n<meta property=\"og:locale\" content=\"sv_SE\" \/>\n<meta property=\"og:type\" content=\"article\" \/>\n<meta property=\"og:title\" content=\"TRUUSK Tr\u00e4dg\u00e5rdss\u00e4ng i Massivt Tr\u00e4 - Solstol f\u00f6r Tr\u00e4dg\u00e5rden - 66 cm x 190 cm x 73,5 cm - Orange - TRUUSK - Hem, Tr\u00e4dg\u00e5rd &amp; Fritid\" \/>\n<meta property=\"og:description\" content=\"Njut av solen med solstolen. Denna eleganta tr\u00e4dg\u00e5rdsstol har en stor lounge med ribbor och ett 180 justerbart ryggst\u00f6d s\u00e5...\" \/>\n<meta property=\"og:url\" content=\"https:\/\/truusk.store\/sv\/produkt\/truusk-tradgardssang-i-massivt-tra-solstol-for-tradgarden-66-cm-x-190-cm-x-735-cm-orange\/\" \/>\n<meta property=\"og:site_name\" content=\"TRUUSK - Hem, Tr\u00e4dg\u00e5rd &amp; Fritid\" \/>\n<meta property=\"article:modified_time\" content=\"2026-03-12T08:33:21+00:00\" \/>\n<meta property=\"og:image\" content=\"https:\/\/i0.wp.com\/truusk.se\/wp-content\/uploads\/2024\/04\/solstol-tradgardssang-solstol-i-tra-massivt-tra-66-cm-x-190-cm-x-735-cm-orange.webp?fit=800%2C800&ssl=1\" \/>\n\t<meta property=\"og:image:width\" content=\"800\" \/>\n\t<meta property=\"og:image:height\" content=\"800\" \/>\n\t<meta property=\"og:image:type\" content=\"image\/webp\" \/>\n<meta name=\"twitter:card\" content=\"summary_large_image\" \/>\n<meta name=\"twitter:label1\" content=\"Ber\u00e4knad l\u00e4stid\" \/>\n\t<meta name=\"twitter:data1\" content=\"1 minut\" \/>\n<!-- \/ Yoast SEO plugin. -->","yoast_head_json":{"title":"TRUUSK Tr\u00e4dg\u00e5rdss\u00e4ng i Massivt Tr\u00e4 - Solstol f\u00f6r Tr\u00e4dg\u00e5rden - 66 cm x 190 cm x 73,5 cm - Orange - TRUUSK - Hem, Tr\u00e4dg\u00e5rd &amp; Fritid","robots":{"index":"index","follow":"follow","max-snippet":"max-snippet:-1","max-image-preview":"max-image-preview:large","max-video-preview":"max-video-preview:-1"},"canonical":"https:\/\/truusk.store\/sv\/produkt\/truusk-tradgardssang-i-massivt-tra-solstol-for-tradgarden-66-cm-x-190-cm-x-735-cm-orange\/","og_locale":"sv_SE","og_type":"article","og_title":"TRUUSK Tr\u00e4dg\u00e5rdss\u00e4ng i Massivt Tr\u00e4 - Solstol f\u00f6r Tr\u00e4dg\u00e5rden - 66 cm x 190 cm x 73,5 cm - Orange - TRUUSK - Hem, Tr\u00e4dg\u00e5rd &amp; Fritid","og_description":"Njut av solen med solstolen. Denna eleganta tr\u00e4dg\u00e5rdsstol har en stor lounge med ribbor och ett 180 justerbart ryggst\u00f6d s\u00e5...","og_url":"https:\/\/truusk.store\/sv\/produkt\/truusk-tradgardssang-i-massivt-tra-solstol-for-tradgarden-66-cm-x-190-cm-x-735-cm-orange\/","og_site_name":"TRUUSK - Hem, Tr\u00e4dg\u00e5rd &amp; Fritid","article_modified_time":"2026-03-12T08:33:21+00:00","og_image":[{"width":800,"height":800,"url":"https:\/\/i0.wp.com\/truusk.se\/wp-content\/uploads\/2024\/04\/solstol-tradgardssang-solstol-i-tra-massivt-tra-66-cm-x-190-cm-x-735-cm-orange.webp?fit=800%2C800&ssl=1","type":"image\/webp"}],"twitter_card":"summary_large_image","twitter_misc":{"Ber\u00e4knad l\u00e4stid":"1 minut"},"schema":{"@context":"https:\/\/schema.org","@graph":[{"@type":"WebPage","@id":"https:\/\/truusk.store\/sv\/produkt\/truusk-tradgardssang-i-massivt-tra-solstol-for-tradgarden-66-cm-x-190-cm-x-735-cm-orange\/","url":"https:\/\/truusk.store\/sv\/produkt\/truusk-tradgardssang-i-massivt-tra-solstol-for-tradgarden-66-cm-x-190-cm-x-735-cm-orange\/","name":"TRUUSK Tr\u00e4dg\u00e5rdss\u00e4ng i Massivt Tr\u00e4 - Solstol f\u00f6r Tr\u00e4dg\u00e5rden - 66 cm x 190 cm x 73,5 cm - Orange - TRUUSK - Hem, Tr\u00e4dg\u00e5rd &amp; Fritid","isPartOf":{"@id":"https:\/\/truusk.store\/sv\/#website"},"primaryImageOfPage":{"@id":"https:\/\/truusk.store\/sv\/produkt\/truusk-tradgardssang-i-massivt-tra-solstol-for-tradgarden-66-cm-x-190-cm-x-735-cm-orange\/#primaryimage"},"image":{"@id":"https:\/\/truusk.store\/sv\/produkt\/truusk-tradgardssang-i-massivt-tra-solstol-for-tradgarden-66-cm-x-190-cm-x-735-cm-orange\/#primaryimage"},"thumbnailUrl":"https:\/\/i0.wp.com\/truusk.store\/wp-content\/uploads\/2024\/04\/solstol-tradgardssang-solstol-i-tra-massivt-tra-66-cm-x-190-cm-x-735-cm-orange.webp?fit=800%2C800&ssl=1","datePublished":"2024-04-18T01:50:09+00:00","dateModified":"2026-03-12T08:33:21+00:00","breadcrumb":{"@id":"https:\/\/truusk.store\/sv\/produkt\/truusk-tradgardssang-i-massivt-tra-solstol-for-tradgarden-66-cm-x-190-cm-x-735-cm-orange\/#breadcrumb"},"inLanguage":"sv-SE","potentialAction":[{"@type":"ReadAction","target":["https:\/\/truusk.store\/sv\/produkt\/truusk-tradgardssang-i-massivt-tra-solstol-for-tradgarden-66-cm-x-190-cm-x-735-cm-orange\/"]}]},{"@type":"ImageObject","inLanguage":"sv-SE","@id":"https:\/\/truusk.store\/sv\/produkt\/truusk-tradgardssang-i-massivt-tra-solstol-for-tradgarden-66-cm-x-190-cm-x-735-cm-orange\/#primaryimage","url":"https:\/\/i0.wp.com\/truusk.store\/wp-content\/uploads\/2024\/04\/solstol-tradgardssang-solstol-i-tra-massivt-tra-66-cm-x-190-cm-x-735-cm-orange.webp?fit=800%2C800&ssl=1","contentUrl":"https:\/\/i0.wp.com\/truusk.store\/wp-content\/uploads\/2024\/04\/solstol-tradgardssang-solstol-i-tra-massivt-tra-66-cm-x-190-cm-x-735-cm-orange.webp?fit=800%2C800&ssl=1","width":800,"height":800,"caption":"Solstol Tr\u00e4dg\u00e5rdss\u00e4ng Solstol I Tr\u00e4, Massivt Tr\u00e4, 66 Cm X 190 Cm X 73,5 Cm, Orange 1"},{"@type":"BreadcrumbList","@id":"https:\/\/truusk.store\/sv\/produkt\/truusk-tradgardssang-i-massivt-tra-solstol-for-tradgarden-66-cm-x-190-cm-x-735-cm-orange\/#breadcrumb","itemListElement":[{"@type":"ListItem","position":1,"name":"Home","item":"https:\/\/truusk.store\/sv\/"},{"@type":"ListItem","position":2,"name":"Shop","item":"https:\/\/truusk.store\/shop\/"},{"@type":"ListItem","position":3,"name":"TRUUSK Tr\u00e4dg\u00e5rdss\u00e4ng i Massivt Tr\u00e4 &#8211; Solstol f\u00f6r Tr\u00e4dg\u00e5rden &#8211; 66 cm x 190 cm x 73,5 cm &#8211; Orange"}]},{"@type":"WebSite","@id":"https:\/\/truusk.store\/sv\/#website","url":"https:\/\/truusk.store\/sv\/","name":"TRUUSK - Hem, Tr\u00e4dg\u00e5rd & Fritid","description":"","publisher":{"@id":"https:\/\/truusk.store\/sv\/#organization"},"potentialAction":[{"@type":"SearchAction","target":{"@type":"EntryPoint","urlTemplate":"https:\/\/truusk.store\/sv\/?s={search_term_string}"},"query-input":{"@type":"PropertyValueSpecification","valueRequired":true,"valueName":"search_term_string"}}],"inLanguage":"sv-SE"},{"@type":"Organization","@id":"https:\/\/truusk.store\/sv\/#organization","name":"TRUUSK - Hem, Tr\u00e4dg\u00e5rd & Fritid","url":"https:\/\/truusk.store\/sv\/","logo":{"@type":"ImageObject","inLanguage":"sv-SE","@id":"https:\/\/truusk.store\/sv\/#\/schema\/logo\/image\/","url":"https:\/\/i0.wp.com\/truusk.store\/wp-content\/uploads\/2026\/03\/cropped-TRUUSK.png?fit=2032%2C917&ssl=1","contentUrl":"https:\/\/i0.wp.com\/truusk.store\/wp-content\/uploads\/2026\/03\/cropped-TRUUSK.png?fit=2032%2C917&ssl=1","width":2032,"height":917,"caption":"TRUUSK - Hem, Tr\u00e4dg\u00e5rd & Fritid"},"image":{"@id":"https:\/\/truusk.store\/sv\/#\/schema\/logo\/image\/"}}]}},"jetpack_sharing_enabled":true,"_links":{"self":[{"href":"https:\/\/truusk.store\/sv\/wp-json\/wp\/v2\/product\/53394","targetHints":{"allow":["GET"]}}],"collection":[{"href":"https:\/\/truusk.store\/sv\/wp-json\/wp\/v2\/product"}],"about":[{"href":"https:\/\/truusk.store\/sv\/wp-json\/wp\/v2\/types\/product"}],"wp:featuredmedia":[{"embeddable":true,"href":"https:\/\/truusk.store\/sv\/wp-json\/wp\/v2\/media\/53395"}],"wp:attachment":[{"href":"https:\/\/truusk.store\/sv\/wp-json\/wp\/v2\/media?parent=53394"}],"wp:term":[{"taxonomy":"product_brand","embeddable":true,"href":"https:\/\/truusk.store\/sv\/wp-json\/wp\/v2\/product_brand?post=53394"},{"taxonomy":"product_cat","embeddable":true,"href":"https:\/\/truusk.store\/sv\/wp-json\/wp\/v2\/product_cat?post=53394"},{"taxonomy":"product_tag","embeddable":true,"href":"https:\/\/truusk.store\/sv\/wp-json\/wp\/v2\/product_tag?post=53394"}],"curies":[{"name":"wp","href":"https:\/\/api.w.org\/{rel}","templated":true}]}}