{"id":53441,"date":"2024-04-18T03:40:08","date_gmt":"2024-04-18T02:40:08","guid":{"rendered":"https:\/\/truusk.store\/product\/relaxstol-fatolj-sammetsstol-liggfunktion-sammetslook-63-cm-x-73-cm-x-81-cm-beige\/"},"modified":"2026-03-12T09:31:14","modified_gmt":"2026-03-12T08:31:14","slug":"truusk-sammetsstol-med-liggfunktion-beige-63x73x81-cm-elegant-och-bekvam","status":"publish","type":"product","link":"https:\/\/truusk.store\/sv\/produkt\/truusk-sammetsstol-med-liggfunktion-beige-63x73x81-cm-elegant-och-bekvam\/","title":{"rendered":"TRUUSK Sammetsstol med Liggfunktion &#8211; Beige &#8211; 63x73x81 cm &#8211; Elegant och Bekv\u00e4m"},"content":{"rendered":"<p>V\u00e4xla enkelt mellan att sitta och sova med b\u00e4ddsoffan. Stolen har en robust st\u00e5lram och erbjuder 5-niv\u00e5 ryggst\u00f6dsjustering f\u00f6r att anpassa sig till din \u00f6nskade position. Tack vare den tjocka stoppningen och sammetslena tyget \u00e4r den extremt bekv\u00e4m. S\u00e4ngstolen kommer med en extra kudde f\u00f6r att ge extra komfort och st\u00f6d.<\/p>\n<h3>Beskrivning:<\/h3>\n<ul>\n<li>Fungerar som solstol och enkels\u00e4ng f\u00f6r \u00f6vernattning<\/li>\n<li>Inkluderar extra dyna och vadderad sits f\u00f6r maximal komfort<\/li>\n<li>Ryggst\u00f6d justerbart i 5 niv\u00e5er: 100, 120, 140, 160, 180<\/li>\n<li>B\u00e4ddsoffans st\u00e5lram f\u00f6r stabilitet och h\u00e5llbarhet<\/li>\n<li>Avtagbart och tv\u00e4ttbart stols\u00e4ng\u00f6verdrag till kudden<\/li>\n<li>Utrustad med armst\u00f6d av gummitr\u00e4<\/li>\n<li>Montering kr\u00e4vs<\/li>\n<\/ul>\n<h3>Teknisk data:<\/h3>\n<ul>\n<li>F\u00e4rg beige<\/li>\n<li>Material: st\u00e5l, skum, polyester, gummitr\u00e4<\/li>\n<li>Soffstorlek: 63W x 73D x 81H cm<\/li>\n<li>S\u00e4ngstorlek: 185W x 63D x 26H cm<\/li>\n<li>Soffsitsstorlek: 56W x 57D x 37H cm<\/li>\n<li>S\u00e4ngstorlek: 185W x 60D x 9H cm<\/li>\n<li>Sitstjocklek: 20 cm<\/li>\n<li>M\u00e5tt bak: 48W x 58D x 9H cm<\/li>\n<li>Kuddens storlek: 61W x 40D x 11H cm<\/li>\n<li>Armst\u00f6dsstorlek: 36W x 4D cm<\/li>\n<li>H\u00f6jd p\u00e5 armst\u00f6d till sits: 15 cm<\/li>\n<li>Viktkapacitet: 120 kg<\/li>\n<\/ul>\n<h3>Leveransens omfattning:<\/h3>\n<ul>\n<li>1 x b\u00e4ddsoffa<\/li>\n<li>1 x kudde<\/li>\n<li>1 x Instruktioner<\/li>\n<\/ul>\n","protected":false},"excerpt":{"rendered":"<p>V\u00e4xla enkelt mellan att sitta och sova med b\u00e4ddsoffan. Stolen har en robust st\u00e5lram och erbjuder 5-niv\u00e5 ryggst\u00f6dsjustering f\u00f6r att&#8230;<\/p>\n","protected":false},"featured_media":53442,"template":"","meta":[],"product_brand":[],"product_cat":[521,485,525],"product_tag":[],"class_list":{"0":"post-53441","1":"product","2":"type-product","3":"status-publish","4":"has-post-thumbnail","6":"product_cat-fatolj","7":"product_cat-hus-bo","8":"product_cat-sovstol","10":"first","11":"instock","12":"sale","13":"taxable","14":"shipping-taxable","15":"purchasable","16":"product-type-simple"},"yoast_head":"<!-- This site is optimized with the Yoast SEO plugin v25.4 - https:\/\/yoast.com\/wordpress\/plugins\/seo\/ -->\n<title>TRUUSK Sammetsstol med Liggfunktion - Beige - 63x73x81 cm - Elegant och Bekv\u00e4m - TRUUSK - Hem, Tr\u00e4dg\u00e5rd &amp; Fritid<\/title>\n<meta name=\"robots\" content=\"index, follow, max-snippet:-1, max-image-preview:large, max-video-preview:-1\" \/>\n<link rel=\"canonical\" href=\"https:\/\/truusk.store\/sv\/produkt\/truusk-sammetsstol-med-liggfunktion-beige-63x73x81-cm-elegant-och-bekvam\/\" \/>\n<meta property=\"og:locale\" content=\"sv_SE\" \/>\n<meta property=\"og:type\" content=\"article\" \/>\n<meta property=\"og:title\" content=\"TRUUSK Sammetsstol med Liggfunktion - Beige - 63x73x81 cm - Elegant och Bekv\u00e4m - TRUUSK - Hem, Tr\u00e4dg\u00e5rd &amp; Fritid\" \/>\n<meta property=\"og:description\" content=\"V\u00e4xla enkelt mellan att sitta och sova med b\u00e4ddsoffan. Stolen har en robust st\u00e5lram och erbjuder 5-niv\u00e5 ryggst\u00f6dsjustering f\u00f6r att...\" \/>\n<meta property=\"og:url\" content=\"https:\/\/truusk.store\/sv\/produkt\/truusk-sammetsstol-med-liggfunktion-beige-63x73x81-cm-elegant-och-bekvam\/\" \/>\n<meta property=\"og:site_name\" content=\"TRUUSK - Hem, Tr\u00e4dg\u00e5rd &amp; Fritid\" \/>\n<meta property=\"article:modified_time\" content=\"2026-03-12T08:31:14+00:00\" \/>\n<meta property=\"og:image\" content=\"https:\/\/i0.wp.com\/truusk.se\/wp-content\/uploads\/2024\/04\/relaxstol-fatolj-sammetsstol-liggfunktion-sammetslook-63-cm-x-73-cm-x-81-cm-beige.webp?fit=800%2C800&ssl=1\" \/>\n\t<meta property=\"og:image:width\" content=\"800\" \/>\n\t<meta property=\"og:image:height\" content=\"800\" \/>\n\t<meta property=\"og:image:type\" content=\"image\/webp\" \/>\n<meta name=\"twitter:card\" content=\"summary_large_image\" \/>\n<meta name=\"twitter:label1\" content=\"Ber\u00e4knad l\u00e4stid\" \/>\n\t<meta name=\"twitter:data1\" content=\"1 minut\" \/>\n<!-- \/ Yoast SEO plugin. -->","yoast_head_json":{"title":"TRUUSK Sammetsstol med Liggfunktion - Beige - 63x73x81 cm - Elegant och Bekv\u00e4m - TRUUSK - Hem, Tr\u00e4dg\u00e5rd &amp; Fritid","robots":{"index":"index","follow":"follow","max-snippet":"max-snippet:-1","max-image-preview":"max-image-preview:large","max-video-preview":"max-video-preview:-1"},"canonical":"https:\/\/truusk.store\/sv\/produkt\/truusk-sammetsstol-med-liggfunktion-beige-63x73x81-cm-elegant-och-bekvam\/","og_locale":"sv_SE","og_type":"article","og_title":"TRUUSK Sammetsstol med Liggfunktion - Beige - 63x73x81 cm - Elegant och Bekv\u00e4m - TRUUSK - Hem, Tr\u00e4dg\u00e5rd &amp; Fritid","og_description":"V\u00e4xla enkelt mellan att sitta och sova med b\u00e4ddsoffan. Stolen har en robust st\u00e5lram och erbjuder 5-niv\u00e5 ryggst\u00f6dsjustering f\u00f6r att...","og_url":"https:\/\/truusk.store\/sv\/produkt\/truusk-sammetsstol-med-liggfunktion-beige-63x73x81-cm-elegant-och-bekvam\/","og_site_name":"TRUUSK - Hem, Tr\u00e4dg\u00e5rd &amp; Fritid","article_modified_time":"2026-03-12T08:31:14+00:00","og_image":[{"width":800,"height":800,"url":"https:\/\/i0.wp.com\/truusk.se\/wp-content\/uploads\/2024\/04\/relaxstol-fatolj-sammetsstol-liggfunktion-sammetslook-63-cm-x-73-cm-x-81-cm-beige.webp?fit=800%2C800&ssl=1","type":"image\/webp"}],"twitter_card":"summary_large_image","twitter_misc":{"Ber\u00e4knad l\u00e4stid":"1 minut"},"schema":{"@context":"https:\/\/schema.org","@graph":[{"@type":"WebPage","@id":"https:\/\/truusk.store\/sv\/produkt\/truusk-sammetsstol-med-liggfunktion-beige-63x73x81-cm-elegant-och-bekvam\/","url":"https:\/\/truusk.store\/sv\/produkt\/truusk-sammetsstol-med-liggfunktion-beige-63x73x81-cm-elegant-och-bekvam\/","name":"TRUUSK Sammetsstol med Liggfunktion - Beige - 63x73x81 cm - Elegant och Bekv\u00e4m - TRUUSK - Hem, Tr\u00e4dg\u00e5rd &amp; Fritid","isPartOf":{"@id":"https:\/\/truusk.store\/sv\/#website"},"primaryImageOfPage":{"@id":"https:\/\/truusk.store\/sv\/produkt\/truusk-sammetsstol-med-liggfunktion-beige-63x73x81-cm-elegant-och-bekvam\/#primaryimage"},"image":{"@id":"https:\/\/truusk.store\/sv\/produkt\/truusk-sammetsstol-med-liggfunktion-beige-63x73x81-cm-elegant-och-bekvam\/#primaryimage"},"thumbnailUrl":"https:\/\/i0.wp.com\/truusk.store\/wp-content\/uploads\/2024\/04\/relaxstol-fatolj-sammetsstol-liggfunktion-sammetslook-63-cm-x-73-cm-x-81-cm-beige.webp?fit=800%2C800&ssl=1","datePublished":"2024-04-18T02:40:08+00:00","dateModified":"2026-03-12T08:31:14+00:00","breadcrumb":{"@id":"https:\/\/truusk.store\/sv\/produkt\/truusk-sammetsstol-med-liggfunktion-beige-63x73x81-cm-elegant-och-bekvam\/#breadcrumb"},"inLanguage":"sv-SE","potentialAction":[{"@type":"ReadAction","target":["https:\/\/truusk.store\/sv\/produkt\/truusk-sammetsstol-med-liggfunktion-beige-63x73x81-cm-elegant-och-bekvam\/"]}]},{"@type":"ImageObject","inLanguage":"sv-SE","@id":"https:\/\/truusk.store\/sv\/produkt\/truusk-sammetsstol-med-liggfunktion-beige-63x73x81-cm-elegant-och-bekvam\/#primaryimage","url":"https:\/\/i0.wp.com\/truusk.store\/wp-content\/uploads\/2024\/04\/relaxstol-fatolj-sammetsstol-liggfunktion-sammetslook-63-cm-x-73-cm-x-81-cm-beige.webp?fit=800%2C800&ssl=1","contentUrl":"https:\/\/i0.wp.com\/truusk.store\/wp-content\/uploads\/2024\/04\/relaxstol-fatolj-sammetsstol-liggfunktion-sammetslook-63-cm-x-73-cm-x-81-cm-beige.webp?fit=800%2C800&ssl=1","width":800,"height":800,"caption":"Relaxstol, F\u00e5t\u00f6lj, Sammetsstol, Liggfunktion, Sammetslook, 63 Cm X 73 Cm X 81 Cm, Beige 1"},{"@type":"BreadcrumbList","@id":"https:\/\/truusk.store\/sv\/produkt\/truusk-sammetsstol-med-liggfunktion-beige-63x73x81-cm-elegant-och-bekvam\/#breadcrumb","itemListElement":[{"@type":"ListItem","position":1,"name":"Home","item":"https:\/\/truusk.store\/sv\/"},{"@type":"ListItem","position":2,"name":"Shop","item":"https:\/\/truusk.store\/shop\/"},{"@type":"ListItem","position":3,"name":"TRUUSK Sammetsstol med Liggfunktion &#8211; Beige &#8211; 63x73x81 cm &#8211; Elegant och Bekv\u00e4m"}]},{"@type":"WebSite","@id":"https:\/\/truusk.store\/sv\/#website","url":"https:\/\/truusk.store\/sv\/","name":"TRUUSK - Hem, Tr\u00e4dg\u00e5rd & Fritid","description":"","publisher":{"@id":"https:\/\/truusk.store\/sv\/#organization"},"potentialAction":[{"@type":"SearchAction","target":{"@type":"EntryPoint","urlTemplate":"https:\/\/truusk.store\/sv\/?s={search_term_string}"},"query-input":{"@type":"PropertyValueSpecification","valueRequired":true,"valueName":"search_term_string"}}],"inLanguage":"sv-SE"},{"@type":"Organization","@id":"https:\/\/truusk.store\/sv\/#organization","name":"TRUUSK - Hem, Tr\u00e4dg\u00e5rd & Fritid","url":"https:\/\/truusk.store\/sv\/","logo":{"@type":"ImageObject","inLanguage":"sv-SE","@id":"https:\/\/truusk.store\/sv\/#\/schema\/logo\/image\/","url":"https:\/\/i0.wp.com\/truusk.store\/wp-content\/uploads\/2026\/03\/cropped-TRUUSK.png?fit=2032%2C917&ssl=1","contentUrl":"https:\/\/i0.wp.com\/truusk.store\/wp-content\/uploads\/2026\/03\/cropped-TRUUSK.png?fit=2032%2C917&ssl=1","width":2032,"height":917,"caption":"TRUUSK - Hem, Tr\u00e4dg\u00e5rd & Fritid"},"image":{"@id":"https:\/\/truusk.store\/sv\/#\/schema\/logo\/image\/"}}]}},"jetpack_sharing_enabled":true,"_links":{"self":[{"href":"https:\/\/truusk.store\/sv\/wp-json\/wp\/v2\/product\/53441","targetHints":{"allow":["GET"]}}],"collection":[{"href":"https:\/\/truusk.store\/sv\/wp-json\/wp\/v2\/product"}],"about":[{"href":"https:\/\/truusk.store\/sv\/wp-json\/wp\/v2\/types\/product"}],"wp:featuredmedia":[{"embeddable":true,"href":"https:\/\/truusk.store\/sv\/wp-json\/wp\/v2\/media\/53442"}],"wp:attachment":[{"href":"https:\/\/truusk.store\/sv\/wp-json\/wp\/v2\/media?parent=53441"}],"wp:term":[{"taxonomy":"product_brand","embeddable":true,"href":"https:\/\/truusk.store\/sv\/wp-json\/wp\/v2\/product_brand?post=53441"},{"taxonomy":"product_cat","embeddable":true,"href":"https:\/\/truusk.store\/sv\/wp-json\/wp\/v2\/product_cat?post=53441"},{"taxonomy":"product_tag","embeddable":true,"href":"https:\/\/truusk.store\/sv\/wp-json\/wp\/v2\/product_tag?post=53441"}],"curies":[{"name":"wp","href":"https:\/\/api.w.org\/{rel}","templated":true}]}}