{"id":53452,"date":"2024-04-18T03:50:08","date_gmt":"2024-04-18T02:50:08","guid":{"rendered":"https:\/\/truusk.store\/product\/tradgardsstol-utomhusstol-med-hog-rygg-upp-till-113-kg-vaderbestandig-naturligt-tra-brun\/"},"modified":"2026-03-12T09:38:15","modified_gmt":"2026-03-12T08:38:15","slug":"truusk-tradgardsstol-med-hog-rygg-upp-till-113-kg-vaderbestandig-naturligt-tra-brun","status":"publish","type":"product","link":"https:\/\/truusk.store\/sv\/produkt\/truusk-tradgardsstol-med-hog-rygg-upp-till-113-kg-vaderbestandig-naturligt-tra-brun\/","title":{"rendered":"TRUUSK Tr\u00e4dg\u00e5rdsstol med H\u00f6g Rygg &#8211; Upp Till 113 kg &#8211; V\u00e4derbest\u00e4ndig &#8211; Naturligt Tr\u00e4 &#8211; Brun"},"content":{"rendered":"<p>Karakt\u00e4rsfull tr\u00e4dg\u00e5rdsstol &#8211; ren avkoppling i det fria! Denna tr\u00e4stol \u00e4r ett riktigt blickf\u00e5ng &#8211; oavsett om det \u00e4r i tr\u00e4dg\u00e5rden, p\u00e5 balkongen eller p\u00e5 terrassen. Den ergonomiskt formade, breda sitsen och det stora ryggst\u00f6det s\u00e4kerst\u00e4ller optimal sittkomfort. Luta dig tillbaka och l\u00e5t din vardag f\u00f6rsiktigt avslutas med en aromatisk kopp te. V\u00e5rt tips: tv\u00e4tta stolen f\u00f6re och efter tr\u00e4dg\u00e5rdss\u00e4songen f\u00f6r att h\u00e5lla den som ny.<\/p>\n<h3>Beskrivning:<\/h3>\n<ul>\n<li>M\u00e5ngsidig tr\u00e4dg\u00e5rdsstol f\u00f6r inom- och utomhusbruk<\/li>\n<li>Tillverkad av robust och v\u00e4derbest\u00e4ndig gran<\/li>\n<li>Ergonomiskt formad sits f\u00f6r maximal komfort<\/li>\n<li>Extra stort ryggst\u00f6d f\u00f6r avslappnad sittande<\/li>\n<li>Bekv\u00e4ma armst\u00f6d<\/li>\n<li>Enkel konstruktion<\/li>\n<\/ul>\n<h3>Teknisk data:<\/h3>\n<ul>\n<li>Material: gran<\/li>\n<li>F\u00e4rg brun<\/li>\n<li>Totala m\u00e5tt: 83L x 68W x 101H cm<\/li>\n<li>Sittyta: 52W x 46D cm<\/li>\n<li>Sitth\u00f6jd: 39 cm<\/li>\n<li>Ryggst\u00f6dsm\u00e5tt: 48W x 77H cm<\/li>\n<li>Max lastkapacitet: 113 kg<\/li>\n<\/ul>\n<h3>Leveransens omfattning:<\/h3>\n<ul>\n<li>1 x Tr\u00e4dg\u00e5rdsstol<\/li>\n<li>1 x Instruktioner<\/li>\n<\/ul>\n","protected":false},"excerpt":{"rendered":"<p>Karakt\u00e4rsfull tr\u00e4dg\u00e5rdsstol &#8211; ren avkoppling i det fria! Denna tr\u00e4stol \u00e4r ett riktigt blickf\u00e5ng &#8211; oavsett om det \u00e4r i&#8230;<\/p>\n","protected":false},"featured_media":53453,"template":"","meta":[],"product_brand":[],"product_cat":[435,450,452],"product_tag":[],"class_list":{"0":"post-53452","1":"product","2":"type-product","3":"status-publish","4":"has-post-thumbnail","6":"product_cat-tradgard-och-terrass","7":"product_cat-tradgardsmobler","8":"product_cat-tradgardsstolar","10":"first","11":"instock","12":"sale","13":"taxable","14":"shipping-taxable","15":"purchasable","16":"product-type-simple"},"yoast_head":"<!-- This site is optimized with the Yoast SEO plugin v25.4 - https:\/\/yoast.com\/wordpress\/plugins\/seo\/ -->\n<title>TRUUSK Tr\u00e4dg\u00e5rdsstol med H\u00f6g Rygg - Upp Till 113 kg - V\u00e4derbest\u00e4ndig - Naturligt Tr\u00e4 - Brun - TRUUSK - Hem, Tr\u00e4dg\u00e5rd &amp; Fritid<\/title>\n<meta name=\"robots\" content=\"index, follow, max-snippet:-1, max-image-preview:large, max-video-preview:-1\" \/>\n<link rel=\"canonical\" href=\"https:\/\/truusk.store\/sv\/produkt\/truusk-tradgardsstol-med-hog-rygg-upp-till-113-kg-vaderbestandig-naturligt-tra-brun\/\" \/>\n<meta property=\"og:locale\" content=\"sv_SE\" \/>\n<meta property=\"og:type\" content=\"article\" \/>\n<meta property=\"og:title\" content=\"TRUUSK Tr\u00e4dg\u00e5rdsstol med H\u00f6g Rygg - Upp Till 113 kg - V\u00e4derbest\u00e4ndig - Naturligt Tr\u00e4 - Brun - TRUUSK - Hem, Tr\u00e4dg\u00e5rd &amp; Fritid\" \/>\n<meta property=\"og:description\" content=\"Karakt\u00e4rsfull tr\u00e4dg\u00e5rdsstol &#8211; ren avkoppling i det fria! Denna tr\u00e4stol \u00e4r ett riktigt blickf\u00e5ng &#8211; oavsett om det \u00e4r i...\" \/>\n<meta property=\"og:url\" content=\"https:\/\/truusk.store\/sv\/produkt\/truusk-tradgardsstol-med-hog-rygg-upp-till-113-kg-vaderbestandig-naturligt-tra-brun\/\" \/>\n<meta property=\"og:site_name\" content=\"TRUUSK - Hem, Tr\u00e4dg\u00e5rd &amp; Fritid\" \/>\n<meta property=\"article:modified_time\" content=\"2026-03-12T08:38:15+00:00\" \/>\n<meta property=\"og:image\" content=\"https:\/\/i0.wp.com\/truusk.se\/wp-content\/uploads\/2024\/04\/tradgardsstol-utomhusstol-med-hog-rygg-upp-till-113-kg-vaderbestandig-naturligt-tra-brun.webp?fit=800%2C800&ssl=1\" \/>\n\t<meta property=\"og:image:width\" content=\"800\" \/>\n\t<meta property=\"og:image:height\" content=\"800\" \/>\n\t<meta property=\"og:image:type\" content=\"image\/webp\" \/>\n<meta name=\"twitter:card\" content=\"summary_large_image\" \/>\n<meta name=\"twitter:label1\" content=\"Ber\u00e4knad l\u00e4stid\" \/>\n\t<meta name=\"twitter:data1\" content=\"1 minut\" \/>\n<!-- \/ Yoast SEO plugin. -->","yoast_head_json":{"title":"TRUUSK Tr\u00e4dg\u00e5rdsstol med H\u00f6g Rygg - Upp Till 113 kg - V\u00e4derbest\u00e4ndig - Naturligt Tr\u00e4 - Brun - TRUUSK - Hem, Tr\u00e4dg\u00e5rd &amp; Fritid","robots":{"index":"index","follow":"follow","max-snippet":"max-snippet:-1","max-image-preview":"max-image-preview:large","max-video-preview":"max-video-preview:-1"},"canonical":"https:\/\/truusk.store\/sv\/produkt\/truusk-tradgardsstol-med-hog-rygg-upp-till-113-kg-vaderbestandig-naturligt-tra-brun\/","og_locale":"sv_SE","og_type":"article","og_title":"TRUUSK Tr\u00e4dg\u00e5rdsstol med H\u00f6g Rygg - Upp Till 113 kg - V\u00e4derbest\u00e4ndig - Naturligt Tr\u00e4 - Brun - TRUUSK - Hem, Tr\u00e4dg\u00e5rd &amp; Fritid","og_description":"Karakt\u00e4rsfull tr\u00e4dg\u00e5rdsstol &#8211; ren avkoppling i det fria! Denna tr\u00e4stol \u00e4r ett riktigt blickf\u00e5ng &#8211; oavsett om det \u00e4r i...","og_url":"https:\/\/truusk.store\/sv\/produkt\/truusk-tradgardsstol-med-hog-rygg-upp-till-113-kg-vaderbestandig-naturligt-tra-brun\/","og_site_name":"TRUUSK - Hem, Tr\u00e4dg\u00e5rd &amp; Fritid","article_modified_time":"2026-03-12T08:38:15+00:00","og_image":[{"width":800,"height":800,"url":"https:\/\/i0.wp.com\/truusk.se\/wp-content\/uploads\/2024\/04\/tradgardsstol-utomhusstol-med-hog-rygg-upp-till-113-kg-vaderbestandig-naturligt-tra-brun.webp?fit=800%2C800&ssl=1","type":"image\/webp"}],"twitter_card":"summary_large_image","twitter_misc":{"Ber\u00e4knad l\u00e4stid":"1 minut"},"schema":{"@context":"https:\/\/schema.org","@graph":[{"@type":"WebPage","@id":"https:\/\/truusk.store\/sv\/produkt\/truusk-tradgardsstol-med-hog-rygg-upp-till-113-kg-vaderbestandig-naturligt-tra-brun\/","url":"https:\/\/truusk.store\/sv\/produkt\/truusk-tradgardsstol-med-hog-rygg-upp-till-113-kg-vaderbestandig-naturligt-tra-brun\/","name":"TRUUSK Tr\u00e4dg\u00e5rdsstol med H\u00f6g Rygg - Upp Till 113 kg - V\u00e4derbest\u00e4ndig - Naturligt Tr\u00e4 - Brun - TRUUSK - Hem, Tr\u00e4dg\u00e5rd &amp; Fritid","isPartOf":{"@id":"https:\/\/truusk.store\/sv\/#website"},"primaryImageOfPage":{"@id":"https:\/\/truusk.store\/sv\/produkt\/truusk-tradgardsstol-med-hog-rygg-upp-till-113-kg-vaderbestandig-naturligt-tra-brun\/#primaryimage"},"image":{"@id":"https:\/\/truusk.store\/sv\/produkt\/truusk-tradgardsstol-med-hog-rygg-upp-till-113-kg-vaderbestandig-naturligt-tra-brun\/#primaryimage"},"thumbnailUrl":"https:\/\/i0.wp.com\/truusk.store\/wp-content\/uploads\/2024\/04\/tradgardsstol-utomhusstol-med-hog-rygg-upp-till-113-kg-vaderbestandig-naturligt-tra-brun.webp?fit=800%2C800&ssl=1","datePublished":"2024-04-18T02:50:08+00:00","dateModified":"2026-03-12T08:38:15+00:00","breadcrumb":{"@id":"https:\/\/truusk.store\/sv\/produkt\/truusk-tradgardsstol-med-hog-rygg-upp-till-113-kg-vaderbestandig-naturligt-tra-brun\/#breadcrumb"},"inLanguage":"sv-SE","potentialAction":[{"@type":"ReadAction","target":["https:\/\/truusk.store\/sv\/produkt\/truusk-tradgardsstol-med-hog-rygg-upp-till-113-kg-vaderbestandig-naturligt-tra-brun\/"]}]},{"@type":"ImageObject","inLanguage":"sv-SE","@id":"https:\/\/truusk.store\/sv\/produkt\/truusk-tradgardsstol-med-hog-rygg-upp-till-113-kg-vaderbestandig-naturligt-tra-brun\/#primaryimage","url":"https:\/\/i0.wp.com\/truusk.store\/wp-content\/uploads\/2024\/04\/tradgardsstol-utomhusstol-med-hog-rygg-upp-till-113-kg-vaderbestandig-naturligt-tra-brun.webp?fit=800%2C800&ssl=1","contentUrl":"https:\/\/i0.wp.com\/truusk.store\/wp-content\/uploads\/2024\/04\/tradgardsstol-utomhusstol-med-hog-rygg-upp-till-113-kg-vaderbestandig-naturligt-tra-brun.webp?fit=800%2C800&ssl=1","width":800,"height":800,"caption":"Tr\u00e4dg\u00e5rdsstol, Utomhusstol Med H\u00f6g Rygg, Upp Till 113 Kg, V\u00e4derbest\u00e4ndig, Naturligt Tr\u00e4, Brun 1"},{"@type":"BreadcrumbList","@id":"https:\/\/truusk.store\/sv\/produkt\/truusk-tradgardsstol-med-hog-rygg-upp-till-113-kg-vaderbestandig-naturligt-tra-brun\/#breadcrumb","itemListElement":[{"@type":"ListItem","position":1,"name":"Home","item":"https:\/\/truusk.store\/sv\/"},{"@type":"ListItem","position":2,"name":"Shop","item":"https:\/\/truusk.store\/shop\/"},{"@type":"ListItem","position":3,"name":"TRUUSK Tr\u00e4dg\u00e5rdsstol med H\u00f6g Rygg &#8211; Upp Till 113 kg &#8211; V\u00e4derbest\u00e4ndig &#8211; Naturligt Tr\u00e4 &#8211; Brun"}]},{"@type":"WebSite","@id":"https:\/\/truusk.store\/sv\/#website","url":"https:\/\/truusk.store\/sv\/","name":"TRUUSK - Hem, Tr\u00e4dg\u00e5rd & Fritid","description":"","publisher":{"@id":"https:\/\/truusk.store\/sv\/#organization"},"potentialAction":[{"@type":"SearchAction","target":{"@type":"EntryPoint","urlTemplate":"https:\/\/truusk.store\/sv\/?s={search_term_string}"},"query-input":{"@type":"PropertyValueSpecification","valueRequired":true,"valueName":"search_term_string"}}],"inLanguage":"sv-SE"},{"@type":"Organization","@id":"https:\/\/truusk.store\/sv\/#organization","name":"TRUUSK - Hem, Tr\u00e4dg\u00e5rd & Fritid","url":"https:\/\/truusk.store\/sv\/","logo":{"@type":"ImageObject","inLanguage":"sv-SE","@id":"https:\/\/truusk.store\/sv\/#\/schema\/logo\/image\/","url":"https:\/\/i0.wp.com\/truusk.store\/wp-content\/uploads\/2026\/03\/cropped-TRUUSK.png?fit=2032%2C917&ssl=1","contentUrl":"https:\/\/i0.wp.com\/truusk.store\/wp-content\/uploads\/2026\/03\/cropped-TRUUSK.png?fit=2032%2C917&ssl=1","width":2032,"height":917,"caption":"TRUUSK - Hem, Tr\u00e4dg\u00e5rd & Fritid"},"image":{"@id":"https:\/\/truusk.store\/sv\/#\/schema\/logo\/image\/"}}]}},"jetpack_sharing_enabled":true,"_links":{"self":[{"href":"https:\/\/truusk.store\/sv\/wp-json\/wp\/v2\/product\/53452","targetHints":{"allow":["GET"]}}],"collection":[{"href":"https:\/\/truusk.store\/sv\/wp-json\/wp\/v2\/product"}],"about":[{"href":"https:\/\/truusk.store\/sv\/wp-json\/wp\/v2\/types\/product"}],"wp:featuredmedia":[{"embeddable":true,"href":"https:\/\/truusk.store\/sv\/wp-json\/wp\/v2\/media\/53453"}],"wp:attachment":[{"href":"https:\/\/truusk.store\/sv\/wp-json\/wp\/v2\/media?parent=53452"}],"wp:term":[{"taxonomy":"product_brand","embeddable":true,"href":"https:\/\/truusk.store\/sv\/wp-json\/wp\/v2\/product_brand?post=53452"},{"taxonomy":"product_cat","embeddable":true,"href":"https:\/\/truusk.store\/sv\/wp-json\/wp\/v2\/product_cat?post=53452"},{"taxonomy":"product_tag","embeddable":true,"href":"https:\/\/truusk.store\/sv\/wp-json\/wp\/v2\/product_tag?post=53452"}],"curies":[{"name":"wp","href":"https:\/\/api.w.org\/{rel}","templated":true}]}}