{"id":53503,"date":"2024-04-18T04:40:09","date_gmt":"2024-04-18T03:40:09","guid":{"rendered":"https:\/\/truusk.store\/product\/avslappningsstol-med-sangfunktion-inklusive-1-dyna-70-cm-x-70-cm-x-61-cm-ljusgra\/"},"modified":"2026-03-12T09:32:17","modified_gmt":"2026-03-12T08:32:17","slug":"truusk-avslappningsstol-med-sangfunktion-inklusive-1-dyna-70-cm-x-70-cm-x-61-cm-ljusgra","status":"publish","type":"product","link":"https:\/\/truusk.store\/sv\/produkt\/truusk-avslappningsstol-med-sangfunktion-inklusive-1-dyna-70-cm-x-70-cm-x-61-cm-ljusgra\/","title":{"rendered":"TRUUSK Avslappningsstol med S\u00e4ngfunktion &#8211; Inklusive 1 Dyna &#8211; 70 cm x 70 cm x 61 cm &#8211; Ljusgr\u00e5"},"content":{"rendered":"<p>Alla \u00e4lskar vardagsrumsm\u00f6bler med dubbla funktioner. Speciellt f\u00f6r m\u00e4nniskor som bor i sm\u00e5 utrymmen. B\u00e4ddsoffan erbjuder inte bara en sovplats, utan \u00e4ven en g\u00e4sts\u00e4ng f\u00f6r en \u00f6vernattande g\u00e4st. Det mjuka, l\u00e4ttsk\u00f6tta tyget och den tjocka skumplasten p\u00e5 stols\u00e4ngen s\u00e4kerst\u00e4ller exceptionell sittkomfort.<\/p>\n<h3>Beskrivning:<\/h3>\n<ul>\n<li>F\u00f6rvandlas snabbt och enkelt till en bekv\u00e4m soffa eller s\u00e4ng<\/li>\n<li>Denna b\u00e4ddsoffa med s\u00e4ngfunktion kan anv\u00e4ndas frist\u00e5ende eller s\u00e4ttas ihop till en sittgrupp<\/li>\n<li>Den mjukt vadderade sitsen och extra kudden garanterar exceptionell komfort<\/li>\n<li>Det \u00f6vre materialet \u00e4r l\u00e4ttsk\u00f6tt och andas<\/li>\n<li>\u00d6rngott \u00e4r avtagbart och tv\u00e4ttbart<\/li>\n<\/ul>\n<h3>Teknisk data:<\/h3>\n<ul>\n<li>F\u00e4rg: ljusgr\u00e5<\/li>\n<li>Material: linneimitation, skum<\/li>\n<li>\u00d6vergripande m\u00e5tt: 70L x 70W x 61H cm (soffa), 70L x 174W x 15H cm (s\u00e4ng)<\/li>\n<li>Sittm\u00e5tt: 70W x 55D x 30H cm<\/li>\n<li>Ryggst\u00f6dsm\u00e5tt: 70W x 31H cm<\/li>\n<li>Lastkapacitet: 120 kg<\/li>\n<\/ul>\n<h3>Leveransens omfattning:<\/h3>\n<ul>\n<li>1 x Sovstol<\/li>\n<li>1 x bruksanvisning<\/li>\n<\/ul>\n","protected":false},"excerpt":{"rendered":"<p>Alla \u00e4lskar vardagsrumsm\u00f6bler med dubbla funktioner. Speciellt f\u00f6r m\u00e4nniskor som bor i sm\u00e5 utrymmen. B\u00e4ddsoffan erbjuder inte bara en sovplats,&#8230;<\/p>\n","protected":false},"featured_media":53504,"template":"","meta":[],"product_brand":[],"product_cat":[521,485,525],"product_tag":[],"class_list":{"0":"post-53503","1":"product","2":"type-product","3":"status-publish","4":"has-post-thumbnail","6":"product_cat-fatolj","7":"product_cat-hus-bo","8":"product_cat-sovstol","10":"first","11":"instock","12":"sale","13":"taxable","14":"shipping-taxable","15":"purchasable","16":"product-type-simple"},"yoast_head":"<!-- This site is optimized with the Yoast SEO plugin v25.4 - https:\/\/yoast.com\/wordpress\/plugins\/seo\/ -->\n<title>TRUUSK Avslappningsstol med S\u00e4ngfunktion - Inklusive 1 Dyna - 70 cm x 70 cm x 61 cm - Ljusgr\u00e5 - TRUUSK - Hem, Tr\u00e4dg\u00e5rd &amp; Fritid<\/title>\n<meta name=\"robots\" content=\"index, follow, max-snippet:-1, max-image-preview:large, max-video-preview:-1\" \/>\n<link rel=\"canonical\" href=\"https:\/\/truusk.store\/sv\/produkt\/truusk-avslappningsstol-med-sangfunktion-inklusive-1-dyna-70-cm-x-70-cm-x-61-cm-ljusgra\/\" \/>\n<meta property=\"og:locale\" content=\"sv_SE\" \/>\n<meta property=\"og:type\" content=\"article\" \/>\n<meta property=\"og:title\" content=\"TRUUSK Avslappningsstol med S\u00e4ngfunktion - Inklusive 1 Dyna - 70 cm x 70 cm x 61 cm - Ljusgr\u00e5 - TRUUSK - Hem, Tr\u00e4dg\u00e5rd &amp; Fritid\" \/>\n<meta property=\"og:description\" content=\"Alla \u00e4lskar vardagsrumsm\u00f6bler med dubbla funktioner. Speciellt f\u00f6r m\u00e4nniskor som bor i sm\u00e5 utrymmen. B\u00e4ddsoffan erbjuder inte bara en sovplats,...\" \/>\n<meta property=\"og:url\" content=\"https:\/\/truusk.store\/sv\/produkt\/truusk-avslappningsstol-med-sangfunktion-inklusive-1-dyna-70-cm-x-70-cm-x-61-cm-ljusgra\/\" \/>\n<meta property=\"og:site_name\" content=\"TRUUSK - Hem, Tr\u00e4dg\u00e5rd &amp; Fritid\" \/>\n<meta property=\"article:modified_time\" content=\"2026-03-12T08:32:17+00:00\" \/>\n<meta property=\"og:image\" content=\"https:\/\/i0.wp.com\/truusk.se\/wp-content\/uploads\/2024\/04\/avslappningsstol-med-sangfunktion-inklusive-1-dyna-70-cm-x-70-cm-x-61-cm-ljusgra.webp?fit=800%2C800&ssl=1\" \/>\n\t<meta property=\"og:image:width\" content=\"800\" \/>\n\t<meta property=\"og:image:height\" content=\"800\" \/>\n\t<meta property=\"og:image:type\" content=\"image\/webp\" \/>\n<meta name=\"twitter:card\" content=\"summary_large_image\" \/>\n<meta name=\"twitter:label1\" content=\"Ber\u00e4knad l\u00e4stid\" \/>\n\t<meta name=\"twitter:data1\" content=\"1 minut\" \/>\n<!-- \/ Yoast SEO plugin. -->","yoast_head_json":{"title":"TRUUSK Avslappningsstol med S\u00e4ngfunktion - Inklusive 1 Dyna - 70 cm x 70 cm x 61 cm - Ljusgr\u00e5 - TRUUSK - Hem, Tr\u00e4dg\u00e5rd &amp; Fritid","robots":{"index":"index","follow":"follow","max-snippet":"max-snippet:-1","max-image-preview":"max-image-preview:large","max-video-preview":"max-video-preview:-1"},"canonical":"https:\/\/truusk.store\/sv\/produkt\/truusk-avslappningsstol-med-sangfunktion-inklusive-1-dyna-70-cm-x-70-cm-x-61-cm-ljusgra\/","og_locale":"sv_SE","og_type":"article","og_title":"TRUUSK Avslappningsstol med S\u00e4ngfunktion - Inklusive 1 Dyna - 70 cm x 70 cm x 61 cm - Ljusgr\u00e5 - TRUUSK - Hem, Tr\u00e4dg\u00e5rd &amp; Fritid","og_description":"Alla \u00e4lskar vardagsrumsm\u00f6bler med dubbla funktioner. Speciellt f\u00f6r m\u00e4nniskor som bor i sm\u00e5 utrymmen. B\u00e4ddsoffan erbjuder inte bara en sovplats,...","og_url":"https:\/\/truusk.store\/sv\/produkt\/truusk-avslappningsstol-med-sangfunktion-inklusive-1-dyna-70-cm-x-70-cm-x-61-cm-ljusgra\/","og_site_name":"TRUUSK - Hem, Tr\u00e4dg\u00e5rd &amp; Fritid","article_modified_time":"2026-03-12T08:32:17+00:00","og_image":[{"width":800,"height":800,"url":"https:\/\/i0.wp.com\/truusk.se\/wp-content\/uploads\/2024\/04\/avslappningsstol-med-sangfunktion-inklusive-1-dyna-70-cm-x-70-cm-x-61-cm-ljusgra.webp?fit=800%2C800&ssl=1","type":"image\/webp"}],"twitter_card":"summary_large_image","twitter_misc":{"Ber\u00e4knad l\u00e4stid":"1 minut"},"schema":{"@context":"https:\/\/schema.org","@graph":[{"@type":"WebPage","@id":"https:\/\/truusk.store\/sv\/produkt\/truusk-avslappningsstol-med-sangfunktion-inklusive-1-dyna-70-cm-x-70-cm-x-61-cm-ljusgra\/","url":"https:\/\/truusk.store\/sv\/produkt\/truusk-avslappningsstol-med-sangfunktion-inklusive-1-dyna-70-cm-x-70-cm-x-61-cm-ljusgra\/","name":"TRUUSK Avslappningsstol med S\u00e4ngfunktion - Inklusive 1 Dyna - 70 cm x 70 cm x 61 cm - Ljusgr\u00e5 - TRUUSK - Hem, Tr\u00e4dg\u00e5rd &amp; Fritid","isPartOf":{"@id":"https:\/\/truusk.store\/sv\/#website"},"primaryImageOfPage":{"@id":"https:\/\/truusk.store\/sv\/produkt\/truusk-avslappningsstol-med-sangfunktion-inklusive-1-dyna-70-cm-x-70-cm-x-61-cm-ljusgra\/#primaryimage"},"image":{"@id":"https:\/\/truusk.store\/sv\/produkt\/truusk-avslappningsstol-med-sangfunktion-inklusive-1-dyna-70-cm-x-70-cm-x-61-cm-ljusgra\/#primaryimage"},"thumbnailUrl":"https:\/\/i0.wp.com\/truusk.store\/wp-content\/uploads\/2024\/04\/avslappningsstol-med-sangfunktion-inklusive-1-dyna-70-cm-x-70-cm-x-61-cm-ljusgra.webp?fit=800%2C800&ssl=1","datePublished":"2024-04-18T03:40:09+00:00","dateModified":"2026-03-12T08:32:17+00:00","breadcrumb":{"@id":"https:\/\/truusk.store\/sv\/produkt\/truusk-avslappningsstol-med-sangfunktion-inklusive-1-dyna-70-cm-x-70-cm-x-61-cm-ljusgra\/#breadcrumb"},"inLanguage":"sv-SE","potentialAction":[{"@type":"ReadAction","target":["https:\/\/truusk.store\/sv\/produkt\/truusk-avslappningsstol-med-sangfunktion-inklusive-1-dyna-70-cm-x-70-cm-x-61-cm-ljusgra\/"]}]},{"@type":"ImageObject","inLanguage":"sv-SE","@id":"https:\/\/truusk.store\/sv\/produkt\/truusk-avslappningsstol-med-sangfunktion-inklusive-1-dyna-70-cm-x-70-cm-x-61-cm-ljusgra\/#primaryimage","url":"https:\/\/i0.wp.com\/truusk.store\/wp-content\/uploads\/2024\/04\/avslappningsstol-med-sangfunktion-inklusive-1-dyna-70-cm-x-70-cm-x-61-cm-ljusgra.webp?fit=800%2C800&ssl=1","contentUrl":"https:\/\/i0.wp.com\/truusk.store\/wp-content\/uploads\/2024\/04\/avslappningsstol-med-sangfunktion-inklusive-1-dyna-70-cm-x-70-cm-x-61-cm-ljusgra.webp?fit=800%2C800&ssl=1","width":800,"height":800,"caption":"Avslappningsstol Med S\u00e4ngfunktion, Inklusive 1 Dyna, 70 Cm X 70 Cm X 61 Cm, Ljusgr\u00e5 1"},{"@type":"BreadcrumbList","@id":"https:\/\/truusk.store\/sv\/produkt\/truusk-avslappningsstol-med-sangfunktion-inklusive-1-dyna-70-cm-x-70-cm-x-61-cm-ljusgra\/#breadcrumb","itemListElement":[{"@type":"ListItem","position":1,"name":"Home","item":"https:\/\/truusk.store\/sv\/"},{"@type":"ListItem","position":2,"name":"Shop","item":"https:\/\/truusk.store\/shop\/"},{"@type":"ListItem","position":3,"name":"TRUUSK Avslappningsstol med S\u00e4ngfunktion &#8211; Inklusive 1 Dyna &#8211; 70 cm x 70 cm x 61 cm &#8211; Ljusgr\u00e5"}]},{"@type":"WebSite","@id":"https:\/\/truusk.store\/sv\/#website","url":"https:\/\/truusk.store\/sv\/","name":"TRUUSK - Hem, Tr\u00e4dg\u00e5rd & Fritid","description":"","publisher":{"@id":"https:\/\/truusk.store\/sv\/#organization"},"potentialAction":[{"@type":"SearchAction","target":{"@type":"EntryPoint","urlTemplate":"https:\/\/truusk.store\/sv\/?s={search_term_string}"},"query-input":{"@type":"PropertyValueSpecification","valueRequired":true,"valueName":"search_term_string"}}],"inLanguage":"sv-SE"},{"@type":"Organization","@id":"https:\/\/truusk.store\/sv\/#organization","name":"TRUUSK - Hem, Tr\u00e4dg\u00e5rd & Fritid","url":"https:\/\/truusk.store\/sv\/","logo":{"@type":"ImageObject","inLanguage":"sv-SE","@id":"https:\/\/truusk.store\/sv\/#\/schema\/logo\/image\/","url":"https:\/\/i0.wp.com\/truusk.store\/wp-content\/uploads\/2026\/03\/cropped-TRUUSK.png?fit=2032%2C917&ssl=1","contentUrl":"https:\/\/i0.wp.com\/truusk.store\/wp-content\/uploads\/2026\/03\/cropped-TRUUSK.png?fit=2032%2C917&ssl=1","width":2032,"height":917,"caption":"TRUUSK - Hem, Tr\u00e4dg\u00e5rd & Fritid"},"image":{"@id":"https:\/\/truusk.store\/sv\/#\/schema\/logo\/image\/"}}]}},"jetpack_sharing_enabled":true,"_links":{"self":[{"href":"https:\/\/truusk.store\/sv\/wp-json\/wp\/v2\/product\/53503","targetHints":{"allow":["GET"]}}],"collection":[{"href":"https:\/\/truusk.store\/sv\/wp-json\/wp\/v2\/product"}],"about":[{"href":"https:\/\/truusk.store\/sv\/wp-json\/wp\/v2\/types\/product"}],"wp:featuredmedia":[{"embeddable":true,"href":"https:\/\/truusk.store\/sv\/wp-json\/wp\/v2\/media\/53504"}],"wp:attachment":[{"href":"https:\/\/truusk.store\/sv\/wp-json\/wp\/v2\/media?parent=53503"}],"wp:term":[{"taxonomy":"product_brand","embeddable":true,"href":"https:\/\/truusk.store\/sv\/wp-json\/wp\/v2\/product_brand?post=53503"},{"taxonomy":"product_cat","embeddable":true,"href":"https:\/\/truusk.store\/sv\/wp-json\/wp\/v2\/product_cat?post=53503"},{"taxonomy":"product_tag","embeddable":true,"href":"https:\/\/truusk.store\/sv\/wp-json\/wp\/v2\/product_tag?post=53503"}],"curies":[{"name":"wp","href":"https:\/\/api.w.org\/{rel}","templated":true}]}}