{"id":53514,"date":"2024-04-18T04:50:09","date_gmt":"2024-04-18T03:50:09","guid":{"rendered":"https:\/\/truusk.store\/product\/handdukshangare-handdukshangare-set-med-3-handdukstorkar-industriell-design-bambu-45-x-225-x-86-cm-vit-natur\/"},"modified":"2026-03-12T09:39:19","modified_gmt":"2026-03-12T08:39:19","slug":"truusk-handdukshangare-set-industriell-design-bambu-3-handdukstorkar-45-x-225-x-86-cm-vit-natur","status":"publish","type":"product","link":"https:\/\/truusk.store\/sv\/produkt\/truusk-handdukshangare-set-industriell-design-bambu-3-handdukstorkar-45-x-225-x-86-cm-vit-natur\/","title":{"rendered":"TRUUSK Handduksh\u00e4ngare Set &#8211; Industriell Design &#8211; Bambu &#8211; 3 Handdukstorkar &#8211; 45 x 22,5 x 86 cm &#8211; Vit + Natur"},"content":{"rendered":"<p>H\u00e4ng dina handdukar p\u00e5 detta praktiska handduksst\u00e4ll med 3 skenor. Handduksh\u00e4ngaren \u00e4r tillverkad av kraftig bambu och metall f\u00f6r ett naturligt utseende och l\u00e4mpar sig f\u00f6r vardagsbruk, medan handduksh\u00e4ngarens kl\u00e4dst\u00e5ng \u00e4r gjorda av stadig, l\u00e4ttst\u00e4dad bambu. Dess frist\u00e5ende design g\u00f6r att den kan placeras bredvid duschen, badkaret eller var som helst.<\/p>\n<h3>Beskrivning:<\/h3>\n<ul>\n<li>Med trev\u00e5ningshandduksh\u00e4ngaren kan du skapa mer utrymme f\u00f6r badlakan<\/li>\n<li>Den tv\u00e5f\u00e4rgade designen ger stil till badrummet<\/li>\n<li>Den st\u00e5ende handduksh\u00e5llarens bambu- och st\u00e5lkonstruktion \u00e4r l\u00e4tt och b\u00e4rbar<\/li>\n<li>Halkfria silikonf\u00f6tter ing\u00e5r<\/li>\n<li>Enkel montering p\u00e5 bara n\u00e5gra minuter<\/li>\n<\/ul>\n<h3>Teknisk data:<\/h3>\n<ul>\n<li>F\u00e4rger: Vit+Naturlig<\/li>\n<li>Material: st\u00e5l, bambu<\/li>\n<li>\u00d6vergripande m\u00e5tt: 45L x 22,5W x 86H cm<\/li>\n<li>H\u00f6jd p\u00e5 varje stolpe: 69 \/ 77,5 \/ 86 cm<\/li>\n<li>St\u00e5ngavst\u00e5nd: 7,5 cm<\/li>\n<li>Rekommenderad lastkapacitet: 2 kg (per handdukstork)<\/li>\n<\/ul>\n<h3>Leveransens omfattning:<\/h3>\n<ul>\n<li>1 x handduksst\u00e4ll<\/li>\n<li>1 x Instruktioner<\/li>\n<\/ul>\n","protected":false},"excerpt":{"rendered":"<p>H\u00e4ng dina handdukar p\u00e5 detta praktiska handduksst\u00e4ll med 3 skenor. Handduksh\u00e4ngaren \u00e4r tillverkad av kraftig bambu och metall f\u00f6r ett&#8230;<\/p>\n","protected":false},"featured_media":53515,"template":"","meta":[],"product_brand":[],"product_cat":[489,490,485],"product_tag":[],"class_list":{"0":"post-53514","1":"product","2":"type-product","3":"status-publish","4":"has-post-thumbnail","6":"product_cat-badrum-sanitar","7":"product_cat-badrumsradiator-och-handdukshangare","8":"product_cat-hus-bo","10":"first","11":"instock","12":"sale","13":"taxable","14":"shipping-taxable","15":"purchasable","16":"product-type-simple"},"yoast_head":"<!-- This site is optimized with the Yoast SEO plugin v25.4 - https:\/\/yoast.com\/wordpress\/plugins\/seo\/ -->\n<title>TRUUSK Handduksh\u00e4ngare Set - Industriell Design - Bambu - 3 Handdukstorkar - 45 x 22,5 x 86 cm - Vit + Natur - TRUUSK - Hem, Tr\u00e4dg\u00e5rd &amp; Fritid<\/title>\n<meta name=\"robots\" content=\"index, follow, max-snippet:-1, max-image-preview:large, max-video-preview:-1\" \/>\n<link rel=\"canonical\" href=\"https:\/\/truusk.store\/sv\/produkt\/truusk-handdukshangare-set-industriell-design-bambu-3-handdukstorkar-45-x-225-x-86-cm-vit-natur\/\" \/>\n<meta property=\"og:locale\" content=\"sv_SE\" \/>\n<meta property=\"og:type\" content=\"article\" \/>\n<meta property=\"og:title\" content=\"TRUUSK Handduksh\u00e4ngare Set - Industriell Design - Bambu - 3 Handdukstorkar - 45 x 22,5 x 86 cm - Vit + Natur - TRUUSK - Hem, Tr\u00e4dg\u00e5rd &amp; Fritid\" \/>\n<meta property=\"og:description\" content=\"H\u00e4ng dina handdukar p\u00e5 detta praktiska handduksst\u00e4ll med 3 skenor. Handduksh\u00e4ngaren \u00e4r tillverkad av kraftig bambu och metall f\u00f6r ett...\" \/>\n<meta property=\"og:url\" content=\"https:\/\/truusk.store\/sv\/produkt\/truusk-handdukshangare-set-industriell-design-bambu-3-handdukstorkar-45-x-225-x-86-cm-vit-natur\/\" \/>\n<meta property=\"og:site_name\" content=\"TRUUSK - Hem, Tr\u00e4dg\u00e5rd &amp; Fritid\" \/>\n<meta property=\"article:modified_time\" content=\"2026-03-12T08:39:19+00:00\" \/>\n<meta property=\"og:image\" content=\"https:\/\/i0.wp.com\/truusk.se\/wp-content\/uploads\/2024\/04\/handdukshangare-handdukshangare-set-med-3-handdukstorkar-industriell-design-bambu-45-x-225-x-86-cm-vit-natur.webp?fit=800%2C800&ssl=1\" \/>\n\t<meta property=\"og:image:width\" content=\"800\" \/>\n\t<meta property=\"og:image:height\" content=\"800\" \/>\n\t<meta property=\"og:image:type\" content=\"image\/webp\" \/>\n<meta name=\"twitter:card\" content=\"summary_large_image\" \/>\n<meta name=\"twitter:label1\" content=\"Ber\u00e4knad l\u00e4stid\" \/>\n\t<meta name=\"twitter:data1\" content=\"1 minut\" \/>\n<!-- \/ Yoast SEO plugin. -->","yoast_head_json":{"title":"TRUUSK Handduksh\u00e4ngare Set - Industriell Design - Bambu - 3 Handdukstorkar - 45 x 22,5 x 86 cm - Vit + Natur - TRUUSK - Hem, Tr\u00e4dg\u00e5rd &amp; Fritid","robots":{"index":"index","follow":"follow","max-snippet":"max-snippet:-1","max-image-preview":"max-image-preview:large","max-video-preview":"max-video-preview:-1"},"canonical":"https:\/\/truusk.store\/sv\/produkt\/truusk-handdukshangare-set-industriell-design-bambu-3-handdukstorkar-45-x-225-x-86-cm-vit-natur\/","og_locale":"sv_SE","og_type":"article","og_title":"TRUUSK Handduksh\u00e4ngare Set - Industriell Design - Bambu - 3 Handdukstorkar - 45 x 22,5 x 86 cm - Vit + Natur - TRUUSK - Hem, Tr\u00e4dg\u00e5rd &amp; Fritid","og_description":"H\u00e4ng dina handdukar p\u00e5 detta praktiska handduksst\u00e4ll med 3 skenor. Handduksh\u00e4ngaren \u00e4r tillverkad av kraftig bambu och metall f\u00f6r ett...","og_url":"https:\/\/truusk.store\/sv\/produkt\/truusk-handdukshangare-set-industriell-design-bambu-3-handdukstorkar-45-x-225-x-86-cm-vit-natur\/","og_site_name":"TRUUSK - Hem, Tr\u00e4dg\u00e5rd &amp; Fritid","article_modified_time":"2026-03-12T08:39:19+00:00","og_image":[{"width":800,"height":800,"url":"https:\/\/i0.wp.com\/truusk.se\/wp-content\/uploads\/2024\/04\/handdukshangare-handdukshangare-set-med-3-handdukstorkar-industriell-design-bambu-45-x-225-x-86-cm-vit-natur.webp?fit=800%2C800&ssl=1","type":"image\/webp"}],"twitter_card":"summary_large_image","twitter_misc":{"Ber\u00e4knad l\u00e4stid":"1 minut"},"schema":{"@context":"https:\/\/schema.org","@graph":[{"@type":"WebPage","@id":"https:\/\/truusk.store\/sv\/produkt\/truusk-handdukshangare-set-industriell-design-bambu-3-handdukstorkar-45-x-225-x-86-cm-vit-natur\/","url":"https:\/\/truusk.store\/sv\/produkt\/truusk-handdukshangare-set-industriell-design-bambu-3-handdukstorkar-45-x-225-x-86-cm-vit-natur\/","name":"TRUUSK Handduksh\u00e4ngare Set - Industriell Design - Bambu - 3 Handdukstorkar - 45 x 22,5 x 86 cm - Vit + Natur - TRUUSK - Hem, Tr\u00e4dg\u00e5rd &amp; Fritid","isPartOf":{"@id":"https:\/\/truusk.store\/sv\/#website"},"primaryImageOfPage":{"@id":"https:\/\/truusk.store\/sv\/produkt\/truusk-handdukshangare-set-industriell-design-bambu-3-handdukstorkar-45-x-225-x-86-cm-vit-natur\/#primaryimage"},"image":{"@id":"https:\/\/truusk.store\/sv\/produkt\/truusk-handdukshangare-set-industriell-design-bambu-3-handdukstorkar-45-x-225-x-86-cm-vit-natur\/#primaryimage"},"thumbnailUrl":"https:\/\/i0.wp.com\/truusk.store\/wp-content\/uploads\/2024\/04\/handdukshangare-handdukshangare-set-med-3-handdukstorkar-industriell-design-bambu-45-x-225-x-86-cm-vit-natur.webp?fit=800%2C800&ssl=1","datePublished":"2024-04-18T03:50:09+00:00","dateModified":"2026-03-12T08:39:19+00:00","breadcrumb":{"@id":"https:\/\/truusk.store\/sv\/produkt\/truusk-handdukshangare-set-industriell-design-bambu-3-handdukstorkar-45-x-225-x-86-cm-vit-natur\/#breadcrumb"},"inLanguage":"sv-SE","potentialAction":[{"@type":"ReadAction","target":["https:\/\/truusk.store\/sv\/produkt\/truusk-handdukshangare-set-industriell-design-bambu-3-handdukstorkar-45-x-225-x-86-cm-vit-natur\/"]}]},{"@type":"ImageObject","inLanguage":"sv-SE","@id":"https:\/\/truusk.store\/sv\/produkt\/truusk-handdukshangare-set-industriell-design-bambu-3-handdukstorkar-45-x-225-x-86-cm-vit-natur\/#primaryimage","url":"https:\/\/i0.wp.com\/truusk.store\/wp-content\/uploads\/2024\/04\/handdukshangare-handdukshangare-set-med-3-handdukstorkar-industriell-design-bambu-45-x-225-x-86-cm-vit-natur.webp?fit=800%2C800&ssl=1","contentUrl":"https:\/\/i0.wp.com\/truusk.store\/wp-content\/uploads\/2024\/04\/handdukshangare-handdukshangare-set-med-3-handdukstorkar-industriell-design-bambu-45-x-225-x-86-cm-vit-natur.webp?fit=800%2C800&ssl=1","width":800,"height":800,"caption":"Handduksh\u00e4ngare Handduksh\u00e4ngare Set Med 3 Handdukstorkar, Industriell Design, Bambu, 45 X 22,5 X 86 Cm, Vit + Natur 1"},{"@type":"BreadcrumbList","@id":"https:\/\/truusk.store\/sv\/produkt\/truusk-handdukshangare-set-industriell-design-bambu-3-handdukstorkar-45-x-225-x-86-cm-vit-natur\/#breadcrumb","itemListElement":[{"@type":"ListItem","position":1,"name":"Home","item":"https:\/\/truusk.store\/sv\/"},{"@type":"ListItem","position":2,"name":"Shop","item":"https:\/\/truusk.store\/shop\/"},{"@type":"ListItem","position":3,"name":"TRUUSK Handduksh\u00e4ngare Set &#8211; Industriell Design &#8211; Bambu &#8211; 3 Handdukstorkar &#8211; 45 x 22,5 x 86 cm &#8211; Vit + Natur"}]},{"@type":"WebSite","@id":"https:\/\/truusk.store\/sv\/#website","url":"https:\/\/truusk.store\/sv\/","name":"TRUUSK - Hem, Tr\u00e4dg\u00e5rd & Fritid","description":"","publisher":{"@id":"https:\/\/truusk.store\/sv\/#organization"},"potentialAction":[{"@type":"SearchAction","target":{"@type":"EntryPoint","urlTemplate":"https:\/\/truusk.store\/sv\/?s={search_term_string}"},"query-input":{"@type":"PropertyValueSpecification","valueRequired":true,"valueName":"search_term_string"}}],"inLanguage":"sv-SE"},{"@type":"Organization","@id":"https:\/\/truusk.store\/sv\/#organization","name":"TRUUSK - Hem, Tr\u00e4dg\u00e5rd & Fritid","url":"https:\/\/truusk.store\/sv\/","logo":{"@type":"ImageObject","inLanguage":"sv-SE","@id":"https:\/\/truusk.store\/sv\/#\/schema\/logo\/image\/","url":"https:\/\/i0.wp.com\/truusk.store\/wp-content\/uploads\/2026\/03\/cropped-TRUUSK.png?fit=2032%2C917&ssl=1","contentUrl":"https:\/\/i0.wp.com\/truusk.store\/wp-content\/uploads\/2026\/03\/cropped-TRUUSK.png?fit=2032%2C917&ssl=1","width":2032,"height":917,"caption":"TRUUSK - Hem, Tr\u00e4dg\u00e5rd & Fritid"},"image":{"@id":"https:\/\/truusk.store\/sv\/#\/schema\/logo\/image\/"}}]}},"jetpack_sharing_enabled":true,"_links":{"self":[{"href":"https:\/\/truusk.store\/sv\/wp-json\/wp\/v2\/product\/53514","targetHints":{"allow":["GET"]}}],"collection":[{"href":"https:\/\/truusk.store\/sv\/wp-json\/wp\/v2\/product"}],"about":[{"href":"https:\/\/truusk.store\/sv\/wp-json\/wp\/v2\/types\/product"}],"wp:featuredmedia":[{"embeddable":true,"href":"https:\/\/truusk.store\/sv\/wp-json\/wp\/v2\/media\/53515"}],"wp:attachment":[{"href":"https:\/\/truusk.store\/sv\/wp-json\/wp\/v2\/media?parent=53514"}],"wp:term":[{"taxonomy":"product_brand","embeddable":true,"href":"https:\/\/truusk.store\/sv\/wp-json\/wp\/v2\/product_brand?post=53514"},{"taxonomy":"product_cat","embeddable":true,"href":"https:\/\/truusk.store\/sv\/wp-json\/wp\/v2\/product_cat?post=53514"},{"taxonomy":"product_tag","embeddable":true,"href":"https:\/\/truusk.store\/sv\/wp-json\/wp\/v2\/product_tag?post=53514"}],"curies":[{"name":"wp","href":"https:\/\/api.w.org\/{rel}","templated":true}]}}