{"id":53624,"date":"2024-04-18T06:30:08","date_gmt":"2024-04-18T05:30:08","guid":{"rendered":"https:\/\/truusk.store\/product\/campingtalt-for-4-5-personer-separata-vardagsrum-och-sovrum-460l-x-260w-x-190h-cm-gront\/"},"modified":"2026-03-12T09:39:08","modified_gmt":"2026-03-12T08:39:08","slug":"truusk-campingtalt-for-4-5-personer-separata-vardagsrum-och-sovrum-460l-x-260w-x-190h-cm-gront","status":"publish","type":"product","link":"https:\/\/truusk.store\/sv\/produkt\/truusk-campingtalt-for-4-5-personer-separata-vardagsrum-och-sovrum-460l-x-260w-x-190h-cm-gront\/","title":{"rendered":"TRUUSK Campingt\u00e4lt f\u00f6r 4-5 Personer &#8211; Separata Vardagsrum och Sovrum &#8211; 460L x 260W x 190H cm &#8211; Gr\u00f6nt"},"content":{"rendered":"<p>Upplev naturen p\u00e5 n\u00e4ra h\u00e5ll med detta mysiga campingt\u00e4lt! Detta rymliga familjet\u00e4lt erbjuder plats f\u00f6r fyra till fem personer och skiljer p\u00e5 ett smart s\u00e4tt mellan vardagsrum och sovrum. Tunnelt\u00e4ltet har en h\u00f6g frontyta och en mysig l\u00e5g sovplats, t\u00e4ckt av en vattent\u00e4t (3 000 mm vattenpelare) presenning f\u00f6r att h\u00e5lla dig torr. En praktisk lyktkrok s\u00e4kerst\u00e4ller st\u00e4mningsfulla kv\u00e4llar under stj\u00e4rnhimlen.<\/p>\n<h3>Beskrivning:<\/h3>\n<ul>\n<li>Tunnelt\u00e4ltet med h\u00f6g entr\u00e9 och l\u00e5g sovdel skiljer vardagsrummet fr\u00e5n sovdelen och ger plats f\u00f6r 4-5 personer<\/li>\n<li>3 000 mm vattenpelare &#8211; vattent\u00e4t presenning s\u00e4kerst\u00e4ller en torr inredning<\/li>\n<li>Underlakanet med tejpade s\u00f6mmar h\u00e5ller dig torr, \u00e4ven p\u00e5 fuktiga ytor<\/li>\n<li>Krok f\u00f6r lampor ger s\u00e4kert, platsbesparande utrymme f\u00f6r lampor<\/li>\n<li>Sidof\u00f6nster p\u00e5 campingt\u00e4ltet sl\u00e4pper in mycket dagsljus<\/li>\n<li>Inkluderar pinnar, linor och b\u00e4rv\u00e4ska<\/li>\n<\/ul>\n<h3>Teknisk data:<\/h3>\n<ul>\n<li>F\u00e4rg: gr\u00f6n<\/li>\n<li>Material: polyester, PE, plast<\/li>\n<li>\u00d6vergripande m\u00e5tt: 460L x 260W x 190H cm<\/li>\n<li>Vikm\u00e5tt: 68L x 20W x 20H cm<\/li>\n<li>Sovrumsm\u00e5tt: 210L x 240W x 180H cm<\/li>\n<li>Vardagsrumsm\u00e5tt: 250L x 240W x 190H cm<\/li>\n<li>Tr storlek: 140W x 120H cm, 146W x 150H cm<\/li>\n<li>F\u00f6nsterstorlek: 100W x 85H cm<\/li>\n<li>Lastkapacitet: 1 kg (krok f\u00f6r l\u00e4tt)<\/li>\n<\/ul>\n<h3>Leveransens omfattning:<\/h3>\n<ul>\n<li>1 x Campingt\u00e4lt<\/li>\n<li>25 x sill<\/li>\n<li>8 x Guy Rope<\/li>\n<li>1 x B\u00e4rv\u00e4ska<\/li>\n<li>1 x manuell<\/li>\n<\/ul>\n","protected":false},"excerpt":{"rendered":"<p>Upplev naturen p\u00e5 n\u00e4ra h\u00e5ll med detta mysiga campingt\u00e4lt! Detta rymliga familjet\u00e4lt erbjuder plats f\u00f6r fyra till fem personer och&#8230;<\/p>\n","protected":false},"featured_media":53625,"template":"","meta":[],"product_brand":[],"product_cat":[648,647,650],"product_tag":[],"class_list":{"0":"post-53624","1":"product","2":"type-product","3":"status-publish","4":"has-post-thumbnail","6":"product_cat-camping-tillbehor","7":"product_cat-sport-fritid","8":"product_cat-talt","10":"first","11":"instock","12":"sale","13":"taxable","14":"shipping-taxable","15":"purchasable","16":"product-type-simple"},"yoast_head":"<!-- This site is optimized with the Yoast SEO plugin v25.4 - https:\/\/yoast.com\/wordpress\/plugins\/seo\/ -->\n<title>TRUUSK Campingt\u00e4lt f\u00f6r 4-5 Personer - Separata Vardagsrum och Sovrum - 460L x 260W x 190H cm - Gr\u00f6nt - TRUUSK - Hem, Tr\u00e4dg\u00e5rd &amp; Fritid<\/title>\n<meta name=\"robots\" content=\"index, follow, max-snippet:-1, max-image-preview:large, max-video-preview:-1\" \/>\n<link rel=\"canonical\" href=\"https:\/\/truusk.store\/sv\/produkt\/truusk-campingtalt-for-4-5-personer-separata-vardagsrum-och-sovrum-460l-x-260w-x-190h-cm-gront\/\" \/>\n<meta property=\"og:locale\" content=\"sv_SE\" \/>\n<meta property=\"og:type\" content=\"article\" \/>\n<meta property=\"og:title\" content=\"TRUUSK Campingt\u00e4lt f\u00f6r 4-5 Personer - Separata Vardagsrum och Sovrum - 460L x 260W x 190H cm - Gr\u00f6nt - TRUUSK - Hem, Tr\u00e4dg\u00e5rd &amp; Fritid\" \/>\n<meta property=\"og:description\" content=\"Upplev naturen p\u00e5 n\u00e4ra h\u00e5ll med detta mysiga campingt\u00e4lt! Detta rymliga familjet\u00e4lt erbjuder plats f\u00f6r fyra till fem personer och...\" \/>\n<meta property=\"og:url\" content=\"https:\/\/truusk.store\/sv\/produkt\/truusk-campingtalt-for-4-5-personer-separata-vardagsrum-och-sovrum-460l-x-260w-x-190h-cm-gront\/\" \/>\n<meta property=\"og:site_name\" content=\"TRUUSK - Hem, Tr\u00e4dg\u00e5rd &amp; Fritid\" \/>\n<meta property=\"article:modified_time\" content=\"2026-03-12T08:39:08+00:00\" \/>\n<meta property=\"og:image\" content=\"https:\/\/i0.wp.com\/truusk.se\/wp-content\/uploads\/2024\/04\/campingtalt-for-4-5-personer-separata-vardagsrum-och-sovrum-460l-x-260w-x-190h-cm-gront.webp?fit=800%2C800&ssl=1\" \/>\n\t<meta property=\"og:image:width\" content=\"800\" \/>\n\t<meta property=\"og:image:height\" content=\"800\" \/>\n\t<meta property=\"og:image:type\" content=\"image\/webp\" \/>\n<meta name=\"twitter:card\" content=\"summary_large_image\" \/>\n<meta name=\"twitter:label1\" content=\"Ber\u00e4knad l\u00e4stid\" \/>\n\t<meta name=\"twitter:data1\" content=\"1 minut\" \/>\n<!-- \/ Yoast SEO plugin. -->","yoast_head_json":{"title":"TRUUSK Campingt\u00e4lt f\u00f6r 4-5 Personer - Separata Vardagsrum och Sovrum - 460L x 260W x 190H cm - Gr\u00f6nt - TRUUSK - Hem, Tr\u00e4dg\u00e5rd &amp; Fritid","robots":{"index":"index","follow":"follow","max-snippet":"max-snippet:-1","max-image-preview":"max-image-preview:large","max-video-preview":"max-video-preview:-1"},"canonical":"https:\/\/truusk.store\/sv\/produkt\/truusk-campingtalt-for-4-5-personer-separata-vardagsrum-och-sovrum-460l-x-260w-x-190h-cm-gront\/","og_locale":"sv_SE","og_type":"article","og_title":"TRUUSK Campingt\u00e4lt f\u00f6r 4-5 Personer - Separata Vardagsrum och Sovrum - 460L x 260W x 190H cm - Gr\u00f6nt - TRUUSK - Hem, Tr\u00e4dg\u00e5rd &amp; Fritid","og_description":"Upplev naturen p\u00e5 n\u00e4ra h\u00e5ll med detta mysiga campingt\u00e4lt! Detta rymliga familjet\u00e4lt erbjuder plats f\u00f6r fyra till fem personer och...","og_url":"https:\/\/truusk.store\/sv\/produkt\/truusk-campingtalt-for-4-5-personer-separata-vardagsrum-och-sovrum-460l-x-260w-x-190h-cm-gront\/","og_site_name":"TRUUSK - Hem, Tr\u00e4dg\u00e5rd &amp; Fritid","article_modified_time":"2026-03-12T08:39:08+00:00","og_image":[{"width":800,"height":800,"url":"https:\/\/i0.wp.com\/truusk.se\/wp-content\/uploads\/2024\/04\/campingtalt-for-4-5-personer-separata-vardagsrum-och-sovrum-460l-x-260w-x-190h-cm-gront.webp?fit=800%2C800&ssl=1","type":"image\/webp"}],"twitter_card":"summary_large_image","twitter_misc":{"Ber\u00e4knad l\u00e4stid":"1 minut"},"schema":{"@context":"https:\/\/schema.org","@graph":[{"@type":"WebPage","@id":"https:\/\/truusk.store\/sv\/produkt\/truusk-campingtalt-for-4-5-personer-separata-vardagsrum-och-sovrum-460l-x-260w-x-190h-cm-gront\/","url":"https:\/\/truusk.store\/sv\/produkt\/truusk-campingtalt-for-4-5-personer-separata-vardagsrum-och-sovrum-460l-x-260w-x-190h-cm-gront\/","name":"TRUUSK Campingt\u00e4lt f\u00f6r 4-5 Personer - Separata Vardagsrum och Sovrum - 460L x 260W x 190H cm - Gr\u00f6nt - TRUUSK - Hem, Tr\u00e4dg\u00e5rd &amp; Fritid","isPartOf":{"@id":"https:\/\/truusk.store\/sv\/#website"},"primaryImageOfPage":{"@id":"https:\/\/truusk.store\/sv\/produkt\/truusk-campingtalt-for-4-5-personer-separata-vardagsrum-och-sovrum-460l-x-260w-x-190h-cm-gront\/#primaryimage"},"image":{"@id":"https:\/\/truusk.store\/sv\/produkt\/truusk-campingtalt-for-4-5-personer-separata-vardagsrum-och-sovrum-460l-x-260w-x-190h-cm-gront\/#primaryimage"},"thumbnailUrl":"https:\/\/i0.wp.com\/truusk.store\/wp-content\/uploads\/2024\/04\/campingtalt-for-4-5-personer-separata-vardagsrum-och-sovrum-460l-x-260w-x-190h-cm-gront.webp?fit=800%2C800&ssl=1","datePublished":"2024-04-18T05:30:08+00:00","dateModified":"2026-03-12T08:39:08+00:00","breadcrumb":{"@id":"https:\/\/truusk.store\/sv\/produkt\/truusk-campingtalt-for-4-5-personer-separata-vardagsrum-och-sovrum-460l-x-260w-x-190h-cm-gront\/#breadcrumb"},"inLanguage":"sv-SE","potentialAction":[{"@type":"ReadAction","target":["https:\/\/truusk.store\/sv\/produkt\/truusk-campingtalt-for-4-5-personer-separata-vardagsrum-och-sovrum-460l-x-260w-x-190h-cm-gront\/"]}]},{"@type":"ImageObject","inLanguage":"sv-SE","@id":"https:\/\/truusk.store\/sv\/produkt\/truusk-campingtalt-for-4-5-personer-separata-vardagsrum-och-sovrum-460l-x-260w-x-190h-cm-gront\/#primaryimage","url":"https:\/\/i0.wp.com\/truusk.store\/wp-content\/uploads\/2024\/04\/campingtalt-for-4-5-personer-separata-vardagsrum-och-sovrum-460l-x-260w-x-190h-cm-gront.webp?fit=800%2C800&ssl=1","contentUrl":"https:\/\/i0.wp.com\/truusk.store\/wp-content\/uploads\/2024\/04\/campingtalt-for-4-5-personer-separata-vardagsrum-och-sovrum-460l-x-260w-x-190h-cm-gront.webp?fit=800%2C800&ssl=1","width":800,"height":800,"caption":"Campingt\u00e4lt F\u00f6r 4-5 Personer, Separata Vardagsrum Och Sovrum, 460L X 260W X 190H Cm, Gr\u00f6nt 1"},{"@type":"BreadcrumbList","@id":"https:\/\/truusk.store\/sv\/produkt\/truusk-campingtalt-for-4-5-personer-separata-vardagsrum-och-sovrum-460l-x-260w-x-190h-cm-gront\/#breadcrumb","itemListElement":[{"@type":"ListItem","position":1,"name":"Home","item":"https:\/\/truusk.store\/sv\/"},{"@type":"ListItem","position":2,"name":"Shop","item":"https:\/\/truusk.store\/shop\/"},{"@type":"ListItem","position":3,"name":"TRUUSK Campingt\u00e4lt f\u00f6r 4-5 Personer &#8211; Separata Vardagsrum och Sovrum &#8211; 460L x 260W x 190H cm &#8211; Gr\u00f6nt"}]},{"@type":"WebSite","@id":"https:\/\/truusk.store\/sv\/#website","url":"https:\/\/truusk.store\/sv\/","name":"TRUUSK - Hem, Tr\u00e4dg\u00e5rd & Fritid","description":"","publisher":{"@id":"https:\/\/truusk.store\/sv\/#organization"},"potentialAction":[{"@type":"SearchAction","target":{"@type":"EntryPoint","urlTemplate":"https:\/\/truusk.store\/sv\/?s={search_term_string}"},"query-input":{"@type":"PropertyValueSpecification","valueRequired":true,"valueName":"search_term_string"}}],"inLanguage":"sv-SE"},{"@type":"Organization","@id":"https:\/\/truusk.store\/sv\/#organization","name":"TRUUSK - Hem, Tr\u00e4dg\u00e5rd & Fritid","url":"https:\/\/truusk.store\/sv\/","logo":{"@type":"ImageObject","inLanguage":"sv-SE","@id":"https:\/\/truusk.store\/sv\/#\/schema\/logo\/image\/","url":"https:\/\/i0.wp.com\/truusk.store\/wp-content\/uploads\/2026\/03\/cropped-TRUUSK.png?fit=2032%2C917&ssl=1","contentUrl":"https:\/\/i0.wp.com\/truusk.store\/wp-content\/uploads\/2026\/03\/cropped-TRUUSK.png?fit=2032%2C917&ssl=1","width":2032,"height":917,"caption":"TRUUSK - Hem, Tr\u00e4dg\u00e5rd & Fritid"},"image":{"@id":"https:\/\/truusk.store\/sv\/#\/schema\/logo\/image\/"}}]}},"jetpack_sharing_enabled":true,"_links":{"self":[{"href":"https:\/\/truusk.store\/sv\/wp-json\/wp\/v2\/product\/53624","targetHints":{"allow":["GET"]}}],"collection":[{"href":"https:\/\/truusk.store\/sv\/wp-json\/wp\/v2\/product"}],"about":[{"href":"https:\/\/truusk.store\/sv\/wp-json\/wp\/v2\/types\/product"}],"wp:featuredmedia":[{"embeddable":true,"href":"https:\/\/truusk.store\/sv\/wp-json\/wp\/v2\/media\/53625"}],"wp:attachment":[{"href":"https:\/\/truusk.store\/sv\/wp-json\/wp\/v2\/media?parent=53624"}],"wp:term":[{"taxonomy":"product_brand","embeddable":true,"href":"https:\/\/truusk.store\/sv\/wp-json\/wp\/v2\/product_brand?post=53624"},{"taxonomy":"product_cat","embeddable":true,"href":"https:\/\/truusk.store\/sv\/wp-json\/wp\/v2\/product_cat?post=53624"},{"taxonomy":"product_tag","embeddable":true,"href":"https:\/\/truusk.store\/sv\/wp-json\/wp\/v2\/product_tag?post=53624"}],"curies":[{"name":"wp","href":"https:\/\/api.w.org\/{rel}","templated":true}]}}