{"id":53767,"date":"2024-04-18T08:40:10","date_gmt":"2024-04-18T07:40:10","guid":{"rendered":"https:\/\/truusk.store\/product\/tradgardsstol-och-pall-i-polyrattan-justerbart-ryggstod-ljusbrun-gra-svart\/"},"modified":"2026-03-12T09:34:09","modified_gmt":"2026-03-12T08:34:09","slug":"truusk-tradgardsstol-och-pall-i-polyrattan-justerbart-ryggstod-ljusbrun-gra-svart","status":"publish","type":"product","link":"https:\/\/truusk.store\/sv\/produkt\/truusk-tradgardsstol-och-pall-i-polyrattan-justerbart-ryggstod-ljusbrun-gra-svart\/","title":{"rendered":"TRUUSK Tr\u00e4dg\u00e5rdsstol och Pall i Polyrattan &#8211; Justerbart Ryggst\u00f6d &#8211; Ljusbrun\/Gr\u00e5\/Svart"},"content":{"rendered":"<p>Koppla av i din tr\u00e4dg\u00e5rd med v\u00e5rt bekv\u00e4ma m\u00f6belset i polyrattan. Det justerbara ryggst\u00f6det kan lutas fr\u00e5n 110 till 140, s\u00e5 att du kan hitta den perfekta sittst\u00e4llningen p\u00e5 nolltid. Vill du anv\u00e4nda stolen och pallen utomhus permanent? Inga problem, materialen \u00e4r robusta och v\u00e4derbest\u00e4ndiga. Halkfria f\u00f6tter och mjuka, tv\u00e4ttbara kuddar g\u00f6r detta set till ett mysigt och stilrent tillskott till din uteplats.<\/p>\n<h3>Beskrivning:<\/h3>\n<ul>\n<li>Justerbart ryggst\u00f6d (110-140) f\u00f6r individuell komfort<\/li>\n<li>Skonsam justering av ryggst\u00f6det tack vare gastrycksfj\u00e4dern och tryckknappen<\/li>\n<li>F\u00f6rb\u00e4ttrar ett koordinerat avslappningsutrymme med stol och fotst\u00f6d<\/li>\n<li>Vadderade stol och fotst\u00f6d f\u00f6r en bekv\u00e4m sittupplevelse<\/li>\n<li>Avtagbara och tv\u00e4ttbara kuddar med dragkedja<\/li>\n<li>Integrerade remmar f\u00f6r att f\u00e4sta sittdynan<\/li>\n<li>Halkfria f\u00f6tter f\u00f6r stabilitet och golvskydd<\/li>\n<li>Slitstark PE-rotting och st\u00e5lram f\u00f6r v\u00e4derbest\u00e4ndighet<\/li>\n<li>Lastkapacitet upp till 120 kg, montering kr\u00e4vs<\/li>\n<\/ul>\n<h3>Teknisk data:<\/h3>\n<ul>\n<li>F\u00e4rg: Natur+Khaki+Svart<\/li>\n<li>Material: st\u00e5l, PE-rotting, polyester<\/li>\n<li>Stolens m\u00e5tt: 67W x 83D x 94H cm<\/li>\n<li>M\u00e5tt fotpall: 57W x 45D x 42H cm<\/li>\n<li>Sittyta (stol): 53W x 55D cm<\/li>\n<li>Sittyta (fotpall): 50W x 45D cm<\/li>\n<li>Sitth\u00f6jd (utan dyna): 34 cm<\/li>\n<li>Justerbar ryggst\u00f6dsvinkel: 110-140<\/li>\n<li>Lastkapacitet: 120 kg (stol), 120 kg (fotpall)<\/li>\n<\/ul>\n<h3>Leveransens omfattning:<\/h3>\n<ul>\n<li>1 x stol<\/li>\n<li>1 x pall<\/li>\n<li>1 x Sittdyna<\/li>\n<li>1 x Pallkudde<\/li>\n<li>1 x bruksanvisning<\/li>\n<\/ul>\n","protected":false},"excerpt":{"rendered":"<p>Koppla av i din tr\u00e4dg\u00e5rd med v\u00e5rt bekv\u00e4ma m\u00f6belset i polyrattan. Det justerbara ryggst\u00f6det kan lutas fr\u00e5n 110 till 140,&#8230;<\/p>\n","protected":false},"featured_media":53768,"template":"","meta":[],"product_brand":[],"product_cat":[435,450,452],"product_tag":[],"class_list":{"0":"post-53767","1":"product","2":"type-product","3":"status-publish","4":"has-post-thumbnail","6":"product_cat-tradgard-och-terrass","7":"product_cat-tradgardsmobler","8":"product_cat-tradgardsstolar","10":"first","11":"instock","12":"sale","13":"taxable","14":"shipping-taxable","15":"purchasable","16":"product-type-simple"},"yoast_head":"<!-- This site is optimized with the Yoast SEO plugin v25.4 - https:\/\/yoast.com\/wordpress\/plugins\/seo\/ -->\n<title>TRUUSK Tr\u00e4dg\u00e5rdsstol och Pall i Polyrattan - Justerbart Ryggst\u00f6d - Ljusbrun\/Gr\u00e5\/Svart - TRUUSK - Hem, Tr\u00e4dg\u00e5rd &amp; Fritid<\/title>\n<meta name=\"robots\" content=\"index, follow, max-snippet:-1, max-image-preview:large, max-video-preview:-1\" \/>\n<link rel=\"canonical\" href=\"https:\/\/truusk.store\/sv\/produkt\/truusk-tradgardsstol-och-pall-i-polyrattan-justerbart-ryggstod-ljusbrun-gra-svart\/\" \/>\n<meta property=\"og:locale\" content=\"sv_SE\" \/>\n<meta property=\"og:type\" content=\"article\" \/>\n<meta property=\"og:title\" content=\"TRUUSK Tr\u00e4dg\u00e5rdsstol och Pall i Polyrattan - Justerbart Ryggst\u00f6d - Ljusbrun\/Gr\u00e5\/Svart - TRUUSK - Hem, Tr\u00e4dg\u00e5rd &amp; Fritid\" \/>\n<meta property=\"og:description\" content=\"Koppla av i din tr\u00e4dg\u00e5rd med v\u00e5rt bekv\u00e4ma m\u00f6belset i polyrattan. Det justerbara ryggst\u00f6det kan lutas fr\u00e5n 110 till 140,...\" \/>\n<meta property=\"og:url\" content=\"https:\/\/truusk.store\/sv\/produkt\/truusk-tradgardsstol-och-pall-i-polyrattan-justerbart-ryggstod-ljusbrun-gra-svart\/\" \/>\n<meta property=\"og:site_name\" content=\"TRUUSK - Hem, Tr\u00e4dg\u00e5rd &amp; Fritid\" \/>\n<meta property=\"article:modified_time\" content=\"2026-03-12T08:34:09+00:00\" \/>\n<meta property=\"og:image\" content=\"https:\/\/i0.wp.com\/truusk.se\/wp-content\/uploads\/2024\/04\/tradgardsstol-och-pall-i-polyrattan-justerbart-ryggstod-ljusbrun-gra-svart.webp?fit=800%2C800&ssl=1\" \/>\n\t<meta property=\"og:image:width\" content=\"800\" \/>\n\t<meta property=\"og:image:height\" content=\"800\" \/>\n\t<meta property=\"og:image:type\" content=\"image\/webp\" \/>\n<meta name=\"twitter:card\" content=\"summary_large_image\" \/>\n<meta name=\"twitter:label1\" content=\"Ber\u00e4knad l\u00e4stid\" \/>\n\t<meta name=\"twitter:data1\" content=\"1 minut\" \/>\n<!-- \/ Yoast SEO plugin. -->","yoast_head_json":{"title":"TRUUSK Tr\u00e4dg\u00e5rdsstol och Pall i Polyrattan - Justerbart Ryggst\u00f6d - Ljusbrun\/Gr\u00e5\/Svart - TRUUSK - Hem, Tr\u00e4dg\u00e5rd &amp; Fritid","robots":{"index":"index","follow":"follow","max-snippet":"max-snippet:-1","max-image-preview":"max-image-preview:large","max-video-preview":"max-video-preview:-1"},"canonical":"https:\/\/truusk.store\/sv\/produkt\/truusk-tradgardsstol-och-pall-i-polyrattan-justerbart-ryggstod-ljusbrun-gra-svart\/","og_locale":"sv_SE","og_type":"article","og_title":"TRUUSK Tr\u00e4dg\u00e5rdsstol och Pall i Polyrattan - Justerbart Ryggst\u00f6d - Ljusbrun\/Gr\u00e5\/Svart - TRUUSK - Hem, Tr\u00e4dg\u00e5rd &amp; Fritid","og_description":"Koppla av i din tr\u00e4dg\u00e5rd med v\u00e5rt bekv\u00e4ma m\u00f6belset i polyrattan. Det justerbara ryggst\u00f6det kan lutas fr\u00e5n 110 till 140,...","og_url":"https:\/\/truusk.store\/sv\/produkt\/truusk-tradgardsstol-och-pall-i-polyrattan-justerbart-ryggstod-ljusbrun-gra-svart\/","og_site_name":"TRUUSK - Hem, Tr\u00e4dg\u00e5rd &amp; Fritid","article_modified_time":"2026-03-12T08:34:09+00:00","og_image":[{"width":800,"height":800,"url":"https:\/\/i0.wp.com\/truusk.se\/wp-content\/uploads\/2024\/04\/tradgardsstol-och-pall-i-polyrattan-justerbart-ryggstod-ljusbrun-gra-svart.webp?fit=800%2C800&ssl=1","type":"image\/webp"}],"twitter_card":"summary_large_image","twitter_misc":{"Ber\u00e4knad l\u00e4stid":"1 minut"},"schema":{"@context":"https:\/\/schema.org","@graph":[{"@type":"WebPage","@id":"https:\/\/truusk.store\/sv\/produkt\/truusk-tradgardsstol-och-pall-i-polyrattan-justerbart-ryggstod-ljusbrun-gra-svart\/","url":"https:\/\/truusk.store\/sv\/produkt\/truusk-tradgardsstol-och-pall-i-polyrattan-justerbart-ryggstod-ljusbrun-gra-svart\/","name":"TRUUSK Tr\u00e4dg\u00e5rdsstol och Pall i Polyrattan - Justerbart Ryggst\u00f6d - Ljusbrun\/Gr\u00e5\/Svart - TRUUSK - Hem, Tr\u00e4dg\u00e5rd &amp; Fritid","isPartOf":{"@id":"https:\/\/truusk.store\/sv\/#website"},"primaryImageOfPage":{"@id":"https:\/\/truusk.store\/sv\/produkt\/truusk-tradgardsstol-och-pall-i-polyrattan-justerbart-ryggstod-ljusbrun-gra-svart\/#primaryimage"},"image":{"@id":"https:\/\/truusk.store\/sv\/produkt\/truusk-tradgardsstol-och-pall-i-polyrattan-justerbart-ryggstod-ljusbrun-gra-svart\/#primaryimage"},"thumbnailUrl":"https:\/\/i0.wp.com\/truusk.store\/wp-content\/uploads\/2024\/04\/tradgardsstol-och-pall-i-polyrattan-justerbart-ryggstod-ljusbrun-gra-svart.webp?fit=800%2C800&ssl=1","datePublished":"2024-04-18T07:40:10+00:00","dateModified":"2026-03-12T08:34:09+00:00","breadcrumb":{"@id":"https:\/\/truusk.store\/sv\/produkt\/truusk-tradgardsstol-och-pall-i-polyrattan-justerbart-ryggstod-ljusbrun-gra-svart\/#breadcrumb"},"inLanguage":"sv-SE","potentialAction":[{"@type":"ReadAction","target":["https:\/\/truusk.store\/sv\/produkt\/truusk-tradgardsstol-och-pall-i-polyrattan-justerbart-ryggstod-ljusbrun-gra-svart\/"]}]},{"@type":"ImageObject","inLanguage":"sv-SE","@id":"https:\/\/truusk.store\/sv\/produkt\/truusk-tradgardsstol-och-pall-i-polyrattan-justerbart-ryggstod-ljusbrun-gra-svart\/#primaryimage","url":"https:\/\/i0.wp.com\/truusk.store\/wp-content\/uploads\/2024\/04\/tradgardsstol-och-pall-i-polyrattan-justerbart-ryggstod-ljusbrun-gra-svart.webp?fit=800%2C800&ssl=1","contentUrl":"https:\/\/i0.wp.com\/truusk.store\/wp-content\/uploads\/2024\/04\/tradgardsstol-och-pall-i-polyrattan-justerbart-ryggstod-ljusbrun-gra-svart.webp?fit=800%2C800&ssl=1","width":800,"height":800,"caption":"Tr\u00e4dg\u00e5rdsstol Och Pall I Polyrattan, Justerbart Ryggst\u00f6d, Ljusbrun\/gr\u00e5\/svart 1"},{"@type":"BreadcrumbList","@id":"https:\/\/truusk.store\/sv\/produkt\/truusk-tradgardsstol-och-pall-i-polyrattan-justerbart-ryggstod-ljusbrun-gra-svart\/#breadcrumb","itemListElement":[{"@type":"ListItem","position":1,"name":"Home","item":"https:\/\/truusk.store\/sv\/"},{"@type":"ListItem","position":2,"name":"Shop","item":"https:\/\/truusk.store\/shop\/"},{"@type":"ListItem","position":3,"name":"TRUUSK Tr\u00e4dg\u00e5rdsstol och Pall i Polyrattan &#8211; Justerbart Ryggst\u00f6d &#8211; Ljusbrun\/Gr\u00e5\/Svart"}]},{"@type":"WebSite","@id":"https:\/\/truusk.store\/sv\/#website","url":"https:\/\/truusk.store\/sv\/","name":"TRUUSK - Hem, Tr\u00e4dg\u00e5rd & Fritid","description":"","publisher":{"@id":"https:\/\/truusk.store\/sv\/#organization"},"potentialAction":[{"@type":"SearchAction","target":{"@type":"EntryPoint","urlTemplate":"https:\/\/truusk.store\/sv\/?s={search_term_string}"},"query-input":{"@type":"PropertyValueSpecification","valueRequired":true,"valueName":"search_term_string"}}],"inLanguage":"sv-SE"},{"@type":"Organization","@id":"https:\/\/truusk.store\/sv\/#organization","name":"TRUUSK - Hem, Tr\u00e4dg\u00e5rd & Fritid","url":"https:\/\/truusk.store\/sv\/","logo":{"@type":"ImageObject","inLanguage":"sv-SE","@id":"https:\/\/truusk.store\/sv\/#\/schema\/logo\/image\/","url":"https:\/\/i0.wp.com\/truusk.store\/wp-content\/uploads\/2026\/03\/cropped-TRUUSK.png?fit=2032%2C917&ssl=1","contentUrl":"https:\/\/i0.wp.com\/truusk.store\/wp-content\/uploads\/2026\/03\/cropped-TRUUSK.png?fit=2032%2C917&ssl=1","width":2032,"height":917,"caption":"TRUUSK - Hem, Tr\u00e4dg\u00e5rd & Fritid"},"image":{"@id":"https:\/\/truusk.store\/sv\/#\/schema\/logo\/image\/"}}]}},"jetpack_sharing_enabled":true,"_links":{"self":[{"href":"https:\/\/truusk.store\/sv\/wp-json\/wp\/v2\/product\/53767","targetHints":{"allow":["GET"]}}],"collection":[{"href":"https:\/\/truusk.store\/sv\/wp-json\/wp\/v2\/product"}],"about":[{"href":"https:\/\/truusk.store\/sv\/wp-json\/wp\/v2\/types\/product"}],"wp:featuredmedia":[{"embeddable":true,"href":"https:\/\/truusk.store\/sv\/wp-json\/wp\/v2\/media\/53768"}],"wp:attachment":[{"href":"https:\/\/truusk.store\/sv\/wp-json\/wp\/v2\/media?parent=53767"}],"wp:term":[{"taxonomy":"product_brand","embeddable":true,"href":"https:\/\/truusk.store\/sv\/wp-json\/wp\/v2\/product_brand?post=53767"},{"taxonomy":"product_cat","embeddable":true,"href":"https:\/\/truusk.store\/sv\/wp-json\/wp\/v2\/product_cat?post=53767"},{"taxonomy":"product_tag","embeddable":true,"href":"https:\/\/truusk.store\/sv\/wp-json\/wp\/v2\/product_tag?post=53767"}],"curies":[{"name":"wp","href":"https:\/\/api.w.org\/{rel}","templated":true}]}}