{"id":53778,"date":"2024-04-18T08:50:10","date_gmt":"2024-04-18T07:50:10","guid":{"rendered":"https:\/\/truusk.store\/product\/kolgrill-rokare-bbq-grill-1-hylla-inkl-termometer-83-x-465-x-115-cm-svart\/"},"modified":"2026-03-12T09:37:27","modified_gmt":"2026-03-12T08:37:27","slug":"truusk-kolgrill-rokare-bbq-grill-med-termometer-1-hylla-83-x-465-x-115-cm-svart","status":"publish","type":"product","link":"https:\/\/truusk.store\/sv\/produkt\/truusk-kolgrill-rokare-bbq-grill-med-termometer-1-hylla-83-x-465-x-115-cm-svart\/","title":{"rendered":"TRUUSK Kolgrill R\u00f6kare BBQ Grill &#8211; Med Termometer &#8211; 1 Hylla &#8211; 83 x 46,5 x 115 cm &#8211; Svart"},"content":{"rendered":"<p>Med denna praktiska grill blir varje grillfest en eldig smakupplevelse! Flera biffar och m\u00e5nga korvar kan fr\u00e4sa samtidigt p\u00e5 den stora grillytan. Tv\u00e5 hyllor ger tillr\u00e4ckligt med utrymme f\u00f6r grilltillbeh\u00f6r, med sidohyllan hopf\u00e4llbar f\u00f6r platsbesparande f\u00f6rvaring. Tv\u00e5 mjukt l\u00f6pande hjul g\u00f6r grillhj\u00e4lpen mobil och flexibel. Upplev of\u00f6rgl\u00f6mliga m\u00e5ltider med familj och v\u00e4nner!<\/p>\n<h3>Beskrivning:<\/h3>\n<ul>\n<li>Stor grillyta med avtagbart grillgaller f\u00f6r enkel tillsats av tr\u00e4kol<\/li>\n<li>Lock f\u00f6r r\u00f6kning, handtag i rostfritt st\u00e5l f\u00f6r att skydda mot br\u00e4nnskador<\/li>\n<li>En l\u00e4ttavl\u00e4st termometer visar innertemperaturen<\/li>\n<li>Sido- och bottenhyllor f\u00f6r l\u00e4tt\u00e5tkomlig f\u00f6rvaring<\/li>\n<li>Justerbara ventiler och skorsten f\u00f6r v\u00e4rmereglering<\/li>\n<li>Med hjul f\u00f6r r\u00f6rlighet<\/li>\n<li>H\u00f6gtemperatur pulverlackerat metallh\u00f6lje med en v\u00e4rmebest\u00e4ndighet p\u00e5 600 C<\/li>\n<li>Montering kr\u00e4vs<\/li>\n<\/ul>\n<h3>Teknisk data:<\/h3>\n<ul>\n<li>Svart f\u00e4rg<\/li>\n<li>Material: metall, rostfritt st\u00e5l<\/li>\n<li>Br\u00e4nsletyp: tr\u00e4kol<\/li>\n<li>V\u00e4rmebest\u00e4ndighet: 600 C<\/li>\n<li>\u00d6vergripande m\u00e5tt: 83L x 46,5W x 115H cm<\/li>\n<li>M\u00e5tt p\u00e5 grillgallret: 21L x 29W cm<\/li>\n<li>Grilll\u00e4gesh\u00f6jd: 79 cm<\/li>\n<li>M\u00e5tt p\u00e5 kolgallret: 43,5L x 22W cm<\/li>\n<li>Sidohyllans m\u00e5tt: 24L x 29W cm<\/li>\n<li>Nedre hyllm\u00e5tt: 45L x 32W cm<\/li>\n<li>M\u00e5tt p\u00e5 r\u00f6kr\u00f6ret: 6,5 x 34H cm<\/li>\n<li>Hjuldiameter: 15 cm<\/li>\n<li>Lastkapacitet: (totalt) 15 kg, (grillst\u00e4ll) 5 kg, (sidohylla) 2,5 kg, (nedre hyllan) 5 kg<\/li>\n<li>Rekommenderad m\u00e4ngd kol: 1,2 kg, 70 % av kolgallret<\/li>\n<\/ul>\n<h3>Leveransens omfattning:<\/h3>\n<ul>\n<li>1 x grill<\/li>\n<li>2 x grillst\u00e4ll<\/li>\n<li>1 x kolgaller<\/li>\n<li>1 x manuell<\/li>\n<\/ul>\n","protected":false},"excerpt":{"rendered":"<p>Med denna praktiska grill blir varje grillfest en eldig smakupplevelse! Flera biffar och m\u00e5nga korvar kan fr\u00e4sa samtidigt p\u00e5 den&#8230;<\/p>\n","protected":false},"featured_media":53779,"template":"","meta":[],"product_brand":[],"product_cat":[440,439,435],"product_tag":[],"class_list":{"0":"post-53778","1":"product","2":"type-product","3":"status-publish","4":"has-post-thumbnail","6":"product_cat-grillar","7":"product_cat-grillning-uppvarmning","8":"product_cat-tradgard-och-terrass","10":"first","11":"instock","12":"sale","13":"taxable","14":"shipping-taxable","15":"purchasable","16":"product-type-simple"},"yoast_head":"<!-- This site is optimized with the Yoast SEO plugin v25.4 - https:\/\/yoast.com\/wordpress\/plugins\/seo\/ -->\n<title>TRUUSK Kolgrill R\u00f6kare BBQ Grill - Med Termometer - 1 Hylla - 83 x 46,5 x 115 cm - Svart - TRUUSK - Hem, Tr\u00e4dg\u00e5rd &amp; Fritid<\/title>\n<meta name=\"robots\" content=\"index, follow, max-snippet:-1, max-image-preview:large, max-video-preview:-1\" \/>\n<link rel=\"canonical\" href=\"https:\/\/truusk.store\/sv\/produkt\/truusk-kolgrill-rokare-bbq-grill-med-termometer-1-hylla-83-x-465-x-115-cm-svart\/\" \/>\n<meta property=\"og:locale\" content=\"sv_SE\" \/>\n<meta property=\"og:type\" content=\"article\" \/>\n<meta property=\"og:title\" content=\"TRUUSK Kolgrill R\u00f6kare BBQ Grill - Med Termometer - 1 Hylla - 83 x 46,5 x 115 cm - Svart - TRUUSK - Hem, Tr\u00e4dg\u00e5rd &amp; Fritid\" \/>\n<meta property=\"og:description\" content=\"Med denna praktiska grill blir varje grillfest en eldig smakupplevelse! Flera biffar och m\u00e5nga korvar kan fr\u00e4sa samtidigt p\u00e5 den...\" \/>\n<meta property=\"og:url\" content=\"https:\/\/truusk.store\/sv\/produkt\/truusk-kolgrill-rokare-bbq-grill-med-termometer-1-hylla-83-x-465-x-115-cm-svart\/\" \/>\n<meta property=\"og:site_name\" content=\"TRUUSK - Hem, Tr\u00e4dg\u00e5rd &amp; Fritid\" \/>\n<meta property=\"article:modified_time\" content=\"2026-03-12T08:37:27+00:00\" \/>\n<meta property=\"og:image\" content=\"https:\/\/i0.wp.com\/truusk.se\/wp-content\/uploads\/2024\/04\/kolgrill-rokare-bbq-grill-1-hylla-inkl-termometer-83-x-465-x-115-cm-svart.webp?fit=800%2C800&ssl=1\" \/>\n\t<meta property=\"og:image:width\" content=\"800\" \/>\n\t<meta property=\"og:image:height\" content=\"800\" \/>\n\t<meta property=\"og:image:type\" content=\"image\/webp\" \/>\n<meta name=\"twitter:card\" content=\"summary_large_image\" \/>\n<meta name=\"twitter:label1\" content=\"Ber\u00e4knad l\u00e4stid\" \/>\n\t<meta name=\"twitter:data1\" content=\"1 minut\" \/>\n<!-- \/ Yoast SEO plugin. -->","yoast_head_json":{"title":"TRUUSK Kolgrill R\u00f6kare BBQ Grill - Med Termometer - 1 Hylla - 83 x 46,5 x 115 cm - Svart - TRUUSK - Hem, Tr\u00e4dg\u00e5rd &amp; Fritid","robots":{"index":"index","follow":"follow","max-snippet":"max-snippet:-1","max-image-preview":"max-image-preview:large","max-video-preview":"max-video-preview:-1"},"canonical":"https:\/\/truusk.store\/sv\/produkt\/truusk-kolgrill-rokare-bbq-grill-med-termometer-1-hylla-83-x-465-x-115-cm-svart\/","og_locale":"sv_SE","og_type":"article","og_title":"TRUUSK Kolgrill R\u00f6kare BBQ Grill - Med Termometer - 1 Hylla - 83 x 46,5 x 115 cm - Svart - TRUUSK - Hem, Tr\u00e4dg\u00e5rd &amp; Fritid","og_description":"Med denna praktiska grill blir varje grillfest en eldig smakupplevelse! Flera biffar och m\u00e5nga korvar kan fr\u00e4sa samtidigt p\u00e5 den...","og_url":"https:\/\/truusk.store\/sv\/produkt\/truusk-kolgrill-rokare-bbq-grill-med-termometer-1-hylla-83-x-465-x-115-cm-svart\/","og_site_name":"TRUUSK - Hem, Tr\u00e4dg\u00e5rd &amp; Fritid","article_modified_time":"2026-03-12T08:37:27+00:00","og_image":[{"width":800,"height":800,"url":"https:\/\/i0.wp.com\/truusk.se\/wp-content\/uploads\/2024\/04\/kolgrill-rokare-bbq-grill-1-hylla-inkl-termometer-83-x-465-x-115-cm-svart.webp?fit=800%2C800&ssl=1","type":"image\/webp"}],"twitter_card":"summary_large_image","twitter_misc":{"Ber\u00e4knad l\u00e4stid":"1 minut"},"schema":{"@context":"https:\/\/schema.org","@graph":[{"@type":"WebPage","@id":"https:\/\/truusk.store\/sv\/produkt\/truusk-kolgrill-rokare-bbq-grill-med-termometer-1-hylla-83-x-465-x-115-cm-svart\/","url":"https:\/\/truusk.store\/sv\/produkt\/truusk-kolgrill-rokare-bbq-grill-med-termometer-1-hylla-83-x-465-x-115-cm-svart\/","name":"TRUUSK Kolgrill R\u00f6kare BBQ Grill - Med Termometer - 1 Hylla - 83 x 46,5 x 115 cm - Svart - TRUUSK - Hem, Tr\u00e4dg\u00e5rd &amp; Fritid","isPartOf":{"@id":"https:\/\/truusk.store\/sv\/#website"},"primaryImageOfPage":{"@id":"https:\/\/truusk.store\/sv\/produkt\/truusk-kolgrill-rokare-bbq-grill-med-termometer-1-hylla-83-x-465-x-115-cm-svart\/#primaryimage"},"image":{"@id":"https:\/\/truusk.store\/sv\/produkt\/truusk-kolgrill-rokare-bbq-grill-med-termometer-1-hylla-83-x-465-x-115-cm-svart\/#primaryimage"},"thumbnailUrl":"https:\/\/i0.wp.com\/truusk.store\/wp-content\/uploads\/2024\/04\/kolgrill-rokare-bbq-grill-1-hylla-inkl-termometer-83-x-465-x-115-cm-svart.webp?fit=800%2C800&ssl=1","datePublished":"2024-04-18T07:50:10+00:00","dateModified":"2026-03-12T08:37:27+00:00","breadcrumb":{"@id":"https:\/\/truusk.store\/sv\/produkt\/truusk-kolgrill-rokare-bbq-grill-med-termometer-1-hylla-83-x-465-x-115-cm-svart\/#breadcrumb"},"inLanguage":"sv-SE","potentialAction":[{"@type":"ReadAction","target":["https:\/\/truusk.store\/sv\/produkt\/truusk-kolgrill-rokare-bbq-grill-med-termometer-1-hylla-83-x-465-x-115-cm-svart\/"]}]},{"@type":"ImageObject","inLanguage":"sv-SE","@id":"https:\/\/truusk.store\/sv\/produkt\/truusk-kolgrill-rokare-bbq-grill-med-termometer-1-hylla-83-x-465-x-115-cm-svart\/#primaryimage","url":"https:\/\/i0.wp.com\/truusk.store\/wp-content\/uploads\/2024\/04\/kolgrill-rokare-bbq-grill-1-hylla-inkl-termometer-83-x-465-x-115-cm-svart.webp?fit=800%2C800&ssl=1","contentUrl":"https:\/\/i0.wp.com\/truusk.store\/wp-content\/uploads\/2024\/04\/kolgrill-rokare-bbq-grill-1-hylla-inkl-termometer-83-x-465-x-115-cm-svart.webp?fit=800%2C800&ssl=1","width":800,"height":800,"caption":"Kolgrill R\u00f6kare BBQ Grill, 1 Hylla, Inkl. Termometer, 83 X 46,5 X 115 Cm, Svart 1"},{"@type":"BreadcrumbList","@id":"https:\/\/truusk.store\/sv\/produkt\/truusk-kolgrill-rokare-bbq-grill-med-termometer-1-hylla-83-x-465-x-115-cm-svart\/#breadcrumb","itemListElement":[{"@type":"ListItem","position":1,"name":"Home","item":"https:\/\/truusk.store\/sv\/"},{"@type":"ListItem","position":2,"name":"Shop","item":"https:\/\/truusk.store\/shop\/"},{"@type":"ListItem","position":3,"name":"TRUUSK Kolgrill R\u00f6kare BBQ Grill &#8211; Med Termometer &#8211; 1 Hylla &#8211; 83 x 46,5 x 115 cm &#8211; Svart"}]},{"@type":"WebSite","@id":"https:\/\/truusk.store\/sv\/#website","url":"https:\/\/truusk.store\/sv\/","name":"TRUUSK - Hem, Tr\u00e4dg\u00e5rd & Fritid","description":"","publisher":{"@id":"https:\/\/truusk.store\/sv\/#organization"},"potentialAction":[{"@type":"SearchAction","target":{"@type":"EntryPoint","urlTemplate":"https:\/\/truusk.store\/sv\/?s={search_term_string}"},"query-input":{"@type":"PropertyValueSpecification","valueRequired":true,"valueName":"search_term_string"}}],"inLanguage":"sv-SE"},{"@type":"Organization","@id":"https:\/\/truusk.store\/sv\/#organization","name":"TRUUSK - Hem, Tr\u00e4dg\u00e5rd & Fritid","url":"https:\/\/truusk.store\/sv\/","logo":{"@type":"ImageObject","inLanguage":"sv-SE","@id":"https:\/\/truusk.store\/sv\/#\/schema\/logo\/image\/","url":"https:\/\/i0.wp.com\/truusk.store\/wp-content\/uploads\/2026\/03\/cropped-TRUUSK.png?fit=2032%2C917&ssl=1","contentUrl":"https:\/\/i0.wp.com\/truusk.store\/wp-content\/uploads\/2026\/03\/cropped-TRUUSK.png?fit=2032%2C917&ssl=1","width":2032,"height":917,"caption":"TRUUSK - Hem, Tr\u00e4dg\u00e5rd & Fritid"},"image":{"@id":"https:\/\/truusk.store\/sv\/#\/schema\/logo\/image\/"}}]}},"jetpack_sharing_enabled":true,"_links":{"self":[{"href":"https:\/\/truusk.store\/sv\/wp-json\/wp\/v2\/product\/53778","targetHints":{"allow":["GET"]}}],"collection":[{"href":"https:\/\/truusk.store\/sv\/wp-json\/wp\/v2\/product"}],"about":[{"href":"https:\/\/truusk.store\/sv\/wp-json\/wp\/v2\/types\/product"}],"wp:featuredmedia":[{"embeddable":true,"href":"https:\/\/truusk.store\/sv\/wp-json\/wp\/v2\/media\/53779"}],"wp:attachment":[{"href":"https:\/\/truusk.store\/sv\/wp-json\/wp\/v2\/media?parent=53778"}],"wp:term":[{"taxonomy":"product_brand","embeddable":true,"href":"https:\/\/truusk.store\/sv\/wp-json\/wp\/v2\/product_brand?post=53778"},{"taxonomy":"product_cat","embeddable":true,"href":"https:\/\/truusk.store\/sv\/wp-json\/wp\/v2\/product_cat?post=53778"},{"taxonomy":"product_tag","embeddable":true,"href":"https:\/\/truusk.store\/sv\/wp-json\/wp\/v2\/product_tag?post=53778"}],"curies":[{"name":"wp","href":"https:\/\/api.w.org\/{rel}","templated":true}]}}